
 {"id":190633,"date":"2021-07-01T19:52:16","date_gmt":"2021-07-02T02:55:32","guid":{"rendered":"https:\/\/legendarycarsonline.com\/classic-american-cars\/chevrolet-nova-yenko-tribute-427ci-v8-4-vitesses-1969\/"},"modified":"2021-07-01T19:55:32","modified_gmt":"2021-07-02T02:55:32","slug":"1969-chevrolet-nova-yenko-tribute-427ci-v8-4-vitesse","status":"publish","type":"product","link":"https:\/\/legendarycarsonline.com\/fr\/product\/1969-chevrolet-nova-yenko-tribute-427ci-v8-4-vitesse\/","title":{"rendered":"Chevrolet Nova Yenko \u00abTribute\u00bb 427Ci V8 4 vitesses 1969"},"content":{"rendered":"<p><span style=\"font-size: 30px;\">Sp\u00e9cificit\u00e9s d\u2019article<\/span><\/p>\n<div id=\"viTabs_0_is\" class=\"itemAttr\">\n<div class=\"section\">\n<table role=\"presentation\" width=\"100%\" cellspacing=\"0\" cellpadding=\"0\">\n<tbody>\n<tr>\n<td class=\"attrLabels\">Condition:<\/td>\n<td width=\"30.0%\">Occasion<\/td>\n<td class=\"attrLabels\">Ann\u00e9e:<\/td>\n<td width=\"30.0%\">1969<\/td>\n<\/tr>\n<tr>\n<td class=\"attrLabels\">VIN (num\u00e9ro d\u2019identification du v\u00e9hicule) :<\/td>\n<td width=\"30.0%\">114279W4XXXXX<\/td>\n<td class=\"attrLabels\">Kilom\u00e9trage:<\/td>\n<td width=\"30.0%\">8<\/td>\n<\/tr>\n<tr>\n<td class=\"attrLabels\">Type de Carrosserie :<\/td>\n<td width=\"30.0%\">&#8212;<\/td>\n<td class=\"attrLabels\">Titre du v\u00e9hicule:<\/td>\n<td width=\"30.0%\">Clair<\/td>\n<\/tr>\n<tr>\n<td class=\"attrLabels\">Options:<\/td>\n<td width=\"30.0%\">&#8212;<\/td>\n<td class=\"attrLabels\">Options d\u2019alimentation :<\/td>\n<td width=\"30.0%\">&#8212;<\/td>\n<\/tr>\n<tr>\n<td class=\"attrLabels\">Marque:<\/td>\n<td width=\"30.0%\">Chevrolet<\/td>\n<td class=\"attrLabels\">Couleur ext\u00e9rieure :<\/td>\n<td width=\"30.0%\">Bleu<\/td>\n<\/tr>\n<tr>\n<td class=\"attrLabels\">Sous-mod\u00e8le :<\/td>\n<td width=\"30.0%\">Yenko Tribute IN-HOUSE ROTISSERIE NUT BO<\/td>\n<td class=\"attrLabels\">Couleur int\u00e9rieure:<\/td>\n<td width=\"30.0%\">Noir<\/td>\n<\/tr>\n<tr>\n<td class=\"attrLabels\">Garniture:<\/td>\n<td width=\"30.0%\">Yenko Tribute IN-HOUSE ROTISSERIE NUT BOLT R<\/td>\n<td class=\"attrLabels\">Transmission:<\/td>\n<td width=\"30.0%\">Muncie 4 vitesses<\/td>\n<\/tr>\n<tr>\n<td class=\"attrLabels\">Moteur:<\/td>\n<td width=\"30.0%\">427 Big Block V8<\/td>\n<td class=\"attrLabels\">Garantie:<\/td>\n<td width=\"30.0%\">Le v\u00e9hicule n\u2019a PAS de garantie existante<\/td>\n<\/tr>\n<tr>\n<td class=\"attrLabels\">Type de carburant :<\/td>\n<td width=\"30.0%\">Essence<\/td>\n<td class=\"attrLabels\">\u00c0 vendre par:<\/td>\n<td width=\"30.0%\">Concessionnaire<\/td>\n<\/tr>\n<tr>\n<td class=\"attrLabels\">ID de style :<\/td>\n<td width=\"30.0%\">0<\/td>\n<td class=\"attrLabels\">Mod\u00e8le:<\/td>\n<td width=\"30.0%\">Nova<\/td>\n<\/tr>\n<\/tbody>\n<\/table>\n<\/div>\n<\/div>\n<h4><strong>Chevrolet Nova Yenko Tribute 427 Big Block V8 4 vitesses Muncie Yenko Tribute IN-HOUSE ROTISSERIE NUT BOLT 1969<\/strong><\/h4>\n<div class=\"title\">\n<h2><strong>Description du v\u00e9hicule<\/strong><\/h2>\n<\/div>\n<div class=\"content\">\n<div class=\"equipment-list\">&#8211; R\u00f4tisserie restaur\u00e9e par CarsRemember When<br \/>\n&#8211; Superbe 1969 Nova Yenko Tribute<br \/>\n&#8211; Moteur V8 de 427 pouces cubes<br \/>\n&#8211; Transmission Muncie \u00e0 4 rapports<br \/>\n&#8211; Direction assist\u00e9e<br \/>\n&#8211; Freins \u00e0 disque avant de puissance<br \/>\n&#8211; Pneus Goodyear Polyglas<br \/>\n&#8211; Int\u00e9rieur de banquette<br \/>\n&#8211; Pneu de secours<br \/>\n&#8211; D\u00e9givrage et chaleur<br \/>\n&#8211; Tachym\u00e8tre<br \/>\nRestaur\u00e9 en interne \u00e0 Cars Remember When est cet exemple \u00e9tonnant d\u2019un hommage Nova Yenko. Automobile absolument magnifique #1 hall<\/div>\n<\/div>\n<p>Occasion<\/p>\n<p>Englewood, Colorado, \u00c9tats-Unis<\/p>\n","protected":false},"excerpt":{"rendered":"<a class=\"button  button_left button_full_width button_size_4 button_theme\" href=\"https:\/\/www.youtube.com\/watch?v=TZBXXmtOypA\"      rel=\"prettyphoto \"   title=\"\"><span class=\"button_icon\"><i class=\"icon-play\"  aria-hidden=\"true\"><\/i><\/span><span class=\"button_label\">Regarder la vid\u00e9o de la voiture<\/span><\/a>\n\n","protected":false},"featured_media":0,"template":"","meta":[],"product_brand":[],"product_cat":[124,110,146],"product_tag":[],"class_list":{"0":"post-190633","1":"product","2":"type-product","3":"status-publish","5":"product_cat-1969-fr","6":"product_cat-chevrolet-fr","7":"product_cat-nova-fr","9":"first","10":"instock","11":"sold-individually","12":"shipping-taxable","13":"purchasable","14":"product-type-simple"},"yoast_head":"<!-- This site is optimized with the Yoast SEO plugin v27.4 - https:\/\/yoast.com\/product\/yoast-seo-wordpress\/ -->\n<title>Chevrolet Nova Yenko \u00abTribute\u00bb 427Ci V8 4 vitesses 1969 - Voiture de collection \u00e0 vendre<\/title>\n<meta name=\"robots\" content=\"index, follow, max-snippet:-1, max-image-preview:large, max-video-preview:-1\" \/>\n<link rel=\"canonical\" href=\"https:\/\/legendarycarsonline.com\/fr\/product\/1969-chevrolet-nova-yenko-tribute-427ci-v8-4-vitesse\/\" \/>\n<meta property=\"og:locale\" content=\"fr_FR\" \/>\n<meta property=\"og:type\" content=\"article\" \/>\n<meta property=\"og:title\" content=\"Chevrolet Nova Yenko \u00abTribute\u00bb 427Ci V8 4 vitesses 1969 - Voiture de collection \u00e0 vendre\" \/>\n<meta property=\"og:url\" content=\"https:\/\/legendarycarsonline.com\/fr\/product\/1969-chevrolet-nova-yenko-tribute-427ci-v8-4-vitesse\/\" \/>\n<meta property=\"og:site_name\" content=\"Voiture de collection \u00e0 vendre\" \/>\n<meta property=\"article:publisher\" content=\"https:\/\/www.facebook.com\/Legendary-Cars-Online-112758273845339\" \/>\n<meta property=\"og:image\" content=\"https:\/\/legendarycarsonline.com\/wp-content\/uploads\/2021\/07\/57-80.jpg\" \/>\n\t<meta property=\"og:image:width\" content=\"1067\" \/>\n\t<meta property=\"og:image:height\" content=\"800\" \/>\n\t<meta property=\"og:image:type\" content=\"image\/jpeg\" \/>\n<meta name=\"twitter:card\" content=\"summary_large_image\" \/>\n<meta name=\"twitter:description\" content=\"[button title=&quot;Regarder la vid\u00e9o de la voiture&quot; icon=&quot;icon-play&quot; icon_position=&quot;left&quot; color=&quot;theme&quot; size=&quot;4&quot; full_width=&quot;100%&quot; link=&quot;https:\/\/www.youtube.com\/watch?v=TZBXXmtOypA&quot; class=&quot;prettyphoto&quot;]\" \/>\n<meta name=\"twitter:label1\" content=\"Dur\u00e9e de lecture estim\u00e9e\" \/>\n\t<meta name=\"twitter:data1\" content=\"1 minute\" \/>\n<script type=\"application\/ld+json\" class=\"yoast-schema-graph\">{\"@context\":\"https:\\\/\\\/schema.org\",\"@graph\":[{\"@type\":\"WebPage\",\"@id\":\"https:\\\/\\\/legendarycarsonline.com\\\/fr\\\/product\\\/1969-chevrolet-nova-yenko-tribute-427ci-v8-4-vitesse\\\/\",\"url\":\"https:\\\/\\\/legendarycarsonline.com\\\/fr\\\/product\\\/1969-chevrolet-nova-yenko-tribute-427ci-v8-4-vitesse\\\/\",\"name\":\"Chevrolet Nova Yenko \u00abTribute\u00bb 427Ci V8 4 vitesses 1969 - Voiture de collection \u00e0 vendre\",\"isPartOf\":{\"@id\":\"https:\\\/\\\/legendarycarsonline.com\\\/fr\\\/#website\"},\"datePublished\":\"2021-07-02T02:55:32+00:00\",\"breadcrumb\":{\"@id\":\"https:\\\/\\\/legendarycarsonline.com\\\/fr\\\/product\\\/1969-chevrolet-nova-yenko-tribute-427ci-v8-4-vitesse\\\/#breadcrumb\"},\"inLanguage\":\"fr-FR\",\"potentialAction\":[{\"@type\":\"ReadAction\",\"target\":[\"https:\\\/\\\/legendarycarsonline.com\\\/fr\\\/product\\\/1969-chevrolet-nova-yenko-tribute-427ci-v8-4-vitesse\\\/\"]}]},{\"@type\":\"BreadcrumbList\",\"@id\":\"https:\\\/\\\/legendarycarsonline.com\\\/fr\\\/product\\\/1969-chevrolet-nova-yenko-tribute-427ci-v8-4-vitesse\\\/#breadcrumb\",\"itemListElement\":[{\"@type\":\"ListItem\",\"position\":1,\"name\":\"Shop Cars\",\"item\":\"https:\\\/\\\/legendarycarsonline.com\\\/shop-cars\\\/\"},{\"@type\":\"ListItem\",\"position\":2,\"name\":\"Chevrolet Nova Yenko \u00abTribute\u00bb 427Ci V8 4 vitesses 1969\"}]},{\"@type\":\"WebSite\",\"@id\":\"https:\\\/\\\/legendarycarsonline.com\\\/fr\\\/#website\",\"url\":\"https:\\\/\\\/legendarycarsonline.com\\\/fr\\\/\",\"name\":\"Voiture de collection \u00e0 vendre\",\"description\":\"\",\"publisher\":{\"@id\":\"https:\\\/\\\/legendarycarsonline.com\\\/fr\\\/#organization\"},\"potentialAction\":[{\"@type\":\"SearchAction\",\"target\":{\"@type\":\"EntryPoint\",\"urlTemplate\":\"https:\\\/\\\/legendarycarsonline.com\\\/fr\\\/?s={search_term_string}\"},\"query-input\":{\"@type\":\"PropertyValueSpecification\",\"valueRequired\":true,\"valueName\":\"search_term_string\"}}],\"inLanguage\":\"fr-FR\"},{\"@type\":\"Organization\",\"@id\":\"https:\\\/\\\/legendarycarsonline.com\\\/fr\\\/#organization\",\"name\":\"Legendary Cars Online\",\"url\":\"https:\\\/\\\/legendarycarsonline.com\\\/fr\\\/\",\"logo\":{\"@type\":\"ImageObject\",\"inLanguage\":\"fr-FR\",\"@id\":\"https:\\\/\\\/legendarycarsonline.com\\\/fr\\\/#\\\/schema\\\/logo\\\/image\\\/\",\"url\":\"https:\\\/\\\/legendarycarsonline.com\\\/wp-content\\\/uploads\\\/2021\\\/02\\\/Legendary-Cars-Online.png\",\"contentUrl\":\"https:\\\/\\\/legendarycarsonline.com\\\/wp-content\\\/uploads\\\/2021\\\/02\\\/Legendary-Cars-Online.png\",\"width\":275,\"height\":216,\"caption\":\"Legendary Cars Online\"},\"image\":{\"@id\":\"https:\\\/\\\/legendarycarsonline.com\\\/fr\\\/#\\\/schema\\\/logo\\\/image\\\/\"},\"sameAs\":[\"https:\\\/\\\/www.facebook.com\\\/Legendary-Cars-Online-112758273845339\"]}]}<\/script>\n<!-- \/ Yoast SEO plugin. -->","yoast_head_json":{"title":"Chevrolet Nova Yenko \u00abTribute\u00bb 427Ci V8 4 vitesses 1969 - Voiture de collection \u00e0 vendre","robots":{"index":"index","follow":"follow","max-snippet":"max-snippet:-1","max-image-preview":"max-image-preview:large","max-video-preview":"max-video-preview:-1"},"canonical":"https:\/\/legendarycarsonline.com\/fr\/product\/1969-chevrolet-nova-yenko-tribute-427ci-v8-4-vitesse\/","og_locale":"fr_FR","og_type":"article","og_title":"Chevrolet Nova Yenko \u00abTribute\u00bb 427Ci V8 4 vitesses 1969 - Voiture de collection \u00e0 vendre","og_url":"https:\/\/legendarycarsonline.com\/fr\/product\/1969-chevrolet-nova-yenko-tribute-427ci-v8-4-vitesse\/","og_site_name":"Voiture de collection \u00e0 vendre","article_publisher":"https:\/\/www.facebook.com\/Legendary-Cars-Online-112758273845339","og_image":[{"width":1067,"height":800,"url":"https:\/\/legendarycarsonline.com\/wp-content\/uploads\/2021\/07\/57-80.jpg","type":"image\/jpeg"}],"twitter_card":"summary_large_image","twitter_description":"[button title=\"Regarder la vid\u00e9o de la voiture\" icon=\"icon-play\" icon_position=\"left\" color=\"theme\" size=\"4\" full_width=\"100%\" link=\"https:\/\/www.youtube.com\/watch?v=TZBXXmtOypA\" class=\"prettyphoto\"]","twitter_misc":{"Dur\u00e9e de lecture estim\u00e9e":"1 minute"},"schema":{"@context":"https:\/\/schema.org","@graph":[{"@type":"WebPage","@id":"https:\/\/legendarycarsonline.com\/fr\/product\/1969-chevrolet-nova-yenko-tribute-427ci-v8-4-vitesse\/","url":"https:\/\/legendarycarsonline.com\/fr\/product\/1969-chevrolet-nova-yenko-tribute-427ci-v8-4-vitesse\/","name":"Chevrolet Nova Yenko \u00abTribute\u00bb 427Ci V8 4 vitesses 1969 - Voiture de collection \u00e0 vendre","isPartOf":{"@id":"https:\/\/legendarycarsonline.com\/fr\/#website"},"datePublished":"2021-07-02T02:55:32+00:00","breadcrumb":{"@id":"https:\/\/legendarycarsonline.com\/fr\/product\/1969-chevrolet-nova-yenko-tribute-427ci-v8-4-vitesse\/#breadcrumb"},"inLanguage":"fr-FR","potentialAction":[{"@type":"ReadAction","target":["https:\/\/legendarycarsonline.com\/fr\/product\/1969-chevrolet-nova-yenko-tribute-427ci-v8-4-vitesse\/"]}]},{"@type":"BreadcrumbList","@id":"https:\/\/legendarycarsonline.com\/fr\/product\/1969-chevrolet-nova-yenko-tribute-427ci-v8-4-vitesse\/#breadcrumb","itemListElement":[{"@type":"ListItem","position":1,"name":"Shop Cars","item":"https:\/\/legendarycarsonline.com\/shop-cars\/"},{"@type":"ListItem","position":2,"name":"Chevrolet Nova Yenko \u00abTribute\u00bb 427Ci V8 4 vitesses 1969"}]},{"@type":"WebSite","@id":"https:\/\/legendarycarsonline.com\/fr\/#website","url":"https:\/\/legendarycarsonline.com\/fr\/","name":"Voiture de collection \u00e0 vendre","description":"","publisher":{"@id":"https:\/\/legendarycarsonline.com\/fr\/#organization"},"potentialAction":[{"@type":"SearchAction","target":{"@type":"EntryPoint","urlTemplate":"https:\/\/legendarycarsonline.com\/fr\/?s={search_term_string}"},"query-input":{"@type":"PropertyValueSpecification","valueRequired":true,"valueName":"search_term_string"}}],"inLanguage":"fr-FR"},{"@type":"Organization","@id":"https:\/\/legendarycarsonline.com\/fr\/#organization","name":"Legendary Cars Online","url":"https:\/\/legendarycarsonline.com\/fr\/","logo":{"@type":"ImageObject","inLanguage":"fr-FR","@id":"https:\/\/legendarycarsonline.com\/fr\/#\/schema\/logo\/image\/","url":"https:\/\/legendarycarsonline.com\/wp-content\/uploads\/2021\/02\/Legendary-Cars-Online.png","contentUrl":"https:\/\/legendarycarsonline.com\/wp-content\/uploads\/2021\/02\/Legendary-Cars-Online.png","width":275,"height":216,"caption":"Legendary Cars Online"},"image":{"@id":"https:\/\/legendarycarsonline.com\/fr\/#\/schema\/logo\/image\/"},"sameAs":["https:\/\/www.facebook.com\/Legendary-Cars-Online-112758273845339"]}]}},"_links":{"self":[{"href":"https:\/\/legendarycarsonline.com\/fr\/wp-json\/wp\/v2\/product\/190633","targetHints":{"allow":["GET"]}}],"collection":[{"href":"https:\/\/legendarycarsonline.com\/fr\/wp-json\/wp\/v2\/product"}],"about":[{"href":"https:\/\/legendarycarsonline.com\/fr\/wp-json\/wp\/v2\/types\/product"}],"wp:attachment":[{"href":"https:\/\/legendarycarsonline.com\/fr\/wp-json\/wp\/v2\/media?parent=190633"}],"wp:term":[{"taxonomy":"product_brand","embeddable":true,"href":"https:\/\/legendarycarsonline.com\/fr\/wp-json\/wp\/v2\/product_brand?post=190633"},{"taxonomy":"product_cat","embeddable":true,"href":"https:\/\/legendarycarsonline.com\/fr\/wp-json\/wp\/v2\/product_cat?post=190633"},{"taxonomy":"product_tag","embeddable":true,"href":"https:\/\/legendarycarsonline.com\/fr\/wp-json\/wp\/v2\/product_tag?post=190633"}],"curies":[{"name":"wp","href":"https:\/\/api.w.org\/{rel}","templated":true}]}}