
 {"id":221996,"date":"2021-11-23T04:01:52","date_gmt":"2021-11-23T12:06:36","guid":{"rendered":"https:\/\/legendarycarsonline.com\/classic-american-cars\/ford-mustang-mach-1-351ci-windsor-v8-de-1970\/"},"modified":"2022-10-03T10:13:17","modified_gmt":"2022-10-03T17:13:17","slug":"1970-ford-mustang-mach-1-351ci-windsor-v8","status":"publish","type":"product","link":"https:\/\/legendarycarsonline.com\/fr\/product\/1970-ford-mustang-mach-1-351ci-windsor-v8\/","title":{"rendered":"Ford Mustang Mach 1 351Ci Windsor V8 de 1970"},"content":{"rendered":"<p><span style=\"font-size: 30px;\">Sp\u00e9cificit\u00e9s d\u2019article<\/span><\/p>\n<div id=\"viTabs_0_is\" class=\"itemAttr\">\n<div class=\"section\">\n<table role=\"presentation\" width=\"100%\" cellspacing=\"0\" cellpadding=\"0\">\n<tbody>\n<tr>\n<td class=\"attrLabels\">Condition:<\/td>\n<td width=\"30.0%\">Occasion<\/td>\n<td class=\"attrLabels\">Ann\u00e9e:<\/td>\n<td width=\"30.0%\">1970<\/td>\n<\/tr>\n<tr>\n<td class=\"attrLabels\">VIN (num\u00e9ro d\u2019identification du v\u00e9hicule) :<\/td>\n<td width=\"30.0%\">0T05H1XXXXX<\/td>\n<td class=\"attrLabels\">Kilom\u00e9trage:<\/td>\n<td width=\"30.0%\">25823<\/td>\n<\/tr>\n<tr>\n<td class=\"attrLabels\">Type de Carrosserie :<\/td>\n<td width=\"30.0%\">Fastback<\/td>\n<td class=\"attrLabels\">Titre du v\u00e9hicule:<\/td>\n<td width=\"30.0%\">&#8212;<\/td>\n<\/tr>\n<tr>\n<td class=\"attrLabels\">Options:<\/td>\n<td width=\"30.0%\">&#8212;<\/td>\n<td class=\"attrLabels\">Options d\u2019alimentation :<\/td>\n<td width=\"30.0%\">&#8212;<\/td>\n<\/tr>\n<tr>\n<td class=\"attrLabels\">Marque:<\/td>\n<td width=\"30.0%\">Ford<\/td>\n<td class=\"attrLabels\">Couleur ext\u00e9rieure :<\/td>\n<td width=\"30.0%\">Blanc<\/td>\n<\/tr>\n<tr>\n<td class=\"attrLabels\">Sous-mod\u00e8le :<\/td>\n<td width=\"30.0%\">Mach 1<\/td>\n<td class=\"attrLabels\">Couleur int\u00e9rieure:<\/td>\n<td width=\"30.0%\">Noir<\/td>\n<\/tr>\n<tr>\n<td class=\"attrLabels\">Garniture:<\/td>\n<td width=\"30.0%\">Mach 1<\/td>\n<td class=\"attrLabels\">Transmission:<\/td>\n<td width=\"30.0%\">Automatique<\/td>\n<\/tr>\n<tr>\n<td class=\"attrLabels\">Moteur:<\/td>\n<td width=\"30.0%\">351 Windsor V8<\/td>\n<td class=\"attrLabels\">Garantie:<\/td>\n<td width=\"30.0%\">Quelconque<\/td>\n<\/tr>\n<tr>\n<td class=\"attrLabels\">Type de carburant :<\/td>\n<td width=\"30.0%\">Essence<\/td>\n<td class=\"attrLabels\">\u00c0 vendre par:<\/td>\n<td width=\"30.0%\">Concessionnaire<\/td>\n<\/tr>\n<tr>\n<td class=\"attrLabels\">ID de style :<\/td>\n<td width=\"30.0%\">0<\/td>\n<td class=\"attrLabels\">Mod\u00e8le:<\/td>\n<td width=\"30.0%\">Mustang<\/td>\n<\/tr>\n<\/tbody>\n<\/table>\n<\/div>\n<\/div>\n<h4><strong>1970 Ford Mustang Mach 1 classique vintage chrome muscle car automatique Holley Stang poney<\/strong><\/h4>\n<p><strong><span style=\"font-size: 30px;\">Description<\/span><\/strong><\/p>\n<div id=\"vehicle-description\" class=\"active vehicle-info-section\">\n<div class=\"default-header\"><strong>TRUE MACH 1, V8 351W, 3SPD AUTO, PWR STEER\/BRAKES, GR8 LOOKING\/LOCAL SHOW\/CRUISE<\/strong><\/div>\n<p>Un look audacieux, un style fastback \u00e9l\u00e9gant et une puissance V8 appropri\u00e9e signifient que cette Ford Mustang Mach 1 de 1970 sait comment maximiser ce que nous aimons dans une voiture de poney en demande.<\/p>\n<p>La peinture jaune vif est exactement ce que vous voulez qu\u2019un classique distinct soit. Apr\u00e8s tout, c\u2019est le genre de couleur qui semble pouvoir briller dans l\u2019obscurit\u00e9. De plus, c\u2019\u00e9tait un produit de repulv\u00e9risation plus tard dans la vie, et vous pouvez faire la diff\u00e9rence lorsque certains paient \u00e0 la fois pour une haute qualit\u00e9 et une finition moderne. On croit que cette voiture sort de la propri\u00e9t\u00e9 \u00e0 long terme, et la fa\u00e7on dont tout s\u2019assemble est certainement un signe de respect \u00e0 long terme. Les panneaux sont beaux et droits, les portes se ferment facilement et le travail lumineux est complet. Vous allez aussi adorer le c\u00f4t\u00e9 sinistre de cette Mustang. Le jaune constitue une excellente toile de fond pour les \u00e9l\u00e9ments noirs tels que la pelle de capot et la bande de capot avec des l\u00e9gendes int\u00e9gr\u00e9es. La calandre occultante, les bascules Mach 1, le panneau arri\u00e8re occultant et la bande de queue font tous partie d\u2019un look audacieux et frappant. Les verrous de torsion du capot, les larges embouts d\u2019\u00e9chappement doubles et les roues sport sp\u00e9ciales Mach 1 font tous partie de ce look de poney puissant.<\/p>\n<p>Tous les accents noirs \u00e0 l\u2019ext\u00e9rieur sont un excellent aper\u00e7u de l\u2019int\u00e9rieur enti\u00e8rement noir. La disposition compl\u00e8te a la bonne sensation vintage partout, des accents de bois aux curseurs de chaleur \/ d\u00e9givrage. Un Mach 1 \u00e9tait cens\u00e9 \u00eatre \u00e0 la fois haut de gamme et sportif, et cela perp\u00e9tue bien la tradition. Des si\u00e8ges baquets avant \u00e0 dossier haut, une console centrale entre les deux et un volant sport am\u00e9lior\u00e9 \u00e0 bords en bois vous donnent une position de conduite imposante.<\/p>\n<p>Lorsque vous soulevez le capot, vous voyez exactement ce que vous aimez des moteurs Ford. Le bloc a \u00e9t\u00e9 repeint plus r\u00e9cemment, de sorte que le bleu audacieux semble vraiment se d\u00e9marquer. De plus, vous avez tout, des couvercles de valve chrom\u00e9s \u00e0 ailettes Cobra \u00e0 un purificateur d\u2019air poli avec une l\u00e9gende 351 appropri\u00e9e. Et lorsque vous regardez l\u2019ensemble complet, les d\u00e9tails bien rang\u00e9s r\u00e9affirment le sentiment d\u2019un bon entretien et de soins de longue dur\u00e9e. C\u2019est pourquoi celui-ci s\u2019allume facilement et fonctionne bien. Le V8 inspire profond\u00e9ment \u00e0 travers un carburateur \u00e0 quatre barillets, et il expire avec une belle m\u00e9lodie du double \u00e9chappement. Cela fait le genre de coup\u00e9 que vous voudrez conduire. C\u2019est pourquoi il est \u00e9galement livr\u00e9 avec une transmission automatique \u00e0 trois vitesses, une direction assist\u00e9e, des freins assist\u00e9s et des disques avant pour s\u2019assurer que ce Mach 1 est un croiseur facile et polyvalent.<\/p>\n<p>Une voiture de poney jaune vif avec un V8 appropri\u00e9 sous le capot&#8230;. c\u2019est une excellente recette pour s\u2019amuser. Donc, si vous \u00eates pr\u00eat \u00e0 profiter de ce coup\u00e9 demain, vous devez appeler d\u00e8s aujourd\u2019hui!<\/p>\n<\/div>\n<div class=\"features-and-docs\">\n<div id=\"features\" class=\"vehicle-option-container vehicle-info-section\">\n<h2 class=\"info-headline\"><strong>fonctionnalit\u00e9s<\/strong><\/h2>\n<ul class=\"features-list\">\n<li>Ceintures<\/li>\n<li>Assist\u00e9e<\/li>\n<li>Freins de puissance<\/li>\n<li>Freins \u00e0 disque avant<\/li>\n<li>Int\u00e9rieur en vinyle<\/li>\n<li>Chaleur<\/li>\n<li>D\u00e9givrage<\/li>\n<li>Lecteur de cassettes<\/li>\n<li>AM\/FM Radio<\/li>\n<\/ul>\n<\/div>\n<div id=\"documents\" class=\"vehicle-option-container vehicle-info-section\">\n<h2 class=\"info-headline\"><strong>Documentation<\/strong><\/h2>\n<\/div>\n<\/div>\n<p>Utilis\u00e9<\/p>\n","protected":false},"excerpt":{"rendered":"<a class=\"button  button_left button_full_width button_size_4 button_theme\" href=\"https:\/\/www.youtube.com\/watch?v=wbG2XwCSIl4\"      rel=\"prettyphoto \"   title=\"\"><span class=\"button_icon\"><i class=\"icon-play\"  aria-hidden=\"true\"><\/i><\/span><span class=\"button_label\">Regarder la vid\u00e9o de la voiture<\/span><\/a>\n\n","protected":false},"featured_media":0,"template":"","meta":[],"product_brand":[],"product_cat":[114,106,107],"product_tag":[],"class_list":{"0":"post-221996","1":"product","2":"type-product","3":"status-publish","5":"product_cat-1970-fr","6":"product_cat-ford-fr","7":"product_cat-mustang-fr","9":"first","10":"instock","11":"featured","12":"sold-individually","13":"shipping-taxable","14":"purchasable","15":"product-type-simple"},"yoast_head":"<!-- This site is optimized with the Yoast SEO plugin v27.4 - https:\/\/yoast.com\/product\/yoast-seo-wordpress\/ -->\n<title>Ford Mustang Mach 1 351Ci Windsor V8 de 1970 - Voiture de collection \u00e0 vendre<\/title>\n<meta name=\"robots\" content=\"index, follow, max-snippet:-1, max-image-preview:large, max-video-preview:-1\" \/>\n<link rel=\"canonical\" href=\"https:\/\/legendarycarsonline.com\/fr\/product\/1970-ford-mustang-mach-1-351ci-windsor-v8\/\" \/>\n<meta property=\"og:locale\" content=\"fr_FR\" \/>\n<meta property=\"og:type\" content=\"article\" \/>\n<meta property=\"og:title\" content=\"Ford Mustang Mach 1 351Ci Windsor V8 de 1970 - Voiture de collection \u00e0 vendre\" \/>\n<meta property=\"og:url\" content=\"https:\/\/legendarycarsonline.com\/fr\/product\/1970-ford-mustang-mach-1-351ci-windsor-v8\/\" \/>\n<meta property=\"og:site_name\" content=\"Voiture de collection \u00e0 vendre\" \/>\n<meta property=\"article:publisher\" content=\"https:\/\/www.facebook.com\/Legendary-Cars-Online-112758273845339\" \/>\n<meta property=\"article:modified_time\" content=\"2022-10-03T17:13:17+00:00\" \/>\n<meta property=\"og:image\" content=\"https:\/\/legendarycarsonline.com\/wp-content\/uploads\/2021\/11\/1970-ford-mustang-mach-1-3-1.jpg\" \/>\n\t<meta property=\"og:image:width\" content=\"1920\" \/>\n\t<meta property=\"og:image:height\" content=\"1280\" \/>\n\t<meta property=\"og:image:type\" content=\"image\/jpeg\" \/>\n<meta name=\"twitter:card\" content=\"summary_large_image\" \/>\n<meta name=\"twitter:description\" content=\"[button title=&quot;Regarder la vid\u00e9o de la voiture&quot; icon=&quot;icon-play&quot; icon_position=&quot;left&quot; color=&quot;theme&quot; size=&quot;4&quot; full_width=&quot;100%&quot; link=&quot;https:\/\/www.youtube.com\/watch?v=wbG2XwCSIl4&quot; class=&quot;prettyphoto&quot;]\" \/>\n<meta name=\"twitter:label1\" content=\"Dur\u00e9e de lecture estim\u00e9e\" \/>\n\t<meta name=\"twitter:data1\" content=\"3 minutes\" \/>\n<script type=\"application\/ld+json\" class=\"yoast-schema-graph\">{\"@context\":\"https:\\\/\\\/schema.org\",\"@graph\":[{\"@type\":\"WebPage\",\"@id\":\"https:\\\/\\\/legendarycarsonline.com\\\/fr\\\/product\\\/1970-ford-mustang-mach-1-351ci-windsor-v8\\\/\",\"url\":\"https:\\\/\\\/legendarycarsonline.com\\\/fr\\\/product\\\/1970-ford-mustang-mach-1-351ci-windsor-v8\\\/\",\"name\":\"Ford Mustang Mach 1 351Ci Windsor V8 de 1970 - Voiture de collection \u00e0 vendre\",\"isPartOf\":{\"@id\":\"https:\\\/\\\/legendarycarsonline.com\\\/fr\\\/#website\"},\"datePublished\":\"2021-11-23T12:06:36+00:00\",\"dateModified\":\"2022-10-03T17:13:17+00:00\",\"breadcrumb\":{\"@id\":\"https:\\\/\\\/legendarycarsonline.com\\\/fr\\\/product\\\/1970-ford-mustang-mach-1-351ci-windsor-v8\\\/#breadcrumb\"},\"inLanguage\":\"fr-FR\",\"potentialAction\":[{\"@type\":\"ReadAction\",\"target\":[\"https:\\\/\\\/legendarycarsonline.com\\\/fr\\\/product\\\/1970-ford-mustang-mach-1-351ci-windsor-v8\\\/\"]}]},{\"@type\":\"BreadcrumbList\",\"@id\":\"https:\\\/\\\/legendarycarsonline.com\\\/fr\\\/product\\\/1970-ford-mustang-mach-1-351ci-windsor-v8\\\/#breadcrumb\",\"itemListElement\":[{\"@type\":\"ListItem\",\"position\":1,\"name\":\"Shop Cars\",\"item\":\"https:\\\/\\\/legendarycarsonline.com\\\/shop-cars\\\/\"},{\"@type\":\"ListItem\",\"position\":2,\"name\":\"Ford Mustang Mach 1 351Ci Windsor V8 de 1970\"}]},{\"@type\":\"WebSite\",\"@id\":\"https:\\\/\\\/legendarycarsonline.com\\\/fr\\\/#website\",\"url\":\"https:\\\/\\\/legendarycarsonline.com\\\/fr\\\/\",\"name\":\"Voiture de collection \u00e0 vendre\",\"description\":\"\",\"publisher\":{\"@id\":\"https:\\\/\\\/legendarycarsonline.com\\\/fr\\\/#organization\"},\"potentialAction\":[{\"@type\":\"SearchAction\",\"target\":{\"@type\":\"EntryPoint\",\"urlTemplate\":\"https:\\\/\\\/legendarycarsonline.com\\\/fr\\\/?s={search_term_string}\"},\"query-input\":{\"@type\":\"PropertyValueSpecification\",\"valueRequired\":true,\"valueName\":\"search_term_string\"}}],\"inLanguage\":\"fr-FR\"},{\"@type\":\"Organization\",\"@id\":\"https:\\\/\\\/legendarycarsonline.com\\\/fr\\\/#organization\",\"name\":\"Legendary Cars Online\",\"url\":\"https:\\\/\\\/legendarycarsonline.com\\\/fr\\\/\",\"logo\":{\"@type\":\"ImageObject\",\"inLanguage\":\"fr-FR\",\"@id\":\"https:\\\/\\\/legendarycarsonline.com\\\/fr\\\/#\\\/schema\\\/logo\\\/image\\\/\",\"url\":\"https:\\\/\\\/legendarycarsonline.com\\\/wp-content\\\/uploads\\\/2021\\\/02\\\/Legendary-Cars-Online.png\",\"contentUrl\":\"https:\\\/\\\/legendarycarsonline.com\\\/wp-content\\\/uploads\\\/2021\\\/02\\\/Legendary-Cars-Online.png\",\"width\":275,\"height\":216,\"caption\":\"Legendary Cars Online\"},\"image\":{\"@id\":\"https:\\\/\\\/legendarycarsonline.com\\\/fr\\\/#\\\/schema\\\/logo\\\/image\\\/\"},\"sameAs\":[\"https:\\\/\\\/www.facebook.com\\\/Legendary-Cars-Online-112758273845339\"]}]}<\/script>\n<!-- \/ Yoast SEO plugin. -->","yoast_head_json":{"title":"Ford Mustang Mach 1 351Ci Windsor V8 de 1970 - Voiture de collection \u00e0 vendre","robots":{"index":"index","follow":"follow","max-snippet":"max-snippet:-1","max-image-preview":"max-image-preview:large","max-video-preview":"max-video-preview:-1"},"canonical":"https:\/\/legendarycarsonline.com\/fr\/product\/1970-ford-mustang-mach-1-351ci-windsor-v8\/","og_locale":"fr_FR","og_type":"article","og_title":"Ford Mustang Mach 1 351Ci Windsor V8 de 1970 - Voiture de collection \u00e0 vendre","og_url":"https:\/\/legendarycarsonline.com\/fr\/product\/1970-ford-mustang-mach-1-351ci-windsor-v8\/","og_site_name":"Voiture de collection \u00e0 vendre","article_publisher":"https:\/\/www.facebook.com\/Legendary-Cars-Online-112758273845339","article_modified_time":"2022-10-03T17:13:17+00:00","og_image":[{"width":1920,"height":1280,"url":"https:\/\/legendarycarsonline.com\/wp-content\/uploads\/2021\/11\/1970-ford-mustang-mach-1-3-1.jpg","type":"image\/jpeg"}],"twitter_card":"summary_large_image","twitter_description":"[button title=\"Regarder la vid\u00e9o de la voiture\" icon=\"icon-play\" icon_position=\"left\" color=\"theme\" size=\"4\" full_width=\"100%\" link=\"https:\/\/www.youtube.com\/watch?v=wbG2XwCSIl4\" class=\"prettyphoto\"]","twitter_misc":{"Dur\u00e9e de lecture estim\u00e9e":"3 minutes"},"schema":{"@context":"https:\/\/schema.org","@graph":[{"@type":"WebPage","@id":"https:\/\/legendarycarsonline.com\/fr\/product\/1970-ford-mustang-mach-1-351ci-windsor-v8\/","url":"https:\/\/legendarycarsonline.com\/fr\/product\/1970-ford-mustang-mach-1-351ci-windsor-v8\/","name":"Ford Mustang Mach 1 351Ci Windsor V8 de 1970 - Voiture de collection \u00e0 vendre","isPartOf":{"@id":"https:\/\/legendarycarsonline.com\/fr\/#website"},"datePublished":"2021-11-23T12:06:36+00:00","dateModified":"2022-10-03T17:13:17+00:00","breadcrumb":{"@id":"https:\/\/legendarycarsonline.com\/fr\/product\/1970-ford-mustang-mach-1-351ci-windsor-v8\/#breadcrumb"},"inLanguage":"fr-FR","potentialAction":[{"@type":"ReadAction","target":["https:\/\/legendarycarsonline.com\/fr\/product\/1970-ford-mustang-mach-1-351ci-windsor-v8\/"]}]},{"@type":"BreadcrumbList","@id":"https:\/\/legendarycarsonline.com\/fr\/product\/1970-ford-mustang-mach-1-351ci-windsor-v8\/#breadcrumb","itemListElement":[{"@type":"ListItem","position":1,"name":"Shop Cars","item":"https:\/\/legendarycarsonline.com\/shop-cars\/"},{"@type":"ListItem","position":2,"name":"Ford Mustang Mach 1 351Ci Windsor V8 de 1970"}]},{"@type":"WebSite","@id":"https:\/\/legendarycarsonline.com\/fr\/#website","url":"https:\/\/legendarycarsonline.com\/fr\/","name":"Voiture de collection \u00e0 vendre","description":"","publisher":{"@id":"https:\/\/legendarycarsonline.com\/fr\/#organization"},"potentialAction":[{"@type":"SearchAction","target":{"@type":"EntryPoint","urlTemplate":"https:\/\/legendarycarsonline.com\/fr\/?s={search_term_string}"},"query-input":{"@type":"PropertyValueSpecification","valueRequired":true,"valueName":"search_term_string"}}],"inLanguage":"fr-FR"},{"@type":"Organization","@id":"https:\/\/legendarycarsonline.com\/fr\/#organization","name":"Legendary Cars Online","url":"https:\/\/legendarycarsonline.com\/fr\/","logo":{"@type":"ImageObject","inLanguage":"fr-FR","@id":"https:\/\/legendarycarsonline.com\/fr\/#\/schema\/logo\/image\/","url":"https:\/\/legendarycarsonline.com\/wp-content\/uploads\/2021\/02\/Legendary-Cars-Online.png","contentUrl":"https:\/\/legendarycarsonline.com\/wp-content\/uploads\/2021\/02\/Legendary-Cars-Online.png","width":275,"height":216,"caption":"Legendary Cars Online"},"image":{"@id":"https:\/\/legendarycarsonline.com\/fr\/#\/schema\/logo\/image\/"},"sameAs":["https:\/\/www.facebook.com\/Legendary-Cars-Online-112758273845339"]}]}},"_links":{"self":[{"href":"https:\/\/legendarycarsonline.com\/fr\/wp-json\/wp\/v2\/product\/221996","targetHints":{"allow":["GET"]}}],"collection":[{"href":"https:\/\/legendarycarsonline.com\/fr\/wp-json\/wp\/v2\/product"}],"about":[{"href":"https:\/\/legendarycarsonline.com\/fr\/wp-json\/wp\/v2\/types\/product"}],"wp:attachment":[{"href":"https:\/\/legendarycarsonline.com\/fr\/wp-json\/wp\/v2\/media?parent=221996"}],"wp:term":[{"taxonomy":"product_brand","embeddable":true,"href":"https:\/\/legendarycarsonline.com\/fr\/wp-json\/wp\/v2\/product_brand?post=221996"},{"taxonomy":"product_cat","embeddable":true,"href":"https:\/\/legendarycarsonline.com\/fr\/wp-json\/wp\/v2\/product_cat?post=221996"},{"taxonomy":"product_tag","embeddable":true,"href":"https:\/\/legendarycarsonline.com\/fr\/wp-json\/wp\/v2\/product_tag?post=221996"}],"curies":[{"name":"wp","href":"https:\/\/api.w.org\/{rel}","templated":true}]}}