
 {"id":238876,"date":"2022-02-21T06:46:53","date_gmt":"2022-02-21T14:48:37","guid":{"rendered":"https:\/\/legendarycarsonline.com\/classic-american-cars\/1965-ford-mustang-fastback-shelby-gt350h-clone-289ci-v8\/"},"modified":"2022-05-13T02:25:34","modified_gmt":"2022-05-13T09:25:34","slug":"1965-ford-mustang-fastback-shelby-gt350h-clone-289ci-v8","status":"publish","type":"product","link":"https:\/\/legendarycarsonline.com\/fr\/product\/1965-ford-mustang-fastback-shelby-gt350h-clone-289ci-v8\/","title":{"rendered":"1965 Ford Mustang Fastback SHELBY GT350H \u00ab&nbsp;R\u00e9plique&nbsp;\u00bb 289Ci V8"},"content":{"rendered":"<p><strong><span style=\"font-size: 25px;\">Sp\u00e9cificit\u00e9s d\u2019article<\/span><\/strong><\/p>\n<div id=\"viTabs_0_is\" class=\"itemAttr\">\n<div class=\"section\">\n<table role=\"presentation\" width=\"100%\" cellspacing=\"0\" cellpadding=\"0\">\n<tbody>\n<tr>\n<td class=\"attrLabels\">Condition:<\/td>\n<td width=\"30.0%\">Occasion<\/td>\n<td class=\"attrLabels\">Ann\u00e9e:<\/td>\n<td width=\"30.0%\">1965<\/td>\n<\/tr>\n<tr>\n<td class=\"attrLabels\">VIN (num\u00e9ro d\u2019identification du v\u00e9hicule) :<\/td>\n<td width=\"30.0%\">5F09C6XXXXX<\/td>\n<td class=\"attrLabels\">Kilom\u00e9trage:<\/td>\n<td width=\"30.0%\">0<\/td>\n<\/tr>\n<tr>\n<td class=\"attrLabels\">Marque:<\/td>\n<td width=\"30.0%\">Ford<\/td>\n<td class=\"attrLabels\">Couleur ext\u00e9rieure :<\/td>\n<td width=\"30.0%\">Corbeau Noir<\/td>\n<\/tr>\n<tr>\n<td class=\"attrLabels\">Mod\u00e8le:<\/td>\n<td width=\"30.0%\">Mustang<\/td>\n<td class=\"attrLabels\">Couleur int\u00e9rieure:<\/td>\n<td width=\"30.0%\">Noir<\/td>\n<\/tr>\n<tr>\n<td class=\"attrLabels\">Sous-mod\u00e8le :<\/td>\n<td width=\"30.0%\">Fastback<\/td>\n<td class=\"attrLabels\">VIN:<\/td>\n<td width=\"30.0%\">5F09C6XXXXX<\/td>\n<\/tr>\n<tr>\n<td class=\"attrLabels\">Moteur:<\/td>\n<td width=\"30.0%\">289Ci<\/td>\n<td class=\"attrLabels\">Type de Carrosserie :<\/td>\n<td width=\"30.0%\">Fastback<\/td>\n<\/tr>\n<tr>\n<td class=\"attrLabels\">Cylindres:<\/td>\n<td width=\"30.0%\">8-Cyl.<\/td>\n<td class=\"attrLabels\">Garantie:<\/td>\n<td width=\"30.0%\">Le v\u00e9hicule n\u2019a PAS de garantie existante<\/td>\n<\/tr>\n<tr>\n<td class=\"attrLabels\">Transmission:<\/td>\n<td width=\"30.0%\">Automatique<\/td>\n<td class=\"attrLabels\">\u00c0 vendre par:<\/td>\n<td width=\"30.0%\">Concessionnaire<\/td>\n<\/tr>\n<tr>\n<td class=\"attrLabels\">Portes:<\/td>\n<td width=\"30.0%\">2<\/td>\n<td class=\"attrLabels\">Garniture:<\/td>\n<td width=\"30.0%\">GT350 Hertz \u00abClone\u00bb<\/td>\n<\/tr>\n<tr>\n<td class=\"attrLabels\">Titre du v\u00e9hicule:<\/td>\n<td width=\"30.0%\">Propre<\/td>\n<\/tr>\n<\/tbody>\n<\/table>\n<\/div>\n<\/div>\n<p>&nbsp;<\/p>\n<p><strong><span style=\"font-size: 48px;\">1965 FORD MUSTANG GT350 HERTZ LOUER UNE R\u00c9PLIQUE DE COURSE<\/span><\/strong><\/p>\n<div id=\"stock_options\" class=\"inventory-detailed-description visible-print-block\">\n<div>\n<h3>  Raven Black, clone Hertz GT 350, Ford Mustang fastback 2+2 de 1965 avec des graphismes Shelby dor\u00e9s sur le capot et la queue. Propuls\u00e9 par un moteur C-Code 289 c.i. joliment d\u00e9taill\u00e9 et une transmission automatique C4. Ce clone de Hertz Rent a Racer est une fraction du prix d\u2019un vrai, mais semble tout aussi bon sur la route. Belle Mustang fastback solide avec une grande structure m\u00e9tallique et une peinture noire de bonne qualit\u00e9 de conducteur avec des imperfections de peinture mineures du temps et \u00e9tant conduit et appr\u00e9ci\u00e9. Pare-chocs chrom\u00e9s plus r\u00e9cents, belles garnitures en acier inoxydable d\u2019usine, brillants et embl\u00e8mes. Int\u00e9rieur du si\u00e8ge baquet noir d\u2019usine montrant une usure mineure. Les jauges sont claires et nettes et le tableau de bord est propre. Nouveau kit de tapis, si\u00e8ge arri\u00e8re rabattable et volant d\u2019origine restaur\u00e9. Nouvel \u00e9chappement double avec un vrai son de muscle car. Rouler sur un bel ensemble de roues Magnum chrom\u00e9es avec des pneus radiaux Cooper Cobra pour un grand attrait de bordure.<\/h3>\n<h4><strong>Ext\u00e9rieur:<\/strong><\/h4>\n<ul>\n<li>Peinture Raven Black avec autocollants OR Shelby style GT 350H<\/li>\n<li>Cuill\u00e8re \u00e0 capuche de style Shelby<\/li>\n<li>Nouveaux pare-chocs avant chrom\u00e9s et rea<\/li>\n<li>Belle garniture en acier inoxydable d\u2019origine<\/li>\n<li>Double miroir bullitt ext\u00e9rieur<\/li>\n<li>Roues Chrome Magnum<\/li>\n<\/ul>\n<h4><strong>Int\u00e9rieur:<\/strong><\/h4>\n<ul>\n<li>Si\u00e8ges de seau noirs d\u2019usine<\/li>\n<li>Si\u00e8ge arri\u00e8re pliant<\/li>\n<li>Volant restaur\u00e9<\/li>\n<li>Nouveau tapis ajust\u00e9<\/li>\n<li>Tableau de bord et jauges propres<\/li>\n<\/ul>\n<h4><strong>M\u00e9canique:<\/strong><\/h4>\n<ul>\n<li>Compartiment moteur d\u00e9taill\u00e9<\/li>\n<li>Bon fonctionnement du moteur 289 c.i.<\/li>\n<li>Couvercles de valve chrom\u00e9s et nettoyeur d\u2019air<\/li>\n<li>Transmission automatique C4<\/li>\n<li>Arri\u00e8re de stock avec engrenage routier<\/li>\n<\/ul>\n<h4><strong>Ch\u00e2ssis:<\/strong><\/h4>\n<ul>\n<li>Structure m\u00e9tallique solide sur les planchers et le coffre<\/li>\n<li>Nouvel \u00e9chappement double<\/li>\n<\/ul>\n<\/div>\n<\/div>\n<p>Occasion<\/p>\n<p>Des Moines, IA<\/p>\n","protected":false},"excerpt":{"rendered":"<p>Sp\u00e9cificit\u00e9s d\u2019article Condition: Occasion Ann\u00e9e: 1965 VIN (num\u00e9ro d\u2019identification du v\u00e9hicule) : 5F09C6XXXXX Kilom\u00e9trage: 0 Marque: Ford Couleur ext\u00e9rieure : Corbeau Noir Mod\u00e8le: Mustang Couleur int\u00e9rieure:<span class=\"excerpt-hellip\"> [\u2026]<\/span><\/p>\n","protected":false},"featured_media":250812,"template":"","meta":[],"product_brand":[],"product_cat":[108,106,138,155,107,150],"product_tag":[],"class_list":{"0":"post-238876","1":"product","2":"type-product","3":"status-publish","4":"has-post-thumbnail","6":"product_cat-1965-fr","7":"product_cat-ford-fr","8":"product_cat-gt350-fr","9":"product_cat-gt350h-fr","10":"product_cat-mustang-fr","11":"product_cat-shelby-fr","13":"first","14":"instock","15":"featured","16":"sold-individually","17":"shipping-taxable","18":"purchasable","19":"product-type-simple"},"yoast_head":"<!-- This site is optimized with the Yoast SEO plugin v27.4 - https:\/\/yoast.com\/product\/yoast-seo-wordpress\/ -->\n<title>1965 Ford Mustang Fastback SHELBY GT350H \u00ab&nbsp;R\u00e9plique&nbsp;\u00bb 289Ci V8 - Voiture de collection \u00e0 vendre<\/title>\n<meta name=\"robots\" content=\"index, follow, max-snippet:-1, max-image-preview:large, max-video-preview:-1\" \/>\n<link rel=\"canonical\" href=\"https:\/\/legendarycarsonline.com\/fr\/product\/1965-ford-mustang-fastback-shelby-gt350h-clone-289ci-v8\/\" \/>\n<meta property=\"og:locale\" content=\"fr_FR\" \/>\n<meta property=\"og:type\" content=\"article\" \/>\n<meta property=\"og:title\" content=\"1965 Ford Mustang Fastback SHELBY GT350H \u00ab&nbsp;R\u00e9plique&nbsp;\u00bb 289Ci V8 - Voiture de collection \u00e0 vendre\" \/>\n<meta property=\"og:description\" content=\"Sp\u00e9cificit\u00e9s d\u2019article Condition: Occasion Ann\u00e9e: 1965 VIN (num\u00e9ro d\u2019identification du v\u00e9hicule) : 5F09C6XXXXX Kilom\u00e9trage: 0 Marque: Ford Couleur ext\u00e9rieure : Corbeau Noir Mod\u00e8le: Mustang Couleur int\u00e9rieure: [\u2026]\" \/>\n<meta property=\"og:url\" content=\"https:\/\/legendarycarsonline.com\/fr\/product\/1965-ford-mustang-fastback-shelby-gt350h-clone-289ci-v8\/\" \/>\n<meta property=\"og:site_name\" content=\"Voiture de collection \u00e0 vendre\" \/>\n<meta property=\"article:publisher\" content=\"https:\/\/www.facebook.com\/Legendary-Cars-Online-112758273845339\" \/>\n<meta property=\"article:modified_time\" content=\"2022-05-13T09:25:34+00:00\" \/>\n<meta property=\"og:image\" content=\"https:\/\/legendarycarsonline.com\/wp-content\/uploads\/2022\/02\/1182_p6_l-1.jpg\" \/>\n\t<meta property=\"og:image:width\" content=\"1920\" \/>\n\t<meta property=\"og:image:height\" content=\"1280\" \/>\n\t<meta property=\"og:image:type\" content=\"image\/jpeg\" \/>\n<meta name=\"twitter:card\" content=\"summary_large_image\" \/>\n<meta name=\"twitter:label1\" content=\"Dur\u00e9e de lecture estim\u00e9e\" \/>\n\t<meta name=\"twitter:data1\" content=\"2 minutes\" \/>\n<script type=\"application\/ld+json\" class=\"yoast-schema-graph\">{\"@context\":\"https:\\\/\\\/schema.org\",\"@graph\":[{\"@type\":\"WebPage\",\"@id\":\"https:\\\/\\\/legendarycarsonline.com\\\/fr\\\/product\\\/1965-ford-mustang-fastback-shelby-gt350h-clone-289ci-v8\\\/\",\"url\":\"https:\\\/\\\/legendarycarsonline.com\\\/fr\\\/product\\\/1965-ford-mustang-fastback-shelby-gt350h-clone-289ci-v8\\\/\",\"name\":\"1965 Ford Mustang Fastback SHELBY GT350H \u00ab&nbsp;R\u00e9plique&nbsp;\u00bb 289Ci V8 - Voiture de collection \u00e0 vendre\",\"isPartOf\":{\"@id\":\"https:\\\/\\\/legendarycarsonline.com\\\/fr\\\/#website\"},\"primaryImageOfPage\":{\"@id\":\"https:\\\/\\\/legendarycarsonline.com\\\/fr\\\/product\\\/1965-ford-mustang-fastback-shelby-gt350h-clone-289ci-v8\\\/#primaryimage\"},\"image\":{\"@id\":\"https:\\\/\\\/legendarycarsonline.com\\\/fr\\\/product\\\/1965-ford-mustang-fastback-shelby-gt350h-clone-289ci-v8\\\/#primaryimage\"},\"thumbnailUrl\":\"https:\\\/\\\/legendarycarsonline.com\\\/wp-content\\\/uploads\\\/2022\\\/02\\\/1182_p6_l-1.jpg\",\"datePublished\":\"2022-02-21T14:48:37+00:00\",\"dateModified\":\"2022-05-13T09:25:34+00:00\",\"breadcrumb\":{\"@id\":\"https:\\\/\\\/legendarycarsonline.com\\\/fr\\\/product\\\/1965-ford-mustang-fastback-shelby-gt350h-clone-289ci-v8\\\/#breadcrumb\"},\"inLanguage\":\"fr-FR\",\"potentialAction\":[{\"@type\":\"ReadAction\",\"target\":[\"https:\\\/\\\/legendarycarsonline.com\\\/fr\\\/product\\\/1965-ford-mustang-fastback-shelby-gt350h-clone-289ci-v8\\\/\"]}]},{\"@type\":\"ImageObject\",\"inLanguage\":\"fr-FR\",\"@id\":\"https:\\\/\\\/legendarycarsonline.com\\\/fr\\\/product\\\/1965-ford-mustang-fastback-shelby-gt350h-clone-289ci-v8\\\/#primaryimage\",\"url\":\"https:\\\/\\\/legendarycarsonline.com\\\/wp-content\\\/uploads\\\/2022\\\/02\\\/1182_p6_l-1.jpg\",\"contentUrl\":\"https:\\\/\\\/legendarycarsonline.com\\\/wp-content\\\/uploads\\\/2022\\\/02\\\/1182_p6_l-1.jpg\",\"width\":1920,\"height\":1280},{\"@type\":\"BreadcrumbList\",\"@id\":\"https:\\\/\\\/legendarycarsonline.com\\\/fr\\\/product\\\/1965-ford-mustang-fastback-shelby-gt350h-clone-289ci-v8\\\/#breadcrumb\",\"itemListElement\":[{\"@type\":\"ListItem\",\"position\":1,\"name\":\"Shop Cars\",\"item\":\"https:\\\/\\\/legendarycarsonline.com\\\/shop-cars\\\/\"},{\"@type\":\"ListItem\",\"position\":2,\"name\":\"1965 Ford Mustang Fastback SHELBY GT350H \u00ab&nbsp;R\u00e9plique&nbsp;\u00bb 289Ci V8\"}]},{\"@type\":\"WebSite\",\"@id\":\"https:\\\/\\\/legendarycarsonline.com\\\/fr\\\/#website\",\"url\":\"https:\\\/\\\/legendarycarsonline.com\\\/fr\\\/\",\"name\":\"Voiture de collection \u00e0 vendre\",\"description\":\"\",\"publisher\":{\"@id\":\"https:\\\/\\\/legendarycarsonline.com\\\/fr\\\/#organization\"},\"potentialAction\":[{\"@type\":\"SearchAction\",\"target\":{\"@type\":\"EntryPoint\",\"urlTemplate\":\"https:\\\/\\\/legendarycarsonline.com\\\/fr\\\/?s={search_term_string}\"},\"query-input\":{\"@type\":\"PropertyValueSpecification\",\"valueRequired\":true,\"valueName\":\"search_term_string\"}}],\"inLanguage\":\"fr-FR\"},{\"@type\":\"Organization\",\"@id\":\"https:\\\/\\\/legendarycarsonline.com\\\/fr\\\/#organization\",\"name\":\"Legendary Cars Online\",\"url\":\"https:\\\/\\\/legendarycarsonline.com\\\/fr\\\/\",\"logo\":{\"@type\":\"ImageObject\",\"inLanguage\":\"fr-FR\",\"@id\":\"https:\\\/\\\/legendarycarsonline.com\\\/fr\\\/#\\\/schema\\\/logo\\\/image\\\/\",\"url\":\"https:\\\/\\\/legendarycarsonline.com\\\/wp-content\\\/uploads\\\/2021\\\/02\\\/Legendary-Cars-Online.png\",\"contentUrl\":\"https:\\\/\\\/legendarycarsonline.com\\\/wp-content\\\/uploads\\\/2021\\\/02\\\/Legendary-Cars-Online.png\",\"width\":275,\"height\":216,\"caption\":\"Legendary Cars Online\"},\"image\":{\"@id\":\"https:\\\/\\\/legendarycarsonline.com\\\/fr\\\/#\\\/schema\\\/logo\\\/image\\\/\"},\"sameAs\":[\"https:\\\/\\\/www.facebook.com\\\/Legendary-Cars-Online-112758273845339\"]}]}<\/script>\n<!-- \/ Yoast SEO plugin. -->","yoast_head_json":{"title":"1965 Ford Mustang Fastback SHELBY GT350H \u00ab&nbsp;R\u00e9plique&nbsp;\u00bb 289Ci V8 - Voiture de collection \u00e0 vendre","robots":{"index":"index","follow":"follow","max-snippet":"max-snippet:-1","max-image-preview":"max-image-preview:large","max-video-preview":"max-video-preview:-1"},"canonical":"https:\/\/legendarycarsonline.com\/fr\/product\/1965-ford-mustang-fastback-shelby-gt350h-clone-289ci-v8\/","og_locale":"fr_FR","og_type":"article","og_title":"1965 Ford Mustang Fastback SHELBY GT350H \u00ab&nbsp;R\u00e9plique&nbsp;\u00bb 289Ci V8 - Voiture de collection \u00e0 vendre","og_description":"Sp\u00e9cificit\u00e9s d\u2019article Condition: Occasion Ann\u00e9e: 1965 VIN (num\u00e9ro d\u2019identification du v\u00e9hicule) : 5F09C6XXXXX Kilom\u00e9trage: 0 Marque: Ford Couleur ext\u00e9rieure : Corbeau Noir Mod\u00e8le: Mustang Couleur int\u00e9rieure: [\u2026]","og_url":"https:\/\/legendarycarsonline.com\/fr\/product\/1965-ford-mustang-fastback-shelby-gt350h-clone-289ci-v8\/","og_site_name":"Voiture de collection \u00e0 vendre","article_publisher":"https:\/\/www.facebook.com\/Legendary-Cars-Online-112758273845339","article_modified_time":"2022-05-13T09:25:34+00:00","og_image":[{"width":1920,"height":1280,"url":"https:\/\/legendarycarsonline.com\/wp-content\/uploads\/2022\/02\/1182_p6_l-1.jpg","type":"image\/jpeg"}],"twitter_card":"summary_large_image","twitter_misc":{"Dur\u00e9e de lecture estim\u00e9e":"2 minutes"},"schema":{"@context":"https:\/\/schema.org","@graph":[{"@type":"WebPage","@id":"https:\/\/legendarycarsonline.com\/fr\/product\/1965-ford-mustang-fastback-shelby-gt350h-clone-289ci-v8\/","url":"https:\/\/legendarycarsonline.com\/fr\/product\/1965-ford-mustang-fastback-shelby-gt350h-clone-289ci-v8\/","name":"1965 Ford Mustang Fastback SHELBY GT350H \u00ab&nbsp;R\u00e9plique&nbsp;\u00bb 289Ci V8 - Voiture de collection \u00e0 vendre","isPartOf":{"@id":"https:\/\/legendarycarsonline.com\/fr\/#website"},"primaryImageOfPage":{"@id":"https:\/\/legendarycarsonline.com\/fr\/product\/1965-ford-mustang-fastback-shelby-gt350h-clone-289ci-v8\/#primaryimage"},"image":{"@id":"https:\/\/legendarycarsonline.com\/fr\/product\/1965-ford-mustang-fastback-shelby-gt350h-clone-289ci-v8\/#primaryimage"},"thumbnailUrl":"https:\/\/legendarycarsonline.com\/wp-content\/uploads\/2022\/02\/1182_p6_l-1.jpg","datePublished":"2022-02-21T14:48:37+00:00","dateModified":"2022-05-13T09:25:34+00:00","breadcrumb":{"@id":"https:\/\/legendarycarsonline.com\/fr\/product\/1965-ford-mustang-fastback-shelby-gt350h-clone-289ci-v8\/#breadcrumb"},"inLanguage":"fr-FR","potentialAction":[{"@type":"ReadAction","target":["https:\/\/legendarycarsonline.com\/fr\/product\/1965-ford-mustang-fastback-shelby-gt350h-clone-289ci-v8\/"]}]},{"@type":"ImageObject","inLanguage":"fr-FR","@id":"https:\/\/legendarycarsonline.com\/fr\/product\/1965-ford-mustang-fastback-shelby-gt350h-clone-289ci-v8\/#primaryimage","url":"https:\/\/legendarycarsonline.com\/wp-content\/uploads\/2022\/02\/1182_p6_l-1.jpg","contentUrl":"https:\/\/legendarycarsonline.com\/wp-content\/uploads\/2022\/02\/1182_p6_l-1.jpg","width":1920,"height":1280},{"@type":"BreadcrumbList","@id":"https:\/\/legendarycarsonline.com\/fr\/product\/1965-ford-mustang-fastback-shelby-gt350h-clone-289ci-v8\/#breadcrumb","itemListElement":[{"@type":"ListItem","position":1,"name":"Shop Cars","item":"https:\/\/legendarycarsonline.com\/shop-cars\/"},{"@type":"ListItem","position":2,"name":"1965 Ford Mustang Fastback SHELBY GT350H \u00ab&nbsp;R\u00e9plique&nbsp;\u00bb 289Ci V8"}]},{"@type":"WebSite","@id":"https:\/\/legendarycarsonline.com\/fr\/#website","url":"https:\/\/legendarycarsonline.com\/fr\/","name":"Voiture de collection \u00e0 vendre","description":"","publisher":{"@id":"https:\/\/legendarycarsonline.com\/fr\/#organization"},"potentialAction":[{"@type":"SearchAction","target":{"@type":"EntryPoint","urlTemplate":"https:\/\/legendarycarsonline.com\/fr\/?s={search_term_string}"},"query-input":{"@type":"PropertyValueSpecification","valueRequired":true,"valueName":"search_term_string"}}],"inLanguage":"fr-FR"},{"@type":"Organization","@id":"https:\/\/legendarycarsonline.com\/fr\/#organization","name":"Legendary Cars Online","url":"https:\/\/legendarycarsonline.com\/fr\/","logo":{"@type":"ImageObject","inLanguage":"fr-FR","@id":"https:\/\/legendarycarsonline.com\/fr\/#\/schema\/logo\/image\/","url":"https:\/\/legendarycarsonline.com\/wp-content\/uploads\/2021\/02\/Legendary-Cars-Online.png","contentUrl":"https:\/\/legendarycarsonline.com\/wp-content\/uploads\/2021\/02\/Legendary-Cars-Online.png","width":275,"height":216,"caption":"Legendary Cars Online"},"image":{"@id":"https:\/\/legendarycarsonline.com\/fr\/#\/schema\/logo\/image\/"},"sameAs":["https:\/\/www.facebook.com\/Legendary-Cars-Online-112758273845339"]}]}},"_links":{"self":[{"href":"https:\/\/legendarycarsonline.com\/fr\/wp-json\/wp\/v2\/product\/238876","targetHints":{"allow":["GET"]}}],"collection":[{"href":"https:\/\/legendarycarsonline.com\/fr\/wp-json\/wp\/v2\/product"}],"about":[{"href":"https:\/\/legendarycarsonline.com\/fr\/wp-json\/wp\/v2\/types\/product"}],"wp:featuredmedia":[{"embeddable":true,"href":"https:\/\/legendarycarsonline.com\/fr\/wp-json\/wp\/v2\/media\/250812"}],"wp:attachment":[{"href":"https:\/\/legendarycarsonline.com\/fr\/wp-json\/wp\/v2\/media?parent=238876"}],"wp:term":[{"taxonomy":"product_brand","embeddable":true,"href":"https:\/\/legendarycarsonline.com\/fr\/wp-json\/wp\/v2\/product_brand?post=238876"},{"taxonomy":"product_cat","embeddable":true,"href":"https:\/\/legendarycarsonline.com\/fr\/wp-json\/wp\/v2\/product_cat?post=238876"},{"taxonomy":"product_tag","embeddable":true,"href":"https:\/\/legendarycarsonline.com\/fr\/wp-json\/wp\/v2\/product_tag?post=238876"}],"curies":[{"name":"wp","href":"https:\/\/api.w.org\/{rel}","templated":true}]}}