
 {"id":251556,"date":"2022-05-17T10:47:48","date_gmt":"2022-05-17T17:49:35","guid":{"rendered":"https:\/\/legendarycarsonline.com\/product\/ford-mustang-convertible-289ci-v8-1966\/"},"modified":"2022-05-17T10:49:38","modified_gmt":"2022-05-17T17:49:38","slug":"1966-ford-mustang-convertible-289ci-v8","status":"publish","type":"product","link":"https:\/\/legendarycarsonline.com\/fr\/product\/1966-ford-mustang-convertible-289ci-v8\/","title":{"rendered":"Ford Mustang Convertible 289Ci V8 1966"},"content":{"rendered":"<h4><strong>Sp\u00e9cificit\u00e9s d\u2019article<\/strong><\/h4>\n<div id=\"viTabs_0_is\" class=\"itemAttr\">\n<div class=\"section\">\n<table role=\"presentation\" width=\"100%\" cellspacing=\"0\" cellpadding=\"0\">\n<tbody>\n<tr>\n<td class=\"attrLabels\">Condition:<\/td>\n<td width=\"30.0%\">Occasion<\/td>\n<td class=\"attrLabels\">Ann\u00e9e:<\/td>\n<td width=\"30.0%\">1966<\/td>\n<\/tr>\n<tr>\n<td class=\"attrLabels\">VIN (num\u00e9ro d\u2019identification du v\u00e9hicule) :<\/td>\n<td width=\"30.0%\">\n<div class=\"col-xs-6 col-sm-12\">6F08A1XXXXX<\/div>\n<\/td>\n<td class=\"attrLabels\">Kilom\u00e9trage:<\/td>\n<td width=\"30.0%\">\n<div class=\"col-xs-6 col-sm-12\">90816<\/div>\n<\/td>\n<\/tr>\n<tr>\n<td class=\"attrLabels\">Options:<\/td>\n<td width=\"30.0%\">\u2014<\/td>\n<td class=\"attrLabels\">Titre du v\u00e9hicule:<\/td>\n<td width=\"30.0%\">Clair<\/td>\n<\/tr>\n<tr>\n<td class=\"attrLabels\">Options d\u2019alimentation :<\/td>\n<td width=\"30.0%\">Direction assist\u00e9e \/ Freins assist\u00e9s \/ Power Top<\/td>\n<td class=\"attrLabels\">Couleur ext\u00e9rieure :<\/td>\n<td width=\"30.0%\">Rouge<\/td>\n<\/tr>\n<tr>\n<td class=\"attrLabels\">Marque:<\/td>\n<td width=\"30.0%\">Ford<\/td>\n<td class=\"attrLabels\">Couleur int\u00e9rieure:<\/td>\n<td width=\"30.0%\">Noir<\/td>\n<\/tr>\n<tr>\n<td class=\"attrLabels\">Moteur:<\/td>\n<td width=\"30.0%\">289Ci V8<\/td>\n<td class=\"attrLabels\">Transmission:<\/td>\n<td width=\"30.0%\">Automatique<\/td>\n<\/tr>\n<tr>\n<td class=\"attrLabels\">Type de carburant :<\/td>\n<td width=\"30.0%\">Essence<\/td>\n<td class=\"attrLabels\">Garantie:<\/td>\n<td width=\"30.0%\">Le v\u00e9hicule n\u2019a PAS de garantie existante<\/td>\n<\/tr>\n<tr>\n<td class=\"attrLabels\">ID de style :<\/td>\n<td width=\"30.0%\">0<\/td>\n<td class=\"attrLabels\">\u00c0 vendre par:<\/td>\n<td width=\"30.0%\">Concessionnaire<\/td>\n<\/tr>\n<tr>\n<td class=\"attrLabels\">Type de Carrosserie :<\/td>\n<td width=\"30.0%\">Convertible<\/td>\n<td class=\"attrLabels\">Mod\u00e8le:<\/td>\n<td width=\"30.0%\">Mustang<\/td>\n<\/tr>\n<\/tbody>\n<\/table>\n<\/div>\n<\/div>\n<h4><strong>1966 Ford Mustang Convertilbe A Code 289 Direction Assist\u00e9e Freins Assist\u00e9s Puissance Haut<\/strong><\/h4>\n<p>Ici, nous avons une Ford Mustang Cabriolet de 1966 \u00e0 vendre. Il s\u2019agit d\u2019un A Code Convertible command\u00e9 en usine qui a subi une restauration m\u00e9ticuleuse. Si vous \u00eates \u00e0 la recherche d\u2019une Mustang \u00e0 toit basculant qui a tous les looks associ\u00e9s \u00e0 toutes les options que vous aimez, alors ne cherchez pas plus loin. Ce &rsquo;66 vous fera remonter le temps tout en cr\u00e9ant de nouveaux souvenirs qui dureront pour toujours. Lorsque vous vous promenez, on ne peut nier le temps et les efforts consacr\u00e9s \u00e0 la livraison de l\u2019un des plus beaux sur la route. Vous pouvez voir que l\u2019ajustement du panneau est magnifique et que tous les espaces sont uniformes et sym\u00e9triques. Il est mis en valeur par la peinture Rouge Signalflare qui a \u00e9t\u00e9 refaite en couche de base transparente, et elle a \u00e9t\u00e9 ponc\u00e9e humide, polie et polie pour obtenir une finition miroir lisse comme un ruban. Il est accentu\u00e9 par l\u2019\u00e9pingle en or qui d\u00e9cape les c\u00f4t\u00e9s et qui a le moulage \u00e0 bascule qui est magnifique. Le reste de la garniture et de l\u2019acier inoxydable est tout aussi impressionnant et a une brillance brillante. Les pare-chocs avant et arri\u00e8re semblent avoir \u00e9t\u00e9 remplac\u00e9s au moment de la restauration. Chaque morceau de verre est magnifique avec le verre lat\u00e9ral qui monte et descend facilement. Ce &rsquo;66 dispose du toit convertible \u00e9lectrique qui est fait en noir. Il a \u00e9galement la botte noire \u00e0 assortir lorsque le haut est en bas. Pour finir le look, il est assis sur un ensemble de roues en acier de style 14 \u00ab&nbsp;avec pneus Coker Redline.<br \/>\nEnsuite, nous allons regarder l\u2019int\u00e9rieur de ce Cabriolet. \u00c0 l\u2019int\u00e9rieur, il est fait dans le Luxury Black qui s\u2019harmonise parfaitement avec le combo de couleurs ext\u00e9rieures. Il dispose des si\u00e8ges baquets et de la console qui abrite le levier de vitesses automatique. Cette Mustang est livr\u00e9e avec les housses de poney qui ont \u00e9t\u00e9 refaites au moment de la restauration et sont dans un \u00e9tat ph\u00e9nom\u00e9nal avec tout le rembourrage. Les panneaux de porte sont tout aussi impressionnants et ont un excellent ajustement. La console pr\u00e9sente l\u2019accent de grain de bois qui s\u2019int\u00e8gre parfaitement \u00e0 la bo\u00eete \u00e0 gants et aux jauges. En parlant du tableau de bord, nous pouvons voir que tout est en excellent \u00e9tat, du pad aux jauges. Cette Mustang a \u00e9galement le volant en bois. Tout le tapis qu\u2019il contient a \u00e9galement \u00e9t\u00e9 remplac\u00e9 au moment de la restauration. \u00c0 l\u2019int\u00e9rieur du coffre est tout solide comme le roc et il est d\u00e9taill\u00e9 avec la pi\u00e8ce de rechange et le tapis de coffre.<br \/>\nEnfin, nous arriverons \u00e0 la ligne d\u2019entra\u00eenement de cette Ford. Sous le capot, il est aliment\u00e9 par le moteur 289 4 Barrel, ce qui est correct pour lui car il s\u2019agit d\u2019une voiture d\u2019usine A Code. Toutes les ailes int\u00e9rieures sont solides comme le roc avec le cadre. Nous pouvons voir qu\u2019il a \u00e9t\u00e9 d\u00e9taill\u00e9 comme il l\u2019aurait \u00e9t\u00e9 de l\u2019usine avec la couleur bleue du moteur et le couvercle de soupape peint avec le purificateur d\u2019air de stock. Ce &rsquo;66 est \u00e9quip\u00e9 d\u2019une direction assist\u00e9e et de freins assist\u00e9s. Pour l\u2019\u00e9chappement, il a des collecteurs avec le tuyau unique et le silencieux de style usine outback. Lorsque vous regardez sous ce cabriolet, vous \u00eates s\u00fbr d\u2019\u00eatre impressionn\u00e9 car tout est solide et en excellent \u00e9tat. Toute la suspension est excellente, ce que vous pouvez sentir lorsque vous naviguez sur l\u2019autoroute. La 289 traverse la C4 Automatic Trans et l\u2019arri\u00e8re de style usine. Sur l\u2019autoroute, la 289 fonctionne tr\u00e8s bien et la C4 se d\u00e9place en douceur. Cette A Code Mustang vous donnera envie de la naviguer partout. Ne manquez pas les souvenirs que vous ferez et ceux qui reviendront lorsque vous prendrez l\u2019autoroute!<\/p>\n<p>Occasion<\/p>\n<p>Maryville (Tennessee)<\/p>\n","protected":false},"excerpt":{"rendered":"<p>Sp\u00e9cificit\u00e9s d\u2019article Condition: Occasion Ann\u00e9e: 1966 VIN (num\u00e9ro d\u2019identification du v\u00e9hicule) : 6F08A1XXXXX Kilom\u00e9trage: 90816 Options: \u2014 Titre du v\u00e9hicule: Clair Options d\u2019alimentation : Direction assist\u00e9e<span class=\"excerpt-hellip\"> [\u2026]<\/span><\/p>\n","protected":false},"featured_media":251555,"template":"","meta":[],"product_brand":[],"product_cat":[109,106,107],"product_tag":[],"class_list":{"0":"post-251556","1":"product","2":"type-product","3":"status-publish","4":"has-post-thumbnail","6":"product_cat-1966-fr","7":"product_cat-ford-fr","8":"product_cat-mustang-fr","10":"first","11":"instock","12":"featured","13":"sold-individually","14":"shipping-taxable","15":"purchasable","16":"product-type-simple"},"yoast_head":"<!-- This site is optimized with the Yoast SEO plugin v27.4 - https:\/\/yoast.com\/product\/yoast-seo-wordpress\/ -->\n<title>Ford Mustang Convertible 289Ci V8 1966 - Voiture de collection \u00e0 vendre<\/title>\n<meta name=\"robots\" content=\"index, follow, max-snippet:-1, max-image-preview:large, max-video-preview:-1\" \/>\n<link rel=\"canonical\" href=\"https:\/\/legendarycarsonline.com\/fr\/product\/1966-ford-mustang-convertible-289ci-v8\/\" \/>\n<meta property=\"og:locale\" content=\"fr_FR\" \/>\n<meta property=\"og:type\" content=\"article\" \/>\n<meta property=\"og:title\" content=\"Ford Mustang Convertible 289Ci V8 1966 - Voiture de collection \u00e0 vendre\" \/>\n<meta property=\"og:description\" content=\"Sp\u00e9cificit\u00e9s d\u2019article Condition: Occasion Ann\u00e9e: 1966 VIN (num\u00e9ro d\u2019identification du v\u00e9hicule) : 6F08A1XXXXX Kilom\u00e9trage: 90816 Options: \u2014 Titre du v\u00e9hicule: Clair Options d\u2019alimentation : Direction assist\u00e9e [\u2026]\" \/>\n<meta property=\"og:url\" content=\"https:\/\/legendarycarsonline.com\/fr\/product\/1966-ford-mustang-convertible-289ci-v8\/\" \/>\n<meta property=\"og:site_name\" content=\"Voiture de collection \u00e0 vendre\" \/>\n<meta property=\"article:publisher\" content=\"https:\/\/www.facebook.com\/Legendary-Cars-Online-112758273845339\" \/>\n<meta property=\"article:modified_time\" content=\"2022-05-17T17:49:38+00:00\" \/>\n<meta property=\"og:image\" content=\"https:\/\/legendarycarsonline.com\/wp-content\/uploads\/2022\/05\/1966-ford-mustang.jpg\" \/>\n\t<meta property=\"og:image:width\" content=\"1499\" \/>\n\t<meta property=\"og:image:height\" content=\"1000\" \/>\n\t<meta property=\"og:image:type\" content=\"image\/jpeg\" \/>\n<meta name=\"twitter:card\" content=\"summary_large_image\" \/>\n<meta name=\"twitter:label1\" content=\"Dur\u00e9e de lecture estim\u00e9e\" \/>\n\t<meta name=\"twitter:data1\" content=\"4 minutes\" \/>\n<script type=\"application\/ld+json\" class=\"yoast-schema-graph\">{\"@context\":\"https:\\\/\\\/schema.org\",\"@graph\":[{\"@type\":\"WebPage\",\"@id\":\"https:\\\/\\\/legendarycarsonline.com\\\/fr\\\/product\\\/1966-ford-mustang-convertible-289ci-v8\\\/\",\"url\":\"https:\\\/\\\/legendarycarsonline.com\\\/fr\\\/product\\\/1966-ford-mustang-convertible-289ci-v8\\\/\",\"name\":\"Ford Mustang Convertible 289Ci V8 1966 - Voiture de collection \u00e0 vendre\",\"isPartOf\":{\"@id\":\"https:\\\/\\\/legendarycarsonline.com\\\/fr\\\/#website\"},\"primaryImageOfPage\":{\"@id\":\"https:\\\/\\\/legendarycarsonline.com\\\/fr\\\/product\\\/1966-ford-mustang-convertible-289ci-v8\\\/#primaryimage\"},\"image\":{\"@id\":\"https:\\\/\\\/legendarycarsonline.com\\\/fr\\\/product\\\/1966-ford-mustang-convertible-289ci-v8\\\/#primaryimage\"},\"thumbnailUrl\":\"https:\\\/\\\/legendarycarsonline.com\\\/wp-content\\\/uploads\\\/2022\\\/05\\\/1966-ford-mustang.jpg\",\"datePublished\":\"2022-05-17T17:49:35+00:00\",\"dateModified\":\"2022-05-17T17:49:38+00:00\",\"breadcrumb\":{\"@id\":\"https:\\\/\\\/legendarycarsonline.com\\\/fr\\\/product\\\/1966-ford-mustang-convertible-289ci-v8\\\/#breadcrumb\"},\"inLanguage\":\"fr-FR\",\"potentialAction\":[{\"@type\":\"ReadAction\",\"target\":[\"https:\\\/\\\/legendarycarsonline.com\\\/fr\\\/product\\\/1966-ford-mustang-convertible-289ci-v8\\\/\"]}]},{\"@type\":\"ImageObject\",\"inLanguage\":\"fr-FR\",\"@id\":\"https:\\\/\\\/legendarycarsonline.com\\\/fr\\\/product\\\/1966-ford-mustang-convertible-289ci-v8\\\/#primaryimage\",\"url\":\"https:\\\/\\\/legendarycarsonline.com\\\/wp-content\\\/uploads\\\/2022\\\/05\\\/1966-ford-mustang.jpg\",\"contentUrl\":\"https:\\\/\\\/legendarycarsonline.com\\\/wp-content\\\/uploads\\\/2022\\\/05\\\/1966-ford-mustang.jpg\",\"width\":1499,\"height\":1000},{\"@type\":\"BreadcrumbList\",\"@id\":\"https:\\\/\\\/legendarycarsonline.com\\\/fr\\\/product\\\/1966-ford-mustang-convertible-289ci-v8\\\/#breadcrumb\",\"itemListElement\":[{\"@type\":\"ListItem\",\"position\":1,\"name\":\"Shop Cars\",\"item\":\"https:\\\/\\\/legendarycarsonline.com\\\/shop-cars\\\/\"},{\"@type\":\"ListItem\",\"position\":2,\"name\":\"Ford Mustang Convertible 289Ci V8 1966\"}]},{\"@type\":\"WebSite\",\"@id\":\"https:\\\/\\\/legendarycarsonline.com\\\/fr\\\/#website\",\"url\":\"https:\\\/\\\/legendarycarsonline.com\\\/fr\\\/\",\"name\":\"Voiture de collection \u00e0 vendre\",\"description\":\"\",\"publisher\":{\"@id\":\"https:\\\/\\\/legendarycarsonline.com\\\/fr\\\/#organization\"},\"potentialAction\":[{\"@type\":\"SearchAction\",\"target\":{\"@type\":\"EntryPoint\",\"urlTemplate\":\"https:\\\/\\\/legendarycarsonline.com\\\/fr\\\/?s={search_term_string}\"},\"query-input\":{\"@type\":\"PropertyValueSpecification\",\"valueRequired\":true,\"valueName\":\"search_term_string\"}}],\"inLanguage\":\"fr-FR\"},{\"@type\":\"Organization\",\"@id\":\"https:\\\/\\\/legendarycarsonline.com\\\/fr\\\/#organization\",\"name\":\"Legendary Cars Online\",\"url\":\"https:\\\/\\\/legendarycarsonline.com\\\/fr\\\/\",\"logo\":{\"@type\":\"ImageObject\",\"inLanguage\":\"fr-FR\",\"@id\":\"https:\\\/\\\/legendarycarsonline.com\\\/fr\\\/#\\\/schema\\\/logo\\\/image\\\/\",\"url\":\"https:\\\/\\\/legendarycarsonline.com\\\/wp-content\\\/uploads\\\/2021\\\/02\\\/Legendary-Cars-Online.png\",\"contentUrl\":\"https:\\\/\\\/legendarycarsonline.com\\\/wp-content\\\/uploads\\\/2021\\\/02\\\/Legendary-Cars-Online.png\",\"width\":275,\"height\":216,\"caption\":\"Legendary Cars Online\"},\"image\":{\"@id\":\"https:\\\/\\\/legendarycarsonline.com\\\/fr\\\/#\\\/schema\\\/logo\\\/image\\\/\"},\"sameAs\":[\"https:\\\/\\\/www.facebook.com\\\/Legendary-Cars-Online-112758273845339\"]}]}<\/script>\n<!-- \/ Yoast SEO plugin. -->","yoast_head_json":{"title":"Ford Mustang Convertible 289Ci V8 1966 - Voiture de collection \u00e0 vendre","robots":{"index":"index","follow":"follow","max-snippet":"max-snippet:-1","max-image-preview":"max-image-preview:large","max-video-preview":"max-video-preview:-1"},"canonical":"https:\/\/legendarycarsonline.com\/fr\/product\/1966-ford-mustang-convertible-289ci-v8\/","og_locale":"fr_FR","og_type":"article","og_title":"Ford Mustang Convertible 289Ci V8 1966 - Voiture de collection \u00e0 vendre","og_description":"Sp\u00e9cificit\u00e9s d\u2019article Condition: Occasion Ann\u00e9e: 1966 VIN (num\u00e9ro d\u2019identification du v\u00e9hicule) : 6F08A1XXXXX Kilom\u00e9trage: 90816 Options: \u2014 Titre du v\u00e9hicule: Clair Options d\u2019alimentation : Direction assist\u00e9e [\u2026]","og_url":"https:\/\/legendarycarsonline.com\/fr\/product\/1966-ford-mustang-convertible-289ci-v8\/","og_site_name":"Voiture de collection \u00e0 vendre","article_publisher":"https:\/\/www.facebook.com\/Legendary-Cars-Online-112758273845339","article_modified_time":"2022-05-17T17:49:38+00:00","og_image":[{"width":1499,"height":1000,"url":"https:\/\/legendarycarsonline.com\/wp-content\/uploads\/2022\/05\/1966-ford-mustang.jpg","type":"image\/jpeg"}],"twitter_card":"summary_large_image","twitter_misc":{"Dur\u00e9e de lecture estim\u00e9e":"4 minutes"},"schema":{"@context":"https:\/\/schema.org","@graph":[{"@type":"WebPage","@id":"https:\/\/legendarycarsonline.com\/fr\/product\/1966-ford-mustang-convertible-289ci-v8\/","url":"https:\/\/legendarycarsonline.com\/fr\/product\/1966-ford-mustang-convertible-289ci-v8\/","name":"Ford Mustang Convertible 289Ci V8 1966 - Voiture de collection \u00e0 vendre","isPartOf":{"@id":"https:\/\/legendarycarsonline.com\/fr\/#website"},"primaryImageOfPage":{"@id":"https:\/\/legendarycarsonline.com\/fr\/product\/1966-ford-mustang-convertible-289ci-v8\/#primaryimage"},"image":{"@id":"https:\/\/legendarycarsonline.com\/fr\/product\/1966-ford-mustang-convertible-289ci-v8\/#primaryimage"},"thumbnailUrl":"https:\/\/legendarycarsonline.com\/wp-content\/uploads\/2022\/05\/1966-ford-mustang.jpg","datePublished":"2022-05-17T17:49:35+00:00","dateModified":"2022-05-17T17:49:38+00:00","breadcrumb":{"@id":"https:\/\/legendarycarsonline.com\/fr\/product\/1966-ford-mustang-convertible-289ci-v8\/#breadcrumb"},"inLanguage":"fr-FR","potentialAction":[{"@type":"ReadAction","target":["https:\/\/legendarycarsonline.com\/fr\/product\/1966-ford-mustang-convertible-289ci-v8\/"]}]},{"@type":"ImageObject","inLanguage":"fr-FR","@id":"https:\/\/legendarycarsonline.com\/fr\/product\/1966-ford-mustang-convertible-289ci-v8\/#primaryimage","url":"https:\/\/legendarycarsonline.com\/wp-content\/uploads\/2022\/05\/1966-ford-mustang.jpg","contentUrl":"https:\/\/legendarycarsonline.com\/wp-content\/uploads\/2022\/05\/1966-ford-mustang.jpg","width":1499,"height":1000},{"@type":"BreadcrumbList","@id":"https:\/\/legendarycarsonline.com\/fr\/product\/1966-ford-mustang-convertible-289ci-v8\/#breadcrumb","itemListElement":[{"@type":"ListItem","position":1,"name":"Shop Cars","item":"https:\/\/legendarycarsonline.com\/shop-cars\/"},{"@type":"ListItem","position":2,"name":"Ford Mustang Convertible 289Ci V8 1966"}]},{"@type":"WebSite","@id":"https:\/\/legendarycarsonline.com\/fr\/#website","url":"https:\/\/legendarycarsonline.com\/fr\/","name":"Voiture de collection \u00e0 vendre","description":"","publisher":{"@id":"https:\/\/legendarycarsonline.com\/fr\/#organization"},"potentialAction":[{"@type":"SearchAction","target":{"@type":"EntryPoint","urlTemplate":"https:\/\/legendarycarsonline.com\/fr\/?s={search_term_string}"},"query-input":{"@type":"PropertyValueSpecification","valueRequired":true,"valueName":"search_term_string"}}],"inLanguage":"fr-FR"},{"@type":"Organization","@id":"https:\/\/legendarycarsonline.com\/fr\/#organization","name":"Legendary Cars Online","url":"https:\/\/legendarycarsonline.com\/fr\/","logo":{"@type":"ImageObject","inLanguage":"fr-FR","@id":"https:\/\/legendarycarsonline.com\/fr\/#\/schema\/logo\/image\/","url":"https:\/\/legendarycarsonline.com\/wp-content\/uploads\/2021\/02\/Legendary-Cars-Online.png","contentUrl":"https:\/\/legendarycarsonline.com\/wp-content\/uploads\/2021\/02\/Legendary-Cars-Online.png","width":275,"height":216,"caption":"Legendary Cars Online"},"image":{"@id":"https:\/\/legendarycarsonline.com\/fr\/#\/schema\/logo\/image\/"},"sameAs":["https:\/\/www.facebook.com\/Legendary-Cars-Online-112758273845339"]}]}},"_links":{"self":[{"href":"https:\/\/legendarycarsonline.com\/fr\/wp-json\/wp\/v2\/product\/251556","targetHints":{"allow":["GET"]}}],"collection":[{"href":"https:\/\/legendarycarsonline.com\/fr\/wp-json\/wp\/v2\/product"}],"about":[{"href":"https:\/\/legendarycarsonline.com\/fr\/wp-json\/wp\/v2\/types\/product"}],"wp:featuredmedia":[{"embeddable":true,"href":"https:\/\/legendarycarsonline.com\/fr\/wp-json\/wp\/v2\/media\/251555"}],"wp:attachment":[{"href":"https:\/\/legendarycarsonline.com\/fr\/wp-json\/wp\/v2\/media?parent=251556"}],"wp:term":[{"taxonomy":"product_brand","embeddable":true,"href":"https:\/\/legendarycarsonline.com\/fr\/wp-json\/wp\/v2\/product_brand?post=251556"},{"taxonomy":"product_cat","embeddable":true,"href":"https:\/\/legendarycarsonline.com\/fr\/wp-json\/wp\/v2\/product_cat?post=251556"},{"taxonomy":"product_tag","embeddable":true,"href":"https:\/\/legendarycarsonline.com\/fr\/wp-json\/wp\/v2\/product_tag?post=251556"}],"curies":[{"name":"wp","href":"https:\/\/api.w.org\/{rel}","templated":true}]}}