
 {"id":253187,"date":"2022-05-26T09:20:11","date_gmt":"2022-05-26T16:21:49","guid":{"rendered":"https:\/\/legendarycarsonline.com\/product\/1970-ford-mustang-boss-429-v8-manuel-a-4-vitesses\/"},"modified":"2022-05-26T09:21:49","modified_gmt":"2022-05-26T16:21:49","slug":"1970-ford-mustang-boss-429-v8-4-vitesses-manuel-4","status":"publish","type":"product","link":"https:\/\/legendarycarsonline.com\/fr\/product\/1970-ford-mustang-boss-429-v8-4-vitesses-manuel-4\/","title":{"rendered":"1970 Ford Mustang BOSS 429 V8 Manuel \u00e0 4 vitesses"},"content":{"rendered":"<h2><strong>Sp\u00e9cificit\u00e9s d\u2019article<\/strong><\/h2>\n<div id=\"viTabs_0_is\" class=\"itemAttr\">\n<div class=\"section\">\n<table role=\"presentation\" width=\"100%\" cellspacing=\"0\" cellpadding=\"0\">\n<tbody>\n<tr>\n<td class=\"attrLabels\">Condition:<\/td>\n<td width=\"30.0%\">Occasion<\/td>\n<td class=\"attrLabels\">Ann\u00e9e:<\/td>\n<td width=\"30.0%\">1970<\/td>\n<\/tr>\n<tr>\n<td class=\"attrLabels\">VIN (num\u00e9ro d\u2019identification du v\u00e9hicule) :<\/td>\n<td width=\"30.0%\">0F02Z1XXXXX<\/td>\n<td class=\"attrLabels\">Kilom\u00e9trage:<\/td>\n<td width=\"30.0%\">16799<\/td>\n<\/tr>\n<tr>\n<td class=\"attrLabels\">Couleur int\u00e9rieure:<\/td>\n<td width=\"30.0%\">PARCHEMIN DELUXE DCOR<\/td>\n<td class=\"attrLabels\">Marque:<\/td>\n<td width=\"30.0%\">Ford<\/td>\n<\/tr>\n<tr>\n<td class=\"attrLabels\">Type de Carrosserie :<\/td>\n<td width=\"30.0%\">Coupe<\/td>\n<td class=\"attrLabels\">Mod\u00e8le:<\/td>\n<td width=\"30.0%\">Mustang<\/td>\n<\/tr>\n<tr>\n<td class=\"attrLabels\">Nombre de cylindres:<\/td>\n<td width=\"30.0%\">8<\/td>\n<td class=\"attrLabels\">\u00c0 vendre par:<\/td>\n<td width=\"30.0%\">Concessionnaire<\/td>\n<\/tr>\n<tr>\n<td class=\"attrLabels\">Transmission:<\/td>\n<td width=\"30.0%\">Manuel 4 vitesses<\/td>\n<td class=\"attrLabels\">Portes:<\/td>\n<td width=\"30.0%\">2<\/td>\n<\/tr>\n<tr>\n<td class=\"attrLabels\">Garantie:<\/td>\n<td width=\"30.0%\">Le v\u00e9hicule n\u2019a PAS de garantie existante<\/td>\n<td class=\"attrLabels\">Type de carburant :<\/td>\n<td width=\"30.0%\">Essence<\/td>\n<\/tr>\n<tr>\n<td class=\"attrLabels\">Titre du v\u00e9hicule:<\/td>\n<td width=\"30.0%\">Clair<\/td>\n<td class=\"attrLabels\">Description du moteur:<\/td>\n<td width=\"30.0%\">429 CID 4V 8 CYL<\/td>\n<\/tr>\n<tr>\n<td class=\"attrLabels\">Couleur ext\u00e9rieure :<\/td>\n<td width=\"30.0%\">Grabber Bleu<\/td>\n<\/tr>\n<\/tbody>\n<\/table>\n<\/div>\n<\/div>\n<h1><strong>FORD MUSTANG BOSS 429 DE 1970<\/strong><\/h1>\n<p>Ford Mustang BOSS 429 1970 \u00e0 vendre! Nous sommes heureux de vous proposer cette Mustang Boss 429 incroyablement originale. Pr\u00e9sent\u00e9 en bleu Grabber souhaitable avec parchemin Deluxe Dcor int\u00e9rieur, cet exemple n\u2019a que 16 799 miles d\u2019origine et est l\u2019un des 500 jamais construits! Arriv\u00e9e sur le march\u00e9 apr\u00e8s 41 ans de propri\u00e9t\u00e9, cette 429 est probablement l\u2019une des 429 les plus originales disponibles aujourd\u2019hui et a \u00e9t\u00e9 inspect\u00e9e et v\u00e9rifi\u00e9e par le gourou de renomm\u00e9e mondiale Boss 429, Ed Meyer. Cet exemple est le moteur correspondant aux num\u00e9ros d\u2019origine, le num\u00e9ro KK 2073 (13\u00e8me voiture construite) et le premier BOSS 429 num\u00e9rot\u00e9 KK connu \u00e0 \u00eatre \u00e9quip\u00e9 d\u2019un syst\u00e8me de carburant \u00e0 \u00e9missions.<\/p>\n<p>Les options comprennent: spoiler d\u2019air avant fonctionnel, batterie mont\u00e9e sur le coffre, groupe de tra\u00een\u00e9e, groupe de commodit\u00e9, horloge \u00e9lectrique, pneus en cuir blanc sur\u00e9lev\u00e9 ceintur\u00e9 F60X15, volant de luxe sur jante, console, freins \u00e0 disque avant assist\u00e9s, direction assist\u00e9e, radio AM, courroies de luxe \/ voyant d\u2019avertissement, suspension de comp\u00e9tition, tachym\u00e8tre et plus encore! La documentation compl\u00e8te comprend: les manuels du propri\u00e9taire, le gonfleur de rechange d\u2019origine, le rapport de luxe et d\u2019\u00e9lite et la facture originale. Ne manquez pas cette occasion de poss\u00e9der ce morceau de l\u2019histoire de Ford.<\/p>\n<p>Occasion<\/p>\n<p>FARMINGDALE, \u00c9TAT DE NEW YORK<\/p>\n","protected":false},"excerpt":{"rendered":"<p>Sp\u00e9cificit\u00e9s d\u2019article Condition: Occasion Ann\u00e9e: 1970 VIN (num\u00e9ro d\u2019identification du v\u00e9hicule) : 0F02Z1XXXXX Kilom\u00e9trage: 16799 Couleur int\u00e9rieure: PARCHEMIN DELUXE DCOR Marque: Ford Type de Carrosserie :<span class=\"excerpt-hellip\"> [\u2026]<\/span><\/p>\n","protected":false},"featured_media":253086,"template":"","meta":[],"product_brand":[],"product_cat":[114,106,107],"product_tag":[],"class_list":{"0":"post-253187","1":"product","2":"type-product","3":"status-publish","4":"has-post-thumbnail","6":"product_cat-1970-fr","7":"product_cat-ford-fr","8":"product_cat-mustang-fr","10":"first","11":"instock","12":"featured","13":"sold-individually","14":"shipping-taxable","15":"purchasable","16":"product-type-simple"},"yoast_head":"<!-- This site is optimized with the Yoast SEO plugin v27.4 - https:\/\/yoast.com\/product\/yoast-seo-wordpress\/ -->\n<title>1970 Ford Mustang BOSS 429 V8 Manuel \u00e0 4 vitesses - Voiture de collection \u00e0 vendre<\/title>\n<meta name=\"robots\" content=\"index, follow, max-snippet:-1, max-image-preview:large, max-video-preview:-1\" \/>\n<link rel=\"canonical\" href=\"https:\/\/legendarycarsonline.com\/fr\/product\/1970-ford-mustang-boss-429-v8-4-vitesses-manuel-4\/\" \/>\n<meta property=\"og:locale\" content=\"fr_FR\" \/>\n<meta property=\"og:type\" content=\"article\" \/>\n<meta property=\"og:title\" content=\"1970 Ford Mustang BOSS 429 V8 Manuel \u00e0 4 vitesses - Voiture de collection \u00e0 vendre\" \/>\n<meta property=\"og:description\" content=\"Sp\u00e9cificit\u00e9s d\u2019article Condition: Occasion Ann\u00e9e: 1970 VIN (num\u00e9ro d\u2019identification du v\u00e9hicule) : 0F02Z1XXXXX Kilom\u00e9trage: 16799 Couleur int\u00e9rieure: PARCHEMIN DELUXE DCOR Marque: Ford Type de Carrosserie : [\u2026]\" \/>\n<meta property=\"og:url\" content=\"https:\/\/legendarycarsonline.com\/fr\/product\/1970-ford-mustang-boss-429-v8-4-vitesses-manuel-4\/\" \/>\n<meta property=\"og:site_name\" content=\"Voiture de collection \u00e0 vendre\" \/>\n<meta property=\"article:publisher\" content=\"https:\/\/www.facebook.com\/Legendary-Cars-Online-112758273845339\" \/>\n<meta property=\"og:image\" content=\"https:\/\/legendarycarsonline.com\/wp-content\/uploads\/2022\/05\/894_p3_l.jpg\" \/>\n\t<meta property=\"og:image:width\" content=\"1920\" \/>\n\t<meta property=\"og:image:height\" content=\"1281\" \/>\n\t<meta property=\"og:image:type\" content=\"image\/jpeg\" \/>\n<meta name=\"twitter:card\" content=\"summary_large_image\" \/>\n<meta name=\"twitter:label1\" content=\"Dur\u00e9e de lecture estim\u00e9e\" \/>\n\t<meta name=\"twitter:data1\" content=\"2 minutes\" \/>\n<script type=\"application\/ld+json\" class=\"yoast-schema-graph\">{\"@context\":\"https:\\\/\\\/schema.org\",\"@graph\":[{\"@type\":\"WebPage\",\"@id\":\"https:\\\/\\\/legendarycarsonline.com\\\/fr\\\/product\\\/1970-ford-mustang-boss-429-v8-4-vitesses-manuel-4\\\/\",\"url\":\"https:\\\/\\\/legendarycarsonline.com\\\/fr\\\/product\\\/1970-ford-mustang-boss-429-v8-4-vitesses-manuel-4\\\/\",\"name\":\"1970 Ford Mustang BOSS 429 V8 Manuel \u00e0 4 vitesses - Voiture de collection \u00e0 vendre\",\"isPartOf\":{\"@id\":\"https:\\\/\\\/legendarycarsonline.com\\\/fr\\\/#website\"},\"primaryImageOfPage\":{\"@id\":\"https:\\\/\\\/legendarycarsonline.com\\\/fr\\\/product\\\/1970-ford-mustang-boss-429-v8-4-vitesses-manuel-4\\\/#primaryimage\"},\"image\":{\"@id\":\"https:\\\/\\\/legendarycarsonline.com\\\/fr\\\/product\\\/1970-ford-mustang-boss-429-v8-4-vitesses-manuel-4\\\/#primaryimage\"},\"thumbnailUrl\":\"https:\\\/\\\/legendarycarsonline.com\\\/wp-content\\\/uploads\\\/2022\\\/05\\\/894_p3_l.jpg\",\"datePublished\":\"2022-05-26T16:21:49+00:00\",\"breadcrumb\":{\"@id\":\"https:\\\/\\\/legendarycarsonline.com\\\/fr\\\/product\\\/1970-ford-mustang-boss-429-v8-4-vitesses-manuel-4\\\/#breadcrumb\"},\"inLanguage\":\"fr-FR\",\"potentialAction\":[{\"@type\":\"ReadAction\",\"target\":[\"https:\\\/\\\/legendarycarsonline.com\\\/fr\\\/product\\\/1970-ford-mustang-boss-429-v8-4-vitesses-manuel-4\\\/\"]}]},{\"@type\":\"ImageObject\",\"inLanguage\":\"fr-FR\",\"@id\":\"https:\\\/\\\/legendarycarsonline.com\\\/fr\\\/product\\\/1970-ford-mustang-boss-429-v8-4-vitesses-manuel-4\\\/#primaryimage\",\"url\":\"https:\\\/\\\/legendarycarsonline.com\\\/wp-content\\\/uploads\\\/2022\\\/05\\\/894_p3_l.jpg\",\"contentUrl\":\"https:\\\/\\\/legendarycarsonline.com\\\/wp-content\\\/uploads\\\/2022\\\/05\\\/894_p3_l.jpg\",\"width\":1920,\"height\":1281},{\"@type\":\"BreadcrumbList\",\"@id\":\"https:\\\/\\\/legendarycarsonline.com\\\/fr\\\/product\\\/1970-ford-mustang-boss-429-v8-4-vitesses-manuel-4\\\/#breadcrumb\",\"itemListElement\":[{\"@type\":\"ListItem\",\"position\":1,\"name\":\"Shop Cars\",\"item\":\"https:\\\/\\\/legendarycarsonline.com\\\/shop-cars\\\/\"},{\"@type\":\"ListItem\",\"position\":2,\"name\":\"1970 Ford Mustang BOSS 429 V8 Manuel \u00e0 4 vitesses\"}]},{\"@type\":\"WebSite\",\"@id\":\"https:\\\/\\\/legendarycarsonline.com\\\/fr\\\/#website\",\"url\":\"https:\\\/\\\/legendarycarsonline.com\\\/fr\\\/\",\"name\":\"Voiture de collection \u00e0 vendre\",\"description\":\"\",\"publisher\":{\"@id\":\"https:\\\/\\\/legendarycarsonline.com\\\/fr\\\/#organization\"},\"potentialAction\":[{\"@type\":\"SearchAction\",\"target\":{\"@type\":\"EntryPoint\",\"urlTemplate\":\"https:\\\/\\\/legendarycarsonline.com\\\/fr\\\/?s={search_term_string}\"},\"query-input\":{\"@type\":\"PropertyValueSpecification\",\"valueRequired\":true,\"valueName\":\"search_term_string\"}}],\"inLanguage\":\"fr-FR\"},{\"@type\":\"Organization\",\"@id\":\"https:\\\/\\\/legendarycarsonline.com\\\/fr\\\/#organization\",\"name\":\"Legendary Cars Online\",\"url\":\"https:\\\/\\\/legendarycarsonline.com\\\/fr\\\/\",\"logo\":{\"@type\":\"ImageObject\",\"inLanguage\":\"fr-FR\",\"@id\":\"https:\\\/\\\/legendarycarsonline.com\\\/fr\\\/#\\\/schema\\\/logo\\\/image\\\/\",\"url\":\"https:\\\/\\\/legendarycarsonline.com\\\/wp-content\\\/uploads\\\/2021\\\/02\\\/Legendary-Cars-Online.png\",\"contentUrl\":\"https:\\\/\\\/legendarycarsonline.com\\\/wp-content\\\/uploads\\\/2021\\\/02\\\/Legendary-Cars-Online.png\",\"width\":275,\"height\":216,\"caption\":\"Legendary Cars Online\"},\"image\":{\"@id\":\"https:\\\/\\\/legendarycarsonline.com\\\/fr\\\/#\\\/schema\\\/logo\\\/image\\\/\"},\"sameAs\":[\"https:\\\/\\\/www.facebook.com\\\/Legendary-Cars-Online-112758273845339\"]}]}<\/script>\n<!-- \/ Yoast SEO plugin. -->","yoast_head_json":{"title":"1970 Ford Mustang BOSS 429 V8 Manuel \u00e0 4 vitesses - Voiture de collection \u00e0 vendre","robots":{"index":"index","follow":"follow","max-snippet":"max-snippet:-1","max-image-preview":"max-image-preview:large","max-video-preview":"max-video-preview:-1"},"canonical":"https:\/\/legendarycarsonline.com\/fr\/product\/1970-ford-mustang-boss-429-v8-4-vitesses-manuel-4\/","og_locale":"fr_FR","og_type":"article","og_title":"1970 Ford Mustang BOSS 429 V8 Manuel \u00e0 4 vitesses - Voiture de collection \u00e0 vendre","og_description":"Sp\u00e9cificit\u00e9s d\u2019article Condition: Occasion Ann\u00e9e: 1970 VIN (num\u00e9ro d\u2019identification du v\u00e9hicule) : 0F02Z1XXXXX Kilom\u00e9trage: 16799 Couleur int\u00e9rieure: PARCHEMIN DELUXE DCOR Marque: Ford Type de Carrosserie : [\u2026]","og_url":"https:\/\/legendarycarsonline.com\/fr\/product\/1970-ford-mustang-boss-429-v8-4-vitesses-manuel-4\/","og_site_name":"Voiture de collection \u00e0 vendre","article_publisher":"https:\/\/www.facebook.com\/Legendary-Cars-Online-112758273845339","og_image":[{"width":1920,"height":1281,"url":"https:\/\/legendarycarsonline.com\/wp-content\/uploads\/2022\/05\/894_p3_l.jpg","type":"image\/jpeg"}],"twitter_card":"summary_large_image","twitter_misc":{"Dur\u00e9e de lecture estim\u00e9e":"2 minutes"},"schema":{"@context":"https:\/\/schema.org","@graph":[{"@type":"WebPage","@id":"https:\/\/legendarycarsonline.com\/fr\/product\/1970-ford-mustang-boss-429-v8-4-vitesses-manuel-4\/","url":"https:\/\/legendarycarsonline.com\/fr\/product\/1970-ford-mustang-boss-429-v8-4-vitesses-manuel-4\/","name":"1970 Ford Mustang BOSS 429 V8 Manuel \u00e0 4 vitesses - Voiture de collection \u00e0 vendre","isPartOf":{"@id":"https:\/\/legendarycarsonline.com\/fr\/#website"},"primaryImageOfPage":{"@id":"https:\/\/legendarycarsonline.com\/fr\/product\/1970-ford-mustang-boss-429-v8-4-vitesses-manuel-4\/#primaryimage"},"image":{"@id":"https:\/\/legendarycarsonline.com\/fr\/product\/1970-ford-mustang-boss-429-v8-4-vitesses-manuel-4\/#primaryimage"},"thumbnailUrl":"https:\/\/legendarycarsonline.com\/wp-content\/uploads\/2022\/05\/894_p3_l.jpg","datePublished":"2022-05-26T16:21:49+00:00","breadcrumb":{"@id":"https:\/\/legendarycarsonline.com\/fr\/product\/1970-ford-mustang-boss-429-v8-4-vitesses-manuel-4\/#breadcrumb"},"inLanguage":"fr-FR","potentialAction":[{"@type":"ReadAction","target":["https:\/\/legendarycarsonline.com\/fr\/product\/1970-ford-mustang-boss-429-v8-4-vitesses-manuel-4\/"]}]},{"@type":"ImageObject","inLanguage":"fr-FR","@id":"https:\/\/legendarycarsonline.com\/fr\/product\/1970-ford-mustang-boss-429-v8-4-vitesses-manuel-4\/#primaryimage","url":"https:\/\/legendarycarsonline.com\/wp-content\/uploads\/2022\/05\/894_p3_l.jpg","contentUrl":"https:\/\/legendarycarsonline.com\/wp-content\/uploads\/2022\/05\/894_p3_l.jpg","width":1920,"height":1281},{"@type":"BreadcrumbList","@id":"https:\/\/legendarycarsonline.com\/fr\/product\/1970-ford-mustang-boss-429-v8-4-vitesses-manuel-4\/#breadcrumb","itemListElement":[{"@type":"ListItem","position":1,"name":"Shop Cars","item":"https:\/\/legendarycarsonline.com\/shop-cars\/"},{"@type":"ListItem","position":2,"name":"1970 Ford Mustang BOSS 429 V8 Manuel \u00e0 4 vitesses"}]},{"@type":"WebSite","@id":"https:\/\/legendarycarsonline.com\/fr\/#website","url":"https:\/\/legendarycarsonline.com\/fr\/","name":"Voiture de collection \u00e0 vendre","description":"","publisher":{"@id":"https:\/\/legendarycarsonline.com\/fr\/#organization"},"potentialAction":[{"@type":"SearchAction","target":{"@type":"EntryPoint","urlTemplate":"https:\/\/legendarycarsonline.com\/fr\/?s={search_term_string}"},"query-input":{"@type":"PropertyValueSpecification","valueRequired":true,"valueName":"search_term_string"}}],"inLanguage":"fr-FR"},{"@type":"Organization","@id":"https:\/\/legendarycarsonline.com\/fr\/#organization","name":"Legendary Cars Online","url":"https:\/\/legendarycarsonline.com\/fr\/","logo":{"@type":"ImageObject","inLanguage":"fr-FR","@id":"https:\/\/legendarycarsonline.com\/fr\/#\/schema\/logo\/image\/","url":"https:\/\/legendarycarsonline.com\/wp-content\/uploads\/2021\/02\/Legendary-Cars-Online.png","contentUrl":"https:\/\/legendarycarsonline.com\/wp-content\/uploads\/2021\/02\/Legendary-Cars-Online.png","width":275,"height":216,"caption":"Legendary Cars Online"},"image":{"@id":"https:\/\/legendarycarsonline.com\/fr\/#\/schema\/logo\/image\/"},"sameAs":["https:\/\/www.facebook.com\/Legendary-Cars-Online-112758273845339"]}]}},"_links":{"self":[{"href":"https:\/\/legendarycarsonline.com\/fr\/wp-json\/wp\/v2\/product\/253187","targetHints":{"allow":["GET"]}}],"collection":[{"href":"https:\/\/legendarycarsonline.com\/fr\/wp-json\/wp\/v2\/product"}],"about":[{"href":"https:\/\/legendarycarsonline.com\/fr\/wp-json\/wp\/v2\/types\/product"}],"wp:featuredmedia":[{"embeddable":true,"href":"https:\/\/legendarycarsonline.com\/fr\/wp-json\/wp\/v2\/media\/253086"}],"wp:attachment":[{"href":"https:\/\/legendarycarsonline.com\/fr\/wp-json\/wp\/v2\/media?parent=253187"}],"wp:term":[{"taxonomy":"product_brand","embeddable":true,"href":"https:\/\/legendarycarsonline.com\/fr\/wp-json\/wp\/v2\/product_brand?post=253187"},{"taxonomy":"product_cat","embeddable":true,"href":"https:\/\/legendarycarsonline.com\/fr\/wp-json\/wp\/v2\/product_cat?post=253187"},{"taxonomy":"product_tag","embeddable":true,"href":"https:\/\/legendarycarsonline.com\/fr\/wp-json\/wp\/v2\/product_tag?post=253187"}],"curies":[{"name":"wp","href":"https:\/\/api.w.org\/{rel}","templated":true}]}}