
 {"id":255272,"date":"2022-06-30T12:59:49","date_gmt":"2022-06-30T20:04:34","guid":{"rendered":"https:\/\/legendarycarsonline.com\/product\/dodge-challenger-t-a-340ci-six-pack-v8-de-1970\/"},"modified":"2022-06-30T13:04:34","modified_gmt":"2022-06-30T20:04:34","slug":"1970-dodge-challenger-t-a-340ci-six-pack-v8-2","status":"publish","type":"product","link":"https:\/\/legendarycarsonline.com\/fr\/product\/1970-dodge-challenger-t-a-340ci-six-pack-v8-2\/","title":{"rendered":"Dodge Challenger T\/A 340Ci Six Pack V8 de 1970"},"content":{"rendered":"<h2><strong>Sp\u00e9cificit\u00e9s d\u2019article<\/strong><\/h2>\n<div id=\"viTabs_0_is\" class=\"itemAttr\">\n<div class=\"section\">\n<table role=\"presentation\" width=\"100%\" cellspacing=\"0\" cellpadding=\"0\">\n<tbody>\n<tr>\n<td class=\"attrLabels\">Condition:<\/td>\n<td width=\"30.0%\">Occasion<\/td>\n<td class=\"attrLabels\">Ann\u00e9e:<\/td>\n<td width=\"30.0%\">1970<\/td>\n<\/tr>\n<tr>\n<td class=\"attrLabels\">VIN (num\u00e9ro d\u2019identification du v\u00e9hicule) :<\/td>\n<td width=\"30.0%\">JH23J0B2XXXXX<\/td>\n<td class=\"attrLabels\">Kilom\u00e9trage:<\/td>\n<td width=\"30.0%\">\n<div class=\"ux-layout-section__row\">\n<div class=\"ux-labels-values__values\">\n<div class=\"ux-labels-values__values-content\">52400<\/div>\n<\/div>\n<\/div>\n<\/td>\n<\/tr>\n<tr>\n<td class=\"attrLabels\">Type de Carrosserie :<\/td>\n<td width=\"30.0%\"><span class=\"ux-textspans\">Coupe<\/span><\/td>\n<td class=\"attrLabels\">Titre du v\u00e9hicule:<\/td>\n<td width=\"30.0%\">Clair<\/td>\n<\/tr>\n<tr>\n<td class=\"attrLabels\">Options:<\/td>\n<td width=\"30.0%\">\u2014<\/td>\n<td class=\"attrLabels\">Options d\u2019alimentation :<\/td>\n<td width=\"30.0%\">\u2014<\/td>\n<\/tr>\n<tr>\n<td class=\"attrLabels\">Marque:<\/td>\n<td width=\"30.0%\">Dodge<\/td>\n<td class=\"attrLabels\">Couleur ext\u00e9rieure :<\/td>\n<td width=\"30.0%\">H\u00e9mi Orange<\/td>\n<\/tr>\n<tr>\n<td class=\"attrLabels\">Sous-mod\u00e8le :<\/td>\n<td width=\"30.0%\">\n<div class=\"ux-labels-values__values\">\n<div class=\"ux-labels-values__values-content\">Challenger T\/A 340 Six Pak<\/div>\n<\/div>\n<\/td>\n<td class=\"attrLabels\">Couleur int\u00e9rieure:<\/td>\n<td width=\"30.0%\">Noir<\/td>\n<\/tr>\n<tr>\n<td class=\"attrLabels\">Garniture:<\/td>\n<td width=\"30.0%\">\n<div class=\"ux-labels-values__values\">\n<div class=\"ux-labels-values__values-content\">T\/A 340 Six Pak<\/div>\n<\/div>\n<\/td>\n<td class=\"attrLabels\">Transmission:<\/td>\n<td width=\"30.0%\">\n<div class=\"eb-post-vehicle-overview\">\n<div class=\"overview-value\">Automatique<\/div>\n<\/div>\n<\/td>\n<\/tr>\n<tr>\n<td class=\"attrLabels\">Type de lecteur :<\/td>\n<td width=\"30.0%\">Rwd<\/td>\n<td class=\"attrLabels\">Garantie:<\/td>\n<td width=\"30.0%\">Quelconque<\/td>\n<\/tr>\n<tr>\n<td class=\"attrLabels\">Moteur:<\/td>\n<td width=\"30.0%\">\n<div class=\"eb-post-vehicle-overview\">\n<div class=\"overview-value\">340 Six Pak V8<\/div>\n<\/div>\n<\/td>\n<td class=\"attrLabels\">\u00c0 vendre par:<\/td>\n<td width=\"30.0%\">Concessionnaire<\/td>\n<\/tr>\n<tr>\n<td class=\"attrLabels\">Type de carburant :<\/td>\n<td width=\"30.0%\">Essence<\/td>\n<td class=\"attrLabels\">Mod\u00e8le:<\/td>\n<td width=\"30.0%\">Challenger<\/td>\n<\/tr>\n<\/tbody>\n<\/table>\n<\/div>\n<\/div>\n<h4><strong>1970 Dodge Challenger T\/A, #&rsquo;s Matching engine, Hemi Orange, Broadcast Sheet!!!<\/strong><\/h4>\n<p>Pr\u00e9sent\u00e9 est 1 des 2 399 Challenger T \/ A produits et finis dans le souhaitable EV2 Hemi Orange sur les si\u00e8ges baquets noirs.<\/p>\n<p>Les chiffres correspondant \u00e0 340 sont accoupl\u00e9s \u00e0 un 727 Automatic d\u2019\u00e9poque correct avec une extr\u00e9mit\u00e9 arri\u00e8re Sure Grip avec 3,55 vitesses.<\/p>\n<p>Une restauration plus ancienne, le T \/ A montre tr\u00e8s bien et comprend une feuille de diffusion originale.<\/p>\n<p>Course forte et belle apparence, ce T \/ A est ind\u00e9niablement pur muscle !!<\/p>\n<p>\u00c0 propos du Challenger T\/A<\/p>\n<p>La Dodge Challenger est le nom de trois g\u00e9n\u00e9rations diff\u00e9rentes d\u2019automobiles produites par Dodge. Cependant, la premi\u00e8re utilisation du nom Challenger par Dodge a \u00e9t\u00e9 en 1959 pour la commercialisation d\u2019une \u00abversion de valeur\u00bb de la pleine taille Coronet Silver Challenger.<\/p>\n<p>Des ann\u00e9es de mod\u00e8le 1970 \u00e0 1974, la premi\u00e8re g\u00e9n\u00e9ration dodge Challenger poney voiture a \u00e9t\u00e9 construit en utilisant la plate-forme Chrysler E dans les styles de carrosserie hardtop et convertible partageant des composants majeurs avec le Plymouth Barracuda.<\/p>\n<p>Introduite \u00e0 l\u2019automne 1969 pour l\u2019ann\u00e9e mod\u00e8le 1970, la Challenger \u00e9tait l\u2019une des deux chrysler e-body cars, l\u2019autre \u00e9tant la Plymouth Barracuda l\u00e9g\u00e8rement plus petite. Positionn\u00e9 pour rivaliser avec le Mercury Cougar et Pontiac Firebird dans l\u2019extr\u00e9mit\u00e9 sup\u00e9rieure du segment du march\u00e9 des voitures \u00e0 poney, il a \u00e9t\u00e9 \u00abune r\u00e9ponse assez tardive\u00bb \u00e0 la Ford Mustang, qui a d\u00e9but\u00e9 en avril 1964. Malgr\u00e9 cela, Chrysler a pr\u00e9vu le nouveau Challenger comme la voiture de poney la plus puissante jamais, et comme le Barracuda moins cher, il \u00e9tait disponible dans un nombre stup\u00e9fiant de niveaux de garniture et d\u2019option, et avec pratiquement tous les moteurs dans l\u2019inventaire de Chrysler.<\/p>\n<p>L\u2019empattement plus long du Challenger, ses dimensions plus grandes et son int\u00e9rieur plus luxueux ont \u00e9t\u00e9 provoqu\u00e9s par le lancement du Mercury Cougar en 1967, \u00e9galement une voiture de poney plus grande, plus luxueuse et plus ch\u00e8re destin\u00e9e aux jeunes acheteurs am\u00e9ricains fortun\u00e9s. L\u2019empattement de 110 pouces \u00e9tait 2 \u00a0\u00bb plus long que celui du Barracuda, et la Dodge diff\u00e9rait consid\u00e9rablement dans son Sheetmetal, tout comme le Cougar diff\u00e9rait de la Mustang \u00e0 empattement plus court. La climatisation et un d\u00e9foggeur de fen\u00eatre arri\u00e8re \u00e9taient facultatifs.<\/p>\n<p>La conception ext\u00e9rieure a \u00e9t\u00e9 \u00e9crite par Carl Cameron, qui \u00e9tait \u00e9galement responsable des conceptions ext\u00e9rieures de la Dodge Charger 1966. Cameron a bas\u00e9 la calandre Challenger 1970 sur un croquis plus ancien d\u2019un prototype mort-n\u00e9 chargeur 1966 qui devait avoir un moteur \u00e0 turbine.<\/p>\n<p>Un mod\u00e8le sp\u00e9cial uniquement disponible pour l\u2019ann\u00e9e mod\u00e8le 1970 \u00e9tait le Challenger T \/ A (Trans Am) voiture d\u2019homologation de course. Afin de participer au Sports Car Club of America\u2019s Trans American Sedan Championship Trans Am, Dodge a construit une version street de sa voiture de course (tout comme Plymouth avec son Plymouth &lsquo;Cuda AAR) qu\u2019elle a appel\u00e9 la Dodge Challenger T\/A (Trans Am).<\/p>\n<p>Bien que les voitures de course ont couru une version d\u00e9stroked de la 340, versions de rue a pris le 340 et a ajout\u00e9 un trio de carburetors \u00e0 deux barils au sommet d\u2019un collecteur d\u2019entr\u00e9e en aluminium, la cr\u00e9ation de la 340 Six Pack. Dodge a \u00e9valu\u00e9 le 340 Six Pack \u00e0 290HP, seulement 15HP de plus que le moteur original 340. L\u2019air est entr\u00e9 par une pelle \u00e0 air de la taille d\u2019une valise moul\u00e9e dans le capot en fibre de verre noir mat \u00e0 charni\u00e8res \u00e9pingl\u00e9. Un \u00e9chappement \u00e0 double prise \u00e0 faible restriction s&rsquo;est dirig\u00e9 vers l&#8217;emplacement du silencieux de stock, puis a invers\u00e9 la direction pour sortir dans des prises \u00ab m\u00e9gaphone \u00bb chrom\u00e9es inclin\u00e9es devant les roues arri\u00e8re. Les options comprenaient une transmission automatique torqueflite automatique ou pistolet-grip Hurst-d\u00e9cal\u00e9 \u00e0 quatre vitesses, 3,55:1 ou 3,90:1 rapports de vitesse, ainsi que la direction manuelle ou de puissance. Les freins \u00e0 disque avant \u00e9taient de s\u00e9rie.<\/p>\n<p>La suspension sp\u00e9ciale Rallye utilisait des pi\u00e8ces robustes et augmentait la vitesse des ressorts arri\u00e8re. Le T\/A a \u00e9t\u00e9 l\u2019une des premi\u00e8res muscle cars am\u00e9ricaines \u00e0 s\u2019adapter \u00e0 diff\u00e9rents pneus de taille \u00e0 l\u2019avant et \u00e0 l\u2019arri\u00e8re : E60x15 Goodyear Polyglas \u00e0 l\u2019avant, et G60x15 sur l\u2019essieu arri\u00e8re. La chambre modifi\u00e9e a suffisamment \u00e9lev\u00e9 la queue pour d\u00e9gager les pneus arri\u00e8re et ses sorties lat\u00e9rales d\u2019\u00e9chappement. D\u2019\u00e9paisses rayures lat\u00e9rales doubles, des graphismes d\u2019identification audacieux, un spoiler arri\u00e8re en queue de canard en fibre de verre et un spoiler avant en fibre de verre ont \u00e9galement \u00e9t\u00e9 inclus. L\u2019int\u00e9rieur \u00e9tait identique \u00e0 d\u2019autres Challengers.<\/p>\n<p>Le Challenger T \/ A a marqu\u00e9 quelques top-trois finitions, mais l\u2019absence d\u2019un budget de d\u00e9veloppement et l\u2019\u00e9ph\u00e9m\u00e8re Keith Black construit 303 cu en (5,0 L) moteurs a conduit \u00e0 Dodge quitter la s\u00e9rie \u00e0 la fin de la saison. La version de rue a souffert du sous-virage grave dans les coins rapides, en grande partie en raison des pneus avant plus petits. Seulement 2 399 T\/As ont \u00e9t\u00e9 fabriqu\u00e9s. Un mod\u00e8le de 1971 utilisant le moteur 340 avec un carburateur de 4 barils a \u00e9t\u00e9 planifi\u00e9 et est apparu dans la publicit\u00e9, mais n\u2019a pas \u00e9t\u00e9 produit puisque Dodge s\u2019\u00e9tait retir\u00e9 de la s\u00e9rie de course.<\/p>\n<p>Occasion<\/p>\n<p>Chatsworth, Californie<\/p>\n","protected":false},"excerpt":{"rendered":"<p>Sp\u00e9cificit\u00e9s d\u2019article Condition: Occasion Ann\u00e9e: 1970 VIN (num\u00e9ro d\u2019identification du v\u00e9hicule) : JH23J0B2XXXXX Kilom\u00e9trage: 52400 Type de Carrosserie : Coupe Titre du v\u00e9hicule: Clair Options: \u2014<span class=\"excerpt-hellip\"> [\u2026]<\/span><\/p>\n","protected":false},"featured_media":255225,"template":"","meta":[],"product_brand":[],"product_cat":[114,131,121],"product_tag":[],"class_list":{"0":"post-255272","1":"product","2":"type-product","3":"status-publish","4":"has-post-thumbnail","6":"product_cat-1970-fr","7":"product_cat-challenger-fr","8":"product_cat-dodge-fr","10":"first","11":"instock","12":"featured","13":"sold-individually","14":"shipping-taxable","15":"purchasable","16":"product-type-simple"},"yoast_head":"<!-- This site is optimized with the Yoast SEO plugin v27.4 - https:\/\/yoast.com\/product\/yoast-seo-wordpress\/ -->\n<title>Dodge Challenger T\/A 340Ci Six Pack V8 de 1970 - Voiture de collection \u00e0 vendre<\/title>\n<meta name=\"robots\" content=\"index, follow, max-snippet:-1, max-image-preview:large, max-video-preview:-1\" \/>\n<link rel=\"canonical\" href=\"https:\/\/legendarycarsonline.com\/fr\/product\/1970-dodge-challenger-t-a-340ci-six-pack-v8-2\/\" \/>\n<meta property=\"og:locale\" content=\"fr_FR\" \/>\n<meta property=\"og:type\" content=\"article\" \/>\n<meta property=\"og:title\" content=\"Dodge Challenger T\/A 340Ci Six Pack V8 de 1970 - Voiture de collection \u00e0 vendre\" \/>\n<meta property=\"og:description\" content=\"Sp\u00e9cificit\u00e9s d\u2019article Condition: Occasion Ann\u00e9e: 1970 VIN (num\u00e9ro d\u2019identification du v\u00e9hicule) : JH23J0B2XXXXX Kilom\u00e9trage: 52400 Type de Carrosserie : Coupe Titre du v\u00e9hicule: Clair Options: \u2014 [\u2026]\" \/>\n<meta property=\"og:url\" content=\"https:\/\/legendarycarsonline.com\/fr\/product\/1970-dodge-challenger-t-a-340ci-six-pack-v8-2\/\" \/>\n<meta property=\"og:site_name\" content=\"Voiture de collection \u00e0 vendre\" \/>\n<meta property=\"article:publisher\" content=\"https:\/\/www.facebook.com\/Legendary-Cars-Online-112758273845339\" \/>\n<meta property=\"og:image\" content=\"https:\/\/legendarycarsonline.com\/wp-content\/uploads\/2022\/06\/57-9-3.jpg\" \/>\n\t<meta property=\"og:image:width\" content=\"1200\" \/>\n\t<meta property=\"og:image:height\" content=\"800\" \/>\n\t<meta property=\"og:image:type\" content=\"image\/jpeg\" \/>\n<meta name=\"twitter:card\" content=\"summary_large_image\" \/>\n<meta name=\"twitter:label1\" content=\"Dur\u00e9e de lecture estim\u00e9e\" \/>\n\t<meta name=\"twitter:data1\" content=\"5 minutes\" \/>\n<script type=\"application\/ld+json\" class=\"yoast-schema-graph\">{\"@context\":\"https:\\\/\\\/schema.org\",\"@graph\":[{\"@type\":\"WebPage\",\"@id\":\"https:\\\/\\\/legendarycarsonline.com\\\/fr\\\/product\\\/1970-dodge-challenger-t-a-340ci-six-pack-v8-2\\\/\",\"url\":\"https:\\\/\\\/legendarycarsonline.com\\\/fr\\\/product\\\/1970-dodge-challenger-t-a-340ci-six-pack-v8-2\\\/\",\"name\":\"Dodge Challenger T\\\/A 340Ci Six Pack V8 de 1970 - Voiture de collection \u00e0 vendre\",\"isPartOf\":{\"@id\":\"https:\\\/\\\/legendarycarsonline.com\\\/fr\\\/#website\"},\"primaryImageOfPage\":{\"@id\":\"https:\\\/\\\/legendarycarsonline.com\\\/fr\\\/product\\\/1970-dodge-challenger-t-a-340ci-six-pack-v8-2\\\/#primaryimage\"},\"image\":{\"@id\":\"https:\\\/\\\/legendarycarsonline.com\\\/fr\\\/product\\\/1970-dodge-challenger-t-a-340ci-six-pack-v8-2\\\/#primaryimage\"},\"thumbnailUrl\":\"https:\\\/\\\/legendarycarsonline.com\\\/wp-content\\\/uploads\\\/2022\\\/06\\\/57-9-3.jpg\",\"datePublished\":\"2022-06-30T20:04:34+00:00\",\"breadcrumb\":{\"@id\":\"https:\\\/\\\/legendarycarsonline.com\\\/fr\\\/product\\\/1970-dodge-challenger-t-a-340ci-six-pack-v8-2\\\/#breadcrumb\"},\"inLanguage\":\"fr-FR\",\"potentialAction\":[{\"@type\":\"ReadAction\",\"target\":[\"https:\\\/\\\/legendarycarsonline.com\\\/fr\\\/product\\\/1970-dodge-challenger-t-a-340ci-six-pack-v8-2\\\/\"]}]},{\"@type\":\"ImageObject\",\"inLanguage\":\"fr-FR\",\"@id\":\"https:\\\/\\\/legendarycarsonline.com\\\/fr\\\/product\\\/1970-dodge-challenger-t-a-340ci-six-pack-v8-2\\\/#primaryimage\",\"url\":\"https:\\\/\\\/legendarycarsonline.com\\\/wp-content\\\/uploads\\\/2022\\\/06\\\/57-9-3.jpg\",\"contentUrl\":\"https:\\\/\\\/legendarycarsonline.com\\\/wp-content\\\/uploads\\\/2022\\\/06\\\/57-9-3.jpg\",\"width\":1200,\"height\":800},{\"@type\":\"BreadcrumbList\",\"@id\":\"https:\\\/\\\/legendarycarsonline.com\\\/fr\\\/product\\\/1970-dodge-challenger-t-a-340ci-six-pack-v8-2\\\/#breadcrumb\",\"itemListElement\":[{\"@type\":\"ListItem\",\"position\":1,\"name\":\"Shop Cars\",\"item\":\"https:\\\/\\\/legendarycarsonline.com\\\/shop-cars\\\/\"},{\"@type\":\"ListItem\",\"position\":2,\"name\":\"Dodge Challenger T\\\/A 340Ci Six Pack V8 de 1970\"}]},{\"@type\":\"WebSite\",\"@id\":\"https:\\\/\\\/legendarycarsonline.com\\\/fr\\\/#website\",\"url\":\"https:\\\/\\\/legendarycarsonline.com\\\/fr\\\/\",\"name\":\"Voiture de collection \u00e0 vendre\",\"description\":\"\",\"publisher\":{\"@id\":\"https:\\\/\\\/legendarycarsonline.com\\\/fr\\\/#organization\"},\"potentialAction\":[{\"@type\":\"SearchAction\",\"target\":{\"@type\":\"EntryPoint\",\"urlTemplate\":\"https:\\\/\\\/legendarycarsonline.com\\\/fr\\\/?s={search_term_string}\"},\"query-input\":{\"@type\":\"PropertyValueSpecification\",\"valueRequired\":true,\"valueName\":\"search_term_string\"}}],\"inLanguage\":\"fr-FR\"},{\"@type\":\"Organization\",\"@id\":\"https:\\\/\\\/legendarycarsonline.com\\\/fr\\\/#organization\",\"name\":\"Legendary Cars Online\",\"url\":\"https:\\\/\\\/legendarycarsonline.com\\\/fr\\\/\",\"logo\":{\"@type\":\"ImageObject\",\"inLanguage\":\"fr-FR\",\"@id\":\"https:\\\/\\\/legendarycarsonline.com\\\/fr\\\/#\\\/schema\\\/logo\\\/image\\\/\",\"url\":\"https:\\\/\\\/legendarycarsonline.com\\\/wp-content\\\/uploads\\\/2021\\\/02\\\/Legendary-Cars-Online.png\",\"contentUrl\":\"https:\\\/\\\/legendarycarsonline.com\\\/wp-content\\\/uploads\\\/2021\\\/02\\\/Legendary-Cars-Online.png\",\"width\":275,\"height\":216,\"caption\":\"Legendary Cars Online\"},\"image\":{\"@id\":\"https:\\\/\\\/legendarycarsonline.com\\\/fr\\\/#\\\/schema\\\/logo\\\/image\\\/\"},\"sameAs\":[\"https:\\\/\\\/www.facebook.com\\\/Legendary-Cars-Online-112758273845339\"]}]}<\/script>\n<!-- \/ Yoast SEO plugin. -->","yoast_head_json":{"title":"Dodge Challenger T\/A 340Ci Six Pack V8 de 1970 - Voiture de collection \u00e0 vendre","robots":{"index":"index","follow":"follow","max-snippet":"max-snippet:-1","max-image-preview":"max-image-preview:large","max-video-preview":"max-video-preview:-1"},"canonical":"https:\/\/legendarycarsonline.com\/fr\/product\/1970-dodge-challenger-t-a-340ci-six-pack-v8-2\/","og_locale":"fr_FR","og_type":"article","og_title":"Dodge Challenger T\/A 340Ci Six Pack V8 de 1970 - Voiture de collection \u00e0 vendre","og_description":"Sp\u00e9cificit\u00e9s d\u2019article Condition: Occasion Ann\u00e9e: 1970 VIN (num\u00e9ro d\u2019identification du v\u00e9hicule) : JH23J0B2XXXXX Kilom\u00e9trage: 52400 Type de Carrosserie : Coupe Titre du v\u00e9hicule: Clair Options: \u2014 [\u2026]","og_url":"https:\/\/legendarycarsonline.com\/fr\/product\/1970-dodge-challenger-t-a-340ci-six-pack-v8-2\/","og_site_name":"Voiture de collection \u00e0 vendre","article_publisher":"https:\/\/www.facebook.com\/Legendary-Cars-Online-112758273845339","og_image":[{"width":1200,"height":800,"url":"https:\/\/legendarycarsonline.com\/wp-content\/uploads\/2022\/06\/57-9-3.jpg","type":"image\/jpeg"}],"twitter_card":"summary_large_image","twitter_misc":{"Dur\u00e9e de lecture estim\u00e9e":"5 minutes"},"schema":{"@context":"https:\/\/schema.org","@graph":[{"@type":"WebPage","@id":"https:\/\/legendarycarsonline.com\/fr\/product\/1970-dodge-challenger-t-a-340ci-six-pack-v8-2\/","url":"https:\/\/legendarycarsonline.com\/fr\/product\/1970-dodge-challenger-t-a-340ci-six-pack-v8-2\/","name":"Dodge Challenger T\/A 340Ci Six Pack V8 de 1970 - Voiture de collection \u00e0 vendre","isPartOf":{"@id":"https:\/\/legendarycarsonline.com\/fr\/#website"},"primaryImageOfPage":{"@id":"https:\/\/legendarycarsonline.com\/fr\/product\/1970-dodge-challenger-t-a-340ci-six-pack-v8-2\/#primaryimage"},"image":{"@id":"https:\/\/legendarycarsonline.com\/fr\/product\/1970-dodge-challenger-t-a-340ci-six-pack-v8-2\/#primaryimage"},"thumbnailUrl":"https:\/\/legendarycarsonline.com\/wp-content\/uploads\/2022\/06\/57-9-3.jpg","datePublished":"2022-06-30T20:04:34+00:00","breadcrumb":{"@id":"https:\/\/legendarycarsonline.com\/fr\/product\/1970-dodge-challenger-t-a-340ci-six-pack-v8-2\/#breadcrumb"},"inLanguage":"fr-FR","potentialAction":[{"@type":"ReadAction","target":["https:\/\/legendarycarsonline.com\/fr\/product\/1970-dodge-challenger-t-a-340ci-six-pack-v8-2\/"]}]},{"@type":"ImageObject","inLanguage":"fr-FR","@id":"https:\/\/legendarycarsonline.com\/fr\/product\/1970-dodge-challenger-t-a-340ci-six-pack-v8-2\/#primaryimage","url":"https:\/\/legendarycarsonline.com\/wp-content\/uploads\/2022\/06\/57-9-3.jpg","contentUrl":"https:\/\/legendarycarsonline.com\/wp-content\/uploads\/2022\/06\/57-9-3.jpg","width":1200,"height":800},{"@type":"BreadcrumbList","@id":"https:\/\/legendarycarsonline.com\/fr\/product\/1970-dodge-challenger-t-a-340ci-six-pack-v8-2\/#breadcrumb","itemListElement":[{"@type":"ListItem","position":1,"name":"Shop Cars","item":"https:\/\/legendarycarsonline.com\/shop-cars\/"},{"@type":"ListItem","position":2,"name":"Dodge Challenger T\/A 340Ci Six Pack V8 de 1970"}]},{"@type":"WebSite","@id":"https:\/\/legendarycarsonline.com\/fr\/#website","url":"https:\/\/legendarycarsonline.com\/fr\/","name":"Voiture de collection \u00e0 vendre","description":"","publisher":{"@id":"https:\/\/legendarycarsonline.com\/fr\/#organization"},"potentialAction":[{"@type":"SearchAction","target":{"@type":"EntryPoint","urlTemplate":"https:\/\/legendarycarsonline.com\/fr\/?s={search_term_string}"},"query-input":{"@type":"PropertyValueSpecification","valueRequired":true,"valueName":"search_term_string"}}],"inLanguage":"fr-FR"},{"@type":"Organization","@id":"https:\/\/legendarycarsonline.com\/fr\/#organization","name":"Legendary Cars Online","url":"https:\/\/legendarycarsonline.com\/fr\/","logo":{"@type":"ImageObject","inLanguage":"fr-FR","@id":"https:\/\/legendarycarsonline.com\/fr\/#\/schema\/logo\/image\/","url":"https:\/\/legendarycarsonline.com\/wp-content\/uploads\/2021\/02\/Legendary-Cars-Online.png","contentUrl":"https:\/\/legendarycarsonline.com\/wp-content\/uploads\/2021\/02\/Legendary-Cars-Online.png","width":275,"height":216,"caption":"Legendary Cars Online"},"image":{"@id":"https:\/\/legendarycarsonline.com\/fr\/#\/schema\/logo\/image\/"},"sameAs":["https:\/\/www.facebook.com\/Legendary-Cars-Online-112758273845339"]}]}},"_links":{"self":[{"href":"https:\/\/legendarycarsonline.com\/fr\/wp-json\/wp\/v2\/product\/255272","targetHints":{"allow":["GET"]}}],"collection":[{"href":"https:\/\/legendarycarsonline.com\/fr\/wp-json\/wp\/v2\/product"}],"about":[{"href":"https:\/\/legendarycarsonline.com\/fr\/wp-json\/wp\/v2\/types\/product"}],"wp:featuredmedia":[{"embeddable":true,"href":"https:\/\/legendarycarsonline.com\/fr\/wp-json\/wp\/v2\/media\/255225"}],"wp:attachment":[{"href":"https:\/\/legendarycarsonline.com\/fr\/wp-json\/wp\/v2\/media?parent=255272"}],"wp:term":[{"taxonomy":"product_brand","embeddable":true,"href":"https:\/\/legendarycarsonline.com\/fr\/wp-json\/wp\/v2\/product_brand?post=255272"},{"taxonomy":"product_cat","embeddable":true,"href":"https:\/\/legendarycarsonline.com\/fr\/wp-json\/wp\/v2\/product_cat?post=255272"},{"taxonomy":"product_tag","embeddable":true,"href":"https:\/\/legendarycarsonline.com\/fr\/wp-json\/wp\/v2\/product_tag?post=255272"}],"curies":[{"name":"wp","href":"https:\/\/api.w.org\/{rel}","templated":true}]}}