
 {"id":262825,"date":"2022-07-27T18:18:03","date_gmt":"2022-07-28T22:20:50","guid":{"rendered":"https:\/\/legendarycarsonline.com\/product\/dodge-challenger-r-t-383ci-v8-4-vitesses-manuelle-1970\/"},"modified":"2022-07-28T15:20:50","modified_gmt":"2022-07-28T22:20:50","slug":"1970-dodge-challenger-r-t-383ci-v8-4-vitesses-manuel","status":"publish","type":"product","link":"https:\/\/legendarycarsonline.com\/fr\/product\/1970-dodge-challenger-r-t-383ci-v8-4-vitesses-manuel\/","title":{"rendered":"Dodge Challenger R\/T 383Ci V8 4 vitesses manuelle 1970"},"content":{"rendered":"<h2><strong>Sp\u00e9cificit\u00e9s d\u2019article<\/strong><\/h2>\n<div id=\"viTabs_0_is\" class=\"itemAttr\">\n<div class=\"section\">\n<table role=\"presentation\" width=\"100%\" cellspacing=\"0\" cellpadding=\"0\">\n<tbody>\n<tr>\n<td class=\"attrLabels\">Condition:<\/td>\n<td width=\"30.0%\">Occasion<\/td>\n<td class=\"attrLabels\">Ann\u00e9e:<\/td>\n<td width=\"30.0%\">1970<\/td>\n<\/tr>\n<tr>\n<td class=\"attrLabels\">VIN (num\u00e9ro d\u2019identification du v\u00e9hicule) :<\/td>\n<td width=\"30.0%\">\n<div class=\"ux-labels-values__values\">\n<div class=\"ux-labels-values__values-content\">JS23N0B1XXXXX<\/div>\n<\/div>\n<\/td>\n<td class=\"attrLabels\">Kilom\u00e9trage:<\/td>\n<td width=\"30.0%\">9249<\/td>\n<\/tr>\n<tr>\n<td class=\"attrLabels\">Type de Carrosserie :<\/td>\n<td width=\"30.0%\">\u2014<\/td>\n<td class=\"attrLabels\">Titre du v\u00e9hicule:<\/td>\n<td width=\"30.0%\">\u2014<\/td>\n<\/tr>\n<tr>\n<td class=\"attrLabels\">Options:<\/td>\n<td width=\"30.0%\">\u2014<\/td>\n<td class=\"attrLabels\">Options d\u2019alimentation :<\/td>\n<td width=\"30.0%\">Freins \u00e0 disque assist\u00e9s et direction assist\u00e9e<\/td>\n<\/tr>\n<tr>\n<td class=\"attrLabels\">Marque:<\/td>\n<td width=\"30.0%\">Dodge<\/td>\n<td class=\"attrLabels\">Couleur ext\u00e9rieure :<\/td>\n<td width=\"30.0%\">B7 Bleu moyen m\u00e9tallis\u00e9<\/td>\n<\/tr>\n<tr>\n<td class=\"attrLabels\">Sous-mod\u00e8le :<\/td>\n<td width=\"30.0%\">\u2014<\/td>\n<td class=\"attrLabels\">Couleur int\u00e9rieure:<\/td>\n<td width=\"30.0%\">\n<div class=\"eb-post-vehicle-overview\">\n<div class=\"overview-value\">Int\u00e9rieur du si\u00e8ge baquet noir<\/div>\n<\/div>\n<\/td>\n<\/tr>\n<tr>\n<td class=\"attrLabels\">Garniture:<\/td>\n<td width=\"30.0%\">\n<div class=\"ux-labels-values__values\">\n<div class=\"ux-labels-values__values-content\">\n<div><span class=\"ux-textspans\">R\/T<\/span><\/div>\n<\/div>\n<\/div>\n<\/td>\n<td class=\"attrLabels\">Transmission:<\/td>\n<td width=\"30.0%\">Manuel 4 vitesses<\/td>\n<\/tr>\n<tr>\n<td class=\"attrLabels\">Type de lecteur :<\/td>\n<td width=\"30.0%\">Rwd<\/td>\n<td class=\"attrLabels\">Garantie:<\/td>\n<td width=\"30.0%\">Quelconque<\/td>\n<\/tr>\n<tr>\n<td class=\"attrLabels\">Moteur:<\/td>\n<td width=\"30.0%\">383Ci Magnum V8<\/td>\n<td class=\"attrLabels\">\u00c0 vendre par:<\/td>\n<td width=\"30.0%\">Concessionnaire<\/td>\n<\/tr>\n<tr>\n<td class=\"attrLabels\">Type de carburant :<\/td>\n<td width=\"30.0%\">Essence<\/td>\n<td class=\"attrLabels\">Mod\u00e8le:<\/td>\n<td width=\"30.0%\">Challenger<\/td>\n<\/tr>\n<\/tbody>\n<\/table>\n<\/div>\n<h1 class=\"x-item-title__mainTitle\"><strong><span class=\"ux-textspans ux-textspans--BOLD\">Dodge Challenger R\/T 383Ci V8 4 vitesses manuelle 1970<\/span><\/strong><\/h1>\n<p>&rsquo;70 DODGE CHALLENGER R\/T 383 PISTOLET GRIP 4 VITESSES, MATCH #&rsquo; S!<br \/>\n\u2022 Restauration document\u00e9e et pr\u00eate \u00e0 l\u2019emploi de ce superbe R \/ T<br \/>\n\u2022 Original Matching #&rsquo;s Chrysler 383cid Magnum V8 avec 4-BBL Carb @ 335 HP<br \/>\n\u2022 Ensemble haute performance \u00ab&nbsp;A31&nbsp;\u00bb en option avec adh\u00e9rence s\u00fbre 8 3\/4 essieux, ensemble de gestion de la suspension h\u00e9mi et vitesses 3:91,<br \/>\n\u2022 Radiateur 26&nbsp;\u00bb en option et ventilateur d\u2019entra\u00eenement de couple \u00e0 7 pales avec car\u00e9nage<br \/>\n\u2022 En option D21 HD 4 vitesses manuel changement de vitesse au sol A833 Transmission W \/ Iconic Pistol Grip Shifter<br \/>\n\u2022 Finition miroir, code \u00ab&nbsp;B7&nbsp;\u00bb correct, peinture bleu moyen cir\u00e9e et d\u00e9taill\u00e9e<br \/>\n\u2022 Superbe int\u00e9rieur de si\u00e8ges baquets noirs \u00e0 dossier haut<br \/>\n\u2022 Groupe d\u2019instruments \u00ab&nbsp;A62&nbsp;\u00bb Rallye en option comprenant 8K RPM tach, 150 mph speedo &amp; horloge!<br \/>\n\u2022 Volant original R\/T \u00e0 3 rayons \u00e0 grain de bois<br \/>\n\u2022 Radio AM originale \u00ab&nbsp;R11&nbsp;\u00bb<br \/>\n\u2022 Panneaux de porte, tapis et garniture de toit restaur\u00e9s<br \/>\n\u2022 Afficher le compartiment moteur d\u00e9taill\u00e9 pr\u00eat<br \/>\n\u2022 R\u00e9troviseurs lat\u00e9raux Chrome \u00ab&nbsp;G33&nbsp;\u00bb d\u2019origine<br \/>\n\u2022 Roues de rallye 15&nbsp;\u00bb am\u00e9lior\u00e9es avec radiales Goodyear polyglas d\u2019\u00e9poque correctes et roues en acier assorties de couleur 14&nbsp;\u00bb d\u2019origine,<br \/>\n\u2022 Feuille de diffusion originale<br \/>\n\u2022 Excellent son, \u00ab&nbsp;N41&Prime;Double \u00e9chappement avec des embouts d\u2019\u00e9chappement \u00ab&nbsp;N42&nbsp;\u00bb brillants corrects<br \/>\n\u2022 383 Magnum V8, 4-Speed Pistol Grip Shifter, \u00ab&nbsp;B7&nbsp;\u00bb Dark Blue, document\u00e9 et 2 jeux de touches aussi!<br \/>\n\u2022 C\u2019est ainsi que vous achetez un &rsquo;70 Challenger R\/T de qualit\u00e9 investment grade, de qualit\u00e9 collector<\/p>\n<p>Tous les v\u00e9hicules ont \u00e9t\u00e9 restaur\u00e9s professionnellement et reproduits \u00e0 moins d\u2019\u00eatre not\u00e9s autrement comme un \u00ab urvivan \u00bb s\u2019il vous pla\u00eet demander \u00e0 votre passionn\u00e9 de vente pour plus de d\u00e9tails<\/p>\n<p>Occasion<\/p>\n<p>Rockville (Maryland)<\/p>\n<\/div>\n","protected":false},"excerpt":{"rendered":"<p>Sp\u00e9cificit\u00e9s d\u2019article Condition: Occasion Ann\u00e9e: 1970 VIN (num\u00e9ro d\u2019identification du v\u00e9hicule) : JS23N0B1XXXXX Kilom\u00e9trage: 9249 Type de Carrosserie : \u2014 Titre du v\u00e9hicule: \u2014 Options: \u2014<span class=\"excerpt-hellip\"> [\u2026]<\/span><\/p>\n","protected":false},"featured_media":262657,"template":"","meta":[],"product_brand":[],"product_cat":[114,131,121],"product_tag":[],"class_list":{"0":"post-262825","1":"product","2":"type-product","3":"status-publish","4":"has-post-thumbnail","6":"product_cat-1970-fr","7":"product_cat-challenger-fr","8":"product_cat-dodge-fr","10":"first","11":"instock","12":"featured","13":"sold-individually","14":"shipping-taxable","15":"purchasable","16":"product-type-simple"},"yoast_head":"<!-- This site is optimized with the Yoast SEO plugin v27.4 - https:\/\/yoast.com\/product\/yoast-seo-wordpress\/ -->\n<title>Dodge Challenger R\/T 383Ci V8 4 vitesses manuelle 1970 - Voiture de collection \u00e0 vendre<\/title>\n<meta name=\"robots\" content=\"index, follow, max-snippet:-1, max-image-preview:large, max-video-preview:-1\" \/>\n<link rel=\"canonical\" href=\"https:\/\/legendarycarsonline.com\/fr\/product\/1970-dodge-challenger-r-t-383ci-v8-4-vitesses-manuel\/\" \/>\n<meta property=\"og:locale\" content=\"fr_FR\" \/>\n<meta property=\"og:type\" content=\"article\" \/>\n<meta property=\"og:title\" content=\"Dodge Challenger R\/T 383Ci V8 4 vitesses manuelle 1970 - Voiture de collection \u00e0 vendre\" \/>\n<meta property=\"og:description\" content=\"Sp\u00e9cificit\u00e9s d\u2019article Condition: Occasion Ann\u00e9e: 1970 VIN (num\u00e9ro d\u2019identification du v\u00e9hicule) : JS23N0B1XXXXX Kilom\u00e9trage: 9249 Type de Carrosserie : \u2014 Titre du v\u00e9hicule: \u2014 Options: \u2014 [\u2026]\" \/>\n<meta property=\"og:url\" content=\"https:\/\/legendarycarsonline.com\/fr\/product\/1970-dodge-challenger-r-t-383ci-v8-4-vitesses-manuel\/\" \/>\n<meta property=\"og:site_name\" content=\"Voiture de collection \u00e0 vendre\" \/>\n<meta property=\"article:publisher\" content=\"https:\/\/www.facebook.com\/Legendary-Cars-Online-112758273845339\" \/>\n<meta property=\"og:image\" content=\"https:\/\/legendarycarsonline.com\/wp-content\/uploads\/2022\/07\/57-4-8.jpg\" \/>\n\t<meta property=\"og:image:width\" content=\"1422\" \/>\n\t<meta property=\"og:image:height\" content=\"800\" \/>\n\t<meta property=\"og:image:type\" content=\"image\/jpeg\" \/>\n<meta name=\"twitter:card\" content=\"summary_large_image\" \/>\n<meta name=\"twitter:label1\" content=\"Dur\u00e9e de lecture estim\u00e9e\" \/>\n\t<meta name=\"twitter:data1\" content=\"2 minutes\" \/>\n<script type=\"application\/ld+json\" class=\"yoast-schema-graph\">{\"@context\":\"https:\\\/\\\/schema.org\",\"@graph\":[{\"@type\":\"WebPage\",\"@id\":\"https:\\\/\\\/legendarycarsonline.com\\\/fr\\\/product\\\/1970-dodge-challenger-r-t-383ci-v8-4-vitesses-manuel\\\/\",\"url\":\"https:\\\/\\\/legendarycarsonline.com\\\/fr\\\/product\\\/1970-dodge-challenger-r-t-383ci-v8-4-vitesses-manuel\\\/\",\"name\":\"Dodge Challenger R\\\/T 383Ci V8 4 vitesses manuelle 1970 - Voiture de collection \u00e0 vendre\",\"isPartOf\":{\"@id\":\"https:\\\/\\\/legendarycarsonline.com\\\/fr\\\/#website\"},\"primaryImageOfPage\":{\"@id\":\"https:\\\/\\\/legendarycarsonline.com\\\/fr\\\/product\\\/1970-dodge-challenger-r-t-383ci-v8-4-vitesses-manuel\\\/#primaryimage\"},\"image\":{\"@id\":\"https:\\\/\\\/legendarycarsonline.com\\\/fr\\\/product\\\/1970-dodge-challenger-r-t-383ci-v8-4-vitesses-manuel\\\/#primaryimage\"},\"thumbnailUrl\":\"https:\\\/\\\/legendarycarsonline.com\\\/wp-content\\\/uploads\\\/2022\\\/07\\\/57-4-8.jpg\",\"datePublished\":\"2022-07-28T22:20:50+00:00\",\"breadcrumb\":{\"@id\":\"https:\\\/\\\/legendarycarsonline.com\\\/fr\\\/product\\\/1970-dodge-challenger-r-t-383ci-v8-4-vitesses-manuel\\\/#breadcrumb\"},\"inLanguage\":\"fr-FR\",\"potentialAction\":[{\"@type\":\"ReadAction\",\"target\":[\"https:\\\/\\\/legendarycarsonline.com\\\/fr\\\/product\\\/1970-dodge-challenger-r-t-383ci-v8-4-vitesses-manuel\\\/\"]}]},{\"@type\":\"ImageObject\",\"inLanguage\":\"fr-FR\",\"@id\":\"https:\\\/\\\/legendarycarsonline.com\\\/fr\\\/product\\\/1970-dodge-challenger-r-t-383ci-v8-4-vitesses-manuel\\\/#primaryimage\",\"url\":\"https:\\\/\\\/legendarycarsonline.com\\\/wp-content\\\/uploads\\\/2022\\\/07\\\/57-4-8.jpg\",\"contentUrl\":\"https:\\\/\\\/legendarycarsonline.com\\\/wp-content\\\/uploads\\\/2022\\\/07\\\/57-4-8.jpg\",\"width\":1422,\"height\":800},{\"@type\":\"BreadcrumbList\",\"@id\":\"https:\\\/\\\/legendarycarsonline.com\\\/fr\\\/product\\\/1970-dodge-challenger-r-t-383ci-v8-4-vitesses-manuel\\\/#breadcrumb\",\"itemListElement\":[{\"@type\":\"ListItem\",\"position\":1,\"name\":\"Shop Cars\",\"item\":\"https:\\\/\\\/legendarycarsonline.com\\\/shop-cars\\\/\"},{\"@type\":\"ListItem\",\"position\":2,\"name\":\"Dodge Challenger R\\\/T 383Ci V8 4 vitesses manuelle 1970\"}]},{\"@type\":\"WebSite\",\"@id\":\"https:\\\/\\\/legendarycarsonline.com\\\/fr\\\/#website\",\"url\":\"https:\\\/\\\/legendarycarsonline.com\\\/fr\\\/\",\"name\":\"Voiture de collection \u00e0 vendre\",\"description\":\"\",\"publisher\":{\"@id\":\"https:\\\/\\\/legendarycarsonline.com\\\/fr\\\/#organization\"},\"potentialAction\":[{\"@type\":\"SearchAction\",\"target\":{\"@type\":\"EntryPoint\",\"urlTemplate\":\"https:\\\/\\\/legendarycarsonline.com\\\/fr\\\/?s={search_term_string}\"},\"query-input\":{\"@type\":\"PropertyValueSpecification\",\"valueRequired\":true,\"valueName\":\"search_term_string\"}}],\"inLanguage\":\"fr-FR\"},{\"@type\":\"Organization\",\"@id\":\"https:\\\/\\\/legendarycarsonline.com\\\/fr\\\/#organization\",\"name\":\"Legendary Cars Online\",\"url\":\"https:\\\/\\\/legendarycarsonline.com\\\/fr\\\/\",\"logo\":{\"@type\":\"ImageObject\",\"inLanguage\":\"fr-FR\",\"@id\":\"https:\\\/\\\/legendarycarsonline.com\\\/fr\\\/#\\\/schema\\\/logo\\\/image\\\/\",\"url\":\"https:\\\/\\\/legendarycarsonline.com\\\/wp-content\\\/uploads\\\/2021\\\/02\\\/Legendary-Cars-Online.png\",\"contentUrl\":\"https:\\\/\\\/legendarycarsonline.com\\\/wp-content\\\/uploads\\\/2021\\\/02\\\/Legendary-Cars-Online.png\",\"width\":275,\"height\":216,\"caption\":\"Legendary Cars Online\"},\"image\":{\"@id\":\"https:\\\/\\\/legendarycarsonline.com\\\/fr\\\/#\\\/schema\\\/logo\\\/image\\\/\"},\"sameAs\":[\"https:\\\/\\\/www.facebook.com\\\/Legendary-Cars-Online-112758273845339\"]}]}<\/script>\n<!-- \/ Yoast SEO plugin. -->","yoast_head_json":{"title":"Dodge Challenger R\/T 383Ci V8 4 vitesses manuelle 1970 - Voiture de collection \u00e0 vendre","robots":{"index":"index","follow":"follow","max-snippet":"max-snippet:-1","max-image-preview":"max-image-preview:large","max-video-preview":"max-video-preview:-1"},"canonical":"https:\/\/legendarycarsonline.com\/fr\/product\/1970-dodge-challenger-r-t-383ci-v8-4-vitesses-manuel\/","og_locale":"fr_FR","og_type":"article","og_title":"Dodge Challenger R\/T 383Ci V8 4 vitesses manuelle 1970 - Voiture de collection \u00e0 vendre","og_description":"Sp\u00e9cificit\u00e9s d\u2019article Condition: Occasion Ann\u00e9e: 1970 VIN (num\u00e9ro d\u2019identification du v\u00e9hicule) : JS23N0B1XXXXX Kilom\u00e9trage: 9249 Type de Carrosserie : \u2014 Titre du v\u00e9hicule: \u2014 Options: \u2014 [\u2026]","og_url":"https:\/\/legendarycarsonline.com\/fr\/product\/1970-dodge-challenger-r-t-383ci-v8-4-vitesses-manuel\/","og_site_name":"Voiture de collection \u00e0 vendre","article_publisher":"https:\/\/www.facebook.com\/Legendary-Cars-Online-112758273845339","og_image":[{"width":1422,"height":800,"url":"https:\/\/legendarycarsonline.com\/wp-content\/uploads\/2022\/07\/57-4-8.jpg","type":"image\/jpeg"}],"twitter_card":"summary_large_image","twitter_misc":{"Dur\u00e9e de lecture estim\u00e9e":"2 minutes"},"schema":{"@context":"https:\/\/schema.org","@graph":[{"@type":"WebPage","@id":"https:\/\/legendarycarsonline.com\/fr\/product\/1970-dodge-challenger-r-t-383ci-v8-4-vitesses-manuel\/","url":"https:\/\/legendarycarsonline.com\/fr\/product\/1970-dodge-challenger-r-t-383ci-v8-4-vitesses-manuel\/","name":"Dodge Challenger R\/T 383Ci V8 4 vitesses manuelle 1970 - Voiture de collection \u00e0 vendre","isPartOf":{"@id":"https:\/\/legendarycarsonline.com\/fr\/#website"},"primaryImageOfPage":{"@id":"https:\/\/legendarycarsonline.com\/fr\/product\/1970-dodge-challenger-r-t-383ci-v8-4-vitesses-manuel\/#primaryimage"},"image":{"@id":"https:\/\/legendarycarsonline.com\/fr\/product\/1970-dodge-challenger-r-t-383ci-v8-4-vitesses-manuel\/#primaryimage"},"thumbnailUrl":"https:\/\/legendarycarsonline.com\/wp-content\/uploads\/2022\/07\/57-4-8.jpg","datePublished":"2022-07-28T22:20:50+00:00","breadcrumb":{"@id":"https:\/\/legendarycarsonline.com\/fr\/product\/1970-dodge-challenger-r-t-383ci-v8-4-vitesses-manuel\/#breadcrumb"},"inLanguage":"fr-FR","potentialAction":[{"@type":"ReadAction","target":["https:\/\/legendarycarsonline.com\/fr\/product\/1970-dodge-challenger-r-t-383ci-v8-4-vitesses-manuel\/"]}]},{"@type":"ImageObject","inLanguage":"fr-FR","@id":"https:\/\/legendarycarsonline.com\/fr\/product\/1970-dodge-challenger-r-t-383ci-v8-4-vitesses-manuel\/#primaryimage","url":"https:\/\/legendarycarsonline.com\/wp-content\/uploads\/2022\/07\/57-4-8.jpg","contentUrl":"https:\/\/legendarycarsonline.com\/wp-content\/uploads\/2022\/07\/57-4-8.jpg","width":1422,"height":800},{"@type":"BreadcrumbList","@id":"https:\/\/legendarycarsonline.com\/fr\/product\/1970-dodge-challenger-r-t-383ci-v8-4-vitesses-manuel\/#breadcrumb","itemListElement":[{"@type":"ListItem","position":1,"name":"Shop Cars","item":"https:\/\/legendarycarsonline.com\/shop-cars\/"},{"@type":"ListItem","position":2,"name":"Dodge Challenger R\/T 383Ci V8 4 vitesses manuelle 1970"}]},{"@type":"WebSite","@id":"https:\/\/legendarycarsonline.com\/fr\/#website","url":"https:\/\/legendarycarsonline.com\/fr\/","name":"Voiture de collection \u00e0 vendre","description":"","publisher":{"@id":"https:\/\/legendarycarsonline.com\/fr\/#organization"},"potentialAction":[{"@type":"SearchAction","target":{"@type":"EntryPoint","urlTemplate":"https:\/\/legendarycarsonline.com\/fr\/?s={search_term_string}"},"query-input":{"@type":"PropertyValueSpecification","valueRequired":true,"valueName":"search_term_string"}}],"inLanguage":"fr-FR"},{"@type":"Organization","@id":"https:\/\/legendarycarsonline.com\/fr\/#organization","name":"Legendary Cars Online","url":"https:\/\/legendarycarsonline.com\/fr\/","logo":{"@type":"ImageObject","inLanguage":"fr-FR","@id":"https:\/\/legendarycarsonline.com\/fr\/#\/schema\/logo\/image\/","url":"https:\/\/legendarycarsonline.com\/wp-content\/uploads\/2021\/02\/Legendary-Cars-Online.png","contentUrl":"https:\/\/legendarycarsonline.com\/wp-content\/uploads\/2021\/02\/Legendary-Cars-Online.png","width":275,"height":216,"caption":"Legendary Cars Online"},"image":{"@id":"https:\/\/legendarycarsonline.com\/fr\/#\/schema\/logo\/image\/"},"sameAs":["https:\/\/www.facebook.com\/Legendary-Cars-Online-112758273845339"]}]}},"_links":{"self":[{"href":"https:\/\/legendarycarsonline.com\/fr\/wp-json\/wp\/v2\/product\/262825","targetHints":{"allow":["GET"]}}],"collection":[{"href":"https:\/\/legendarycarsonline.com\/fr\/wp-json\/wp\/v2\/product"}],"about":[{"href":"https:\/\/legendarycarsonline.com\/fr\/wp-json\/wp\/v2\/types\/product"}],"wp:featuredmedia":[{"embeddable":true,"href":"https:\/\/legendarycarsonline.com\/fr\/wp-json\/wp\/v2\/media\/262657"}],"wp:attachment":[{"href":"https:\/\/legendarycarsonline.com\/fr\/wp-json\/wp\/v2\/media?parent=262825"}],"wp:term":[{"taxonomy":"product_brand","embeddable":true,"href":"https:\/\/legendarycarsonline.com\/fr\/wp-json\/wp\/v2\/product_brand?post=262825"},{"taxonomy":"product_cat","embeddable":true,"href":"https:\/\/legendarycarsonline.com\/fr\/wp-json\/wp\/v2\/product_cat?post=262825"},{"taxonomy":"product_tag","embeddable":true,"href":"https:\/\/legendarycarsonline.com\/fr\/wp-json\/wp\/v2\/product_tag?post=262825"}],"curies":[{"name":"wp","href":"https:\/\/api.w.org\/{rel}","templated":true}]}}