
 {"id":264222,"date":"2022-08-04T19:23:10","date_gmt":"2022-08-05T02:28:07","guid":{"rendered":"https:\/\/legendarycarsonline.com\/product\/dodge-charger-rt-se-xs29-440ci-v8-de-1969\/"},"modified":"2022-08-04T19:28:07","modified_gmt":"2022-08-05T02:28:07","slug":"1969-dodge-charger-rt-se-xs29-440ci-v8-2","status":"publish","type":"product","link":"https:\/\/legendarycarsonline.com\/fr\/product\/1969-dodge-charger-rt-se-xs29-440ci-v8-2\/","title":{"rendered":"Dodge Charger RT\/SE XS29 440Ci V8 de 1969"},"content":{"rendered":"<h2><strong><span class=\"ux-layout-section-module__title\" data-testid=\"ux-textual-display\"><span class=\"ux-textspans\">Sp\u00e9cificit\u00e9s d\u2019article<\/span><\/span><\/strong><\/h2>\n<div id=\"viTabs_0_is\" class=\"itemAttr\">\n<div class=\"section\">\n<table role=\"presentation\" width=\"100%\" cellspacing=\"0\" cellpadding=\"0\">\n<tbody>\n<tr>\n<td class=\"attrLabels\">Condition:<\/td>\n<td width=\"30.0%\">Occasion<\/td>\n<td class=\"attrLabels\">Ann\u00e9e:<\/td>\n<td width=\"30.0%\">1969<\/td>\n<\/tr>\n<tr>\n<td class=\"attrLabels\">VIN (num\u00e9ro d\u2019identification du v\u00e9hicule) :<\/td>\n<td width=\"30.0%\">XS29L9B2XXXXX<\/td>\n<td class=\"attrLabels\">Kilom\u00e9trage:<\/td>\n<td width=\"30.0%\">\n<div class=\"ux-layout-section__row\">\n<div class=\"ux-labels-values__values\">\n<div class=\"ux-labels-values__values-content\">\n<div><span class=\"ux-textspans\">44715<\/span><\/div>\n<\/div>\n<\/div>\n<\/div>\n<\/td>\n<\/tr>\n<tr>\n<td class=\"attrLabels\">Type de Carrosserie :<\/td>\n<td width=\"30.0%\">\u2014<\/td>\n<td class=\"attrLabels\">Titre du v\u00e9hicule:<\/td>\n<td width=\"30.0%\">Clair<\/td>\n<\/tr>\n<tr>\n<td class=\"attrLabels\">Options:<\/td>\n<td width=\"30.0%\">\u2014<\/td>\n<td class=\"attrLabels\">Options d\u2019alimentation :<\/td>\n<td width=\"30.0%\">\u2014<\/td>\n<\/tr>\n<tr>\n<td class=\"attrLabels\">Marque:<\/td>\n<td width=\"30.0%\">Dodge<\/td>\n<td class=\"attrLabels\">Couleur ext\u00e9rieure :<\/td>\n<td width=\"30.0%\">Bronze clair Poly<\/td>\n<\/tr>\n<tr>\n<td class=\"attrLabels\">Sous-mod\u00e8le :<\/td>\n<td width=\"30.0%\">R\/T SE X29<\/td>\n<td class=\"attrLabels\">Couleur int\u00e9rieure:<\/td>\n<td width=\"30.0%\">Tan<\/td>\n<\/tr>\n<tr>\n<td class=\"attrLabels\">Garniture:<\/td>\n<td width=\"30.0%\">RT\/SE XS29 440 MUSCLE CAR<\/td>\n<td class=\"attrLabels\">Transmission:<\/td>\n<td width=\"30.0%\">727 Automatique<\/td>\n<\/tr>\n<tr>\n<td class=\"attrLabels\">Type de lecteur :<\/td>\n<td width=\"30.0%\">Rwd<\/td>\n<td class=\"attrLabels\">Garantie:<\/td>\n<td width=\"30.0%\">Le v\u00e9hicule n\u2019a PAS de garantie existante<\/td>\n<\/tr>\n<tr>\n<td class=\"attrLabels\">Moteur:<\/td>\n<td width=\"30.0%\">V8 440Ci<\/td>\n<td class=\"attrLabels\">\u00c0 vendre par:<\/td>\n<td width=\"30.0%\">Concessionnaire<\/td>\n<\/tr>\n<tr>\n<td class=\"attrLabels\">Type de carburant :<\/td>\n<td width=\"30.0%\">Essence<\/td>\n<td class=\"attrLabels\">Mod\u00e8le:<\/td>\n<td width=\"30.0%\">\n<h2>Charger<\/h2>\n<\/td>\n<\/tr>\n<\/tbody>\n<\/table>\n<\/div>\n<div class=\"title\">\n<h2><strong>Dodge Charger RT\/SE XS29 440 MUSCLE CAR 1969<\/strong><\/h2>\n<h2><strong>Description du v\u00e9hicule<\/strong><\/h2>\n<\/div>\n<div class=\"content\">\n<div class=\"equipment-list\">1969 Dodge Charger RT \/ SE (# 964) Difficile de trouver une \u00e9dition sp\u00e9ciale RT 440ci date correcte moteur (odom\u00e8tre montrant 44715) Num\u00e9ros correspondant \u00e0 727 Num\u00e9ros de transmission correspondant Arri\u00e8re Restaur\u00e9 b\u00e2timent climatique conserv\u00e9 pendant 15 ans Air conditionn\u00e9 Direction assist\u00e9e Freins \u00e0 disque avant \u00e9lectriques Peinture est en excellent \u00e9tat Correct en usine T3 Bronze clair Poly Les lignes de carrosserie sont belles et droites Les portes sont belles et propres Le dessus en vinyle est en excellent \u00e9tat Le verre et les garnitures sont en excellent \u00e9tat Coupe-froid en excellent \u00e9tat Int\u00e9rieur en excellent \u00e9tat Volant d\u2019usine Si\u00e8ges baquets avec conseil central d\u2019origine Groupe de tableau de bord d\u2019origine en excellent \u00e9tat En dessous est en excellent \u00e9tat Suspension rides comme il se doit Assis sur Cooper Cobra Radials Conduit et s\u2019arr\u00eate super &#8211; Fiable !!<\/div>\n<\/div>\n<\/div>\n<div><\/div>\n<div>Occasion<\/div>\n<div><\/div>\n<div>  Addison (Illinois)<\/div>\n","protected":false},"excerpt":{"rendered":"<p>Sp\u00e9cificit\u00e9s d\u2019article Condition: Occasion Ann\u00e9e: 1969 VIN (num\u00e9ro d\u2019identification du v\u00e9hicule) : XS29L9B2XXXXX Kilom\u00e9trage: 44715 Type de Carrosserie : \u2014 Titre du v\u00e9hicule: Clair Options: \u2014<span class=\"excerpt-hellip\"> [\u2026]<\/span><\/p>\n","protected":false},"featured_media":264108,"template":"","meta":[],"product_brand":[],"product_cat":[124,122,142,121],"product_tag":[],"class_list":{"0":"post-264222","1":"product","2":"type-product","3":"status-publish","4":"has-post-thumbnail","6":"product_cat-1969-fr","7":"product_cat-charger","8":"product_cat-chargeur-r-t","9":"product_cat-dodge-fr","11":"first","12":"instock","13":"featured","14":"sold-individually","15":"shipping-taxable","16":"purchasable","17":"product-type-simple"},"yoast_head":"<!-- This site is optimized with the Yoast SEO plugin v27.4 - https:\/\/yoast.com\/product\/yoast-seo-wordpress\/ -->\n<title>Dodge Charger RT\/SE XS29 440Ci V8 de 1969 - Voiture de collection \u00e0 vendre<\/title>\n<meta name=\"robots\" content=\"index, follow, max-snippet:-1, max-image-preview:large, max-video-preview:-1\" \/>\n<link rel=\"canonical\" href=\"https:\/\/legendarycarsonline.com\/fr\/product\/1969-dodge-charger-rt-se-xs29-440ci-v8-2\/\" \/>\n<meta property=\"og:locale\" content=\"fr_FR\" \/>\n<meta property=\"og:type\" content=\"article\" \/>\n<meta property=\"og:title\" content=\"Dodge Charger RT\/SE XS29 440Ci V8 de 1969 - Voiture de collection \u00e0 vendre\" \/>\n<meta property=\"og:description\" content=\"Sp\u00e9cificit\u00e9s d\u2019article Condition: Occasion Ann\u00e9e: 1969 VIN (num\u00e9ro d\u2019identification du v\u00e9hicule) : XS29L9B2XXXXX Kilom\u00e9trage: 44715 Type de Carrosserie : \u2014 Titre du v\u00e9hicule: Clair Options: \u2014 [\u2026]\" \/>\n<meta property=\"og:url\" content=\"https:\/\/legendarycarsonline.com\/fr\/product\/1969-dodge-charger-rt-se-xs29-440ci-v8-2\/\" \/>\n<meta property=\"og:site_name\" content=\"Voiture de collection \u00e0 vendre\" \/>\n<meta property=\"article:publisher\" content=\"https:\/\/www.facebook.com\/Legendary-Cars-Online-112758273845339\" \/>\n<meta property=\"og:image\" content=\"https:\/\/legendarycarsonline.com\/wp-content\/uploads\/2022\/08\/57-6-1.jpg\" \/>\n\t<meta property=\"og:image:width\" content=\"1280\" \/>\n\t<meta property=\"og:image:height\" content=\"960\" \/>\n\t<meta property=\"og:image:type\" content=\"image\/jpeg\" \/>\n<meta name=\"twitter:card\" content=\"summary_large_image\" \/>\n<meta name=\"twitter:label1\" content=\"Dur\u00e9e de lecture estim\u00e9e\" \/>\n\t<meta name=\"twitter:data1\" content=\"1 minute\" \/>\n<script type=\"application\/ld+json\" class=\"yoast-schema-graph\">{\"@context\":\"https:\\\/\\\/schema.org\",\"@graph\":[{\"@type\":\"WebPage\",\"@id\":\"https:\\\/\\\/legendarycarsonline.com\\\/fr\\\/product\\\/1969-dodge-charger-rt-se-xs29-440ci-v8-2\\\/\",\"url\":\"https:\\\/\\\/legendarycarsonline.com\\\/fr\\\/product\\\/1969-dodge-charger-rt-se-xs29-440ci-v8-2\\\/\",\"name\":\"Dodge Charger RT\\\/SE XS29 440Ci V8 de 1969 - Voiture de collection \u00e0 vendre\",\"isPartOf\":{\"@id\":\"https:\\\/\\\/legendarycarsonline.com\\\/fr\\\/#website\"},\"primaryImageOfPage\":{\"@id\":\"https:\\\/\\\/legendarycarsonline.com\\\/fr\\\/product\\\/1969-dodge-charger-rt-se-xs29-440ci-v8-2\\\/#primaryimage\"},\"image\":{\"@id\":\"https:\\\/\\\/legendarycarsonline.com\\\/fr\\\/product\\\/1969-dodge-charger-rt-se-xs29-440ci-v8-2\\\/#primaryimage\"},\"thumbnailUrl\":\"https:\\\/\\\/legendarycarsonline.com\\\/wp-content\\\/uploads\\\/2022\\\/08\\\/57-6-1.jpg\",\"datePublished\":\"2022-08-05T02:28:07+00:00\",\"breadcrumb\":{\"@id\":\"https:\\\/\\\/legendarycarsonline.com\\\/fr\\\/product\\\/1969-dodge-charger-rt-se-xs29-440ci-v8-2\\\/#breadcrumb\"},\"inLanguage\":\"fr-FR\",\"potentialAction\":[{\"@type\":\"ReadAction\",\"target\":[\"https:\\\/\\\/legendarycarsonline.com\\\/fr\\\/product\\\/1969-dodge-charger-rt-se-xs29-440ci-v8-2\\\/\"]}]},{\"@type\":\"ImageObject\",\"inLanguage\":\"fr-FR\",\"@id\":\"https:\\\/\\\/legendarycarsonline.com\\\/fr\\\/product\\\/1969-dodge-charger-rt-se-xs29-440ci-v8-2\\\/#primaryimage\",\"url\":\"https:\\\/\\\/legendarycarsonline.com\\\/wp-content\\\/uploads\\\/2022\\\/08\\\/57-6-1.jpg\",\"contentUrl\":\"https:\\\/\\\/legendarycarsonline.com\\\/wp-content\\\/uploads\\\/2022\\\/08\\\/57-6-1.jpg\",\"width\":1280,\"height\":960},{\"@type\":\"BreadcrumbList\",\"@id\":\"https:\\\/\\\/legendarycarsonline.com\\\/fr\\\/product\\\/1969-dodge-charger-rt-se-xs29-440ci-v8-2\\\/#breadcrumb\",\"itemListElement\":[{\"@type\":\"ListItem\",\"position\":1,\"name\":\"Shop Cars\",\"item\":\"https:\\\/\\\/legendarycarsonline.com\\\/shop-cars\\\/\"},{\"@type\":\"ListItem\",\"position\":2,\"name\":\"Dodge Charger RT\\\/SE XS29 440Ci V8 de 1969\"}]},{\"@type\":\"WebSite\",\"@id\":\"https:\\\/\\\/legendarycarsonline.com\\\/fr\\\/#website\",\"url\":\"https:\\\/\\\/legendarycarsonline.com\\\/fr\\\/\",\"name\":\"Voiture de collection \u00e0 vendre\",\"description\":\"\",\"publisher\":{\"@id\":\"https:\\\/\\\/legendarycarsonline.com\\\/fr\\\/#organization\"},\"potentialAction\":[{\"@type\":\"SearchAction\",\"target\":{\"@type\":\"EntryPoint\",\"urlTemplate\":\"https:\\\/\\\/legendarycarsonline.com\\\/fr\\\/?s={search_term_string}\"},\"query-input\":{\"@type\":\"PropertyValueSpecification\",\"valueRequired\":true,\"valueName\":\"search_term_string\"}}],\"inLanguage\":\"fr-FR\"},{\"@type\":\"Organization\",\"@id\":\"https:\\\/\\\/legendarycarsonline.com\\\/fr\\\/#organization\",\"name\":\"Legendary Cars Online\",\"url\":\"https:\\\/\\\/legendarycarsonline.com\\\/fr\\\/\",\"logo\":{\"@type\":\"ImageObject\",\"inLanguage\":\"fr-FR\",\"@id\":\"https:\\\/\\\/legendarycarsonline.com\\\/fr\\\/#\\\/schema\\\/logo\\\/image\\\/\",\"url\":\"https:\\\/\\\/legendarycarsonline.com\\\/wp-content\\\/uploads\\\/2021\\\/02\\\/Legendary-Cars-Online.png\",\"contentUrl\":\"https:\\\/\\\/legendarycarsonline.com\\\/wp-content\\\/uploads\\\/2021\\\/02\\\/Legendary-Cars-Online.png\",\"width\":275,\"height\":216,\"caption\":\"Legendary Cars Online\"},\"image\":{\"@id\":\"https:\\\/\\\/legendarycarsonline.com\\\/fr\\\/#\\\/schema\\\/logo\\\/image\\\/\"},\"sameAs\":[\"https:\\\/\\\/www.facebook.com\\\/Legendary-Cars-Online-112758273845339\"]}]}<\/script>\n<!-- \/ Yoast SEO plugin. -->","yoast_head_json":{"title":"Dodge Charger RT\/SE XS29 440Ci V8 de 1969 - Voiture de collection \u00e0 vendre","robots":{"index":"index","follow":"follow","max-snippet":"max-snippet:-1","max-image-preview":"max-image-preview:large","max-video-preview":"max-video-preview:-1"},"canonical":"https:\/\/legendarycarsonline.com\/fr\/product\/1969-dodge-charger-rt-se-xs29-440ci-v8-2\/","og_locale":"fr_FR","og_type":"article","og_title":"Dodge Charger RT\/SE XS29 440Ci V8 de 1969 - Voiture de collection \u00e0 vendre","og_description":"Sp\u00e9cificit\u00e9s d\u2019article Condition: Occasion Ann\u00e9e: 1969 VIN (num\u00e9ro d\u2019identification du v\u00e9hicule) : XS29L9B2XXXXX Kilom\u00e9trage: 44715 Type de Carrosserie : \u2014 Titre du v\u00e9hicule: Clair Options: \u2014 [\u2026]","og_url":"https:\/\/legendarycarsonline.com\/fr\/product\/1969-dodge-charger-rt-se-xs29-440ci-v8-2\/","og_site_name":"Voiture de collection \u00e0 vendre","article_publisher":"https:\/\/www.facebook.com\/Legendary-Cars-Online-112758273845339","og_image":[{"width":1280,"height":960,"url":"https:\/\/legendarycarsonline.com\/wp-content\/uploads\/2022\/08\/57-6-1.jpg","type":"image\/jpeg"}],"twitter_card":"summary_large_image","twitter_misc":{"Dur\u00e9e de lecture estim\u00e9e":"1 minute"},"schema":{"@context":"https:\/\/schema.org","@graph":[{"@type":"WebPage","@id":"https:\/\/legendarycarsonline.com\/fr\/product\/1969-dodge-charger-rt-se-xs29-440ci-v8-2\/","url":"https:\/\/legendarycarsonline.com\/fr\/product\/1969-dodge-charger-rt-se-xs29-440ci-v8-2\/","name":"Dodge Charger RT\/SE XS29 440Ci V8 de 1969 - Voiture de collection \u00e0 vendre","isPartOf":{"@id":"https:\/\/legendarycarsonline.com\/fr\/#website"},"primaryImageOfPage":{"@id":"https:\/\/legendarycarsonline.com\/fr\/product\/1969-dodge-charger-rt-se-xs29-440ci-v8-2\/#primaryimage"},"image":{"@id":"https:\/\/legendarycarsonline.com\/fr\/product\/1969-dodge-charger-rt-se-xs29-440ci-v8-2\/#primaryimage"},"thumbnailUrl":"https:\/\/legendarycarsonline.com\/wp-content\/uploads\/2022\/08\/57-6-1.jpg","datePublished":"2022-08-05T02:28:07+00:00","breadcrumb":{"@id":"https:\/\/legendarycarsonline.com\/fr\/product\/1969-dodge-charger-rt-se-xs29-440ci-v8-2\/#breadcrumb"},"inLanguage":"fr-FR","potentialAction":[{"@type":"ReadAction","target":["https:\/\/legendarycarsonline.com\/fr\/product\/1969-dodge-charger-rt-se-xs29-440ci-v8-2\/"]}]},{"@type":"ImageObject","inLanguage":"fr-FR","@id":"https:\/\/legendarycarsonline.com\/fr\/product\/1969-dodge-charger-rt-se-xs29-440ci-v8-2\/#primaryimage","url":"https:\/\/legendarycarsonline.com\/wp-content\/uploads\/2022\/08\/57-6-1.jpg","contentUrl":"https:\/\/legendarycarsonline.com\/wp-content\/uploads\/2022\/08\/57-6-1.jpg","width":1280,"height":960},{"@type":"BreadcrumbList","@id":"https:\/\/legendarycarsonline.com\/fr\/product\/1969-dodge-charger-rt-se-xs29-440ci-v8-2\/#breadcrumb","itemListElement":[{"@type":"ListItem","position":1,"name":"Shop Cars","item":"https:\/\/legendarycarsonline.com\/shop-cars\/"},{"@type":"ListItem","position":2,"name":"Dodge Charger RT\/SE XS29 440Ci V8 de 1969"}]},{"@type":"WebSite","@id":"https:\/\/legendarycarsonline.com\/fr\/#website","url":"https:\/\/legendarycarsonline.com\/fr\/","name":"Voiture de collection \u00e0 vendre","description":"","publisher":{"@id":"https:\/\/legendarycarsonline.com\/fr\/#organization"},"potentialAction":[{"@type":"SearchAction","target":{"@type":"EntryPoint","urlTemplate":"https:\/\/legendarycarsonline.com\/fr\/?s={search_term_string}"},"query-input":{"@type":"PropertyValueSpecification","valueRequired":true,"valueName":"search_term_string"}}],"inLanguage":"fr-FR"},{"@type":"Organization","@id":"https:\/\/legendarycarsonline.com\/fr\/#organization","name":"Legendary Cars Online","url":"https:\/\/legendarycarsonline.com\/fr\/","logo":{"@type":"ImageObject","inLanguage":"fr-FR","@id":"https:\/\/legendarycarsonline.com\/fr\/#\/schema\/logo\/image\/","url":"https:\/\/legendarycarsonline.com\/wp-content\/uploads\/2021\/02\/Legendary-Cars-Online.png","contentUrl":"https:\/\/legendarycarsonline.com\/wp-content\/uploads\/2021\/02\/Legendary-Cars-Online.png","width":275,"height":216,"caption":"Legendary Cars Online"},"image":{"@id":"https:\/\/legendarycarsonline.com\/fr\/#\/schema\/logo\/image\/"},"sameAs":["https:\/\/www.facebook.com\/Legendary-Cars-Online-112758273845339"]}]}},"_links":{"self":[{"href":"https:\/\/legendarycarsonline.com\/fr\/wp-json\/wp\/v2\/product\/264222","targetHints":{"allow":["GET"]}}],"collection":[{"href":"https:\/\/legendarycarsonline.com\/fr\/wp-json\/wp\/v2\/product"}],"about":[{"href":"https:\/\/legendarycarsonline.com\/fr\/wp-json\/wp\/v2\/types\/product"}],"wp:featuredmedia":[{"embeddable":true,"href":"https:\/\/legendarycarsonline.com\/fr\/wp-json\/wp\/v2\/media\/264108"}],"wp:attachment":[{"href":"https:\/\/legendarycarsonline.com\/fr\/wp-json\/wp\/v2\/media?parent=264222"}],"wp:term":[{"taxonomy":"product_brand","embeddable":true,"href":"https:\/\/legendarycarsonline.com\/fr\/wp-json\/wp\/v2\/product_brand?post=264222"},{"taxonomy":"product_cat","embeddable":true,"href":"https:\/\/legendarycarsonline.com\/fr\/wp-json\/wp\/v2\/product_cat?post=264222"},{"taxonomy":"product_tag","embeddable":true,"href":"https:\/\/legendarycarsonline.com\/fr\/wp-json\/wp\/v2\/product_tag?post=264222"}],"curies":[{"name":"wp","href":"https:\/\/api.w.org\/{rel}","templated":true}]}}