
 {"id":264780,"date":"2022-08-05T20:36:58","date_gmt":"2022-08-06T03:39:29","guid":{"rendered":"https:\/\/legendarycarsonline.com\/product\/1969-ford-mustang-mach-1-q-code-428ci-cobra-jet-v8\/"},"modified":"2022-08-05T20:39:29","modified_gmt":"2022-08-06T03:39:29","slug":"1969-ford-mustang-mach-1-q-code-428ci-cobra-jet-v8-2","status":"publish","type":"product","link":"https:\/\/legendarycarsonline.com\/fr\/product\/1969-ford-mustang-mach-1-q-code-428ci-cobra-jet-v8-2\/","title":{"rendered":"1969 Ford Mustang Mach 1 \u00ab&nbsp;Q Code&nbsp;\u00bb 428Ci Cobra Jet V8"},"content":{"rendered":"<h2><strong>Sp\u00e9cificit\u00e9s d\u2019article<\/strong><\/h2>\n<div id=\"viTabs_0_is\" class=\"itemAttr\">\n<div class=\"section\">\n<table role=\"presentation\" width=\"100%\" cellspacing=\"0\" cellpadding=\"0\">\n<tbody>\n<tr>\n<td class=\"attrLabels\">Condition:<\/td>\n<td width=\"30.0%\">Occasion<\/td>\n<td class=\"attrLabels\">Ann\u00e9e:<\/td>\n<td width=\"30.0%\">1969<\/td>\n<\/tr>\n<tr>\n<td class=\"attrLabels\">VIN (num\u00e9ro d\u2019identification du v\u00e9hicule) :<\/td>\n<td width=\"30.0%\">\n<div class=\"ux-layout-section__row\">\n<div class=\"ux-labels-values__values\">\n<div class=\"ux-labels-values__values-content\">\n<div><span class=\"ux-textspans\">9R02Q1XXXXX<\/span><\/div>\n<\/div>\n<\/div>\n<\/div>\n<\/td>\n<td class=\"attrLabels\">Kilom\u00e9trage:<\/td>\n<td width=\"30.0%\">29324<\/td>\n<\/tr>\n<tr>\n<td class=\"attrLabels\">Options:<\/td>\n<td width=\"30.0%\">\u2014<\/td>\n<td class=\"attrLabels\">Titre du v\u00e9hicule:<\/td>\n<td width=\"30.0%\">\n<div class=\"ux-layout-section__row\">\n<div class=\"ux-labels-values__values\">\n<div class=\"ux-labels-values__values-content\">\n<div><span class=\"ux-textspans\">Propre<\/span><\/div>\n<\/div>\n<\/div>\n<\/div>\n<\/td>\n<\/tr>\n<tr>\n<td class=\"attrLabels\">Options d\u2019alimentation :<\/td>\n<td width=\"30.0%\">\u2014<\/td>\n<td class=\"attrLabels\">Couleur ext\u00e9rieure :<\/td>\n<td width=\"30.0%\">Rouge<\/td>\n<\/tr>\n<tr>\n<td class=\"attrLabels\">Marque:<\/td>\n<td width=\"30.0%\">Ford<\/td>\n<td class=\"attrLabels\">Couleur int\u00e9rieure:<\/td>\n<td width=\"30.0%\">Blanc<\/td>\n<\/tr>\n<tr>\n<td class=\"attrLabels\">Moteur:<\/td>\n<td width=\"30.0%\">\n<div>\n<div id=\"viTabs_0_is\" class=\"vim x-about-this-item\" data-testid=\"x-about-this-item\">\n<div class=\"ux-layout-section-module\" data-testid=\"ux-layout-section-module\">\n<div class=\"ux-layout-section ux-layout-section--features\" data-testid=\"ux-layout-section\">\n<div class=\"ux-layout-section__item ux-layout-section__item--table-view\" data-testid=\"ux-layout-section__item\">\n<div class=\"ux-layout-section__row\">\n<div class=\"ux-labels-values__values\">\n<div class=\"ux-labels-values__values-content\">\n<div><span class=\"ux-textspans\">428 Cobra Jet<\/span><\/div>\n<\/div>\n<\/div>\n<\/div>\n<\/div>\n<\/div>\n<\/div>\n<\/div>\n<\/div>\n<\/td>\n<td class=\"attrLabels\">Transmission:<\/td>\n<td width=\"30.0%\">Automatique<\/td>\n<\/tr>\n<tr>\n<td class=\"attrLabels\">Type de carburant :<\/td>\n<td width=\"30.0%\">Essence<\/td>\n<td class=\"attrLabels\">Garantie:<\/td>\n<td width=\"30.0%\">\n<div class=\"ux-layout-section__row\">\n<div class=\"ux-labels-values__values\">\n<div class=\"ux-labels-values__values-content\">\n<div><span class=\"ux-textspans\">Le v\u00e9hicule n\u2019a PAS de garantie existante<\/span><\/div>\n<\/div>\n<\/div>\n<\/div>\n<\/td>\n<\/tr>\n<tr>\n<td class=\"attrLabels\">ID de style :<\/td>\n<td width=\"30.0%\">0<\/td>\n<td class=\"attrLabels\">\u00c0 vendre par:<\/td>\n<td width=\"30.0%\">Concessionnaire<\/td>\n<\/tr>\n<tr>\n<td class=\"attrLabels\">Type de Carrosserie :<\/td>\n<td width=\"30.0%\">Fastback<\/td>\n<td class=\"attrLabels\">Mod\u00e8le:<\/td>\n<td width=\"30.0%\">Mustang Mach 1<\/td>\n<\/tr>\n<\/tbody>\n<\/table>\n<\/div>\n<\/div>\n<h2 class=\"x-item-title__sellerProvidedTitle\"><strong><span class=\"ux-textspans\">1969 Ford Mustang Mach 1 Q Code 428 Cobra Jet avec 29 000 Miles! 1 sur 1280 fabriqu\u00e9s!<\/span><\/strong><\/h2>\n<p style=\"font-weight: 400;\">  Vous regardez une Mustang Mach 1 de 1969 avec seulement 29 324 miles! Cette voiture a le souhaitable Q Code 428 Cobra Jet Engine! Ils n\u2019ont fabriqu\u00e9 que 1280 de ces voitures! Nous avons le rapport Marty pour v\u00e9rifier cela! Cette voiture est extr\u00eamement rare et ne fera que continuer \u00e0 augmenter en valeur!<\/p>\n<p style=\"font-weight: 400;\">  La carrosserie et la peinture sont en excellent \u00e9tat! Il n\u2019y a absolument pas de rouille sur cette voiture! La peinture est belle et plate pr\u00eate \u00e0 emporter les troph\u00e9es et montre et casse les cous partout o\u00f9 elle va! Les photos ne rendent pas justice \u00e0 cette voiture!<\/p>\n<p style=\"font-weight: 400;\">  L\u2019int\u00e9rieur est \u00e9galement en excellent \u00e9tat! Les panneaux de porte, les tapis, les si\u00e8ges, la garniture de toit, le tableau de bord, etc. sont tous en excellent \u00e9tat! Toutes les jauges et tous les accessoires fonctionnent comme ils le devraient! C\u2019est une voiture cl\u00e9 en main!<\/p>\n<p style=\"font-weight: 400;\">  Le moteur fonctionne non seulement de mani\u00e8re incroyable, mais il le semble aussi! La transmission automatique C6 passe tr\u00e8s bien comme il se doit! L\u2019arri\u00e8re est 3.50 Track Lock! La voiture a une direction assist\u00e9e et des freins \u00e0 disque, donc c\u2019est un plaisir de conduire! Le coffre et le train de roulement comme le reste de la voiture sont exempts de rouille! Cette voiture a certainement \u00e9t\u00e9 gar\u00e9e toute sa vie! C\u2019est comme une capsule temporelle!<\/p>\n<p>Occasion<\/p>\n<p>Waterbury (Connecticut)<\/p>\n","protected":false},"excerpt":{"rendered":"<p><a class=\"button  button_left button_full_width button_size_4 button_theme\" href=\"https:\/\/www.youtube.com\/shorts\/olFPJPQ8FGg\"      rel=\"prettyphoto \"   title=\"\"><span class=\"button_icon\"><i class=\"icon-play\"  aria-hidden=\"true\"><\/i><\/span><span class=\"button_label\">Regarder la vid\u00e9o de la voiture<\/span><\/a>\n<br \/>\n<a class=\"button  button_left button_full_width button_size_4 button_theme\" href=\"https:\/\/www.youtube.com\/shorts\/AQibQbOZ_WI\"      rel=\"prettyphoto \"   title=\"\"><span class=\"button_icon\"><i class=\"icon-play\"  aria-hidden=\"true\"><\/i><\/span><span class=\"button_label\">Regarder la vid\u00e9o de la voiture<\/span><\/a>\n<br \/>\n<a class=\"button  button_left button_full_width button_size_4 button_theme\" href=\"https:\/\/www.youtube.com\/shorts\/JvH29Jf_GjA\"      rel=\"prettyphoto \"   title=\"\"><span class=\"button_icon\"><i class=\"icon-play\"  aria-hidden=\"true\"><\/i><\/span><span class=\"button_label\">Regarder la vid\u00e9o de la voiture<\/span><\/a>\n<br \/>\n<a class=\"button  button_left button_full_width button_size_4 button_theme\" href=\"https:\/\/www.youtube.com\/shorts\/_EMO4goRf0Y\"      rel=\"prettyphoto \"   title=\"\"><span class=\"button_icon\"><i class=\"icon-play\"  aria-hidden=\"true\"><\/i><\/span><span class=\"button_label\">Regarder la vid\u00e9o de la voiture<\/span><\/a>\n<\/p>\n","protected":false},"featured_media":264669,"template":"","meta":[],"product_brand":[],"product_cat":[124,106,107],"product_tag":[],"class_list":{"0":"post-264780","1":"product","2":"type-product","3":"status-publish","4":"has-post-thumbnail","6":"product_cat-1969-fr","7":"product_cat-ford-fr","8":"product_cat-mustang-fr","10":"first","11":"instock","12":"featured","13":"sold-individually","14":"shipping-taxable","15":"purchasable","16":"product-type-simple"},"yoast_head":"<!-- This site is optimized with the Yoast SEO plugin v27.4 - https:\/\/yoast.com\/product\/yoast-seo-wordpress\/ -->\n<title>1969 Ford Mustang Mach 1 \u00ab&nbsp;Q Code&nbsp;\u00bb 428Ci Cobra Jet V8 - Voiture de collection \u00e0 vendre<\/title>\n<meta name=\"robots\" content=\"index, follow, max-snippet:-1, max-image-preview:large, max-video-preview:-1\" \/>\n<link rel=\"canonical\" href=\"https:\/\/legendarycarsonline.com\/fr\/product\/1969-ford-mustang-mach-1-q-code-428ci-cobra-jet-v8-2\/\" \/>\n<meta property=\"og:locale\" content=\"fr_FR\" \/>\n<meta property=\"og:type\" content=\"article\" \/>\n<meta property=\"og:title\" content=\"1969 Ford Mustang Mach 1 \u00ab&nbsp;Q Code&nbsp;\u00bb 428Ci Cobra Jet V8 - Voiture de collection \u00e0 vendre\" \/>\n<meta property=\"og:url\" content=\"https:\/\/legendarycarsonline.com\/fr\/product\/1969-ford-mustang-mach-1-q-code-428ci-cobra-jet-v8-2\/\" \/>\n<meta property=\"og:site_name\" content=\"Voiture de collection \u00e0 vendre\" \/>\n<meta property=\"article:publisher\" content=\"https:\/\/www.facebook.com\/Legendary-Cars-Online-112758273845339\" \/>\n<meta property=\"og:image\" content=\"https:\/\/legendarycarsonline.com\/wp-content\/uploads\/2022\/08\/501_2015437_16496455_12532411532022.jpg\" \/>\n\t<meta property=\"og:image:width\" content=\"900\" \/>\n\t<meta property=\"og:image:height\" content=\"675\" \/>\n\t<meta property=\"og:image:type\" content=\"image\/jpeg\" \/>\n<meta name=\"twitter:card\" content=\"summary_large_image\" \/>\n<meta name=\"twitter:label1\" content=\"Dur\u00e9e de lecture estim\u00e9e\" \/>\n\t<meta name=\"twitter:data1\" content=\"2 minutes\" \/>\n<script type=\"application\/ld+json\" class=\"yoast-schema-graph\">{\"@context\":\"https:\\\/\\\/schema.org\",\"@graph\":[{\"@type\":\"WebPage\",\"@id\":\"https:\\\/\\\/legendarycarsonline.com\\\/fr\\\/product\\\/1969-ford-mustang-mach-1-q-code-428ci-cobra-jet-v8-2\\\/\",\"url\":\"https:\\\/\\\/legendarycarsonline.com\\\/fr\\\/product\\\/1969-ford-mustang-mach-1-q-code-428ci-cobra-jet-v8-2\\\/\",\"name\":\"1969 Ford Mustang Mach 1 \u00ab&nbsp;Q Code&nbsp;\u00bb 428Ci Cobra Jet V8 - Voiture de collection \u00e0 vendre\",\"isPartOf\":{\"@id\":\"https:\\\/\\\/legendarycarsonline.com\\\/fr\\\/#website\"},\"primaryImageOfPage\":{\"@id\":\"https:\\\/\\\/legendarycarsonline.com\\\/fr\\\/product\\\/1969-ford-mustang-mach-1-q-code-428ci-cobra-jet-v8-2\\\/#primaryimage\"},\"image\":{\"@id\":\"https:\\\/\\\/legendarycarsonline.com\\\/fr\\\/product\\\/1969-ford-mustang-mach-1-q-code-428ci-cobra-jet-v8-2\\\/#primaryimage\"},\"thumbnailUrl\":\"https:\\\/\\\/legendarycarsonline.com\\\/wp-content\\\/uploads\\\/2022\\\/08\\\/501_2015437_16496455_12532411532022.jpg\",\"datePublished\":\"2022-08-06T03:39:29+00:00\",\"breadcrumb\":{\"@id\":\"https:\\\/\\\/legendarycarsonline.com\\\/fr\\\/product\\\/1969-ford-mustang-mach-1-q-code-428ci-cobra-jet-v8-2\\\/#breadcrumb\"},\"inLanguage\":\"fr-FR\",\"potentialAction\":[{\"@type\":\"ReadAction\",\"target\":[\"https:\\\/\\\/legendarycarsonline.com\\\/fr\\\/product\\\/1969-ford-mustang-mach-1-q-code-428ci-cobra-jet-v8-2\\\/\"]}]},{\"@type\":\"ImageObject\",\"inLanguage\":\"fr-FR\",\"@id\":\"https:\\\/\\\/legendarycarsonline.com\\\/fr\\\/product\\\/1969-ford-mustang-mach-1-q-code-428ci-cobra-jet-v8-2\\\/#primaryimage\",\"url\":\"https:\\\/\\\/legendarycarsonline.com\\\/wp-content\\\/uploads\\\/2022\\\/08\\\/501_2015437_16496455_12532411532022.jpg\",\"contentUrl\":\"https:\\\/\\\/legendarycarsonline.com\\\/wp-content\\\/uploads\\\/2022\\\/08\\\/501_2015437_16496455_12532411532022.jpg\",\"width\":900,\"height\":675},{\"@type\":\"BreadcrumbList\",\"@id\":\"https:\\\/\\\/legendarycarsonline.com\\\/fr\\\/product\\\/1969-ford-mustang-mach-1-q-code-428ci-cobra-jet-v8-2\\\/#breadcrumb\",\"itemListElement\":[{\"@type\":\"ListItem\",\"position\":1,\"name\":\"Shop Cars\",\"item\":\"https:\\\/\\\/legendarycarsonline.com\\\/shop-cars\\\/\"},{\"@type\":\"ListItem\",\"position\":2,\"name\":\"1969 Ford Mustang Mach 1 \u00ab&nbsp;Q Code&nbsp;\u00bb 428Ci Cobra Jet V8\"}]},{\"@type\":\"WebSite\",\"@id\":\"https:\\\/\\\/legendarycarsonline.com\\\/fr\\\/#website\",\"url\":\"https:\\\/\\\/legendarycarsonline.com\\\/fr\\\/\",\"name\":\"Voiture de collection \u00e0 vendre\",\"description\":\"\",\"publisher\":{\"@id\":\"https:\\\/\\\/legendarycarsonline.com\\\/fr\\\/#organization\"},\"potentialAction\":[{\"@type\":\"SearchAction\",\"target\":{\"@type\":\"EntryPoint\",\"urlTemplate\":\"https:\\\/\\\/legendarycarsonline.com\\\/fr\\\/?s={search_term_string}\"},\"query-input\":{\"@type\":\"PropertyValueSpecification\",\"valueRequired\":true,\"valueName\":\"search_term_string\"}}],\"inLanguage\":\"fr-FR\"},{\"@type\":\"Organization\",\"@id\":\"https:\\\/\\\/legendarycarsonline.com\\\/fr\\\/#organization\",\"name\":\"Legendary Cars Online\",\"url\":\"https:\\\/\\\/legendarycarsonline.com\\\/fr\\\/\",\"logo\":{\"@type\":\"ImageObject\",\"inLanguage\":\"fr-FR\",\"@id\":\"https:\\\/\\\/legendarycarsonline.com\\\/fr\\\/#\\\/schema\\\/logo\\\/image\\\/\",\"url\":\"https:\\\/\\\/legendarycarsonline.com\\\/wp-content\\\/uploads\\\/2021\\\/02\\\/Legendary-Cars-Online.png\",\"contentUrl\":\"https:\\\/\\\/legendarycarsonline.com\\\/wp-content\\\/uploads\\\/2021\\\/02\\\/Legendary-Cars-Online.png\",\"width\":275,\"height\":216,\"caption\":\"Legendary Cars Online\"},\"image\":{\"@id\":\"https:\\\/\\\/legendarycarsonline.com\\\/fr\\\/#\\\/schema\\\/logo\\\/image\\\/\"},\"sameAs\":[\"https:\\\/\\\/www.facebook.com\\\/Legendary-Cars-Online-112758273845339\"]}]}<\/script>\n<!-- \/ Yoast SEO plugin. -->","yoast_head_json":{"title":"1969 Ford Mustang Mach 1 \u00ab&nbsp;Q Code&nbsp;\u00bb 428Ci Cobra Jet V8 - Voiture de collection \u00e0 vendre","robots":{"index":"index","follow":"follow","max-snippet":"max-snippet:-1","max-image-preview":"max-image-preview:large","max-video-preview":"max-video-preview:-1"},"canonical":"https:\/\/legendarycarsonline.com\/fr\/product\/1969-ford-mustang-mach-1-q-code-428ci-cobra-jet-v8-2\/","og_locale":"fr_FR","og_type":"article","og_title":"1969 Ford Mustang Mach 1 \u00ab&nbsp;Q Code&nbsp;\u00bb 428Ci Cobra Jet V8 - Voiture de collection \u00e0 vendre","og_url":"https:\/\/legendarycarsonline.com\/fr\/product\/1969-ford-mustang-mach-1-q-code-428ci-cobra-jet-v8-2\/","og_site_name":"Voiture de collection \u00e0 vendre","article_publisher":"https:\/\/www.facebook.com\/Legendary-Cars-Online-112758273845339","og_image":[{"width":900,"height":675,"url":"https:\/\/legendarycarsonline.com\/wp-content\/uploads\/2022\/08\/501_2015437_16496455_12532411532022.jpg","type":"image\/jpeg"}],"twitter_card":"summary_large_image","twitter_misc":{"Dur\u00e9e de lecture estim\u00e9e":"2 minutes"},"schema":{"@context":"https:\/\/schema.org","@graph":[{"@type":"WebPage","@id":"https:\/\/legendarycarsonline.com\/fr\/product\/1969-ford-mustang-mach-1-q-code-428ci-cobra-jet-v8-2\/","url":"https:\/\/legendarycarsonline.com\/fr\/product\/1969-ford-mustang-mach-1-q-code-428ci-cobra-jet-v8-2\/","name":"1969 Ford Mustang Mach 1 \u00ab&nbsp;Q Code&nbsp;\u00bb 428Ci Cobra Jet V8 - Voiture de collection \u00e0 vendre","isPartOf":{"@id":"https:\/\/legendarycarsonline.com\/fr\/#website"},"primaryImageOfPage":{"@id":"https:\/\/legendarycarsonline.com\/fr\/product\/1969-ford-mustang-mach-1-q-code-428ci-cobra-jet-v8-2\/#primaryimage"},"image":{"@id":"https:\/\/legendarycarsonline.com\/fr\/product\/1969-ford-mustang-mach-1-q-code-428ci-cobra-jet-v8-2\/#primaryimage"},"thumbnailUrl":"https:\/\/legendarycarsonline.com\/wp-content\/uploads\/2022\/08\/501_2015437_16496455_12532411532022.jpg","datePublished":"2022-08-06T03:39:29+00:00","breadcrumb":{"@id":"https:\/\/legendarycarsonline.com\/fr\/product\/1969-ford-mustang-mach-1-q-code-428ci-cobra-jet-v8-2\/#breadcrumb"},"inLanguage":"fr-FR","potentialAction":[{"@type":"ReadAction","target":["https:\/\/legendarycarsonline.com\/fr\/product\/1969-ford-mustang-mach-1-q-code-428ci-cobra-jet-v8-2\/"]}]},{"@type":"ImageObject","inLanguage":"fr-FR","@id":"https:\/\/legendarycarsonline.com\/fr\/product\/1969-ford-mustang-mach-1-q-code-428ci-cobra-jet-v8-2\/#primaryimage","url":"https:\/\/legendarycarsonline.com\/wp-content\/uploads\/2022\/08\/501_2015437_16496455_12532411532022.jpg","contentUrl":"https:\/\/legendarycarsonline.com\/wp-content\/uploads\/2022\/08\/501_2015437_16496455_12532411532022.jpg","width":900,"height":675},{"@type":"BreadcrumbList","@id":"https:\/\/legendarycarsonline.com\/fr\/product\/1969-ford-mustang-mach-1-q-code-428ci-cobra-jet-v8-2\/#breadcrumb","itemListElement":[{"@type":"ListItem","position":1,"name":"Shop Cars","item":"https:\/\/legendarycarsonline.com\/shop-cars\/"},{"@type":"ListItem","position":2,"name":"1969 Ford Mustang Mach 1 \u00ab&nbsp;Q Code&nbsp;\u00bb 428Ci Cobra Jet V8"}]},{"@type":"WebSite","@id":"https:\/\/legendarycarsonline.com\/fr\/#website","url":"https:\/\/legendarycarsonline.com\/fr\/","name":"Voiture de collection \u00e0 vendre","description":"","publisher":{"@id":"https:\/\/legendarycarsonline.com\/fr\/#organization"},"potentialAction":[{"@type":"SearchAction","target":{"@type":"EntryPoint","urlTemplate":"https:\/\/legendarycarsonline.com\/fr\/?s={search_term_string}"},"query-input":{"@type":"PropertyValueSpecification","valueRequired":true,"valueName":"search_term_string"}}],"inLanguage":"fr-FR"},{"@type":"Organization","@id":"https:\/\/legendarycarsonline.com\/fr\/#organization","name":"Legendary Cars Online","url":"https:\/\/legendarycarsonline.com\/fr\/","logo":{"@type":"ImageObject","inLanguage":"fr-FR","@id":"https:\/\/legendarycarsonline.com\/fr\/#\/schema\/logo\/image\/","url":"https:\/\/legendarycarsonline.com\/wp-content\/uploads\/2021\/02\/Legendary-Cars-Online.png","contentUrl":"https:\/\/legendarycarsonline.com\/wp-content\/uploads\/2021\/02\/Legendary-Cars-Online.png","width":275,"height":216,"caption":"Legendary Cars Online"},"image":{"@id":"https:\/\/legendarycarsonline.com\/fr\/#\/schema\/logo\/image\/"},"sameAs":["https:\/\/www.facebook.com\/Legendary-Cars-Online-112758273845339"]}]}},"_links":{"self":[{"href":"https:\/\/legendarycarsonline.com\/fr\/wp-json\/wp\/v2\/product\/264780","targetHints":{"allow":["GET"]}}],"collection":[{"href":"https:\/\/legendarycarsonline.com\/fr\/wp-json\/wp\/v2\/product"}],"about":[{"href":"https:\/\/legendarycarsonline.com\/fr\/wp-json\/wp\/v2\/types\/product"}],"wp:featuredmedia":[{"embeddable":true,"href":"https:\/\/legendarycarsonline.com\/fr\/wp-json\/wp\/v2\/media\/264669"}],"wp:attachment":[{"href":"https:\/\/legendarycarsonline.com\/fr\/wp-json\/wp\/v2\/media?parent=264780"}],"wp:term":[{"taxonomy":"product_brand","embeddable":true,"href":"https:\/\/legendarycarsonline.com\/fr\/wp-json\/wp\/v2\/product_brand?post=264780"},{"taxonomy":"product_cat","embeddable":true,"href":"https:\/\/legendarycarsonline.com\/fr\/wp-json\/wp\/v2\/product_cat?post=264780"},{"taxonomy":"product_tag","embeddable":true,"href":"https:\/\/legendarycarsonline.com\/fr\/wp-json\/wp\/v2\/product_tag?post=264780"}],"curies":[{"name":"wp","href":"https:\/\/api.w.org\/{rel}","templated":true}]}}