
 {"id":265684,"date":"2022-08-18T14:31:00","date_gmt":"2022-08-18T21:39:41","guid":{"rendered":"https:\/\/legendarycarsonline.com\/product\/dodge-charger-318ci-v8-1969\/"},"modified":"2022-08-18T14:39:41","modified_gmt":"2022-08-18T21:39:41","slug":"1969-dodge-charger-318ci-v8-2","status":"publish","type":"product","link":"https:\/\/legendarycarsonline.com\/fr\/product\/1969-dodge-charger-318ci-v8-2\/","title":{"rendered":"Dodge Charger 318Ci V8 1969"},"content":{"rendered":"<h2><strong>Sp\u00e9cificit\u00e9s d\u2019article<\/strong><\/h2>\n<div id=\"viTabs_0_is\" class=\"itemAttr\">\n<div class=\"section\">\n<table role=\"presentation\" width=\"100%\" cellspacing=\"0\" cellpadding=\"0\">\n<tbody>\n<tr>\n<td class=\"attrLabels\">Condition:<\/td>\n<td width=\"30.0%\">Occasion<\/td>\n<td class=\"attrLabels\">Ann\u00e9e:<\/td>\n<td width=\"30.0%\">1968<\/td>\n<\/tr>\n<tr>\n<td class=\"attrLabels\">VIN (num\u00e9ro d\u2019identification du v\u00e9hicule) :<\/td>\n<td width=\"30.0%\">XP29F9B3XXXXX<\/td>\n<td class=\"attrLabels\">Kilom\u00e9trage:<\/td>\n<td width=\"30.0%\">1<\/td>\n<\/tr>\n<tr>\n<td class=\"attrLabels\">Options:<\/td>\n<td width=\"30.0%\">\u2014<\/td>\n<td class=\"attrLabels\">Titre du v\u00e9hicule:<\/td>\n<td width=\"30.0%\">\u2014<\/td>\n<\/tr>\n<tr>\n<td class=\"attrLabels\">Options d\u2019alimentation :<\/td>\n<td width=\"30.0%\">\u2014<\/td>\n<td class=\"attrLabels\">Couleur ext\u00e9rieure :<\/td>\n<td width=\"30.0%\">Violet<\/td>\n<\/tr>\n<tr>\n<td class=\"attrLabels\">Marque:<\/td>\n<td width=\"30.0%\">Dodge<\/td>\n<td class=\"attrLabels\">Couleur int\u00e9rieure:<\/td>\n<td width=\"30.0%\">Blanc<\/td>\n<\/tr>\n<tr>\n<td class=\"attrLabels\">Type de lecteur :<\/td>\n<td width=\"30.0%\">\u2014<\/td>\n<td class=\"attrLabels\">Transmission:<\/td>\n<td width=\"30.0%\">Automatique<\/td>\n<\/tr>\n<tr>\n<td class=\"attrLabels\">Moteur:<\/td>\n<td width=\"30.0%\">318<\/td>\n<td class=\"attrLabels\">Garantie:<\/td>\n<td width=\"30.0%\">Quelconque<\/td>\n<\/tr>\n<tr>\n<td class=\"attrLabels\">Type de carburant :<\/td>\n<td width=\"30.0%\">Essence<\/td>\n<td class=\"attrLabels\">\u00c0 vendre par:<\/td>\n<td width=\"30.0%\">Concessionnaire<\/td>\n<\/tr>\n<tr>\n<td class=\"attrLabels\">Type de Carrosserie :<\/td>\n<td width=\"30.0%\">Coupe<\/td>\n<td class=\"attrLabels\">Mod\u00e8le:<\/td>\n<td width=\"30.0%\">Charger<\/td>\n<\/tr>\n<\/tbody>\n<\/table>\n<\/div>\n<\/div>\n<h1 class=\"vdp-header-bar__title font-primary\"><strong>Dodge Charger 318Ci V8 1969<\/strong><\/h1>\n<p><strong><span class=\"vdp-header-bar__subtitle font-primary\">XP29 318CI SEAUX CONSOLE BELLE MUSCLE FIABLE<\/span><\/strong><\/p>\n<div class=\"box-group__header\">\n<h2 class=\"box-group__heading font-primary\"><strong>Description<\/strong><\/h2>\n<\/div>\n<div class=\"box-group__body\">\n<div class=\"show-more-area show-more-area--overflows show-more-area--expanded\">\n<div class=\"show-more-area__content\">\n<p>1969 Dodge Charger (# 972) GRANDE COULEUR COMBO-FIABLE! 318ci V8 Moteur (fonctionne tr\u00e8s bien) Transmission automatique Direction assist\u00e9e Freins s\u2019arr\u00eatent bien La peinture est en bon \u00e9tat Les lignes de carrosserie sont bonnes Bourrages de porte propres Le dessus en vinyle est en bon \u00e9tat Vitre et garniture en bon \u00e9tat Coupe-froid En bon \u00e9tat Int\u00e9rieur en bon \u00e9tat Volant d\u2019usine Si\u00e8ges baquets avec console centrale d\u2019origine Groupe de tableaux de bord am\u00e9lior\u00e9 en excellent \u00e9tat Syst\u00e8me st\u00e9r\u00e9o plus r\u00e9cent Mis \u00e0 niveau En dessous est en bon \u00e9tat Suspension rides comme il se doit Assis sur BFG Radials Restauration plus ancienne &#8211; montre bien Drives et s\u2019arr\u00eate super &#8211; Fiable !! Super prix ne durera pas longtemps!<\/p>\n<p>Occasion<\/p>\n<p>Addison, IL<\/p>\n<\/div>\n<\/div>\n<\/div>\n","protected":false},"excerpt":{"rendered":"<p>Sp\u00e9cificit\u00e9s d\u2019article Condition: Occasion Ann\u00e9e: 1968 VIN (num\u00e9ro d\u2019identification du v\u00e9hicule) : XP29F9B3XXXXX Kilom\u00e9trage: 1 Options: \u2014 Titre du v\u00e9hicule: \u2014 Options d\u2019alimentation : \u2014 Couleur<span class=\"excerpt-hellip\"> [\u2026]<\/span><\/p>\n","protected":false},"featured_media":265682,"template":"","meta":[],"product_brand":[],"product_cat":[124,122,121],"product_tag":[],"class_list":{"0":"post-265684","1":"product","2":"type-product","3":"status-publish","4":"has-post-thumbnail","6":"product_cat-1969-fr","7":"product_cat-charger","8":"product_cat-dodge-fr","10":"first","11":"instock","12":"featured","13":"sold-individually","14":"shipping-taxable","15":"purchasable","16":"product-type-simple"},"yoast_head":"<!-- This site is optimized with the Yoast SEO plugin v27.4 - https:\/\/yoast.com\/product\/yoast-seo-wordpress\/ -->\n<title>Dodge Charger 318Ci V8 1969 - Voiture de collection \u00e0 vendre<\/title>\n<meta name=\"robots\" content=\"index, follow, max-snippet:-1, max-image-preview:large, max-video-preview:-1\" \/>\n<link rel=\"canonical\" href=\"https:\/\/legendarycarsonline.com\/fr\/product\/1969-dodge-charger-318ci-v8-2\/\" \/>\n<meta property=\"og:locale\" content=\"fr_FR\" \/>\n<meta property=\"og:type\" content=\"article\" \/>\n<meta property=\"og:title\" content=\"Dodge Charger 318Ci V8 1969 - Voiture de collection \u00e0 vendre\" \/>\n<meta property=\"og:description\" content=\"Sp\u00e9cificit\u00e9s d\u2019article Condition: Occasion Ann\u00e9e: 1968 VIN (num\u00e9ro d\u2019identification du v\u00e9hicule) : XP29F9B3XXXXX Kilom\u00e9trage: 1 Options: \u2014 Titre du v\u00e9hicule: \u2014 Options d\u2019alimentation : \u2014 Couleur [\u2026]\" \/>\n<meta property=\"og:url\" content=\"https:\/\/legendarycarsonline.com\/fr\/product\/1969-dodge-charger-318ci-v8-2\/\" \/>\n<meta property=\"og:site_name\" content=\"Voiture de collection \u00e0 vendre\" \/>\n<meta property=\"article:publisher\" content=\"https:\/\/www.facebook.com\/Legendary-Cars-Online-112758273845339\" \/>\n<meta property=\"og:image\" content=\"https:\/\/legendarycarsonline.com\/wp-content\/uploads\/2022\/08\/1-2.jpg\" \/>\n\t<meta property=\"og:image:width\" content=\"795\" \/>\n\t<meta property=\"og:image:height\" content=\"421\" \/>\n\t<meta property=\"og:image:type\" content=\"image\/jpeg\" \/>\n<meta name=\"twitter:card\" content=\"summary_large_image\" \/>\n<meta name=\"twitter:label1\" content=\"Dur\u00e9e de lecture estim\u00e9e\" \/>\n\t<meta name=\"twitter:data1\" content=\"1 minute\" \/>\n<script type=\"application\/ld+json\" class=\"yoast-schema-graph\">{\"@context\":\"https:\\\/\\\/schema.org\",\"@graph\":[{\"@type\":\"WebPage\",\"@id\":\"https:\\\/\\\/legendarycarsonline.com\\\/fr\\\/product\\\/1969-dodge-charger-318ci-v8-2\\\/\",\"url\":\"https:\\\/\\\/legendarycarsonline.com\\\/fr\\\/product\\\/1969-dodge-charger-318ci-v8-2\\\/\",\"name\":\"Dodge Charger 318Ci V8 1969 - Voiture de collection \u00e0 vendre\",\"isPartOf\":{\"@id\":\"https:\\\/\\\/legendarycarsonline.com\\\/fr\\\/#website\"},\"primaryImageOfPage\":{\"@id\":\"https:\\\/\\\/legendarycarsonline.com\\\/fr\\\/product\\\/1969-dodge-charger-318ci-v8-2\\\/#primaryimage\"},\"image\":{\"@id\":\"https:\\\/\\\/legendarycarsonline.com\\\/fr\\\/product\\\/1969-dodge-charger-318ci-v8-2\\\/#primaryimage\"},\"thumbnailUrl\":\"https:\\\/\\\/legendarycarsonline.com\\\/wp-content\\\/uploads\\\/2022\\\/08\\\/1-2.jpg\",\"datePublished\":\"2022-08-18T21:39:41+00:00\",\"breadcrumb\":{\"@id\":\"https:\\\/\\\/legendarycarsonline.com\\\/fr\\\/product\\\/1969-dodge-charger-318ci-v8-2\\\/#breadcrumb\"},\"inLanguage\":\"fr-FR\",\"potentialAction\":[{\"@type\":\"ReadAction\",\"target\":[\"https:\\\/\\\/legendarycarsonline.com\\\/fr\\\/product\\\/1969-dodge-charger-318ci-v8-2\\\/\"]}]},{\"@type\":\"ImageObject\",\"inLanguage\":\"fr-FR\",\"@id\":\"https:\\\/\\\/legendarycarsonline.com\\\/fr\\\/product\\\/1969-dodge-charger-318ci-v8-2\\\/#primaryimage\",\"url\":\"https:\\\/\\\/legendarycarsonline.com\\\/wp-content\\\/uploads\\\/2022\\\/08\\\/1-2.jpg\",\"contentUrl\":\"https:\\\/\\\/legendarycarsonline.com\\\/wp-content\\\/uploads\\\/2022\\\/08\\\/1-2.jpg\",\"width\":795,\"height\":421},{\"@type\":\"BreadcrumbList\",\"@id\":\"https:\\\/\\\/legendarycarsonline.com\\\/fr\\\/product\\\/1969-dodge-charger-318ci-v8-2\\\/#breadcrumb\",\"itemListElement\":[{\"@type\":\"ListItem\",\"position\":1,\"name\":\"Shop Cars\",\"item\":\"https:\\\/\\\/legendarycarsonline.com\\\/shop-cars\\\/\"},{\"@type\":\"ListItem\",\"position\":2,\"name\":\"Dodge Charger 318Ci V8 1969\"}]},{\"@type\":\"WebSite\",\"@id\":\"https:\\\/\\\/legendarycarsonline.com\\\/fr\\\/#website\",\"url\":\"https:\\\/\\\/legendarycarsonline.com\\\/fr\\\/\",\"name\":\"Voiture de collection \u00e0 vendre\",\"description\":\"\",\"publisher\":{\"@id\":\"https:\\\/\\\/legendarycarsonline.com\\\/fr\\\/#organization\"},\"potentialAction\":[{\"@type\":\"SearchAction\",\"target\":{\"@type\":\"EntryPoint\",\"urlTemplate\":\"https:\\\/\\\/legendarycarsonline.com\\\/fr\\\/?s={search_term_string}\"},\"query-input\":{\"@type\":\"PropertyValueSpecification\",\"valueRequired\":true,\"valueName\":\"search_term_string\"}}],\"inLanguage\":\"fr-FR\"},{\"@type\":\"Organization\",\"@id\":\"https:\\\/\\\/legendarycarsonline.com\\\/fr\\\/#organization\",\"name\":\"Legendary Cars Online\",\"url\":\"https:\\\/\\\/legendarycarsonline.com\\\/fr\\\/\",\"logo\":{\"@type\":\"ImageObject\",\"inLanguage\":\"fr-FR\",\"@id\":\"https:\\\/\\\/legendarycarsonline.com\\\/fr\\\/#\\\/schema\\\/logo\\\/image\\\/\",\"url\":\"https:\\\/\\\/legendarycarsonline.com\\\/wp-content\\\/uploads\\\/2021\\\/02\\\/Legendary-Cars-Online.png\",\"contentUrl\":\"https:\\\/\\\/legendarycarsonline.com\\\/wp-content\\\/uploads\\\/2021\\\/02\\\/Legendary-Cars-Online.png\",\"width\":275,\"height\":216,\"caption\":\"Legendary Cars Online\"},\"image\":{\"@id\":\"https:\\\/\\\/legendarycarsonline.com\\\/fr\\\/#\\\/schema\\\/logo\\\/image\\\/\"},\"sameAs\":[\"https:\\\/\\\/www.facebook.com\\\/Legendary-Cars-Online-112758273845339\"]}]}<\/script>\n<!-- \/ Yoast SEO plugin. -->","yoast_head_json":{"title":"Dodge Charger 318Ci V8 1969 - Voiture de collection \u00e0 vendre","robots":{"index":"index","follow":"follow","max-snippet":"max-snippet:-1","max-image-preview":"max-image-preview:large","max-video-preview":"max-video-preview:-1"},"canonical":"https:\/\/legendarycarsonline.com\/fr\/product\/1969-dodge-charger-318ci-v8-2\/","og_locale":"fr_FR","og_type":"article","og_title":"Dodge Charger 318Ci V8 1969 - Voiture de collection \u00e0 vendre","og_description":"Sp\u00e9cificit\u00e9s d\u2019article Condition: Occasion Ann\u00e9e: 1968 VIN (num\u00e9ro d\u2019identification du v\u00e9hicule) : XP29F9B3XXXXX Kilom\u00e9trage: 1 Options: \u2014 Titre du v\u00e9hicule: \u2014 Options d\u2019alimentation : \u2014 Couleur [\u2026]","og_url":"https:\/\/legendarycarsonline.com\/fr\/product\/1969-dodge-charger-318ci-v8-2\/","og_site_name":"Voiture de collection \u00e0 vendre","article_publisher":"https:\/\/www.facebook.com\/Legendary-Cars-Online-112758273845339","og_image":[{"width":795,"height":421,"url":"https:\/\/legendarycarsonline.com\/wp-content\/uploads\/2022\/08\/1-2.jpg","type":"image\/jpeg"}],"twitter_card":"summary_large_image","twitter_misc":{"Dur\u00e9e de lecture estim\u00e9e":"1 minute"},"schema":{"@context":"https:\/\/schema.org","@graph":[{"@type":"WebPage","@id":"https:\/\/legendarycarsonline.com\/fr\/product\/1969-dodge-charger-318ci-v8-2\/","url":"https:\/\/legendarycarsonline.com\/fr\/product\/1969-dodge-charger-318ci-v8-2\/","name":"Dodge Charger 318Ci V8 1969 - Voiture de collection \u00e0 vendre","isPartOf":{"@id":"https:\/\/legendarycarsonline.com\/fr\/#website"},"primaryImageOfPage":{"@id":"https:\/\/legendarycarsonline.com\/fr\/product\/1969-dodge-charger-318ci-v8-2\/#primaryimage"},"image":{"@id":"https:\/\/legendarycarsonline.com\/fr\/product\/1969-dodge-charger-318ci-v8-2\/#primaryimage"},"thumbnailUrl":"https:\/\/legendarycarsonline.com\/wp-content\/uploads\/2022\/08\/1-2.jpg","datePublished":"2022-08-18T21:39:41+00:00","breadcrumb":{"@id":"https:\/\/legendarycarsonline.com\/fr\/product\/1969-dodge-charger-318ci-v8-2\/#breadcrumb"},"inLanguage":"fr-FR","potentialAction":[{"@type":"ReadAction","target":["https:\/\/legendarycarsonline.com\/fr\/product\/1969-dodge-charger-318ci-v8-2\/"]}]},{"@type":"ImageObject","inLanguage":"fr-FR","@id":"https:\/\/legendarycarsonline.com\/fr\/product\/1969-dodge-charger-318ci-v8-2\/#primaryimage","url":"https:\/\/legendarycarsonline.com\/wp-content\/uploads\/2022\/08\/1-2.jpg","contentUrl":"https:\/\/legendarycarsonline.com\/wp-content\/uploads\/2022\/08\/1-2.jpg","width":795,"height":421},{"@type":"BreadcrumbList","@id":"https:\/\/legendarycarsonline.com\/fr\/product\/1969-dodge-charger-318ci-v8-2\/#breadcrumb","itemListElement":[{"@type":"ListItem","position":1,"name":"Shop Cars","item":"https:\/\/legendarycarsonline.com\/shop-cars\/"},{"@type":"ListItem","position":2,"name":"Dodge Charger 318Ci V8 1969"}]},{"@type":"WebSite","@id":"https:\/\/legendarycarsonline.com\/fr\/#website","url":"https:\/\/legendarycarsonline.com\/fr\/","name":"Voiture de collection \u00e0 vendre","description":"","publisher":{"@id":"https:\/\/legendarycarsonline.com\/fr\/#organization"},"potentialAction":[{"@type":"SearchAction","target":{"@type":"EntryPoint","urlTemplate":"https:\/\/legendarycarsonline.com\/fr\/?s={search_term_string}"},"query-input":{"@type":"PropertyValueSpecification","valueRequired":true,"valueName":"search_term_string"}}],"inLanguage":"fr-FR"},{"@type":"Organization","@id":"https:\/\/legendarycarsonline.com\/fr\/#organization","name":"Legendary Cars Online","url":"https:\/\/legendarycarsonline.com\/fr\/","logo":{"@type":"ImageObject","inLanguage":"fr-FR","@id":"https:\/\/legendarycarsonline.com\/fr\/#\/schema\/logo\/image\/","url":"https:\/\/legendarycarsonline.com\/wp-content\/uploads\/2021\/02\/Legendary-Cars-Online.png","contentUrl":"https:\/\/legendarycarsonline.com\/wp-content\/uploads\/2021\/02\/Legendary-Cars-Online.png","width":275,"height":216,"caption":"Legendary Cars Online"},"image":{"@id":"https:\/\/legendarycarsonline.com\/fr\/#\/schema\/logo\/image\/"},"sameAs":["https:\/\/www.facebook.com\/Legendary-Cars-Online-112758273845339"]}]}},"_links":{"self":[{"href":"https:\/\/legendarycarsonline.com\/fr\/wp-json\/wp\/v2\/product\/265684","targetHints":{"allow":["GET"]}}],"collection":[{"href":"https:\/\/legendarycarsonline.com\/fr\/wp-json\/wp\/v2\/product"}],"about":[{"href":"https:\/\/legendarycarsonline.com\/fr\/wp-json\/wp\/v2\/types\/product"}],"wp:featuredmedia":[{"embeddable":true,"href":"https:\/\/legendarycarsonline.com\/fr\/wp-json\/wp\/v2\/media\/265682"}],"wp:attachment":[{"href":"https:\/\/legendarycarsonline.com\/fr\/wp-json\/wp\/v2\/media?parent=265684"}],"wp:term":[{"taxonomy":"product_brand","embeddable":true,"href":"https:\/\/legendarycarsonline.com\/fr\/wp-json\/wp\/v2\/product_brand?post=265684"},{"taxonomy":"product_cat","embeddable":true,"href":"https:\/\/legendarycarsonline.com\/fr\/wp-json\/wp\/v2\/product_cat?post=265684"},{"taxonomy":"product_tag","embeddable":true,"href":"https:\/\/legendarycarsonline.com\/fr\/wp-json\/wp\/v2\/product_tag?post=265684"}],"curies":[{"name":"wp","href":"https:\/\/api.w.org\/{rel}","templated":true}]}}