
 {"id":265928,"date":"2022-08-18T16:25:34","date_gmt":"2022-08-18T23:27:11","guid":{"rendered":"https:\/\/legendarycarsonline.com\/product\/1971-pontiac-firebird-461ci-stroker-v8-4-vitesses-manuelle\/"},"modified":"2022-08-18T16:42:27","modified_gmt":"2022-08-18T23:42:27","slug":"1971-pontiac-firebird-461ci-stroker-v8-4-speed-manual","status":"publish","type":"product","link":"https:\/\/legendarycarsonline.com\/fr\/product\/1971-pontiac-firebird-461ci-stroker-v8-4-speed-manual\/","title":{"rendered":"1971 Pontiac Firebird 461Ci Stroker V8 4 vitesses manuelle"},"content":{"rendered":"<h2><strong>Sp\u00e9cificit\u00e9s d\u2019article<\/strong><\/h2>\n<div id=\"viTabs_0_is\" class=\"itemAttr\">\n<div class=\"section\">\n<table role=\"presentation\" width=\"100%\" cellspacing=\"0\" cellpadding=\"0\">\n<tbody>\n<tr>\n<td class=\"attrLabels\">Condition:<\/td>\n<td width=\"30.0%\">Occasion<\/td>\n<td class=\"attrLabels\">Ann\u00e9e:<\/td>\n<td width=\"30.0%\">1971<\/td>\n<\/tr>\n<tr>\n<td class=\"attrLabels\">VIN (num\u00e9ro d\u2019identification du v\u00e9hicule) :<\/td>\n<td width=\"30.0%\">223871N1XXXXX<\/td>\n<td class=\"attrLabels\">Kilom\u00e9trage:<\/td>\n<td width=\"30.0%\">13149<\/td>\n<\/tr>\n<tr>\n<td class=\"attrLabels\">Options:<\/td>\n<td width=\"30.0%\">\u2014<\/td>\n<td class=\"attrLabels\">Titre du v\u00e9hicule:<\/td>\n<td width=\"30.0%\">\u2014<\/td>\n<\/tr>\n<tr>\n<td class=\"attrLabels\">Options d\u2019alimentation :<\/td>\n<td width=\"30.0%\">\u2014<\/td>\n<td class=\"attrLabels\">Couleur ext\u00e9rieure :<\/td>\n<td width=\"30.0%\">Bleu fonc\u00e9<\/td>\n<\/tr>\n<tr>\n<td class=\"attrLabels\">Marque:<\/td>\n<td width=\"30.0%\">Pontiac<\/td>\n<td class=\"attrLabels\">Couleur int\u00e9rieure:<\/td>\n<td width=\"30.0%\">Noir<\/td>\n<\/tr>\n<tr>\n<td class=\"attrLabels\">Couper:<\/td>\n<td width=\"30.0%\">461 Stroker, PB PS 4 vitesses<\/td>\n<td class=\"attrLabels\">Transmission:<\/td>\n<td width=\"30.0%\">Automatique<\/td>\n<\/tr>\n<tr>\n<td class=\"attrLabels\">Moteur:<\/td>\n<td width=\"30.0%\">461 Stroker<\/td>\n<td class=\"attrLabels\">Garantie:<\/td>\n<td width=\"30.0%\">Quelconque<\/td>\n<\/tr>\n<tr>\n<td class=\"attrLabels\">Type de carburant :<\/td>\n<td width=\"30.0%\">Essence<\/td>\n<td class=\"attrLabels\">\u00c0 vendre par:<\/td>\n<td width=\"30.0%\">Concessionnaire<\/td>\n<\/tr>\n<tr>\n<td class=\"attrLabels\">ID de style :<\/td>\n<td width=\"30.0%\">0<\/td>\n<td class=\"attrLabels\">Mod\u00e8le:<\/td>\n<td width=\"30.0%\">Firebird<\/td>\n<\/tr>\n<tr>\n<td class=\"attrLabels\">Type de Carrosserie :<\/td>\n<td width=\"30.0%\">Coupe<\/td>\n<\/tr>\n<\/tbody>\n<\/table>\n<\/div>\n<\/div>\n<p>&nbsp;<\/p>\n<p><strong style=\"font-size: 48px;\">PONTIAC FIREBIRD 461 AVC 1971, PB PS \u00c0 4 VITESSES<\/strong><\/p>\n<header class=\"inventory-detailed-details-header hidden-print\">\n<div class=\"container-fluid hidden-xs\">\n<div class=\"inventory-detailed-details-nav col-md-4 col-lg-6 col-sm-6 col-xs-12\">\n<p>&nbsp;<\/p>\n<p class=\"inventory-detailed-internet-price\"><strong style=\"font-size: 25px;\">1971 Pontiac Firebird peinte dans une nuance sombre de bleu nuit m\u00e9tallis\u00e9 avec capot de tuba double Formule, aileron arri\u00e8re et badges Formula. Tr\u00e8s bel int\u00e9rieur de si\u00e8ge baquet noir, console centrale, superbe tableau de bord avec tach et jauges, Hurst 4 vitesses sur le sol et un toit ouvrant r\u00e9tro cool. Sous le capot se trouve une centrale \u00e9lectrique \u00e0 chenilles en caoutchouc 461 c.i. construite pour br\u00fbler et \u00e9galement bien \u00e9quip\u00e9e avec une direction assist\u00e9e et des freins \u00e0 disque avant assist\u00e9s. Cette American Dream Machine roule sur des jantes de rallye Pontiac correctes avec de nouvelles bagues de garniture et de nouvelles radiales BF Goodrich \u00e0 lettres blanches pour mettre le caoutchouc sur la route.  <\/strong><\/p>\n<\/div>\n<\/div>\n<\/header>\n<div id=\"stock_options\" class=\"inventory-detailed-description visible-print-block\">\n<h4><strong>Ext\u00e9rieur:<\/strong><\/h4>\n<ul>\n<li>Peinture transparente \u00e0 base m\u00e9tallique bleu nuit<\/li>\n<li>Formule double capuche de tuba<\/li>\n<li>Pare-chocs arri\u00e8re chrom\u00e9 plus nouveau<\/li>\n<li>Nez et grilles propres et bien ajust\u00e9s<\/li>\n<li>Spoiler arri\u00e8re<\/li>\n<li>Roues de rallye avec de nouveaux anneaux de garniture<\/li>\n<li>Nouveaux pneus BF Goodrich Radial T\/A<\/li>\n<\/ul>\n<h4><strong>Int\u00e9rieur:<\/strong><\/h4>\n<ul>\n<li>Rembourrage plus r\u00e9cent sur les si\u00e8ges baquets d\u2019usine<\/li>\n<li>Console centrale<\/li>\n<li>Hurst shifter avec la bille blanche<\/li>\n<li>Excellent tableau de bord avec grain de bois<\/li>\n<li>Tach et jauges<\/li>\n<li>Volant de formule<\/li>\n<\/ul>\n<h4><strong>M\u00e9canique:<\/strong><\/h4>\n<ul>\n<li>Construit 461 c.i.stroker moteur<\/li>\n<li>Tiges d\u2019aigle<\/li>\n<li>Vilebrequin Eagle<\/li>\n<li>Comp Cam<\/li>\n<li>Cha\u00eene de distribution \u00e0 double rouleau<\/li>\n<li>Pistons forg\u00e9s<\/li>\n<li>Assist\u00e9e<\/li>\n<li>Freins \u00e0 disque avant de puissance<\/li>\n<li>Couvercles de valve chrom\u00e9s et nettoyeur d\u2019air<\/li>\n<li>Apport de Pontiac avec Holley carb<\/li>\n<li>Borg Warner Super T10 4 vitesses<\/li>\n<li>Posi-traction arri\u00e8re avec 3.25 vitesses<\/li>\n<\/ul>\n<h4><strong>Ch\u00e2ssis:<\/strong><\/h4>\n<ul>\n<li>Propre et solide<\/li>\n<\/ul>\n<\/div>\n<p>Occasion<\/p>\n<p>Des Moines, IA<\/p>\n","protected":false},"excerpt":{"rendered":"<p>Sp\u00e9cificit\u00e9s d\u2019article Condition: Occasion Ann\u00e9e: 1971 VIN (num\u00e9ro d\u2019identification du v\u00e9hicule) : 223871N1XXXXX Kilom\u00e9trage: 13149 Options: \u2014 Titre du v\u00e9hicule: \u2014 Options d\u2019alimentation : \u2014 Couleur<span class=\"excerpt-hellip\"> [\u2026]<\/span><\/p>\n","protected":false},"featured_media":265923,"template":"","meta":[],"product_brand":[],"product_cat":[117,149,119],"product_tag":[],"class_list":{"0":"post-265928","1":"product","2":"type-product","3":"status-publish","4":"has-post-thumbnail","6":"product_cat-1971-fr","7":"product_cat-firebird-fr","8":"product_cat-pontiac-fr","10":"first","11":"instock","12":"featured","13":"sold-individually","14":"shipping-taxable","15":"purchasable","16":"product-type-simple"},"yoast_head":"<!-- This site is optimized with the Yoast SEO plugin v27.4 - https:\/\/yoast.com\/product\/yoast-seo-wordpress\/ -->\n<title>1971 Pontiac Firebird 461Ci Stroker V8 4 vitesses manuelle - Voiture de collection \u00e0 vendre<\/title>\n<meta name=\"robots\" content=\"index, follow, max-snippet:-1, max-image-preview:large, max-video-preview:-1\" \/>\n<link rel=\"canonical\" href=\"https:\/\/legendarycarsonline.com\/fr\/product\/1971-pontiac-firebird-461ci-stroker-v8-4-speed-manual\/\" \/>\n<meta property=\"og:locale\" content=\"fr_FR\" \/>\n<meta property=\"og:type\" content=\"article\" \/>\n<meta property=\"og:title\" content=\"1971 Pontiac Firebird 461Ci Stroker V8 4 vitesses manuelle - Voiture de collection \u00e0 vendre\" \/>\n<meta property=\"og:description\" content=\"Sp\u00e9cificit\u00e9s d\u2019article Condition: Occasion Ann\u00e9e: 1971 VIN (num\u00e9ro d\u2019identification du v\u00e9hicule) : 223871N1XXXXX Kilom\u00e9trage: 13149 Options: \u2014 Titre du v\u00e9hicule: \u2014 Options d\u2019alimentation : \u2014 Couleur [\u2026]\" \/>\n<meta property=\"og:url\" content=\"https:\/\/legendarycarsonline.com\/fr\/product\/1971-pontiac-firebird-461ci-stroker-v8-4-speed-manual\/\" \/>\n<meta property=\"og:site_name\" content=\"Voiture de collection \u00e0 vendre\" \/>\n<meta property=\"article:publisher\" content=\"https:\/\/www.facebook.com\/Legendary-Cars-Online-112758273845339\" \/>\n<meta property=\"article:modified_time\" content=\"2022-08-18T23:42:27+00:00\" \/>\n<meta property=\"og:image\" content=\"https:\/\/legendarycarsonline.com\/wp-content\/uploads\/2022\/08\/1299_p21_l.jpg\" \/>\n\t<meta property=\"og:image:width\" content=\"1920\" \/>\n\t<meta property=\"og:image:height\" content=\"1280\" \/>\n\t<meta property=\"og:image:type\" content=\"image\/jpeg\" \/>\n<meta name=\"twitter:card\" content=\"summary_large_image\" \/>\n<meta name=\"twitter:label1\" content=\"Dur\u00e9e de lecture estim\u00e9e\" \/>\n\t<meta name=\"twitter:data1\" content=\"2 minutes\" \/>\n<script type=\"application\/ld+json\" class=\"yoast-schema-graph\">{\"@context\":\"https:\\\/\\\/schema.org\",\"@graph\":[{\"@type\":\"WebPage\",\"@id\":\"https:\\\/\\\/legendarycarsonline.com\\\/fr\\\/product\\\/1971-pontiac-firebird-461ci-stroker-v8-4-speed-manual\\\/\",\"url\":\"https:\\\/\\\/legendarycarsonline.com\\\/fr\\\/product\\\/1971-pontiac-firebird-461ci-stroker-v8-4-speed-manual\\\/\",\"name\":\"1971 Pontiac Firebird 461Ci Stroker V8 4 vitesses manuelle - Voiture de collection \u00e0 vendre\",\"isPartOf\":{\"@id\":\"https:\\\/\\\/legendarycarsonline.com\\\/fr\\\/#website\"},\"primaryImageOfPage\":{\"@id\":\"https:\\\/\\\/legendarycarsonline.com\\\/fr\\\/product\\\/1971-pontiac-firebird-461ci-stroker-v8-4-speed-manual\\\/#primaryimage\"},\"image\":{\"@id\":\"https:\\\/\\\/legendarycarsonline.com\\\/fr\\\/product\\\/1971-pontiac-firebird-461ci-stroker-v8-4-speed-manual\\\/#primaryimage\"},\"thumbnailUrl\":\"https:\\\/\\\/legendarycarsonline.com\\\/wp-content\\\/uploads\\\/2022\\\/08\\\/1299_p21_l.jpg\",\"datePublished\":\"2022-08-18T23:27:11+00:00\",\"dateModified\":\"2022-08-18T23:42:27+00:00\",\"breadcrumb\":{\"@id\":\"https:\\\/\\\/legendarycarsonline.com\\\/fr\\\/product\\\/1971-pontiac-firebird-461ci-stroker-v8-4-speed-manual\\\/#breadcrumb\"},\"inLanguage\":\"fr-FR\",\"potentialAction\":[{\"@type\":\"ReadAction\",\"target\":[\"https:\\\/\\\/legendarycarsonline.com\\\/fr\\\/product\\\/1971-pontiac-firebird-461ci-stroker-v8-4-speed-manual\\\/\"]}]},{\"@type\":\"ImageObject\",\"inLanguage\":\"fr-FR\",\"@id\":\"https:\\\/\\\/legendarycarsonline.com\\\/fr\\\/product\\\/1971-pontiac-firebird-461ci-stroker-v8-4-speed-manual\\\/#primaryimage\",\"url\":\"https:\\\/\\\/legendarycarsonline.com\\\/wp-content\\\/uploads\\\/2022\\\/08\\\/1299_p21_l.jpg\",\"contentUrl\":\"https:\\\/\\\/legendarycarsonline.com\\\/wp-content\\\/uploads\\\/2022\\\/08\\\/1299_p21_l.jpg\",\"width\":1920,\"height\":1280},{\"@type\":\"BreadcrumbList\",\"@id\":\"https:\\\/\\\/legendarycarsonline.com\\\/fr\\\/product\\\/1971-pontiac-firebird-461ci-stroker-v8-4-speed-manual\\\/#breadcrumb\",\"itemListElement\":[{\"@type\":\"ListItem\",\"position\":1,\"name\":\"Shop Cars\",\"item\":\"https:\\\/\\\/legendarycarsonline.com\\\/shop-cars\\\/\"},{\"@type\":\"ListItem\",\"position\":2,\"name\":\"1971 Pontiac Firebird 461Ci Stroker V8 4 vitesses manuelle\"}]},{\"@type\":\"WebSite\",\"@id\":\"https:\\\/\\\/legendarycarsonline.com\\\/fr\\\/#website\",\"url\":\"https:\\\/\\\/legendarycarsonline.com\\\/fr\\\/\",\"name\":\"Voiture de collection \u00e0 vendre\",\"description\":\"\",\"publisher\":{\"@id\":\"https:\\\/\\\/legendarycarsonline.com\\\/fr\\\/#organization\"},\"potentialAction\":[{\"@type\":\"SearchAction\",\"target\":{\"@type\":\"EntryPoint\",\"urlTemplate\":\"https:\\\/\\\/legendarycarsonline.com\\\/fr\\\/?s={search_term_string}\"},\"query-input\":{\"@type\":\"PropertyValueSpecification\",\"valueRequired\":true,\"valueName\":\"search_term_string\"}}],\"inLanguage\":\"fr-FR\"},{\"@type\":\"Organization\",\"@id\":\"https:\\\/\\\/legendarycarsonline.com\\\/fr\\\/#organization\",\"name\":\"Legendary Cars Online\",\"url\":\"https:\\\/\\\/legendarycarsonline.com\\\/fr\\\/\",\"logo\":{\"@type\":\"ImageObject\",\"inLanguage\":\"fr-FR\",\"@id\":\"https:\\\/\\\/legendarycarsonline.com\\\/fr\\\/#\\\/schema\\\/logo\\\/image\\\/\",\"url\":\"https:\\\/\\\/legendarycarsonline.com\\\/wp-content\\\/uploads\\\/2021\\\/02\\\/Legendary-Cars-Online.png\",\"contentUrl\":\"https:\\\/\\\/legendarycarsonline.com\\\/wp-content\\\/uploads\\\/2021\\\/02\\\/Legendary-Cars-Online.png\",\"width\":275,\"height\":216,\"caption\":\"Legendary Cars Online\"},\"image\":{\"@id\":\"https:\\\/\\\/legendarycarsonline.com\\\/fr\\\/#\\\/schema\\\/logo\\\/image\\\/\"},\"sameAs\":[\"https:\\\/\\\/www.facebook.com\\\/Legendary-Cars-Online-112758273845339\"]}]}<\/script>\n<!-- \/ Yoast SEO plugin. -->","yoast_head_json":{"title":"1971 Pontiac Firebird 461Ci Stroker V8 4 vitesses manuelle - Voiture de collection \u00e0 vendre","robots":{"index":"index","follow":"follow","max-snippet":"max-snippet:-1","max-image-preview":"max-image-preview:large","max-video-preview":"max-video-preview:-1"},"canonical":"https:\/\/legendarycarsonline.com\/fr\/product\/1971-pontiac-firebird-461ci-stroker-v8-4-speed-manual\/","og_locale":"fr_FR","og_type":"article","og_title":"1971 Pontiac Firebird 461Ci Stroker V8 4 vitesses manuelle - Voiture de collection \u00e0 vendre","og_description":"Sp\u00e9cificit\u00e9s d\u2019article Condition: Occasion Ann\u00e9e: 1971 VIN (num\u00e9ro d\u2019identification du v\u00e9hicule) : 223871N1XXXXX Kilom\u00e9trage: 13149 Options: \u2014 Titre du v\u00e9hicule: \u2014 Options d\u2019alimentation : \u2014 Couleur [\u2026]","og_url":"https:\/\/legendarycarsonline.com\/fr\/product\/1971-pontiac-firebird-461ci-stroker-v8-4-speed-manual\/","og_site_name":"Voiture de collection \u00e0 vendre","article_publisher":"https:\/\/www.facebook.com\/Legendary-Cars-Online-112758273845339","article_modified_time":"2022-08-18T23:42:27+00:00","og_image":[{"width":1920,"height":1280,"url":"https:\/\/legendarycarsonline.com\/wp-content\/uploads\/2022\/08\/1299_p21_l.jpg","type":"image\/jpeg"}],"twitter_card":"summary_large_image","twitter_misc":{"Dur\u00e9e de lecture estim\u00e9e":"2 minutes"},"schema":{"@context":"https:\/\/schema.org","@graph":[{"@type":"WebPage","@id":"https:\/\/legendarycarsonline.com\/fr\/product\/1971-pontiac-firebird-461ci-stroker-v8-4-speed-manual\/","url":"https:\/\/legendarycarsonline.com\/fr\/product\/1971-pontiac-firebird-461ci-stroker-v8-4-speed-manual\/","name":"1971 Pontiac Firebird 461Ci Stroker V8 4 vitesses manuelle - Voiture de collection \u00e0 vendre","isPartOf":{"@id":"https:\/\/legendarycarsonline.com\/fr\/#website"},"primaryImageOfPage":{"@id":"https:\/\/legendarycarsonline.com\/fr\/product\/1971-pontiac-firebird-461ci-stroker-v8-4-speed-manual\/#primaryimage"},"image":{"@id":"https:\/\/legendarycarsonline.com\/fr\/product\/1971-pontiac-firebird-461ci-stroker-v8-4-speed-manual\/#primaryimage"},"thumbnailUrl":"https:\/\/legendarycarsonline.com\/wp-content\/uploads\/2022\/08\/1299_p21_l.jpg","datePublished":"2022-08-18T23:27:11+00:00","dateModified":"2022-08-18T23:42:27+00:00","breadcrumb":{"@id":"https:\/\/legendarycarsonline.com\/fr\/product\/1971-pontiac-firebird-461ci-stroker-v8-4-speed-manual\/#breadcrumb"},"inLanguage":"fr-FR","potentialAction":[{"@type":"ReadAction","target":["https:\/\/legendarycarsonline.com\/fr\/product\/1971-pontiac-firebird-461ci-stroker-v8-4-speed-manual\/"]}]},{"@type":"ImageObject","inLanguage":"fr-FR","@id":"https:\/\/legendarycarsonline.com\/fr\/product\/1971-pontiac-firebird-461ci-stroker-v8-4-speed-manual\/#primaryimage","url":"https:\/\/legendarycarsonline.com\/wp-content\/uploads\/2022\/08\/1299_p21_l.jpg","contentUrl":"https:\/\/legendarycarsonline.com\/wp-content\/uploads\/2022\/08\/1299_p21_l.jpg","width":1920,"height":1280},{"@type":"BreadcrumbList","@id":"https:\/\/legendarycarsonline.com\/fr\/product\/1971-pontiac-firebird-461ci-stroker-v8-4-speed-manual\/#breadcrumb","itemListElement":[{"@type":"ListItem","position":1,"name":"Shop Cars","item":"https:\/\/legendarycarsonline.com\/shop-cars\/"},{"@type":"ListItem","position":2,"name":"1971 Pontiac Firebird 461Ci Stroker V8 4 vitesses manuelle"}]},{"@type":"WebSite","@id":"https:\/\/legendarycarsonline.com\/fr\/#website","url":"https:\/\/legendarycarsonline.com\/fr\/","name":"Voiture de collection \u00e0 vendre","description":"","publisher":{"@id":"https:\/\/legendarycarsonline.com\/fr\/#organization"},"potentialAction":[{"@type":"SearchAction","target":{"@type":"EntryPoint","urlTemplate":"https:\/\/legendarycarsonline.com\/fr\/?s={search_term_string}"},"query-input":{"@type":"PropertyValueSpecification","valueRequired":true,"valueName":"search_term_string"}}],"inLanguage":"fr-FR"},{"@type":"Organization","@id":"https:\/\/legendarycarsonline.com\/fr\/#organization","name":"Legendary Cars Online","url":"https:\/\/legendarycarsonline.com\/fr\/","logo":{"@type":"ImageObject","inLanguage":"fr-FR","@id":"https:\/\/legendarycarsonline.com\/fr\/#\/schema\/logo\/image\/","url":"https:\/\/legendarycarsonline.com\/wp-content\/uploads\/2021\/02\/Legendary-Cars-Online.png","contentUrl":"https:\/\/legendarycarsonline.com\/wp-content\/uploads\/2021\/02\/Legendary-Cars-Online.png","width":275,"height":216,"caption":"Legendary Cars Online"},"image":{"@id":"https:\/\/legendarycarsonline.com\/fr\/#\/schema\/logo\/image\/"},"sameAs":["https:\/\/www.facebook.com\/Legendary-Cars-Online-112758273845339"]}]}},"_links":{"self":[{"href":"https:\/\/legendarycarsonline.com\/fr\/wp-json\/wp\/v2\/product\/265928","targetHints":{"allow":["GET"]}}],"collection":[{"href":"https:\/\/legendarycarsonline.com\/fr\/wp-json\/wp\/v2\/product"}],"about":[{"href":"https:\/\/legendarycarsonline.com\/fr\/wp-json\/wp\/v2\/types\/product"}],"wp:featuredmedia":[{"embeddable":true,"href":"https:\/\/legendarycarsonline.com\/fr\/wp-json\/wp\/v2\/media\/265923"}],"wp:attachment":[{"href":"https:\/\/legendarycarsonline.com\/fr\/wp-json\/wp\/v2\/media?parent=265928"}],"wp:term":[{"taxonomy":"product_brand","embeddable":true,"href":"https:\/\/legendarycarsonline.com\/fr\/wp-json\/wp\/v2\/product_brand?post=265928"},{"taxonomy":"product_cat","embeddable":true,"href":"https:\/\/legendarycarsonline.com\/fr\/wp-json\/wp\/v2\/product_cat?post=265928"},{"taxonomy":"product_tag","embeddable":true,"href":"https:\/\/legendarycarsonline.com\/fr\/wp-json\/wp\/v2\/product_tag?post=265928"}],"curies":[{"name":"wp","href":"https:\/\/api.w.org\/{rel}","templated":true}]}}