
 {"id":270654,"date":"2022-10-06T08:55:50","date_gmt":"2022-10-06T16:02:05","guid":{"rendered":"https:\/\/legendarycarsonline.com\/product\/1966-ford-mustang-shelby-gt350-tribute-289ci-v8-4-vitesses-manuelle\/"},"modified":"2022-10-07T04:39:32","modified_gmt":"2022-10-07T11:39:32","slug":"1966-ford-mustang-shelby-gt350-tribute-289ci-v8-4-vitesses-manuel","status":"publish","type":"product","link":"https:\/\/legendarycarsonline.com\/fr\/product\/1966-ford-mustang-shelby-gt350-tribute-289ci-v8-4-vitesses-manuel\/","title":{"rendered":"1966 Ford Mustang SHELBY GT350 \u00ab&nbsp;Tribute&nbsp;\u00bb 289Ci V8 4 vitesses manuelle"},"content":{"rendered":"<h2><strong>Sp\u00e9cificit\u00e9s d\u2019article<\/strong><\/h2>\n<div id=\"viTabs_0_is\" class=\"itemAttr\">\n<div class=\"section\">\n<table role=\"presentation\" width=\"100%\" cellspacing=\"0\" cellpadding=\"0\">\n<tbody>\n<tr>\n<td class=\"attrLabels\">Condition:<\/td>\n<td width=\"30.0%\">Occasion<\/td>\n<td class=\"attrLabels\">Ann\u00e9e:<\/td>\n<td width=\"30.0%\">1966<\/td>\n<\/tr>\n<tr>\n<td class=\"attrLabels\">VIN (num\u00e9ro d\u2019identification du v\u00e9hicule) :<\/td>\n<td width=\"30.0%\">6F09A1XXXXX<\/td>\n<td class=\"attrLabels\">Kilom\u00e9trage:<\/td>\n<td width=\"30.0%\">92170<\/td>\n<\/tr>\n<tr>\n<td class=\"attrLabels\">Marque:<\/td>\n<td width=\"30.0%\">Ford<\/td>\n<td class=\"attrLabels\">Couleur ext\u00e9rieure :<\/td>\n<td width=\"30.0%\">Wimbeldon blanc<\/td>\n<\/tr>\n<tr>\n<td class=\"attrLabels\">Mod\u00e8le:<\/td>\n<td width=\"30.0%\">Mustang Fatsback<\/td>\n<td class=\"attrLabels\">Couleur int\u00e9rieure:<\/td>\n<td width=\"30.0%\">Noir<\/td>\n<\/tr>\n<tr>\n<td class=\"attrLabels\">Sous-mod\u00e8le :<\/td>\n<td width=\"30.0%\">Fastback SHELBY GT350 \u00ab&nbsp;Hommage&nbsp;\u00bb<\/td>\n<td class=\"attrLabels\">VIN:<\/td>\n<td width=\"30.0%\">6F09A1XXXXX<\/td>\n<\/tr>\n<tr>\n<td class=\"attrLabels\">Moteur:<\/td>\n<td width=\"30.0%\">289Ci V8<\/td>\n<td class=\"attrLabels\">Type de Carrosserie :<\/td>\n<td width=\"30.0%\">Fastback<\/td>\n<\/tr>\n<tr>\n<td class=\"attrLabels\">Cylindres:<\/td>\n<td width=\"30.0%\">8-Cyl.<\/td>\n<td class=\"attrLabels\">Garantie:<\/td>\n<td width=\"30.0%\">Le v\u00e9hicule n\u2019a PAS de garantie existante<\/td>\n<\/tr>\n<tr>\n<td class=\"attrLabels\">Transmission:<\/td>\n<td width=\"30.0%\">Manuel \u00e0 4 vitesses<\/td>\n<td class=\"attrLabels\">\u00c0 vendre par:<\/td>\n<td width=\"30.0%\">Concessionnaire<\/td>\n<\/tr>\n<tr>\n<td class=\"attrLabels\">Portes:<\/td>\n<td width=\"30.0%\">2<\/td>\n<td class=\"attrLabels\">Garniture:<\/td>\n<td width=\"30.0%\">GT350 Fastback \u00ab&nbsp;Hommage<\/td>\n<\/tr>\n<\/tbody>\n<\/table>\n<\/div>\n<h1><strong>1966 Ford Mustang SHELBY GT350 \u00ab&nbsp;Tribute&nbsp;\u00bb 289Ci V8 4 vitesses manuelle<\/strong><\/h1>\n<h2 class=\"tab-title\"><strong>Description<\/strong><\/h2>\n<div class=\"tab-content description\">1966 Ford Mustang Shelby GT 350 Tribute, moteur V8 289.Ford, transmission manuelle \u00e0 4 vitesses, cuill\u00e8re de capot Shelby et \u00e9pingles de capot, si\u00e8ges baquets avec appuie-t\u00eate et console centrale, si\u00e8ges arri\u00e8re rabattables! Jauge automatique sur Dash Tack, peinture blanche Wimbledon, rayures bleues Lemans, (Code: M \/ Ford Code: M1619 \/ Code Ditzler: 8378), Nouvel int\u00e9rieur Noir propre, Panneaux de porte, Si\u00e8ges baquets avec appuie-t\u00eate, si\u00e8ges arri\u00e8re rabattables! Volant en faux bois \u00e0 3 branches fendues, essuie-glaces \u00e0 vitesse variable, direction assist\u00e9e, phares antibrouillard, freins \u00e0 disque avant, bouchon d\u2019essence GT 350, roues en aluminium anodis\u00e9, bons pneus, courses et conduites excellentes. Premi\u00e8re g\u00e9n\u00e9ration de Mustang GT 350. La Mustang et la voiture de poney n \u00b0 2 de l\u2019Am\u00e9rique de 5 ans. Coureur et designer automobile de renomm\u00e9e mondiale, Carrol Shelby a jou\u00e9 un r\u00f4le central dans l\u2019augmentation des performances et de l\u2019attrait de la c\u00e9l\u00e8bre forme de carrosserie et des courbes de Ford. La GT est n\u00e9e pr\u00eate pour la piste, avec un look agressif, une posture et un grondement. Bien que nous fassions de notre mieux pour fournir des muscle cars de la plus haute qualit\u00e9 avec une description honn\u00eate et fiable, nous vous encourageons \u00e0 venir visiter notre salle d\u2019exposition et \u00e0 voir cette Mustang de 1966 en personne o\u00f9 vous pouvez voir et conduire la voiture par vous-m\u00eame pour vous assurer que vous \u00eates heureux avant d\u2019acheter.<\/div>\n<\/div>\n<div><\/div>\n<div>Occasion<\/div>\n<div><\/div>\n<div>Ocoee , Floride<\/div>\n","protected":false},"excerpt":{"rendered":"<a class=\"button  button_left button_full_width button_size_4 button_theme\" href=\"https:\/\/www.youtube.com\/watch?v=GWpnsnhE3kc\"      rel=\"prettyphoto \"   title=\"\"><span class=\"button_icon\"><i class=\"icon-play\"  aria-hidden=\"true\"><\/i><\/span><span class=\"button_label\">Regarder la vid\u00e9o de la voiture<\/span><\/a>\n\n","protected":false},"featured_media":270599,"template":"","meta":[],"product_brand":[],"product_cat":[109,106,138,107,150],"product_tag":[],"class_list":{"0":"post-270654","1":"product","2":"type-product","3":"status-publish","4":"has-post-thumbnail","6":"product_cat-1966-fr","7":"product_cat-ford-fr","8":"product_cat-gt350-fr","9":"product_cat-mustang-fr","10":"product_cat-shelby-fr","12":"first","13":"instock","14":"featured","15":"sold-individually","16":"shipping-taxable","17":"purchasable","18":"product-type-simple"},"yoast_head":"<!-- This site is optimized with the Yoast SEO plugin v27.4 - https:\/\/yoast.com\/product\/yoast-seo-wordpress\/ -->\n<title>1966 Ford Mustang SHELBY GT350 \u00ab&nbsp;Tribute&nbsp;\u00bb 289Ci V8 4 vitesses manuelle - Voiture de collection \u00e0 vendre<\/title>\n<meta name=\"robots\" content=\"index, follow, max-snippet:-1, max-image-preview:large, max-video-preview:-1\" \/>\n<link rel=\"canonical\" href=\"https:\/\/legendarycarsonline.com\/fr\/product\/1966-ford-mustang-shelby-gt350-tribute-289ci-v8-4-vitesses-manuel\/\" \/>\n<meta property=\"og:locale\" content=\"fr_FR\" \/>\n<meta property=\"og:type\" content=\"article\" \/>\n<meta property=\"og:title\" content=\"1966 Ford Mustang SHELBY GT350 \u00ab&nbsp;Tribute&nbsp;\u00bb 289Ci V8 4 vitesses manuelle - Voiture de collection \u00e0 vendre\" \/>\n<meta property=\"og:url\" content=\"https:\/\/legendarycarsonline.com\/fr\/product\/1966-ford-mustang-shelby-gt350-tribute-289ci-v8-4-vitesses-manuel\/\" \/>\n<meta property=\"og:site_name\" content=\"Voiture de collection \u00e0 vendre\" \/>\n<meta property=\"article:publisher\" content=\"https:\/\/www.facebook.com\/Legendary-Cars-Online-112758273845339\" \/>\n<meta property=\"article:modified_time\" content=\"2022-10-07T11:39:32+00:00\" \/>\n<meta property=\"og:image\" content=\"https:\/\/legendarycarsonline.com\/wp-content\/uploads\/2022\/10\/cd13bbb01d4704da2f35197e21108adfdfb4c24c.jpg\" \/>\n\t<meta property=\"og:image:width\" content=\"1024\" \/>\n\t<meta property=\"og:image:height\" content=\"682\" \/>\n\t<meta property=\"og:image:type\" content=\"image\/jpeg\" \/>\n<meta name=\"twitter:card\" content=\"summary_large_image\" \/>\n<meta name=\"twitter:description\" content=\"[button title=&quot;Regarder la vid\u00e9o de la voiture&quot; icon=&quot;icon-play&quot; icon_position=&quot;left&quot; color=&quot;theme&quot; size=&quot;4&quot; full_width=&quot;100%&quot; link=&quot;https:\/\/www.youtube.com\/watch?v=GWpnsnhE3kc&quot; class=&quot;prettyphoto&quot;]\" \/>\n<meta name=\"twitter:label1\" content=\"Dur\u00e9e de lecture estim\u00e9e\" \/>\n\t<meta name=\"twitter:data1\" content=\"2 minutes\" \/>\n<script type=\"application\/ld+json\" class=\"yoast-schema-graph\">{\"@context\":\"https:\\\/\\\/schema.org\",\"@graph\":[{\"@type\":\"WebPage\",\"@id\":\"https:\\\/\\\/legendarycarsonline.com\\\/fr\\\/product\\\/1966-ford-mustang-shelby-gt350-tribute-289ci-v8-4-vitesses-manuel\\\/\",\"url\":\"https:\\\/\\\/legendarycarsonline.com\\\/fr\\\/product\\\/1966-ford-mustang-shelby-gt350-tribute-289ci-v8-4-vitesses-manuel\\\/\",\"name\":\"1966 Ford Mustang SHELBY GT350 \u00ab&nbsp;Tribute&nbsp;\u00bb 289Ci V8 4 vitesses manuelle - Voiture de collection \u00e0 vendre\",\"isPartOf\":{\"@id\":\"https:\\\/\\\/legendarycarsonline.com\\\/fr\\\/#website\"},\"primaryImageOfPage\":{\"@id\":\"https:\\\/\\\/legendarycarsonline.com\\\/fr\\\/product\\\/1966-ford-mustang-shelby-gt350-tribute-289ci-v8-4-vitesses-manuel\\\/#primaryimage\"},\"image\":{\"@id\":\"https:\\\/\\\/legendarycarsonline.com\\\/fr\\\/product\\\/1966-ford-mustang-shelby-gt350-tribute-289ci-v8-4-vitesses-manuel\\\/#primaryimage\"},\"thumbnailUrl\":\"https:\\\/\\\/legendarycarsonline.com\\\/wp-content\\\/uploads\\\/2022\\\/10\\\/cd13bbb01d4704da2f35197e21108adfdfb4c24c.jpg\",\"datePublished\":\"2022-10-06T16:02:05+00:00\",\"dateModified\":\"2022-10-07T11:39:32+00:00\",\"breadcrumb\":{\"@id\":\"https:\\\/\\\/legendarycarsonline.com\\\/fr\\\/product\\\/1966-ford-mustang-shelby-gt350-tribute-289ci-v8-4-vitesses-manuel\\\/#breadcrumb\"},\"inLanguage\":\"fr-FR\",\"potentialAction\":[{\"@type\":\"ReadAction\",\"target\":[\"https:\\\/\\\/legendarycarsonline.com\\\/fr\\\/product\\\/1966-ford-mustang-shelby-gt350-tribute-289ci-v8-4-vitesses-manuel\\\/\"]}]},{\"@type\":\"ImageObject\",\"inLanguage\":\"fr-FR\",\"@id\":\"https:\\\/\\\/legendarycarsonline.com\\\/fr\\\/product\\\/1966-ford-mustang-shelby-gt350-tribute-289ci-v8-4-vitesses-manuel\\\/#primaryimage\",\"url\":\"https:\\\/\\\/legendarycarsonline.com\\\/wp-content\\\/uploads\\\/2022\\\/10\\\/cd13bbb01d4704da2f35197e21108adfdfb4c24c.jpg\",\"contentUrl\":\"https:\\\/\\\/legendarycarsonline.com\\\/wp-content\\\/uploads\\\/2022\\\/10\\\/cd13bbb01d4704da2f35197e21108adfdfb4c24c.jpg\",\"width\":1024,\"height\":682},{\"@type\":\"BreadcrumbList\",\"@id\":\"https:\\\/\\\/legendarycarsonline.com\\\/fr\\\/product\\\/1966-ford-mustang-shelby-gt350-tribute-289ci-v8-4-vitesses-manuel\\\/#breadcrumb\",\"itemListElement\":[{\"@type\":\"ListItem\",\"position\":1,\"name\":\"Shop Cars\",\"item\":\"https:\\\/\\\/legendarycarsonline.com\\\/shop-cars\\\/\"},{\"@type\":\"ListItem\",\"position\":2,\"name\":\"1966 Ford Mustang SHELBY GT350 \u00ab&nbsp;Tribute&nbsp;\u00bb 289Ci V8 4 vitesses manuelle\"}]},{\"@type\":\"WebSite\",\"@id\":\"https:\\\/\\\/legendarycarsonline.com\\\/fr\\\/#website\",\"url\":\"https:\\\/\\\/legendarycarsonline.com\\\/fr\\\/\",\"name\":\"Voiture de collection \u00e0 vendre\",\"description\":\"\",\"publisher\":{\"@id\":\"https:\\\/\\\/legendarycarsonline.com\\\/fr\\\/#organization\"},\"potentialAction\":[{\"@type\":\"SearchAction\",\"target\":{\"@type\":\"EntryPoint\",\"urlTemplate\":\"https:\\\/\\\/legendarycarsonline.com\\\/fr\\\/?s={search_term_string}\"},\"query-input\":{\"@type\":\"PropertyValueSpecification\",\"valueRequired\":true,\"valueName\":\"search_term_string\"}}],\"inLanguage\":\"fr-FR\"},{\"@type\":\"Organization\",\"@id\":\"https:\\\/\\\/legendarycarsonline.com\\\/fr\\\/#organization\",\"name\":\"Legendary Cars Online\",\"url\":\"https:\\\/\\\/legendarycarsonline.com\\\/fr\\\/\",\"logo\":{\"@type\":\"ImageObject\",\"inLanguage\":\"fr-FR\",\"@id\":\"https:\\\/\\\/legendarycarsonline.com\\\/fr\\\/#\\\/schema\\\/logo\\\/image\\\/\",\"url\":\"https:\\\/\\\/legendarycarsonline.com\\\/wp-content\\\/uploads\\\/2021\\\/02\\\/Legendary-Cars-Online.png\",\"contentUrl\":\"https:\\\/\\\/legendarycarsonline.com\\\/wp-content\\\/uploads\\\/2021\\\/02\\\/Legendary-Cars-Online.png\",\"width\":275,\"height\":216,\"caption\":\"Legendary Cars Online\"},\"image\":{\"@id\":\"https:\\\/\\\/legendarycarsonline.com\\\/fr\\\/#\\\/schema\\\/logo\\\/image\\\/\"},\"sameAs\":[\"https:\\\/\\\/www.facebook.com\\\/Legendary-Cars-Online-112758273845339\"]}]}<\/script>\n<!-- \/ Yoast SEO plugin. -->","yoast_head_json":{"title":"1966 Ford Mustang SHELBY GT350 \u00ab&nbsp;Tribute&nbsp;\u00bb 289Ci V8 4 vitesses manuelle - Voiture de collection \u00e0 vendre","robots":{"index":"index","follow":"follow","max-snippet":"max-snippet:-1","max-image-preview":"max-image-preview:large","max-video-preview":"max-video-preview:-1"},"canonical":"https:\/\/legendarycarsonline.com\/fr\/product\/1966-ford-mustang-shelby-gt350-tribute-289ci-v8-4-vitesses-manuel\/","og_locale":"fr_FR","og_type":"article","og_title":"1966 Ford Mustang SHELBY GT350 \u00ab&nbsp;Tribute&nbsp;\u00bb 289Ci V8 4 vitesses manuelle - Voiture de collection \u00e0 vendre","og_url":"https:\/\/legendarycarsonline.com\/fr\/product\/1966-ford-mustang-shelby-gt350-tribute-289ci-v8-4-vitesses-manuel\/","og_site_name":"Voiture de collection \u00e0 vendre","article_publisher":"https:\/\/www.facebook.com\/Legendary-Cars-Online-112758273845339","article_modified_time":"2022-10-07T11:39:32+00:00","og_image":[{"width":1024,"height":682,"url":"https:\/\/legendarycarsonline.com\/wp-content\/uploads\/2022\/10\/cd13bbb01d4704da2f35197e21108adfdfb4c24c.jpg","type":"image\/jpeg"}],"twitter_card":"summary_large_image","twitter_description":"[button title=\"Regarder la vid\u00e9o de la voiture\" icon=\"icon-play\" icon_position=\"left\" color=\"theme\" size=\"4\" full_width=\"100%\" link=\"https:\/\/www.youtube.com\/watch?v=GWpnsnhE3kc\" class=\"prettyphoto\"]","twitter_misc":{"Dur\u00e9e de lecture estim\u00e9e":"2 minutes"},"schema":{"@context":"https:\/\/schema.org","@graph":[{"@type":"WebPage","@id":"https:\/\/legendarycarsonline.com\/fr\/product\/1966-ford-mustang-shelby-gt350-tribute-289ci-v8-4-vitesses-manuel\/","url":"https:\/\/legendarycarsonline.com\/fr\/product\/1966-ford-mustang-shelby-gt350-tribute-289ci-v8-4-vitesses-manuel\/","name":"1966 Ford Mustang SHELBY GT350 \u00ab&nbsp;Tribute&nbsp;\u00bb 289Ci V8 4 vitesses manuelle - Voiture de collection \u00e0 vendre","isPartOf":{"@id":"https:\/\/legendarycarsonline.com\/fr\/#website"},"primaryImageOfPage":{"@id":"https:\/\/legendarycarsonline.com\/fr\/product\/1966-ford-mustang-shelby-gt350-tribute-289ci-v8-4-vitesses-manuel\/#primaryimage"},"image":{"@id":"https:\/\/legendarycarsonline.com\/fr\/product\/1966-ford-mustang-shelby-gt350-tribute-289ci-v8-4-vitesses-manuel\/#primaryimage"},"thumbnailUrl":"https:\/\/legendarycarsonline.com\/wp-content\/uploads\/2022\/10\/cd13bbb01d4704da2f35197e21108adfdfb4c24c.jpg","datePublished":"2022-10-06T16:02:05+00:00","dateModified":"2022-10-07T11:39:32+00:00","breadcrumb":{"@id":"https:\/\/legendarycarsonline.com\/fr\/product\/1966-ford-mustang-shelby-gt350-tribute-289ci-v8-4-vitesses-manuel\/#breadcrumb"},"inLanguage":"fr-FR","potentialAction":[{"@type":"ReadAction","target":["https:\/\/legendarycarsonline.com\/fr\/product\/1966-ford-mustang-shelby-gt350-tribute-289ci-v8-4-vitesses-manuel\/"]}]},{"@type":"ImageObject","inLanguage":"fr-FR","@id":"https:\/\/legendarycarsonline.com\/fr\/product\/1966-ford-mustang-shelby-gt350-tribute-289ci-v8-4-vitesses-manuel\/#primaryimage","url":"https:\/\/legendarycarsonline.com\/wp-content\/uploads\/2022\/10\/cd13bbb01d4704da2f35197e21108adfdfb4c24c.jpg","contentUrl":"https:\/\/legendarycarsonline.com\/wp-content\/uploads\/2022\/10\/cd13bbb01d4704da2f35197e21108adfdfb4c24c.jpg","width":1024,"height":682},{"@type":"BreadcrumbList","@id":"https:\/\/legendarycarsonline.com\/fr\/product\/1966-ford-mustang-shelby-gt350-tribute-289ci-v8-4-vitesses-manuel\/#breadcrumb","itemListElement":[{"@type":"ListItem","position":1,"name":"Shop Cars","item":"https:\/\/legendarycarsonline.com\/shop-cars\/"},{"@type":"ListItem","position":2,"name":"1966 Ford Mustang SHELBY GT350 \u00ab&nbsp;Tribute&nbsp;\u00bb 289Ci V8 4 vitesses manuelle"}]},{"@type":"WebSite","@id":"https:\/\/legendarycarsonline.com\/fr\/#website","url":"https:\/\/legendarycarsonline.com\/fr\/","name":"Voiture de collection \u00e0 vendre","description":"","publisher":{"@id":"https:\/\/legendarycarsonline.com\/fr\/#organization"},"potentialAction":[{"@type":"SearchAction","target":{"@type":"EntryPoint","urlTemplate":"https:\/\/legendarycarsonline.com\/fr\/?s={search_term_string}"},"query-input":{"@type":"PropertyValueSpecification","valueRequired":true,"valueName":"search_term_string"}}],"inLanguage":"fr-FR"},{"@type":"Organization","@id":"https:\/\/legendarycarsonline.com\/fr\/#organization","name":"Legendary Cars Online","url":"https:\/\/legendarycarsonline.com\/fr\/","logo":{"@type":"ImageObject","inLanguage":"fr-FR","@id":"https:\/\/legendarycarsonline.com\/fr\/#\/schema\/logo\/image\/","url":"https:\/\/legendarycarsonline.com\/wp-content\/uploads\/2021\/02\/Legendary-Cars-Online.png","contentUrl":"https:\/\/legendarycarsonline.com\/wp-content\/uploads\/2021\/02\/Legendary-Cars-Online.png","width":275,"height":216,"caption":"Legendary Cars Online"},"image":{"@id":"https:\/\/legendarycarsonline.com\/fr\/#\/schema\/logo\/image\/"},"sameAs":["https:\/\/www.facebook.com\/Legendary-Cars-Online-112758273845339"]}]}},"_links":{"self":[{"href":"https:\/\/legendarycarsonline.com\/fr\/wp-json\/wp\/v2\/product\/270654","targetHints":{"allow":["GET"]}}],"collection":[{"href":"https:\/\/legendarycarsonline.com\/fr\/wp-json\/wp\/v2\/product"}],"about":[{"href":"https:\/\/legendarycarsonline.com\/fr\/wp-json\/wp\/v2\/types\/product"}],"wp:featuredmedia":[{"embeddable":true,"href":"https:\/\/legendarycarsonline.com\/fr\/wp-json\/wp\/v2\/media\/270599"}],"wp:attachment":[{"href":"https:\/\/legendarycarsonline.com\/fr\/wp-json\/wp\/v2\/media?parent=270654"}],"wp:term":[{"taxonomy":"product_brand","embeddable":true,"href":"https:\/\/legendarycarsonline.com\/fr\/wp-json\/wp\/v2\/product_brand?post=270654"},{"taxonomy":"product_cat","embeddable":true,"href":"https:\/\/legendarycarsonline.com\/fr\/wp-json\/wp\/v2\/product_cat?post=270654"},{"taxonomy":"product_tag","embeddable":true,"href":"https:\/\/legendarycarsonline.com\/fr\/wp-json\/wp\/v2\/product_tag?post=270654"}],"curies":[{"name":"wp","href":"https:\/\/api.w.org\/{rel}","templated":true}]}}