
 {"id":271370,"date":"2022-10-11T09:07:35","date_gmt":"2022-10-11T16:15:51","guid":{"rendered":"https:\/\/legendarycarsonline.com\/product\/1970-ford-mustang-boss-429-v8-manuel-a-4-vitesses\/"},"modified":"2022-10-11T09:15:51","modified_gmt":"2022-10-11T16:15:51","slug":"1970-ford-mustang-boss-429-v8-4-speed-manual-2","status":"publish","type":"product","link":"https:\/\/legendarycarsonline.com\/fr\/product\/1970-ford-mustang-boss-429-v8-4-speed-manual-2\/","title":{"rendered":"1970 Ford Mustang BOSS 429 V8 Manuel \u00e0 4 vitesses"},"content":{"rendered":"<h2><strong>Sp\u00e9cificit\u00e9s d\u2019article<\/strong><\/h2>\n<div id=\"viTabs_0_is\" class=\"itemAttr\">\n<div class=\"section\">\n<table role=\"presentation\" width=\"100%\" cellspacing=\"0\" cellpadding=\"0\">\n<tbody>\n<tr>\n<td class=\"attrLabels\">Condition:<\/td>\n<td width=\"30.0%\">Occasion<\/td>\n<td class=\"attrLabels\">Ann\u00e9e:<\/td>\n<td width=\"30.0%\">1970<\/td>\n<\/tr>\n<tr>\n<td class=\"attrLabels\">VIN (num\u00e9ro d\u2019identification du v\u00e9hicule) :<\/td>\n<td width=\"30.0%\">0F02Z1XXXXX<\/td>\n<td class=\"attrLabels\">Kilom\u00e9trage:<\/td>\n<td width=\"30.0%\">29526<\/td>\n<\/tr>\n<tr>\n<td class=\"attrLabels\">Couleur int\u00e9rieure:<\/td>\n<td width=\"30.0%\">Blanc<\/td>\n<td class=\"attrLabels\">Marque:<\/td>\n<td width=\"30.0%\">Ford<\/td>\n<\/tr>\n<tr>\n<td class=\"attrLabels\">Type de Carrosserie :<\/td>\n<td width=\"30.0%\">Coupe<\/td>\n<td class=\"attrLabels\">Mod\u00e8le:<\/td>\n<td width=\"30.0%\">Mustang<\/td>\n<\/tr>\n<tr>\n<td class=\"attrLabels\">Nombre de cylindres:<\/td>\n<td width=\"30.0%\">8<\/td>\n<td class=\"attrLabels\">\u00c0 vendre par:<\/td>\n<td width=\"30.0%\">Concessionnaire<\/td>\n<\/tr>\n<tr>\n<td class=\"attrLabels\">Transmission:<\/td>\n<td width=\"30.0%\">Manuel 4 vitesses<\/td>\n<td class=\"attrLabels\">Portes:<\/td>\n<td width=\"30.0%\">2<\/td>\n<\/tr>\n<tr>\n<td class=\"attrLabels\">Garantie:<\/td>\n<td width=\"30.0%\">Le v\u00e9hicule n\u2019a PAS de garantie existante<\/td>\n<td class=\"attrLabels\">Type de carburant :<\/td>\n<td width=\"30.0%\">Essence<\/td>\n<\/tr>\n<tr>\n<td class=\"attrLabels\">Titre du v\u00e9hicule:<\/td>\n<td width=\"30.0%\">Clair<\/td>\n<td class=\"attrLabels\">Description du moteur:<\/td>\n<td width=\"30.0%\">429 CID 4V 8 CYL<\/td>\n<\/tr>\n<tr>\n<td class=\"attrLabels\">Couleur ext\u00e9rieure :<\/td>\n<td width=\"30.0%\">Grabber Bleu<\/td>\n<\/tr>\n<\/tbody>\n<\/table>\n<\/div>\n<\/div>\n<div class=\"title\">\n<h2 class=\"x-item-title__sellerProvidedTitle\"><strong><span class=\"ux-textspans\">1970 Ford Mustang 29,526 Miles Grabber Blue 429Ci V8 Manuel<\/span><\/strong><\/h2>\n<h2><strong>Description du v\u00e9hicule<\/strong><\/h2>\n<\/div>\n<div class=\"content\">\n<div class=\"equipment-list\">V\u00e9ritable ic\u00f4ne am\u00e9ricaine, la Boss 429 Mustang est l\u2019une des muscle cars les plus recherch\u00e9es du march\u00e9. Avec seulement 500 exemplaires construits en 1970, cet exemplaire Grabber Blue est un exemple \u00e9poustouflant de la voiture rare. Le KK2210 a \u00e9t\u00e9 construit en octobre 1969 et vendu en octobre 1970. Actuellement consid\u00e9r\u00e9e comme \u00e9tant sur son 6\u00e8me propri\u00e9taire, la voiture a un historique bien d\u00e9taill\u00e9, avec un \u00e9crit complet par un propri\u00e9taire pr\u00e9c\u00e9dent qui a pu trouver \u00e0 peu pr\u00e8s tous les d\u00e9tails sur la voiture. Ce Boss porte ses couleurs d\u2019origine et a les num\u00e9ros correspondant au moteur et \u00e0 la transmission. Sous le 3\u00e8me propri\u00e9taire au d\u00e9but des ann\u00e9es 2000, la voiture a re\u00e7u une peinture et avait des \u00e9tiquettes de porte de reproduction \u00e0 la place des originaux qui avaient depuis disparu. Selon un ancien propri\u00e9taire, la t\u00f4le est enti\u00e8rement originale et, au moment de la repeinture, il n\u2019y avait pas de rouille \u00e0 trouver. L\u2019int\u00e9rieur a \u00e9galement \u00e9t\u00e9 nettoy\u00e9 et reteint pour avoir l\u2019air aussi original que l\u2019ext\u00e9rieur. De nouveaux Magnum 500 et Goodyears ont \u00e9t\u00e9 ajout\u00e9s \u00e0 la voiture sous le 4\u00e8me propri\u00e9taire dans leurs travaux de restauration. La voiture comprend de nombreux documents originaux, des notes de propri\u00e9taires pr\u00e9c\u00e9dents, quelques photos imprim\u00e9es pendant la restauration et la peinture, et quelques factures \u00e9crites d\u00e9taillant le travail effectu\u00e9 dans la voiture. Ne manquez pas votre chance de poss\u00e9der ce magnifique boss de collectionneur. Les points forts incluent: Num\u00e9ros correspondant au moteur et \u00e0 la transmission Nouveau moteur Soft Rebuild Original Grabber Bleu sur blanc Couleurs int\u00e9rieures Certaines documentations originales incluses Consid\u00e9r\u00e9es comme \u00e9tant toutes les t\u00f4les d\u2019origine Principalement int\u00e9rieur d\u2019origine Reconstruit Moteur d\u2019origine Drag Pack Option VIN: 0F02Z1XXXXX Kilom\u00e9trage indiqu\u00e9 \u00e0 la liste: 29 526<\/div>\n<\/div>\n<div><\/div>\n<div>Occasion<\/div>\n<div><\/div>\n<div>Boise (Idaho)<\/div>\n","protected":false},"excerpt":{"rendered":"<p>Sp\u00e9cificit\u00e9s d\u2019article Condition: Occasion Ann\u00e9e: 1970 VIN (num\u00e9ro d\u2019identification du v\u00e9hicule) : 0F02Z1XXXXX Kilom\u00e9trage: 29526 Couleur int\u00e9rieure: Blanc Marque: Ford Type de Carrosserie : Coupe Mod\u00e8le:<span class=\"excerpt-hellip\"> [\u2026]<\/span><\/p>\n","protected":false},"featured_media":271201,"template":"","meta":[],"product_brand":[],"product_cat":[114,106,107],"product_tag":[],"class_list":{"0":"post-271370","1":"product","2":"type-product","3":"status-publish","4":"has-post-thumbnail","6":"product_cat-1970-fr","7":"product_cat-ford-fr","8":"product_cat-mustang-fr","10":"first","11":"instock","12":"featured","13":"sold-individually","14":"shipping-taxable","15":"purchasable","16":"product-type-simple"},"yoast_head":"<!-- This site is optimized with the Yoast SEO plugin v27.4 - https:\/\/yoast.com\/product\/yoast-seo-wordpress\/ -->\n<title>1970 Ford Mustang BOSS 429 V8 Manuel \u00e0 4 vitesses - Voiture de collection \u00e0 vendre<\/title>\n<meta name=\"robots\" content=\"index, follow, max-snippet:-1, max-image-preview:large, max-video-preview:-1\" \/>\n<link rel=\"canonical\" href=\"https:\/\/legendarycarsonline.com\/fr\/product\/1970-ford-mustang-boss-429-v8-4-speed-manual-2\/\" \/>\n<meta property=\"og:locale\" content=\"fr_FR\" \/>\n<meta property=\"og:type\" content=\"article\" \/>\n<meta property=\"og:title\" content=\"1970 Ford Mustang BOSS 429 V8 Manuel \u00e0 4 vitesses - Voiture de collection \u00e0 vendre\" \/>\n<meta property=\"og:description\" content=\"Sp\u00e9cificit\u00e9s d\u2019article Condition: Occasion Ann\u00e9e: 1970 VIN (num\u00e9ro d\u2019identification du v\u00e9hicule) : 0F02Z1XXXXX Kilom\u00e9trage: 29526 Couleur int\u00e9rieure: Blanc Marque: Ford Type de Carrosserie : Coupe Mod\u00e8le: [\u2026]\" \/>\n<meta property=\"og:url\" content=\"https:\/\/legendarycarsonline.com\/fr\/product\/1970-ford-mustang-boss-429-v8-4-speed-manual-2\/\" \/>\n<meta property=\"og:site_name\" content=\"Voiture de collection \u00e0 vendre\" \/>\n<meta property=\"article:publisher\" content=\"https:\/\/www.facebook.com\/Legendary-Cars-Online-112758273845339\" \/>\n<meta property=\"og:image\" content=\"https:\/\/legendarycarsonline.com\/wp-content\/uploads\/2022\/10\/57-1-3.jpg\" \/>\n\t<meta property=\"og:image:width\" content=\"1600\" \/>\n\t<meta property=\"og:image:height\" content=\"1067\" \/>\n\t<meta property=\"og:image:type\" content=\"image\/jpeg\" \/>\n<meta name=\"twitter:card\" content=\"summary_large_image\" \/>\n<meta name=\"twitter:label1\" content=\"Dur\u00e9e de lecture estim\u00e9e\" \/>\n\t<meta name=\"twitter:data1\" content=\"2 minutes\" \/>\n<script type=\"application\/ld+json\" class=\"yoast-schema-graph\">{\"@context\":\"https:\\\/\\\/schema.org\",\"@graph\":[{\"@type\":\"WebPage\",\"@id\":\"https:\\\/\\\/legendarycarsonline.com\\\/fr\\\/product\\\/1970-ford-mustang-boss-429-v8-4-speed-manual-2\\\/\",\"url\":\"https:\\\/\\\/legendarycarsonline.com\\\/fr\\\/product\\\/1970-ford-mustang-boss-429-v8-4-speed-manual-2\\\/\",\"name\":\"1970 Ford Mustang BOSS 429 V8 Manuel \u00e0 4 vitesses - Voiture de collection \u00e0 vendre\",\"isPartOf\":{\"@id\":\"https:\\\/\\\/legendarycarsonline.com\\\/fr\\\/#website\"},\"primaryImageOfPage\":{\"@id\":\"https:\\\/\\\/legendarycarsonline.com\\\/fr\\\/product\\\/1970-ford-mustang-boss-429-v8-4-speed-manual-2\\\/#primaryimage\"},\"image\":{\"@id\":\"https:\\\/\\\/legendarycarsonline.com\\\/fr\\\/product\\\/1970-ford-mustang-boss-429-v8-4-speed-manual-2\\\/#primaryimage\"},\"thumbnailUrl\":\"https:\\\/\\\/legendarycarsonline.com\\\/wp-content\\\/uploads\\\/2022\\\/10\\\/57-1-3.jpg\",\"datePublished\":\"2022-10-11T16:15:51+00:00\",\"breadcrumb\":{\"@id\":\"https:\\\/\\\/legendarycarsonline.com\\\/fr\\\/product\\\/1970-ford-mustang-boss-429-v8-4-speed-manual-2\\\/#breadcrumb\"},\"inLanguage\":\"fr-FR\",\"potentialAction\":[{\"@type\":\"ReadAction\",\"target\":[\"https:\\\/\\\/legendarycarsonline.com\\\/fr\\\/product\\\/1970-ford-mustang-boss-429-v8-4-speed-manual-2\\\/\"]}]},{\"@type\":\"ImageObject\",\"inLanguage\":\"fr-FR\",\"@id\":\"https:\\\/\\\/legendarycarsonline.com\\\/fr\\\/product\\\/1970-ford-mustang-boss-429-v8-4-speed-manual-2\\\/#primaryimage\",\"url\":\"https:\\\/\\\/legendarycarsonline.com\\\/wp-content\\\/uploads\\\/2022\\\/10\\\/57-1-3.jpg\",\"contentUrl\":\"https:\\\/\\\/legendarycarsonline.com\\\/wp-content\\\/uploads\\\/2022\\\/10\\\/57-1-3.jpg\",\"width\":1600,\"height\":1067},{\"@type\":\"BreadcrumbList\",\"@id\":\"https:\\\/\\\/legendarycarsonline.com\\\/fr\\\/product\\\/1970-ford-mustang-boss-429-v8-4-speed-manual-2\\\/#breadcrumb\",\"itemListElement\":[{\"@type\":\"ListItem\",\"position\":1,\"name\":\"Shop Cars\",\"item\":\"https:\\\/\\\/legendarycarsonline.com\\\/shop-cars\\\/\"},{\"@type\":\"ListItem\",\"position\":2,\"name\":\"1970 Ford Mustang BOSS 429 V8 Manuel \u00e0 4 vitesses\"}]},{\"@type\":\"WebSite\",\"@id\":\"https:\\\/\\\/legendarycarsonline.com\\\/fr\\\/#website\",\"url\":\"https:\\\/\\\/legendarycarsonline.com\\\/fr\\\/\",\"name\":\"Voiture de collection \u00e0 vendre\",\"description\":\"\",\"publisher\":{\"@id\":\"https:\\\/\\\/legendarycarsonline.com\\\/fr\\\/#organization\"},\"potentialAction\":[{\"@type\":\"SearchAction\",\"target\":{\"@type\":\"EntryPoint\",\"urlTemplate\":\"https:\\\/\\\/legendarycarsonline.com\\\/fr\\\/?s={search_term_string}\"},\"query-input\":{\"@type\":\"PropertyValueSpecification\",\"valueRequired\":true,\"valueName\":\"search_term_string\"}}],\"inLanguage\":\"fr-FR\"},{\"@type\":\"Organization\",\"@id\":\"https:\\\/\\\/legendarycarsonline.com\\\/fr\\\/#organization\",\"name\":\"Legendary Cars Online\",\"url\":\"https:\\\/\\\/legendarycarsonline.com\\\/fr\\\/\",\"logo\":{\"@type\":\"ImageObject\",\"inLanguage\":\"fr-FR\",\"@id\":\"https:\\\/\\\/legendarycarsonline.com\\\/fr\\\/#\\\/schema\\\/logo\\\/image\\\/\",\"url\":\"https:\\\/\\\/legendarycarsonline.com\\\/wp-content\\\/uploads\\\/2021\\\/02\\\/Legendary-Cars-Online.png\",\"contentUrl\":\"https:\\\/\\\/legendarycarsonline.com\\\/wp-content\\\/uploads\\\/2021\\\/02\\\/Legendary-Cars-Online.png\",\"width\":275,\"height\":216,\"caption\":\"Legendary Cars Online\"},\"image\":{\"@id\":\"https:\\\/\\\/legendarycarsonline.com\\\/fr\\\/#\\\/schema\\\/logo\\\/image\\\/\"},\"sameAs\":[\"https:\\\/\\\/www.facebook.com\\\/Legendary-Cars-Online-112758273845339\"]}]}<\/script>\n<!-- \/ Yoast SEO plugin. -->","yoast_head_json":{"title":"1970 Ford Mustang BOSS 429 V8 Manuel \u00e0 4 vitesses - Voiture de collection \u00e0 vendre","robots":{"index":"index","follow":"follow","max-snippet":"max-snippet:-1","max-image-preview":"max-image-preview:large","max-video-preview":"max-video-preview:-1"},"canonical":"https:\/\/legendarycarsonline.com\/fr\/product\/1970-ford-mustang-boss-429-v8-4-speed-manual-2\/","og_locale":"fr_FR","og_type":"article","og_title":"1970 Ford Mustang BOSS 429 V8 Manuel \u00e0 4 vitesses - Voiture de collection \u00e0 vendre","og_description":"Sp\u00e9cificit\u00e9s d\u2019article Condition: Occasion Ann\u00e9e: 1970 VIN (num\u00e9ro d\u2019identification du v\u00e9hicule) : 0F02Z1XXXXX Kilom\u00e9trage: 29526 Couleur int\u00e9rieure: Blanc Marque: Ford Type de Carrosserie : Coupe Mod\u00e8le: [\u2026]","og_url":"https:\/\/legendarycarsonline.com\/fr\/product\/1970-ford-mustang-boss-429-v8-4-speed-manual-2\/","og_site_name":"Voiture de collection \u00e0 vendre","article_publisher":"https:\/\/www.facebook.com\/Legendary-Cars-Online-112758273845339","og_image":[{"width":1600,"height":1067,"url":"https:\/\/legendarycarsonline.com\/wp-content\/uploads\/2022\/10\/57-1-3.jpg","type":"image\/jpeg"}],"twitter_card":"summary_large_image","twitter_misc":{"Dur\u00e9e de lecture estim\u00e9e":"2 minutes"},"schema":{"@context":"https:\/\/schema.org","@graph":[{"@type":"WebPage","@id":"https:\/\/legendarycarsonline.com\/fr\/product\/1970-ford-mustang-boss-429-v8-4-speed-manual-2\/","url":"https:\/\/legendarycarsonline.com\/fr\/product\/1970-ford-mustang-boss-429-v8-4-speed-manual-2\/","name":"1970 Ford Mustang BOSS 429 V8 Manuel \u00e0 4 vitesses - Voiture de collection \u00e0 vendre","isPartOf":{"@id":"https:\/\/legendarycarsonline.com\/fr\/#website"},"primaryImageOfPage":{"@id":"https:\/\/legendarycarsonline.com\/fr\/product\/1970-ford-mustang-boss-429-v8-4-speed-manual-2\/#primaryimage"},"image":{"@id":"https:\/\/legendarycarsonline.com\/fr\/product\/1970-ford-mustang-boss-429-v8-4-speed-manual-2\/#primaryimage"},"thumbnailUrl":"https:\/\/legendarycarsonline.com\/wp-content\/uploads\/2022\/10\/57-1-3.jpg","datePublished":"2022-10-11T16:15:51+00:00","breadcrumb":{"@id":"https:\/\/legendarycarsonline.com\/fr\/product\/1970-ford-mustang-boss-429-v8-4-speed-manual-2\/#breadcrumb"},"inLanguage":"fr-FR","potentialAction":[{"@type":"ReadAction","target":["https:\/\/legendarycarsonline.com\/fr\/product\/1970-ford-mustang-boss-429-v8-4-speed-manual-2\/"]}]},{"@type":"ImageObject","inLanguage":"fr-FR","@id":"https:\/\/legendarycarsonline.com\/fr\/product\/1970-ford-mustang-boss-429-v8-4-speed-manual-2\/#primaryimage","url":"https:\/\/legendarycarsonline.com\/wp-content\/uploads\/2022\/10\/57-1-3.jpg","contentUrl":"https:\/\/legendarycarsonline.com\/wp-content\/uploads\/2022\/10\/57-1-3.jpg","width":1600,"height":1067},{"@type":"BreadcrumbList","@id":"https:\/\/legendarycarsonline.com\/fr\/product\/1970-ford-mustang-boss-429-v8-4-speed-manual-2\/#breadcrumb","itemListElement":[{"@type":"ListItem","position":1,"name":"Shop Cars","item":"https:\/\/legendarycarsonline.com\/shop-cars\/"},{"@type":"ListItem","position":2,"name":"1970 Ford Mustang BOSS 429 V8 Manuel \u00e0 4 vitesses"}]},{"@type":"WebSite","@id":"https:\/\/legendarycarsonline.com\/fr\/#website","url":"https:\/\/legendarycarsonline.com\/fr\/","name":"Voiture de collection \u00e0 vendre","description":"","publisher":{"@id":"https:\/\/legendarycarsonline.com\/fr\/#organization"},"potentialAction":[{"@type":"SearchAction","target":{"@type":"EntryPoint","urlTemplate":"https:\/\/legendarycarsonline.com\/fr\/?s={search_term_string}"},"query-input":{"@type":"PropertyValueSpecification","valueRequired":true,"valueName":"search_term_string"}}],"inLanguage":"fr-FR"},{"@type":"Organization","@id":"https:\/\/legendarycarsonline.com\/fr\/#organization","name":"Legendary Cars Online","url":"https:\/\/legendarycarsonline.com\/fr\/","logo":{"@type":"ImageObject","inLanguage":"fr-FR","@id":"https:\/\/legendarycarsonline.com\/fr\/#\/schema\/logo\/image\/","url":"https:\/\/legendarycarsonline.com\/wp-content\/uploads\/2021\/02\/Legendary-Cars-Online.png","contentUrl":"https:\/\/legendarycarsonline.com\/wp-content\/uploads\/2021\/02\/Legendary-Cars-Online.png","width":275,"height":216,"caption":"Legendary Cars Online"},"image":{"@id":"https:\/\/legendarycarsonline.com\/fr\/#\/schema\/logo\/image\/"},"sameAs":["https:\/\/www.facebook.com\/Legendary-Cars-Online-112758273845339"]}]}},"_links":{"self":[{"href":"https:\/\/legendarycarsonline.com\/fr\/wp-json\/wp\/v2\/product\/271370","targetHints":{"allow":["GET"]}}],"collection":[{"href":"https:\/\/legendarycarsonline.com\/fr\/wp-json\/wp\/v2\/product"}],"about":[{"href":"https:\/\/legendarycarsonline.com\/fr\/wp-json\/wp\/v2\/types\/product"}],"wp:featuredmedia":[{"embeddable":true,"href":"https:\/\/legendarycarsonline.com\/fr\/wp-json\/wp\/v2\/media\/271201"}],"wp:attachment":[{"href":"https:\/\/legendarycarsonline.com\/fr\/wp-json\/wp\/v2\/media?parent=271370"}],"wp:term":[{"taxonomy":"product_brand","embeddable":true,"href":"https:\/\/legendarycarsonline.com\/fr\/wp-json\/wp\/v2\/product_brand?post=271370"},{"taxonomy":"product_cat","embeddable":true,"href":"https:\/\/legendarycarsonline.com\/fr\/wp-json\/wp\/v2\/product_cat?post=271370"},{"taxonomy":"product_tag","embeddable":true,"href":"https:\/\/legendarycarsonline.com\/fr\/wp-json\/wp\/v2\/product_tag?post=271370"}],"curies":[{"name":"wp","href":"https:\/\/api.w.org\/{rel}","templated":true}]}}