
 {"id":272270,"date":"2022-10-18T08:16:00","date_gmt":"2022-10-18T15:17:33","guid":{"rendered":"https:\/\/legendarycarsonline.com\/product\/dodge-coronet-super-bee-383ci-v8-de-1969\/"},"modified":"2022-10-18T08:17:37","modified_gmt":"2022-10-18T15:17:37","slug":"1969-dodge-coronet-super-bee-383ci-v8","status":"publish","type":"product","link":"https:\/\/legendarycarsonline.com\/fr\/product\/1969-dodge-coronet-super-bee-383ci-v8\/","title":{"rendered":"Dodge Coronet Super Bee 383Ci V8 de 1969"},"content":{"rendered":"<h2><strong>Sp\u00e9cificit\u00e9s d\u2019article<\/strong><\/h2>\n<div id=\"viTabs_0_is\" class=\"itemAttr\">\n<div class=\"section\">\n<table role=\"presentation\" width=\"100%\" cellspacing=\"0\" cellpadding=\"0\">\n<tbody>\n<tr>\n<td class=\"attrLabels\">Condition:<\/td>\n<td width=\"30.0%\">Occasion<\/td>\n<td class=\"attrLabels\">Ann\u00e9e:<\/td>\n<td width=\"30.0%\">1969<\/td>\n<\/tr>\n<tr>\n<td class=\"attrLabels\">VIN (num\u00e9ro d\u2019identification du v\u00e9hicule) :<\/td>\n<td width=\"30.0%\">WM21H9A1XXXXX<\/td>\n<td class=\"attrLabels\">Kilom\u00e9trage:<\/td>\n<td width=\"30.0%\">16741<\/td>\n<\/tr>\n<tr>\n<td class=\"attrLabels\">Type de Carrosserie :<\/td>\n<td width=\"30.0%\"><span class=\"ux-textspans\">Hardtop<\/span><\/td>\n<td class=\"attrLabels\">Titre du v\u00e9hicule:<\/td>\n<td width=\"30.0%\">Propre<\/td>\n<\/tr>\n<tr>\n<td class=\"attrLabels\">Options:<\/td>\n<td width=\"30.0%\">\u2014<\/td>\n<td class=\"attrLabels\">Options d\u2019alimentation :<\/td>\n<td width=\"30.0%\">\u2014<\/td>\n<\/tr>\n<tr>\n<td class=\"attrLabels\">Marque:<\/td>\n<td width=\"30.0%\">Dodge<\/td>\n<td class=\"attrLabels\">Couleur ext\u00e9rieure :<\/td>\n<td width=\"30.0%\">Jaune<\/td>\n<\/tr>\n<tr>\n<td class=\"attrLabels\">Sous-mod\u00e8le :<\/td>\n<td width=\"30.0%\">Super Bee<\/td>\n<td class=\"attrLabels\">Couleur int\u00e9rieure:<\/td>\n<td width=\"30.0%\">Noir<\/td>\n<\/tr>\n<tr>\n<td class=\"attrLabels\">Garniture:<\/td>\n<td width=\"30.0%\">Super Bee<\/td>\n<td class=\"attrLabels\">Transmission:<\/td>\n<td width=\"30.0%\">A727 automatique \u00e0 3 vitesses Torqueflite<\/td>\n<\/tr>\n<tr>\n<td class=\"attrLabels\">Type de lecteur :<\/td>\n<td width=\"30.0%\">\u2014<\/td>\n<td class=\"attrLabels\">Garantie:<\/td>\n<td width=\"30.0%\">Quelconque<\/td>\n<\/tr>\n<tr>\n<td class=\"attrLabels\">Moteur:<\/td>\n<td width=\"30.0%\">V8 383Ci<\/td>\n<td class=\"attrLabels\">\u00c0 vendre par:<\/td>\n<td width=\"30.0%\">Concessionnaire<\/td>\n<\/tr>\n<tr>\n<td class=\"attrLabels\">Type de carburant :<\/td>\n<td width=\"30.0%\">Essence<\/td>\n<td class=\"attrLabels\">Mod\u00e8le:<\/td>\n<td width=\"30.0%\">\n<h2>Coronet<\/h2>\n<\/td>\n<\/tr>\n<\/tbody>\n<\/table>\n<\/div>\n<\/div>\n<h1 class=\"x-item-title__mainTitle\"><strong><span class=\"ux-textspans ux-textspans--BOLD\">Dodge Coronet Super Bee 1969<\/span><\/strong><\/h1>\n<h2 class=\"x-item-title__sellerProvidedTitle\"><strong><span style=\"font-size: 48px;\">Description<\/span><\/strong><\/h2>\n<div id=\"description\" class=\"vdp-section\">\n<div class=\"vehicle-content-container\">\n<div class=\"text-box center\">\n<h2><strong>R\u00d4TISSERIE, \u00c9CROU ET BOULON RESTAUR\u00c9S! # MATCHING, 383CI V8, 727 AUTOMATIQUE, PS, PB<\/strong><\/h2>\n<p>D\u00e9couvrez cette magnifique Dodge Coronet Super Bee 1969! Cette Super Bee a re\u00e7u une restauration d\u2019\u00e9crou et de boulon, de r\u00f4tisserie et elle a l\u2019air incroyable \u00e0 l\u2019int\u00e9rieur et \u00e0 l\u2019ext\u00e9rieur! Jetez un coup d\u2019\u0153il \u00e0 la peinture ext\u00e9rieure jaune brillant avec une bande de queue de bourdon noire, aux roues Cragar de 15 pouces avec pneus radiaux BFGoodrich T \/ A, au capot \u00e0 \u00e9copes, aux feux ambr\u00e9s, aux pare-chocs chrom\u00e9s, aux garnitures polies et aux embouts d\u2019\u00e9chappement polis! \u00c0 l\u2019int\u00e9rieur, ce &rsquo;69 arbore un int\u00e9rieur noir avec moquette noire, si\u00e8ges baquets avant, banquette \u00e0 l\u2019arri\u00e8re, console centrale et beaucoup d\u2019espace dans le coffre pour tous les \u00e9l\u00e9ments essentiels de votre salon de l\u2019automobile!<\/p>\n<p>Sous le capot se trouvent les num\u00e9ros correspondant au moteur V8 383ci avec un carburateur Edelbrock 4 &#8211; Barrel assis sur le dessus! La puissance est envoy\u00e9e aux pneus arri\u00e8re par l\u2019interm\u00e9diaire d\u2019une transmission automatique 727 \u00e0 3 vitesses et d\u2019une extr\u00e9mit\u00e9 arri\u00e8re \u00e0 poign\u00e9e s\u00fbre avec environ 3,23: 1 vitesses! Cette Coronet se conduit \u00e0 merveille, et elle est \u00e9galement charg\u00e9e de direction assist\u00e9e, de freins \u00e0 disque avant et de freins \u00e0 tambour arri\u00e8re. Le dessous de cette &rsquo;69 ressemble au reste de la voiture! Jetez un coup d\u2019\u0153il ci-dessous pour voir les planchers peints de la couleur de la carrosserie, le nouveau r\u00e9servoir de carburant, les nouvelles conduites de carburant et de frein et le double syst\u00e8me d\u2019\u00e9chappement.<\/p>\n<p>Cette Dodge Coronet Super Bee 1969 est un beau classique qui est pr\u00eat \u00e0 ramener des prix \u00e0 la maison de votre salon de l\u2019automobile local! Tout collectionneur ou passionn\u00e9 aimerait poss\u00e9der cette Coronet Super Bee et cela ne durera pas longtemps! Appelez-nous aujourd\u2019hui avant qu\u2019il ne soit parti!<\/p>\n<p>&nbsp;<\/p>\n<\/div>\n<\/div>\n<\/div>\n<div id=\"specifications\" class=\"vdp-section\">\n<div class=\"vehicle-content-container\">\n<div class=\"content-title\">\n<h1><strong>Sp\u00e9cifications<\/strong><\/h1>\n<\/div>\n<div class=\"col-row\">\n<div class=\"col\">\n<div class=\"text-box\">\n<div class=\"inner-box-info\">\n<h2 class=\"top-title\"><strong>M\u00e9canique<\/strong><\/h2>\n<div class=\"padding\">\n<p>383ci V8<br \/>\nCorrespondance des chiffres<br \/>\nApport d\u2019Edelbrock<br \/>\nCarburateur \u00e0 4 barils d\u2019Edelbrock<\/p>\n<p>727 Transmission automatique \u00e0 3 vitesses<\/p>\n<p>489 Cas<br \/>\n3.23:1 \u00c9quipement<br \/>\n&#8211; Grip s\u00fbr<br \/>\n&#8211; Posi<\/p>\n<p>Roues avant \u2013 15\u00bb<br \/>\nRoues arri\u00e8re \u2013 15\u00bb<br \/>\nCragars<br \/>\nPneus avant \u2013 225\/60R15<br \/>\nPneus arri\u00e8re \u2013 255\/60R15<br \/>\nBFGoodrich Radial T\/A<\/p>\n<p>Freins avant \u2013 Disque<br \/>\nFreins arri\u00e8re \u2013 Tambour<\/p>\n<p>Assist\u00e9e<\/p>\n<\/div>\n<\/div>\n<\/div>\n<\/div>\n<div class=\"col\">\n<div class=\"text-box\">\n<div class=\"inner-box-info\">\n<h2 class=\"top-title\"><strong>Corps<\/strong><\/h2>\n<div class=\"padding\">\n<p>&#8211; Les lumi\u00e8res ambr\u00e9es ont fi\u00e8re allure<br \/>\n&#8211; Les lignes de corps sont droites<br \/>\n&#8211; La peinture est magnifique<br \/>\n&#8211; Scoops de capot<br \/>\n&#8211; Top vinyle noir<br \/>\n&#8211; Bande de queue noire<br \/>\n&#8211; Chrome a l\u2019air excellent<\/p>\n<\/div>\n<\/div>\n<\/div>\n<\/div>\n<div class=\"col\">\n<div class=\"text-box\">\n<div class=\"inner-box-info\">\n<h2 class=\"top-title\"><strong>Sous<\/strong><\/h2>\n<div class=\"padding\">\n<p>&#8211; R\u00e9servoir de gaz est nouveau<br \/>\n&#8211; L\u2019\u00e9chappement est nouveau<br \/>\n&#8211; Planches de plancher peintes couleur de carrosserie<br \/>\n&#8211; Les lignes de frein sont nouvelles<br \/>\n&#8211; Le c\u00e2ble de frein de stationnement est nouveau<br \/>\n&#8211; Les chocs sont nouveaux<br \/>\n&#8211; Les lignes de carburant sont nouvelles<br \/>\n&#8211; Puits de roue joliment peints<\/p>\n<\/div>\n<\/div>\n<\/div>\n<\/div>\n<div class=\"col\">\n<div class=\"text-box\">\n<div class=\"inner-box-info\">\n<h2 class=\"top-title\"><strong>Int\u00e9rieur<\/strong><\/h2>\n<div class=\"padding\">\n<p>&#8211; Console centrale<br \/>\n&#8211; Si\u00e8ges baquets<br \/>\n&#8211; banquette arri\u00e8re<br \/>\n&#8211; Ceintures de s\u00e9curit\u00e9 avant et arri\u00e8re<br \/>\n&#8211; Plateau d\u2019emballage en bon \u00e9tat<br \/>\n&#8211; Doublure de t\u00eate en bon \u00e9tat<br \/>\n&#8211; Dash en excellente forme<br \/>\n&#8211; Embouts de porte en tr\u00e8s bon \u00e9tat<\/p>\n<p>Occasion<\/p>\n<p>Plymouth (Michigan)<\/p>\n<\/div>\n<\/div>\n<\/div>\n<\/div>\n<\/div>\n<\/div>\n<\/div>\n","protected":false},"excerpt":{"rendered":"<a class=\"button  button_left button_full_width button_size_4 button_theme\" href=\"https:\/\/www.youtube.com\/watch?v=AdL__bo66hYt=4s\"      rel=\"prettyphoto \"   title=\"\"><span class=\"button_icon\"><i class=\"icon-play\"  aria-hidden=\"true\"><\/i><\/span><span class=\"button_label\">Regarder la vid\u00e9o de la voiture<\/span><\/a>\n\n","protected":false},"featured_media":272073,"template":"","meta":[],"product_brand":[],"product_cat":[124,140,121,171],"product_tag":[],"class_list":{"0":"post-272270","1":"product","2":"type-product","3":"status-publish","4":"has-post-thumbnail","6":"product_cat-1969-fr","7":"product_cat-coronet-fr","8":"product_cat-dodge-fr","9":"product_cat-super-bee-fr","11":"first","12":"instock","13":"featured","14":"sold-individually","15":"shipping-taxable","16":"purchasable","17":"product-type-simple"},"yoast_head":"<!-- This site is optimized with the Yoast SEO plugin v27.4 - https:\/\/yoast.com\/product\/yoast-seo-wordpress\/ -->\n<title>Dodge Coronet Super Bee 383Ci V8 de 1969 - Voiture de collection \u00e0 vendre<\/title>\n<meta name=\"robots\" content=\"index, follow, max-snippet:-1, max-image-preview:large, max-video-preview:-1\" \/>\n<link rel=\"canonical\" href=\"https:\/\/legendarycarsonline.com\/fr\/product\/1969-dodge-coronet-super-bee-383ci-v8\/\" \/>\n<meta property=\"og:locale\" content=\"fr_FR\" \/>\n<meta property=\"og:type\" content=\"article\" \/>\n<meta property=\"og:title\" content=\"Dodge Coronet Super Bee 383Ci V8 de 1969 - Voiture de collection \u00e0 vendre\" \/>\n<meta property=\"og:url\" content=\"https:\/\/legendarycarsonline.com\/fr\/product\/1969-dodge-coronet-super-bee-383ci-v8\/\" \/>\n<meta property=\"og:site_name\" content=\"Voiture de collection \u00e0 vendre\" \/>\n<meta property=\"article:publisher\" content=\"https:\/\/www.facebook.com\/Legendary-Cars-Online-112758273845339\" \/>\n<meta property=\"article:modified_time\" content=\"2022-10-18T15:17:37+00:00\" \/>\n<meta property=\"og:image\" content=\"https:\/\/legendarycarsonline.com\/wp-content\/uploads\/2022\/10\/1969-dodge-coronet-super-bee-3.jpg\" \/>\n\t<meta property=\"og:image:width\" content=\"1920\" \/>\n\t<meta property=\"og:image:height\" content=\"1280\" \/>\n\t<meta property=\"og:image:type\" content=\"image\/jpeg\" \/>\n<meta name=\"twitter:card\" content=\"summary_large_image\" \/>\n<meta name=\"twitter:description\" content=\"[button title=&quot;Regarder la vid\u00e9o de la voiture&quot; icon=&quot;icon-play&quot; icon_position=&quot;left&quot; color=&quot;theme&quot; size=&quot;4&quot; full_width=&quot;100%&quot; link=&quot;https:\/\/www.youtube.com\/watch?v=AdL__bo66hYt=4s&quot; class=&quot;prettyphoto&quot;]\" \/>\n<meta name=\"twitter:label1\" content=\"Dur\u00e9e de lecture estim\u00e9e\" \/>\n\t<meta name=\"twitter:data1\" content=\"3 minutes\" \/>\n<script type=\"application\/ld+json\" class=\"yoast-schema-graph\">{\"@context\":\"https:\\\/\\\/schema.org\",\"@graph\":[{\"@type\":\"WebPage\",\"@id\":\"https:\\\/\\\/legendarycarsonline.com\\\/fr\\\/product\\\/1969-dodge-coronet-super-bee-383ci-v8\\\/\",\"url\":\"https:\\\/\\\/legendarycarsonline.com\\\/fr\\\/product\\\/1969-dodge-coronet-super-bee-383ci-v8\\\/\",\"name\":\"Dodge Coronet Super Bee 383Ci V8 de 1969 - Voiture de collection \u00e0 vendre\",\"isPartOf\":{\"@id\":\"https:\\\/\\\/legendarycarsonline.com\\\/fr\\\/#website\"},\"primaryImageOfPage\":{\"@id\":\"https:\\\/\\\/legendarycarsonline.com\\\/fr\\\/product\\\/1969-dodge-coronet-super-bee-383ci-v8\\\/#primaryimage\"},\"image\":{\"@id\":\"https:\\\/\\\/legendarycarsonline.com\\\/fr\\\/product\\\/1969-dodge-coronet-super-bee-383ci-v8\\\/#primaryimage\"},\"thumbnailUrl\":\"https:\\\/\\\/legendarycarsonline.com\\\/wp-content\\\/uploads\\\/2022\\\/10\\\/1969-dodge-coronet-super-bee-3.jpg\",\"datePublished\":\"2022-10-18T15:17:33+00:00\",\"dateModified\":\"2022-10-18T15:17:37+00:00\",\"breadcrumb\":{\"@id\":\"https:\\\/\\\/legendarycarsonline.com\\\/fr\\\/product\\\/1969-dodge-coronet-super-bee-383ci-v8\\\/#breadcrumb\"},\"inLanguage\":\"fr-FR\",\"potentialAction\":[{\"@type\":\"ReadAction\",\"target\":[\"https:\\\/\\\/legendarycarsonline.com\\\/fr\\\/product\\\/1969-dodge-coronet-super-bee-383ci-v8\\\/\"]}]},{\"@type\":\"ImageObject\",\"inLanguage\":\"fr-FR\",\"@id\":\"https:\\\/\\\/legendarycarsonline.com\\\/fr\\\/product\\\/1969-dodge-coronet-super-bee-383ci-v8\\\/#primaryimage\",\"url\":\"https:\\\/\\\/legendarycarsonline.com\\\/wp-content\\\/uploads\\\/2022\\\/10\\\/1969-dodge-coronet-super-bee-3.jpg\",\"contentUrl\":\"https:\\\/\\\/legendarycarsonline.com\\\/wp-content\\\/uploads\\\/2022\\\/10\\\/1969-dodge-coronet-super-bee-3.jpg\",\"width\":1920,\"height\":1280},{\"@type\":\"BreadcrumbList\",\"@id\":\"https:\\\/\\\/legendarycarsonline.com\\\/fr\\\/product\\\/1969-dodge-coronet-super-bee-383ci-v8\\\/#breadcrumb\",\"itemListElement\":[{\"@type\":\"ListItem\",\"position\":1,\"name\":\"Shop Cars\",\"item\":\"https:\\\/\\\/legendarycarsonline.com\\\/shop-cars\\\/\"},{\"@type\":\"ListItem\",\"position\":2,\"name\":\"Dodge Coronet Super Bee 383Ci V8 de 1969\"}]},{\"@type\":\"WebSite\",\"@id\":\"https:\\\/\\\/legendarycarsonline.com\\\/fr\\\/#website\",\"url\":\"https:\\\/\\\/legendarycarsonline.com\\\/fr\\\/\",\"name\":\"Voiture de collection \u00e0 vendre\",\"description\":\"\",\"publisher\":{\"@id\":\"https:\\\/\\\/legendarycarsonline.com\\\/fr\\\/#organization\"},\"potentialAction\":[{\"@type\":\"SearchAction\",\"target\":{\"@type\":\"EntryPoint\",\"urlTemplate\":\"https:\\\/\\\/legendarycarsonline.com\\\/fr\\\/?s={search_term_string}\"},\"query-input\":{\"@type\":\"PropertyValueSpecification\",\"valueRequired\":true,\"valueName\":\"search_term_string\"}}],\"inLanguage\":\"fr-FR\"},{\"@type\":\"Organization\",\"@id\":\"https:\\\/\\\/legendarycarsonline.com\\\/fr\\\/#organization\",\"name\":\"Legendary Cars Online\",\"url\":\"https:\\\/\\\/legendarycarsonline.com\\\/fr\\\/\",\"logo\":{\"@type\":\"ImageObject\",\"inLanguage\":\"fr-FR\",\"@id\":\"https:\\\/\\\/legendarycarsonline.com\\\/fr\\\/#\\\/schema\\\/logo\\\/image\\\/\",\"url\":\"https:\\\/\\\/legendarycarsonline.com\\\/wp-content\\\/uploads\\\/2021\\\/02\\\/Legendary-Cars-Online.png\",\"contentUrl\":\"https:\\\/\\\/legendarycarsonline.com\\\/wp-content\\\/uploads\\\/2021\\\/02\\\/Legendary-Cars-Online.png\",\"width\":275,\"height\":216,\"caption\":\"Legendary Cars Online\"},\"image\":{\"@id\":\"https:\\\/\\\/legendarycarsonline.com\\\/fr\\\/#\\\/schema\\\/logo\\\/image\\\/\"},\"sameAs\":[\"https:\\\/\\\/www.facebook.com\\\/Legendary-Cars-Online-112758273845339\"]}]}<\/script>\n<!-- \/ Yoast SEO plugin. -->","yoast_head_json":{"title":"Dodge Coronet Super Bee 383Ci V8 de 1969 - Voiture de collection \u00e0 vendre","robots":{"index":"index","follow":"follow","max-snippet":"max-snippet:-1","max-image-preview":"max-image-preview:large","max-video-preview":"max-video-preview:-1"},"canonical":"https:\/\/legendarycarsonline.com\/fr\/product\/1969-dodge-coronet-super-bee-383ci-v8\/","og_locale":"fr_FR","og_type":"article","og_title":"Dodge Coronet Super Bee 383Ci V8 de 1969 - Voiture de collection \u00e0 vendre","og_url":"https:\/\/legendarycarsonline.com\/fr\/product\/1969-dodge-coronet-super-bee-383ci-v8\/","og_site_name":"Voiture de collection \u00e0 vendre","article_publisher":"https:\/\/www.facebook.com\/Legendary-Cars-Online-112758273845339","article_modified_time":"2022-10-18T15:17:37+00:00","og_image":[{"width":1920,"height":1280,"url":"https:\/\/legendarycarsonline.com\/wp-content\/uploads\/2022\/10\/1969-dodge-coronet-super-bee-3.jpg","type":"image\/jpeg"}],"twitter_card":"summary_large_image","twitter_description":"[button title=\"Regarder la vid\u00e9o de la voiture\" icon=\"icon-play\" icon_position=\"left\" color=\"theme\" size=\"4\" full_width=\"100%\" link=\"https:\/\/www.youtube.com\/watch?v=AdL__bo66hYt=4s\" class=\"prettyphoto\"]","twitter_misc":{"Dur\u00e9e de lecture estim\u00e9e":"3 minutes"},"schema":{"@context":"https:\/\/schema.org","@graph":[{"@type":"WebPage","@id":"https:\/\/legendarycarsonline.com\/fr\/product\/1969-dodge-coronet-super-bee-383ci-v8\/","url":"https:\/\/legendarycarsonline.com\/fr\/product\/1969-dodge-coronet-super-bee-383ci-v8\/","name":"Dodge Coronet Super Bee 383Ci V8 de 1969 - Voiture de collection \u00e0 vendre","isPartOf":{"@id":"https:\/\/legendarycarsonline.com\/fr\/#website"},"primaryImageOfPage":{"@id":"https:\/\/legendarycarsonline.com\/fr\/product\/1969-dodge-coronet-super-bee-383ci-v8\/#primaryimage"},"image":{"@id":"https:\/\/legendarycarsonline.com\/fr\/product\/1969-dodge-coronet-super-bee-383ci-v8\/#primaryimage"},"thumbnailUrl":"https:\/\/legendarycarsonline.com\/wp-content\/uploads\/2022\/10\/1969-dodge-coronet-super-bee-3.jpg","datePublished":"2022-10-18T15:17:33+00:00","dateModified":"2022-10-18T15:17:37+00:00","breadcrumb":{"@id":"https:\/\/legendarycarsonline.com\/fr\/product\/1969-dodge-coronet-super-bee-383ci-v8\/#breadcrumb"},"inLanguage":"fr-FR","potentialAction":[{"@type":"ReadAction","target":["https:\/\/legendarycarsonline.com\/fr\/product\/1969-dodge-coronet-super-bee-383ci-v8\/"]}]},{"@type":"ImageObject","inLanguage":"fr-FR","@id":"https:\/\/legendarycarsonline.com\/fr\/product\/1969-dodge-coronet-super-bee-383ci-v8\/#primaryimage","url":"https:\/\/legendarycarsonline.com\/wp-content\/uploads\/2022\/10\/1969-dodge-coronet-super-bee-3.jpg","contentUrl":"https:\/\/legendarycarsonline.com\/wp-content\/uploads\/2022\/10\/1969-dodge-coronet-super-bee-3.jpg","width":1920,"height":1280},{"@type":"BreadcrumbList","@id":"https:\/\/legendarycarsonline.com\/fr\/product\/1969-dodge-coronet-super-bee-383ci-v8\/#breadcrumb","itemListElement":[{"@type":"ListItem","position":1,"name":"Shop Cars","item":"https:\/\/legendarycarsonline.com\/shop-cars\/"},{"@type":"ListItem","position":2,"name":"Dodge Coronet Super Bee 383Ci V8 de 1969"}]},{"@type":"WebSite","@id":"https:\/\/legendarycarsonline.com\/fr\/#website","url":"https:\/\/legendarycarsonline.com\/fr\/","name":"Voiture de collection \u00e0 vendre","description":"","publisher":{"@id":"https:\/\/legendarycarsonline.com\/fr\/#organization"},"potentialAction":[{"@type":"SearchAction","target":{"@type":"EntryPoint","urlTemplate":"https:\/\/legendarycarsonline.com\/fr\/?s={search_term_string}"},"query-input":{"@type":"PropertyValueSpecification","valueRequired":true,"valueName":"search_term_string"}}],"inLanguage":"fr-FR"},{"@type":"Organization","@id":"https:\/\/legendarycarsonline.com\/fr\/#organization","name":"Legendary Cars Online","url":"https:\/\/legendarycarsonline.com\/fr\/","logo":{"@type":"ImageObject","inLanguage":"fr-FR","@id":"https:\/\/legendarycarsonline.com\/fr\/#\/schema\/logo\/image\/","url":"https:\/\/legendarycarsonline.com\/wp-content\/uploads\/2021\/02\/Legendary-Cars-Online.png","contentUrl":"https:\/\/legendarycarsonline.com\/wp-content\/uploads\/2021\/02\/Legendary-Cars-Online.png","width":275,"height":216,"caption":"Legendary Cars Online"},"image":{"@id":"https:\/\/legendarycarsonline.com\/fr\/#\/schema\/logo\/image\/"},"sameAs":["https:\/\/www.facebook.com\/Legendary-Cars-Online-112758273845339"]}]}},"_links":{"self":[{"href":"https:\/\/legendarycarsonline.com\/fr\/wp-json\/wp\/v2\/product\/272270","targetHints":{"allow":["GET"]}}],"collection":[{"href":"https:\/\/legendarycarsonline.com\/fr\/wp-json\/wp\/v2\/product"}],"about":[{"href":"https:\/\/legendarycarsonline.com\/fr\/wp-json\/wp\/v2\/types\/product"}],"wp:featuredmedia":[{"embeddable":true,"href":"https:\/\/legendarycarsonline.com\/fr\/wp-json\/wp\/v2\/media\/272073"}],"wp:attachment":[{"href":"https:\/\/legendarycarsonline.com\/fr\/wp-json\/wp\/v2\/media?parent=272270"}],"wp:term":[{"taxonomy":"product_brand","embeddable":true,"href":"https:\/\/legendarycarsonline.com\/fr\/wp-json\/wp\/v2\/product_brand?post=272270"},{"taxonomy":"product_cat","embeddable":true,"href":"https:\/\/legendarycarsonline.com\/fr\/wp-json\/wp\/v2\/product_cat?post=272270"},{"taxonomy":"product_tag","embeddable":true,"href":"https:\/\/legendarycarsonline.com\/fr\/wp-json\/wp\/v2\/product_tag?post=272270"}],"curies":[{"name":"wp","href":"https:\/\/api.w.org\/{rel}","templated":true}]}}