
 {"id":272741,"date":"2022-11-05T04:47:15","date_gmt":"2022-11-05T11:48:25","guid":{"rendered":"https:\/\/legendarycarsonline.com\/product\/1966-ford-mustang-gt-cabriolet-289ci-v8-4-vitesses-manuelle\/"},"modified":"2022-11-05T04:48:25","modified_gmt":"2022-11-05T11:48:25","slug":"1966-ford-mustang-gt-cabriolet-289ci-v8-4-vitesses-manuelle","status":"publish","type":"product","link":"https:\/\/legendarycarsonline.com\/fr\/product\/1966-ford-mustang-gt-cabriolet-289ci-v8-4-vitesses-manuelle\/","title":{"rendered":"1966 Ford Mustang GT Cabriolet 289Ci V8 4 vitesses manuelle"},"content":{"rendered":"<h2><strong>Sp\u00e9cificit\u00e9s d\u2019article<\/strong><\/h2>\n<div id=\"viTabs_0_is\" class=\"itemAttr\">\n<div class=\"section\">\n<table role=\"presentation\" width=\"100%\" cellspacing=\"0\" cellpadding=\"0\">\n<tbody>\n<tr>\n<td class=\"attrLabels\">Condition:<\/td>\n<td width=\"30.0%\">Occasion<\/td>\n<td class=\"attrLabels\">Ann\u00e9e:<\/td>\n<td width=\"30.0%\">1966<\/td>\n<\/tr>\n<tr>\n<td class=\"attrLabels\">VIN (num\u00e9ro d\u2019identification du v\u00e9hicule) :<\/td>\n<td width=\"30.0%\">6T08A2XXXXX<\/td>\n<td class=\"attrLabels\">Kilom\u00e9trage:<\/td>\n<td width=\"30.0%\">90531<\/td>\n<\/tr>\n<tr>\n<td class=\"attrLabels\">Options:<\/td>\n<td width=\"30.0%\">\u2014<\/td>\n<td class=\"attrLabels\">Titre du v\u00e9hicule:<\/td>\n<td width=\"30.0%\">\u2014<\/td>\n<\/tr>\n<tr>\n<td class=\"attrLabels\">Options d\u2019alimentation :<\/td>\n<td width=\"30.0%\">\u2014<\/td>\n<td class=\"attrLabels\">Couleur ext\u00e9rieure :<\/td>\n<td width=\"30.0%\">\n<div class=\"eb-post-vehicle-overview\">\n<div class=\"overview-value\">Candyapple rouge<\/div>\n<\/div>\n<\/td>\n<\/tr>\n<tr>\n<td class=\"attrLabels\">Marque:<\/td>\n<td width=\"30.0%\">Ford<\/td>\n<td class=\"attrLabels\">Couleur int\u00e9rieure:<\/td>\n<td width=\"30.0%\">Si\u00e8ges Black Buckets<\/td>\n<\/tr>\n<tr>\n<td class=\"attrLabels\">Garniture:<\/td>\n<td width=\"30.0%\">GT Cabriolet<\/td>\n<td class=\"attrLabels\">Transmission:<\/td>\n<td width=\"30.0%\">4-Manuel SOEED<\/td>\n<\/tr>\n<tr>\n<td class=\"attrLabels\">Moteur:<\/td>\n<td width=\"30.0%\">289Ci V8<\/td>\n<td class=\"attrLabels\">Garantie:<\/td>\n<td width=\"30.0%\">Quelconque<\/td>\n<\/tr>\n<tr>\n<td class=\"attrLabels\">Type de carburant :<\/td>\n<td width=\"30.0%\">Essence<\/td>\n<td class=\"attrLabels\">\u00c0 vendre par:<\/td>\n<td width=\"30.0%\">Concessionnaire<\/td>\n<\/tr>\n<tr>\n<td class=\"attrLabels\">Type de Carrosserie :<\/td>\n<td width=\"30.0%\">Convertible<\/td>\n<td class=\"attrLabels\">Mod\u00e8le:<\/td>\n<td width=\"30.0%\">Mustang<\/td>\n<\/tr>\n<\/tbody>\n<\/table>\n<\/div>\n<\/div>\n<h2><strong>Ford Mustang GT Cabriolet 1966<\/strong><\/h2>\n<div class=\"title\">\n<h2><strong>Description du v\u00e9hicule<\/strong><\/h2>\n<\/div>\n<div class=\"content\">\n<div class=\"equipment-list\">66 MUSTANG CABRIOLET AVEC GROUPE D\u2019OPTIONS GT D\u2019USINE!!! \u2022 Grande histoire avec une voiture originale de Floride (DSO 24 Jacksonville) deuxi\u00e8me propri\u00e9taire en Californie de 1983 \u00e0 2021.<br \/>\n\u2022 D\u00e9tails r\u00e9els GT uniquement comme les freins \u00e0 disque avant avec ma\u00eetre-cylindre d\u2019usine surdimensionn\u00e9, bo\u00eete de direction GT (HCC AX), barre stabilisatrice 13\/16, supports de suspension d\u2019\u00e9chappement doubles GT derri\u00e8re le si\u00e8ge arri\u00e8re, trous perfor\u00e9s dans le support de radiateur pour les phares antibrouillard GT.<br \/>\n\u2022 Restauration professionnelle de l\u2019embl\u00e9matique pony car (Regardez sous cette voiture!)<br \/>\n\u2022 Code \u00ab&nbsp;A&nbsp;\u00bb original fra\u00eechement reconstruit Ford 289cid avec Autolite 4bbl V8 correct montrer d\u00e9taill\u00e9<br \/>\n\u2022 Transmission \u00e0 chargement par le haut \u00e0 4 vitesses en option<br \/>\n\u2022 Diff\u00e9rentiel arri\u00e8re Ford 9&nbsp;\u00bb am\u00e9lior\u00e9 3.00 \u00e0 glissement limit\u00e9 robuste<br \/>\n\u2022 Superbe spectacle de peinture rouge pomme bonbon cir\u00e9 et d\u00e9taill\u00e9<br \/>\n\u2022 Top convertible noir avec botte de couleur assortie<br \/>\n\u2022 Superbe int\u00e9rieur de si\u00e8ge baquet noir avec console d\u2019usine correcte<br \/>\n\u2022 Jauges d\u2019usine, y compris 120MPH Speedo, Temp, Oil et Fuel<br \/>\n\u2022 Volant GT en bois \u00e0 3 rayons en option<br \/>\n\u2022 Jauges GT Rally Pac en option avec tachym\u00e8tre et horloge<br \/>\n\u2022 Bo\u00eetier de direction GT \u00e0 rapport rapide correct (HCC AX)<br \/>\n\u2022 Syst\u00e8me st\u00e9r\u00e9o num\u00e9rique am\u00e9lior\u00e9<br \/>\n\u2022 Climatisation d\u2019usine en option<br \/>\n\u2022 Superbe chrome + garniture en acier inoxydable<br \/>\n\u2022 Afficher le compartiment moteur d\u00e9taill\u00e9 pr\u00eat avec tuyaux Fomoco, topper de batterie et sac de lave-glace<br \/>\n\u2022 Coffre d\u00e9taill\u00e9e avec tapis en tartan avec pneu de secours<br \/>\n\u2022 Phares antibrouillard GT en option<br \/>\n\u2022 Roues \u00ab&nbsp;Poney&nbsp;\u00bb en option avec pneus redline<br \/>\n\u2022 Correction du double \u00e9chappement GT avec des embouts GT de style de trompette corrects<br \/>\n\u2022 Montrez ou conduisez ceci, Show Ready, Investment grade, qualit\u00e9 collector &rsquo;66 cabriolet Mustang<\/div>\n<\/div>\n<div><\/div>\n<div>Occasion<\/div>\n<div><\/div>\n<div>Rockville (Maryland)<\/div>\n","protected":false},"excerpt":{"rendered":"<p>Sp\u00e9cificit\u00e9s d\u2019article Condition: Occasion Ann\u00e9e: 1966 VIN (num\u00e9ro d\u2019identification du v\u00e9hicule) : 6T08A2XXXXX Kilom\u00e9trage: 90531 Options: \u2014 Titre du v\u00e9hicule: \u2014 Options d\u2019alimentation : \u2014 Couleur<span class=\"excerpt-hellip\"> [\u2026]<\/span><\/p>\n","protected":false},"featured_media":272740,"template":"","meta":[],"product_brand":[],"product_cat":[109,106,107],"product_tag":[],"class_list":{"0":"post-272741","1":"product","2":"type-product","3":"status-publish","4":"has-post-thumbnail","6":"product_cat-1966-fr","7":"product_cat-ford-fr","8":"product_cat-mustang-fr","10":"first","11":"instock","12":"featured","13":"sold-individually","14":"shipping-taxable","15":"purchasable","16":"product-type-simple"},"yoast_head":"<!-- This site is optimized with the Yoast SEO plugin v27.4 - https:\/\/yoast.com\/product\/yoast-seo-wordpress\/ -->\n<title>1966 Ford Mustang GT Cabriolet 289Ci V8 4 vitesses manuelle - Voiture de collection \u00e0 vendre<\/title>\n<meta name=\"robots\" content=\"index, follow, max-snippet:-1, max-image-preview:large, max-video-preview:-1\" \/>\n<link rel=\"canonical\" href=\"https:\/\/legendarycarsonline.com\/fr\/product\/1966-ford-mustang-gt-cabriolet-289ci-v8-4-vitesses-manuelle\/\" \/>\n<meta property=\"og:locale\" content=\"fr_FR\" \/>\n<meta property=\"og:type\" content=\"article\" \/>\n<meta property=\"og:title\" content=\"1966 Ford Mustang GT Cabriolet 289Ci V8 4 vitesses manuelle - Voiture de collection \u00e0 vendre\" \/>\n<meta property=\"og:description\" content=\"Sp\u00e9cificit\u00e9s d\u2019article Condition: Occasion Ann\u00e9e: 1966 VIN (num\u00e9ro d\u2019identification du v\u00e9hicule) : 6T08A2XXXXX Kilom\u00e9trage: 90531 Options: \u2014 Titre du v\u00e9hicule: \u2014 Options d\u2019alimentation : \u2014 Couleur [\u2026]\" \/>\n<meta property=\"og:url\" content=\"https:\/\/legendarycarsonline.com\/fr\/product\/1966-ford-mustang-gt-cabriolet-289ci-v8-4-vitesses-manuelle\/\" \/>\n<meta property=\"og:site_name\" content=\"Voiture de collection \u00e0 vendre\" \/>\n<meta property=\"article:publisher\" content=\"https:\/\/www.facebook.com\/Legendary-Cars-Online-112758273845339\" \/>\n<meta property=\"og:image\" content=\"https:\/\/legendarycarsonline.com\/wp-content\/uploads\/2022\/11\/57-34.jpg\" \/>\n\t<meta property=\"og:image:width\" content=\"1422\" \/>\n\t<meta property=\"og:image:height\" content=\"800\" \/>\n\t<meta property=\"og:image:type\" content=\"image\/jpeg\" \/>\n<meta name=\"twitter:card\" content=\"summary_large_image\" \/>\n<meta name=\"twitter:label1\" content=\"Dur\u00e9e de lecture estim\u00e9e\" \/>\n\t<meta name=\"twitter:data1\" content=\"2 minutes\" \/>\n<script type=\"application\/ld+json\" class=\"yoast-schema-graph\">{\"@context\":\"https:\\\/\\\/schema.org\",\"@graph\":[{\"@type\":\"WebPage\",\"@id\":\"https:\\\/\\\/legendarycarsonline.com\\\/fr\\\/product\\\/1966-ford-mustang-gt-cabriolet-289ci-v8-4-vitesses-manuelle\\\/\",\"url\":\"https:\\\/\\\/legendarycarsonline.com\\\/fr\\\/product\\\/1966-ford-mustang-gt-cabriolet-289ci-v8-4-vitesses-manuelle\\\/\",\"name\":\"1966 Ford Mustang GT Cabriolet 289Ci V8 4 vitesses manuelle - Voiture de collection \u00e0 vendre\",\"isPartOf\":{\"@id\":\"https:\\\/\\\/legendarycarsonline.com\\\/fr\\\/#website\"},\"primaryImageOfPage\":{\"@id\":\"https:\\\/\\\/legendarycarsonline.com\\\/fr\\\/product\\\/1966-ford-mustang-gt-cabriolet-289ci-v8-4-vitesses-manuelle\\\/#primaryimage\"},\"image\":{\"@id\":\"https:\\\/\\\/legendarycarsonline.com\\\/fr\\\/product\\\/1966-ford-mustang-gt-cabriolet-289ci-v8-4-vitesses-manuelle\\\/#primaryimage\"},\"thumbnailUrl\":\"https:\\\/\\\/legendarycarsonline.com\\\/wp-content\\\/uploads\\\/2022\\\/11\\\/57-34.jpg\",\"datePublished\":\"2022-11-05T11:48:25+00:00\",\"breadcrumb\":{\"@id\":\"https:\\\/\\\/legendarycarsonline.com\\\/fr\\\/product\\\/1966-ford-mustang-gt-cabriolet-289ci-v8-4-vitesses-manuelle\\\/#breadcrumb\"},\"inLanguage\":\"fr-FR\",\"potentialAction\":[{\"@type\":\"ReadAction\",\"target\":[\"https:\\\/\\\/legendarycarsonline.com\\\/fr\\\/product\\\/1966-ford-mustang-gt-cabriolet-289ci-v8-4-vitesses-manuelle\\\/\"]}]},{\"@type\":\"ImageObject\",\"inLanguage\":\"fr-FR\",\"@id\":\"https:\\\/\\\/legendarycarsonline.com\\\/fr\\\/product\\\/1966-ford-mustang-gt-cabriolet-289ci-v8-4-vitesses-manuelle\\\/#primaryimage\",\"url\":\"https:\\\/\\\/legendarycarsonline.com\\\/wp-content\\\/uploads\\\/2022\\\/11\\\/57-34.jpg\",\"contentUrl\":\"https:\\\/\\\/legendarycarsonline.com\\\/wp-content\\\/uploads\\\/2022\\\/11\\\/57-34.jpg\",\"width\":1422,\"height\":800},{\"@type\":\"BreadcrumbList\",\"@id\":\"https:\\\/\\\/legendarycarsonline.com\\\/fr\\\/product\\\/1966-ford-mustang-gt-cabriolet-289ci-v8-4-vitesses-manuelle\\\/#breadcrumb\",\"itemListElement\":[{\"@type\":\"ListItem\",\"position\":1,\"name\":\"Shop Cars\",\"item\":\"https:\\\/\\\/legendarycarsonline.com\\\/shop-cars\\\/\"},{\"@type\":\"ListItem\",\"position\":2,\"name\":\"1966 Ford Mustang GT Cabriolet 289Ci V8 4 vitesses manuelle\"}]},{\"@type\":\"WebSite\",\"@id\":\"https:\\\/\\\/legendarycarsonline.com\\\/fr\\\/#website\",\"url\":\"https:\\\/\\\/legendarycarsonline.com\\\/fr\\\/\",\"name\":\"Voiture de collection \u00e0 vendre\",\"description\":\"\",\"publisher\":{\"@id\":\"https:\\\/\\\/legendarycarsonline.com\\\/fr\\\/#organization\"},\"potentialAction\":[{\"@type\":\"SearchAction\",\"target\":{\"@type\":\"EntryPoint\",\"urlTemplate\":\"https:\\\/\\\/legendarycarsonline.com\\\/fr\\\/?s={search_term_string}\"},\"query-input\":{\"@type\":\"PropertyValueSpecification\",\"valueRequired\":true,\"valueName\":\"search_term_string\"}}],\"inLanguage\":\"fr-FR\"},{\"@type\":\"Organization\",\"@id\":\"https:\\\/\\\/legendarycarsonline.com\\\/fr\\\/#organization\",\"name\":\"Legendary Cars Online\",\"url\":\"https:\\\/\\\/legendarycarsonline.com\\\/fr\\\/\",\"logo\":{\"@type\":\"ImageObject\",\"inLanguage\":\"fr-FR\",\"@id\":\"https:\\\/\\\/legendarycarsonline.com\\\/fr\\\/#\\\/schema\\\/logo\\\/image\\\/\",\"url\":\"https:\\\/\\\/legendarycarsonline.com\\\/wp-content\\\/uploads\\\/2021\\\/02\\\/Legendary-Cars-Online.png\",\"contentUrl\":\"https:\\\/\\\/legendarycarsonline.com\\\/wp-content\\\/uploads\\\/2021\\\/02\\\/Legendary-Cars-Online.png\",\"width\":275,\"height\":216,\"caption\":\"Legendary Cars Online\"},\"image\":{\"@id\":\"https:\\\/\\\/legendarycarsonline.com\\\/fr\\\/#\\\/schema\\\/logo\\\/image\\\/\"},\"sameAs\":[\"https:\\\/\\\/www.facebook.com\\\/Legendary-Cars-Online-112758273845339\"]}]}<\/script>\n<!-- \/ Yoast SEO plugin. -->","yoast_head_json":{"title":"1966 Ford Mustang GT Cabriolet 289Ci V8 4 vitesses manuelle - Voiture de collection \u00e0 vendre","robots":{"index":"index","follow":"follow","max-snippet":"max-snippet:-1","max-image-preview":"max-image-preview:large","max-video-preview":"max-video-preview:-1"},"canonical":"https:\/\/legendarycarsonline.com\/fr\/product\/1966-ford-mustang-gt-cabriolet-289ci-v8-4-vitesses-manuelle\/","og_locale":"fr_FR","og_type":"article","og_title":"1966 Ford Mustang GT Cabriolet 289Ci V8 4 vitesses manuelle - Voiture de collection \u00e0 vendre","og_description":"Sp\u00e9cificit\u00e9s d\u2019article Condition: Occasion Ann\u00e9e: 1966 VIN (num\u00e9ro d\u2019identification du v\u00e9hicule) : 6T08A2XXXXX Kilom\u00e9trage: 90531 Options: \u2014 Titre du v\u00e9hicule: \u2014 Options d\u2019alimentation : \u2014 Couleur [\u2026]","og_url":"https:\/\/legendarycarsonline.com\/fr\/product\/1966-ford-mustang-gt-cabriolet-289ci-v8-4-vitesses-manuelle\/","og_site_name":"Voiture de collection \u00e0 vendre","article_publisher":"https:\/\/www.facebook.com\/Legendary-Cars-Online-112758273845339","og_image":[{"width":1422,"height":800,"url":"https:\/\/legendarycarsonline.com\/wp-content\/uploads\/2022\/11\/57-34.jpg","type":"image\/jpeg"}],"twitter_card":"summary_large_image","twitter_misc":{"Dur\u00e9e de lecture estim\u00e9e":"2 minutes"},"schema":{"@context":"https:\/\/schema.org","@graph":[{"@type":"WebPage","@id":"https:\/\/legendarycarsonline.com\/fr\/product\/1966-ford-mustang-gt-cabriolet-289ci-v8-4-vitesses-manuelle\/","url":"https:\/\/legendarycarsonline.com\/fr\/product\/1966-ford-mustang-gt-cabriolet-289ci-v8-4-vitesses-manuelle\/","name":"1966 Ford Mustang GT Cabriolet 289Ci V8 4 vitesses manuelle - Voiture de collection \u00e0 vendre","isPartOf":{"@id":"https:\/\/legendarycarsonline.com\/fr\/#website"},"primaryImageOfPage":{"@id":"https:\/\/legendarycarsonline.com\/fr\/product\/1966-ford-mustang-gt-cabriolet-289ci-v8-4-vitesses-manuelle\/#primaryimage"},"image":{"@id":"https:\/\/legendarycarsonline.com\/fr\/product\/1966-ford-mustang-gt-cabriolet-289ci-v8-4-vitesses-manuelle\/#primaryimage"},"thumbnailUrl":"https:\/\/legendarycarsonline.com\/wp-content\/uploads\/2022\/11\/57-34.jpg","datePublished":"2022-11-05T11:48:25+00:00","breadcrumb":{"@id":"https:\/\/legendarycarsonline.com\/fr\/product\/1966-ford-mustang-gt-cabriolet-289ci-v8-4-vitesses-manuelle\/#breadcrumb"},"inLanguage":"fr-FR","potentialAction":[{"@type":"ReadAction","target":["https:\/\/legendarycarsonline.com\/fr\/product\/1966-ford-mustang-gt-cabriolet-289ci-v8-4-vitesses-manuelle\/"]}]},{"@type":"ImageObject","inLanguage":"fr-FR","@id":"https:\/\/legendarycarsonline.com\/fr\/product\/1966-ford-mustang-gt-cabriolet-289ci-v8-4-vitesses-manuelle\/#primaryimage","url":"https:\/\/legendarycarsonline.com\/wp-content\/uploads\/2022\/11\/57-34.jpg","contentUrl":"https:\/\/legendarycarsonline.com\/wp-content\/uploads\/2022\/11\/57-34.jpg","width":1422,"height":800},{"@type":"BreadcrumbList","@id":"https:\/\/legendarycarsonline.com\/fr\/product\/1966-ford-mustang-gt-cabriolet-289ci-v8-4-vitesses-manuelle\/#breadcrumb","itemListElement":[{"@type":"ListItem","position":1,"name":"Shop Cars","item":"https:\/\/legendarycarsonline.com\/shop-cars\/"},{"@type":"ListItem","position":2,"name":"1966 Ford Mustang GT Cabriolet 289Ci V8 4 vitesses manuelle"}]},{"@type":"WebSite","@id":"https:\/\/legendarycarsonline.com\/fr\/#website","url":"https:\/\/legendarycarsonline.com\/fr\/","name":"Voiture de collection \u00e0 vendre","description":"","publisher":{"@id":"https:\/\/legendarycarsonline.com\/fr\/#organization"},"potentialAction":[{"@type":"SearchAction","target":{"@type":"EntryPoint","urlTemplate":"https:\/\/legendarycarsonline.com\/fr\/?s={search_term_string}"},"query-input":{"@type":"PropertyValueSpecification","valueRequired":true,"valueName":"search_term_string"}}],"inLanguage":"fr-FR"},{"@type":"Organization","@id":"https:\/\/legendarycarsonline.com\/fr\/#organization","name":"Legendary Cars Online","url":"https:\/\/legendarycarsonline.com\/fr\/","logo":{"@type":"ImageObject","inLanguage":"fr-FR","@id":"https:\/\/legendarycarsonline.com\/fr\/#\/schema\/logo\/image\/","url":"https:\/\/legendarycarsonline.com\/wp-content\/uploads\/2021\/02\/Legendary-Cars-Online.png","contentUrl":"https:\/\/legendarycarsonline.com\/wp-content\/uploads\/2021\/02\/Legendary-Cars-Online.png","width":275,"height":216,"caption":"Legendary Cars Online"},"image":{"@id":"https:\/\/legendarycarsonline.com\/fr\/#\/schema\/logo\/image\/"},"sameAs":["https:\/\/www.facebook.com\/Legendary-Cars-Online-112758273845339"]}]}},"_links":{"self":[{"href":"https:\/\/legendarycarsonline.com\/fr\/wp-json\/wp\/v2\/product\/272741","targetHints":{"allow":["GET"]}}],"collection":[{"href":"https:\/\/legendarycarsonline.com\/fr\/wp-json\/wp\/v2\/product"}],"about":[{"href":"https:\/\/legendarycarsonline.com\/fr\/wp-json\/wp\/v2\/types\/product"}],"wp:featuredmedia":[{"embeddable":true,"href":"https:\/\/legendarycarsonline.com\/fr\/wp-json\/wp\/v2\/media\/272740"}],"wp:attachment":[{"href":"https:\/\/legendarycarsonline.com\/fr\/wp-json\/wp\/v2\/media?parent=272741"}],"wp:term":[{"taxonomy":"product_brand","embeddable":true,"href":"https:\/\/legendarycarsonline.com\/fr\/wp-json\/wp\/v2\/product_brand?post=272741"},{"taxonomy":"product_cat","embeddable":true,"href":"https:\/\/legendarycarsonline.com\/fr\/wp-json\/wp\/v2\/product_cat?post=272741"},{"taxonomy":"product_tag","embeddable":true,"href":"https:\/\/legendarycarsonline.com\/fr\/wp-json\/wp\/v2\/product_tag?post=272741"}],"curies":[{"name":"wp","href":"https:\/\/api.w.org\/{rel}","templated":true}]}}