
 {"id":274241,"date":"2022-12-03T07:21:39","date_gmt":"2022-12-03T15:23:14","guid":{"rendered":"https:\/\/legendarycarsonline.com\/product\/1970-dodge-challenger-383ci-v8\/"},"modified":"2022-12-03T07:23:14","modified_gmt":"2022-12-03T15:23:14","slug":"1970-dodge-challenger-383ci-v8-2","status":"publish","type":"product","link":"https:\/\/legendarycarsonline.com\/fr\/product\/1970-dodge-challenger-383ci-v8-2\/","title":{"rendered":"1970 Dodge Challenger 383Ci V8"},"content":{"rendered":"<h2><strong>Caract\u00e9ristiques de l&rsquo;article<\/strong><\/h2>\n<div id=\"viTabs_0_is\" class=\"itemAttr\">\n<div class=\"section\">\n<table role=\"presentation\" width=\"100%\" cellspacing=\"0\" cellpadding=\"0\">\n<tbody>\n<tr>\n<td class=\"attrLabels\">Condition :<\/td>\n<td width=\"30.0%\">Utilis\u00e9<\/td>\n<td class=\"attrLabels\">Ann\u00e9e :<\/td>\n<td width=\"30.0%\">1970<\/td>\n<\/tr>\n<tr>\n<td class=\"attrLabels\">VIN (num\u00e9ro d&rsquo;identification du v\u00e9hicule) :<\/td>\n<td width=\"30.0%\">\n<div class=\"ux-labels-values__values\">\n<div class=\"ux-labels-values__values-content\">JH23L0E1XXXXX<\/div>\n<\/div>\n<\/td>\n<td class=\"attrLabels\">Kilom\u00e9trage :<\/td>\n<td width=\"30.0%\">18002<\/td>\n<\/tr>\n<tr>\n<td class=\"attrLabels\">Type de carrosserie :<\/td>\n<td width=\"30.0%\">Coup\u00e9<\/td>\n<td class=\"attrLabels\">Titre du v\u00e9hicule :<\/td>\n<td width=\"30.0%\">&#8212;<\/td>\n<\/tr>\n<tr>\n<td class=\"attrLabels\">Options :<\/td>\n<td width=\"30.0%\">&#8212;<\/td>\n<td class=\"attrLabels\">Options d&rsquo;alimentation :<\/td>\n<td width=\"30.0%\">Freins \u00e0 disque et direction assist\u00e9e<\/td>\n<\/tr>\n<tr>\n<td class=\"attrLabels\">Faites :<\/td>\n<td width=\"30.0%\">Dodge<\/td>\n<td class=\"attrLabels\">Couleur ext\u00e9rieure :<\/td>\n<td width=\"30.0%\">Plum Crazy<\/td>\n<\/tr>\n<tr>\n<td class=\"attrLabels\">Sous-mod\u00e8le :<\/td>\n<td width=\"30.0%\">&#8212;<\/td>\n<td class=\"attrLabels\">Couleur int\u00e9rieure :<\/td>\n<td width=\"30.0%\">\n<div class=\"eb-post-vehicle-overview\">\n<div class=\"overview-value\">Noir<\/div>\n<\/div>\n<\/td>\n<\/tr>\n<tr>\n<td class=\"attrLabels\">Trim :<\/td>\n<td width=\"30.0%\">\n<div class=\"ux-labels-values__values\">\n<div class=\"ux-labels-values__values-content\">\n<div><span class=\"ux-textspans\">&#8212;<\/span><\/div>\n<\/div>\n<\/div>\n<\/td>\n<td class=\"attrLabels\">Transmission :<\/td>\n<td width=\"30.0%\">Automatique \u00e0 3 vitesses<\/td>\n<\/tr>\n<tr>\n<td class=\"attrLabels\">Type d&rsquo;entra\u00eenement :<\/td>\n<td width=\"30.0%\">RWD<\/td>\n<td class=\"attrLabels\">Garantie :<\/td>\n<td width=\"30.0%\">\n<div class=\"ux-labels-values__values\">\n<div class=\"ux-labels-values__values-content\">\n<div><span class=\"ux-textspans\">Le v\u00e9hicule n&rsquo;est PAS couvert par une garantie existante<\/span><\/div>\n<\/div>\n<\/div>\n<\/td>\n<\/tr>\n<tr>\n<td class=\"attrLabels\">Moteur :<\/td>\n<td width=\"30.0%\">V8 383Ci<\/td>\n<td class=\"attrLabels\">Vente par :<\/td>\n<td width=\"30.0%\">Concessionnaire<\/td>\n<\/tr>\n<tr>\n<td class=\"attrLabels\">Type de carburant :<\/td>\n<td width=\"30.0%\">Essence<\/td>\n<td class=\"attrLabels\">Mod\u00e8le :<\/td>\n<td width=\"30.0%\">Challenger<\/td>\n<\/tr>\n<\/tbody>\n<\/table>\n<\/div>\n<\/div>\n<div>\n<div class=\"vim x-item-title\" data-testid=\"x-item-title\">\n<h1 class=\"x-item-title__mainTitle\"><strong><span class=\"ux-textspans ux-textspans--BOLD\">Dodge Challenger 1970<\/span><\/strong><\/h1>\n<h2 class=\"x-item-title__sellerProvidedTitle\"><strong><span class=\"ux-textspans\">PERIOD CORRECT 383Ci V8 AUTO FACTORY A\/C BORN PLUM CRAZY PURPLE RARE MOPAR<\/span><\/strong><\/h2>\n<\/div>\n<\/div>\n<div id=\"vehicle-description\" class=\"active vehicle-info-section\">\n<h2 class=\"info-headline\"><strong>DESCRIPTION<\/strong><\/h2>\n<div class=\"default-header\"><strong>PERIOD CORRECT 383 V8, AUTO, FACTORY A\/C, BORN PLUM CRAZY PURPLE, RARE MOPAR !<\/strong><\/div>\n<p>Une \u00e9tiquette de garniture peut en dire long sur une voiture. Par exemple, il nous permet de savoir que cette Dodge Challenger 1970 est n\u00e9e avec une combinaison de couleurs impressionnante, un V8 383 puissant et des caract\u00e9ristiques rares. Et le fait que tout cela soit correctement pr\u00e9sent\u00e9 sur ce coup\u00e9 aujourd&rsquo;hui en fait un muscle Mopar irr\u00e9sistible.<\/p>\n<p>Le Plum Crazy a re\u00e7u une nouvelle couche de peinture de qualit\u00e9 pour s&rsquo;assurer que vous reconnaissez vraiment une repr\u00e9sentation audacieuse d&rsquo;une couleur High-Impact recherch\u00e9e. Il y a m\u00eame un soup\u00e7on de m\u00e9tal pour lui donner plus d&rsquo;\u00e9clat \u00e0 la lumi\u00e8re du soleil. Et en parlant de brillance, ces pare-chocs chrom\u00e9s aiment \u00e9pouser la forme comme seul un classique du d\u00e9but des ann\u00e9es 1970 peut le faire. Mais ce qui pourrait vous plaire le plus, c&rsquo;est le c\u00f4t\u00e9 sombre de cette Challenger. Le noir met en valeur les pi\u00e8ces agressives comme le capot am\u00e9lior\u00e9 de style T\/A, le becquet arri\u00e8re pleine largeur et les bandes sur toute la longueur qui suivent la courbe de la carrosserie du coup\u00e9. Et le toit en vinyle noir bien ajust\u00e9 ajoute \u00e0 l&rsquo;obscurit\u00e9 tout en apportant un soup\u00e7on de sophistication. Il s&rsquo;agit d&rsquo;un style attrayant, et en observant les vitres propres, les portes bien ajust\u00e9es et l&rsquo;attention g\u00e9n\u00e9rale port\u00e9e aux d\u00e9tails, vous pouvez voir qu&rsquo;il s&rsquo;agit d&rsquo;un classique de qualit\u00e9 qui aime aussi \u00eatre conduit.<\/p>\n<p>Les accents noirs de l&rsquo;ext\u00e9rieur sont \u00e9galement un bel aper\u00e7u de la couleur int\u00e9rieure. Il a l&rsquo;air propre et vintage partout, de la garniture en bois \u00e0 la texture de la tapisserie. Il y a m\u00eame des d\u00e9tails sympathiques, comme le plafonnier qui vous accueille lorsque la porte s&rsquo;ouvre. La plaque d&rsquo;immatriculation montre qu&rsquo;elle est n\u00e9e avec des caract\u00e9ristiques rares comme l&rsquo;air conditionn\u00e9 et les vitres \u00e9lectriques. Les principaux composants sont toujours en place pour les garder en exposition, mais ils devront \u00eatre restaur\u00e9s pour fonctionner \u00e0 nouveau. Et le v\u00e9ritable c\u0153ur de l&rsquo;attrait est un pack conducteur ad\u00e9quat. Vous disposez d&rsquo;un baquet \u00e0 haut dossier, d&rsquo;une console centrale moul\u00e9e autour du conducteur et d&rsquo;un volant sport \u00e0 trois branches. Les jauges Rallye mettent un grand tachym\u00e8tre juste en face de vous. Ainsi, bien qu&rsquo;il y ait une st\u00e9r\u00e9o AM\/FM\/CD am\u00e9lior\u00e9e, nous savons vraiment que votre bande sonore pr\u00e9f\u00e9r\u00e9e provient de sous le capot.<\/p>\n<p>Sous le capot se trouve un gros bloc de 383 cubic-inch. Bien qu&rsquo;il ne s&rsquo;agisse pas du moteur d&rsquo;usine, ce sera \u00e0 vous de le dire aux autres, car le bloc d&rsquo;\u00e9poque semble tout \u00e0 fait normal. Apr\u00e8s tout, ils seront tous trop occup\u00e9s \u00e0 remarquer la grosse et audacieuse prise d&rsquo;air 383 pour voir le carburateur Edelbrock \u00e0 quatre barils am\u00e9lior\u00e9 qui se trouve en dessous. Ce que ces investissements signifient vraiment, c&rsquo;est un moteur puissant qui d\u00e9marre facilement, qui tourne au ralenti sans probl\u00e8me et qui \u00e9met un son agr\u00e9able gr\u00e2ce \u00e0 l&rsquo;\u00e9chappement double. La A727 Torqueflite est une transmission automatique \u00e0 trois vitesses robuste mais douce. Et vous disposez d&rsquo;autres caract\u00e9ristiques de conduite en tout temps comme la direction assist\u00e9e, les freins assist\u00e9s, les disques avant et les larges pneus BF Goodrich T\/A.<\/p>\n<p>Complet avec le manuel du propri\u00e9taire, voici une belle Mopar avec les bonnes couleurs et une grande puissance. C&rsquo;est exactement ce que vous voulez, et tout cela peut \u00eatre \u00e0 vous si vous \u00eates le premier \u00e0 saisir cette offre. Appelez aujourd&rsquo;hui !!!<\/p>\n<\/div>\n<div class=\"features-and-docs\">\n<div id=\"features\" class=\"vehicle-option-container vehicle-info-section\">\n<h2 class=\"info-headline\"><strong>FEATURES<\/strong><\/h2>\n<ul class=\"features-list\">\n<li>D\u00e9sembuage arri\u00e8re<\/li>\n<li>Ceintures de s\u00e9curit\u00e9 (arri\u00e8re)<\/li>\n<li>Ceintures de s\u00e9curit\u00e9 (avant)<\/li>\n<li>Lecteur de CD<\/li>\n<li>Vitres \u00e9lectriques<\/li>\n<li>Direction assist\u00e9e<\/li>\n<li>Freins assist\u00e9s<\/li>\n<li>Freins \u00e0 disque avant<\/li>\n<li>Int\u00e9rieur en vinyle<\/li>\n<li>Chaleur<\/li>\n<li>Climatisation<\/li>\n<li>D\u00e9givrage<\/li>\n<li>Radio AM\/FM<\/li>\n<\/ul>\n<\/div>\n<div id=\"documents\" class=\"vehicle-option-container vehicle-info-section\">\n<h2 class=\"info-headline\"><strong>DOCUMENTATION<\/strong><\/h2>\n<ul class=\"features-list\">\n<li>Manuel du propri\u00e9taire<\/li>\n<\/ul>\n<\/div>\n<p>Utilis\u00e9<\/p>\n<p>Lutz, Floride<\/p>\n<\/div>\n","protected":false},"excerpt":{"rendered":"<a class=\"button  button_left button_full_width button_size_4 button_theme\" href=\"https:\/\/www.youtube.com\/watch?v=IIJo84ZD-a0\"      rel=\"prettyphoto \"   title=\"\"><span class=\"button_icon\"><i class=\"icon-play\"  aria-hidden=\"true\"><\/i><\/span><span class=\"button_label\">Regarder la vid\u00e9o de la voiture<\/span><\/a>\n\n","protected":false},"featured_media":274124,"template":"","meta":[],"product_brand":[],"product_cat":[114,131,121],"product_tag":[],"class_list":{"0":"post-274241","1":"product","2":"type-product","3":"status-publish","4":"has-post-thumbnail","6":"product_cat-1970-fr","7":"product_cat-challenger-fr","8":"product_cat-dodge-fr","10":"first","11":"instock","12":"featured","13":"sold-individually","14":"shipping-taxable","15":"purchasable","16":"product-type-simple"},"yoast_head":"<!-- This site is optimized with the Yoast SEO plugin v27.4 - https:\/\/yoast.com\/product\/yoast-seo-wordpress\/ -->\n<title>1970 Dodge Challenger 383Ci V8 - Voiture de collection \u00e0 vendre<\/title>\n<meta name=\"robots\" content=\"index, follow, max-snippet:-1, max-image-preview:large, max-video-preview:-1\" \/>\n<link rel=\"canonical\" href=\"https:\/\/legendarycarsonline.com\/fr\/product\/1970-dodge-challenger-383ci-v8-2\/\" \/>\n<meta property=\"og:locale\" content=\"fr_FR\" \/>\n<meta property=\"og:type\" content=\"article\" \/>\n<meta property=\"og:title\" content=\"1970 Dodge Challenger 383Ci V8 - Voiture de collection \u00e0 vendre\" \/>\n<meta property=\"og:url\" content=\"https:\/\/legendarycarsonline.com\/fr\/product\/1970-dodge-challenger-383ci-v8-2\/\" \/>\n<meta property=\"og:site_name\" content=\"Voiture de collection \u00e0 vendre\" \/>\n<meta property=\"article:publisher\" content=\"https:\/\/www.facebook.com\/Legendary-Cars-Online-112758273845339\" \/>\n<meta property=\"og:image\" content=\"https:\/\/legendarycarsonline.com\/wp-content\/uploads\/2022\/12\/1970-dodge-challenger-3.jpg\" \/>\n\t<meta property=\"og:image:width\" content=\"1920\" \/>\n\t<meta property=\"og:image:height\" content=\"1280\" \/>\n\t<meta property=\"og:image:type\" content=\"image\/jpeg\" \/>\n<meta name=\"twitter:card\" content=\"summary_large_image\" \/>\n<meta name=\"twitter:description\" content=\"[button title=&quot;Regarder la vid\u00e9o de la voiture&quot; icon=&quot;icon-play&quot; icon_position=&quot;left&quot; color=&quot;theme&quot; size=&quot;4&quot; full_width=&quot;100%&quot; link=&quot;https:\/\/www.youtube.com\/watch?v=IIJo84ZD-a0&quot; class=&quot;prettyphoto&quot;]\" \/>\n<meta name=\"twitter:label1\" content=\"Dur\u00e9e de lecture estim\u00e9e\" \/>\n\t<meta name=\"twitter:data1\" content=\"4 minutes\" \/>\n<script type=\"application\/ld+json\" class=\"yoast-schema-graph\">{\"@context\":\"https:\\\/\\\/schema.org\",\"@graph\":[{\"@type\":\"WebPage\",\"@id\":\"https:\\\/\\\/legendarycarsonline.com\\\/fr\\\/product\\\/1970-dodge-challenger-383ci-v8-2\\\/\",\"url\":\"https:\\\/\\\/legendarycarsonline.com\\\/fr\\\/product\\\/1970-dodge-challenger-383ci-v8-2\\\/\",\"name\":\"1970 Dodge Challenger 383Ci V8 - Voiture de collection \u00e0 vendre\",\"isPartOf\":{\"@id\":\"https:\\\/\\\/legendarycarsonline.com\\\/fr\\\/#website\"},\"primaryImageOfPage\":{\"@id\":\"https:\\\/\\\/legendarycarsonline.com\\\/fr\\\/product\\\/1970-dodge-challenger-383ci-v8-2\\\/#primaryimage\"},\"image\":{\"@id\":\"https:\\\/\\\/legendarycarsonline.com\\\/fr\\\/product\\\/1970-dodge-challenger-383ci-v8-2\\\/#primaryimage\"},\"thumbnailUrl\":\"https:\\\/\\\/legendarycarsonline.com\\\/wp-content\\\/uploads\\\/2022\\\/12\\\/1970-dodge-challenger-3.jpg\",\"datePublished\":\"2022-12-03T15:23:14+00:00\",\"breadcrumb\":{\"@id\":\"https:\\\/\\\/legendarycarsonline.com\\\/fr\\\/product\\\/1970-dodge-challenger-383ci-v8-2\\\/#breadcrumb\"},\"inLanguage\":\"fr-FR\",\"potentialAction\":[{\"@type\":\"ReadAction\",\"target\":[\"https:\\\/\\\/legendarycarsonline.com\\\/fr\\\/product\\\/1970-dodge-challenger-383ci-v8-2\\\/\"]}]},{\"@type\":\"ImageObject\",\"inLanguage\":\"fr-FR\",\"@id\":\"https:\\\/\\\/legendarycarsonline.com\\\/fr\\\/product\\\/1970-dodge-challenger-383ci-v8-2\\\/#primaryimage\",\"url\":\"https:\\\/\\\/legendarycarsonline.com\\\/wp-content\\\/uploads\\\/2022\\\/12\\\/1970-dodge-challenger-3.jpg\",\"contentUrl\":\"https:\\\/\\\/legendarycarsonline.com\\\/wp-content\\\/uploads\\\/2022\\\/12\\\/1970-dodge-challenger-3.jpg\",\"width\":1920,\"height\":1280},{\"@type\":\"BreadcrumbList\",\"@id\":\"https:\\\/\\\/legendarycarsonline.com\\\/fr\\\/product\\\/1970-dodge-challenger-383ci-v8-2\\\/#breadcrumb\",\"itemListElement\":[{\"@type\":\"ListItem\",\"position\":1,\"name\":\"Shop Cars\",\"item\":\"https:\\\/\\\/legendarycarsonline.com\\\/shop-cars\\\/\"},{\"@type\":\"ListItem\",\"position\":2,\"name\":\"1970 Dodge Challenger 383Ci V8\"}]},{\"@type\":\"WebSite\",\"@id\":\"https:\\\/\\\/legendarycarsonline.com\\\/fr\\\/#website\",\"url\":\"https:\\\/\\\/legendarycarsonline.com\\\/fr\\\/\",\"name\":\"Voiture de collection \u00e0 vendre\",\"description\":\"\",\"publisher\":{\"@id\":\"https:\\\/\\\/legendarycarsonline.com\\\/fr\\\/#organization\"},\"potentialAction\":[{\"@type\":\"SearchAction\",\"target\":{\"@type\":\"EntryPoint\",\"urlTemplate\":\"https:\\\/\\\/legendarycarsonline.com\\\/fr\\\/?s={search_term_string}\"},\"query-input\":{\"@type\":\"PropertyValueSpecification\",\"valueRequired\":true,\"valueName\":\"search_term_string\"}}],\"inLanguage\":\"fr-FR\"},{\"@type\":\"Organization\",\"@id\":\"https:\\\/\\\/legendarycarsonline.com\\\/fr\\\/#organization\",\"name\":\"Legendary Cars Online\",\"url\":\"https:\\\/\\\/legendarycarsonline.com\\\/fr\\\/\",\"logo\":{\"@type\":\"ImageObject\",\"inLanguage\":\"fr-FR\",\"@id\":\"https:\\\/\\\/legendarycarsonline.com\\\/fr\\\/#\\\/schema\\\/logo\\\/image\\\/\",\"url\":\"https:\\\/\\\/legendarycarsonline.com\\\/wp-content\\\/uploads\\\/2021\\\/02\\\/Legendary-Cars-Online.png\",\"contentUrl\":\"https:\\\/\\\/legendarycarsonline.com\\\/wp-content\\\/uploads\\\/2021\\\/02\\\/Legendary-Cars-Online.png\",\"width\":275,\"height\":216,\"caption\":\"Legendary Cars Online\"},\"image\":{\"@id\":\"https:\\\/\\\/legendarycarsonline.com\\\/fr\\\/#\\\/schema\\\/logo\\\/image\\\/\"},\"sameAs\":[\"https:\\\/\\\/www.facebook.com\\\/Legendary-Cars-Online-112758273845339\"]}]}<\/script>\n<!-- \/ Yoast SEO plugin. -->","yoast_head_json":{"title":"1970 Dodge Challenger 383Ci V8 - Voiture de collection \u00e0 vendre","robots":{"index":"index","follow":"follow","max-snippet":"max-snippet:-1","max-image-preview":"max-image-preview:large","max-video-preview":"max-video-preview:-1"},"canonical":"https:\/\/legendarycarsonline.com\/fr\/product\/1970-dodge-challenger-383ci-v8-2\/","og_locale":"fr_FR","og_type":"article","og_title":"1970 Dodge Challenger 383Ci V8 - Voiture de collection \u00e0 vendre","og_url":"https:\/\/legendarycarsonline.com\/fr\/product\/1970-dodge-challenger-383ci-v8-2\/","og_site_name":"Voiture de collection \u00e0 vendre","article_publisher":"https:\/\/www.facebook.com\/Legendary-Cars-Online-112758273845339","og_image":[{"width":1920,"height":1280,"url":"https:\/\/legendarycarsonline.com\/wp-content\/uploads\/2022\/12\/1970-dodge-challenger-3.jpg","type":"image\/jpeg"}],"twitter_card":"summary_large_image","twitter_description":"[button title=\"Regarder la vid\u00e9o de la voiture\" icon=\"icon-play\" icon_position=\"left\" color=\"theme\" size=\"4\" full_width=\"100%\" link=\"https:\/\/www.youtube.com\/watch?v=IIJo84ZD-a0\" class=\"prettyphoto\"]","twitter_misc":{"Dur\u00e9e de lecture estim\u00e9e":"4 minutes"},"schema":{"@context":"https:\/\/schema.org","@graph":[{"@type":"WebPage","@id":"https:\/\/legendarycarsonline.com\/fr\/product\/1970-dodge-challenger-383ci-v8-2\/","url":"https:\/\/legendarycarsonline.com\/fr\/product\/1970-dodge-challenger-383ci-v8-2\/","name":"1970 Dodge Challenger 383Ci V8 - Voiture de collection \u00e0 vendre","isPartOf":{"@id":"https:\/\/legendarycarsonline.com\/fr\/#website"},"primaryImageOfPage":{"@id":"https:\/\/legendarycarsonline.com\/fr\/product\/1970-dodge-challenger-383ci-v8-2\/#primaryimage"},"image":{"@id":"https:\/\/legendarycarsonline.com\/fr\/product\/1970-dodge-challenger-383ci-v8-2\/#primaryimage"},"thumbnailUrl":"https:\/\/legendarycarsonline.com\/wp-content\/uploads\/2022\/12\/1970-dodge-challenger-3.jpg","datePublished":"2022-12-03T15:23:14+00:00","breadcrumb":{"@id":"https:\/\/legendarycarsonline.com\/fr\/product\/1970-dodge-challenger-383ci-v8-2\/#breadcrumb"},"inLanguage":"fr-FR","potentialAction":[{"@type":"ReadAction","target":["https:\/\/legendarycarsonline.com\/fr\/product\/1970-dodge-challenger-383ci-v8-2\/"]}]},{"@type":"ImageObject","inLanguage":"fr-FR","@id":"https:\/\/legendarycarsonline.com\/fr\/product\/1970-dodge-challenger-383ci-v8-2\/#primaryimage","url":"https:\/\/legendarycarsonline.com\/wp-content\/uploads\/2022\/12\/1970-dodge-challenger-3.jpg","contentUrl":"https:\/\/legendarycarsonline.com\/wp-content\/uploads\/2022\/12\/1970-dodge-challenger-3.jpg","width":1920,"height":1280},{"@type":"BreadcrumbList","@id":"https:\/\/legendarycarsonline.com\/fr\/product\/1970-dodge-challenger-383ci-v8-2\/#breadcrumb","itemListElement":[{"@type":"ListItem","position":1,"name":"Shop Cars","item":"https:\/\/legendarycarsonline.com\/shop-cars\/"},{"@type":"ListItem","position":2,"name":"1970 Dodge Challenger 383Ci V8"}]},{"@type":"WebSite","@id":"https:\/\/legendarycarsonline.com\/fr\/#website","url":"https:\/\/legendarycarsonline.com\/fr\/","name":"Voiture de collection \u00e0 vendre","description":"","publisher":{"@id":"https:\/\/legendarycarsonline.com\/fr\/#organization"},"potentialAction":[{"@type":"SearchAction","target":{"@type":"EntryPoint","urlTemplate":"https:\/\/legendarycarsonline.com\/fr\/?s={search_term_string}"},"query-input":{"@type":"PropertyValueSpecification","valueRequired":true,"valueName":"search_term_string"}}],"inLanguage":"fr-FR"},{"@type":"Organization","@id":"https:\/\/legendarycarsonline.com\/fr\/#organization","name":"Legendary Cars Online","url":"https:\/\/legendarycarsonline.com\/fr\/","logo":{"@type":"ImageObject","inLanguage":"fr-FR","@id":"https:\/\/legendarycarsonline.com\/fr\/#\/schema\/logo\/image\/","url":"https:\/\/legendarycarsonline.com\/wp-content\/uploads\/2021\/02\/Legendary-Cars-Online.png","contentUrl":"https:\/\/legendarycarsonline.com\/wp-content\/uploads\/2021\/02\/Legendary-Cars-Online.png","width":275,"height":216,"caption":"Legendary Cars Online"},"image":{"@id":"https:\/\/legendarycarsonline.com\/fr\/#\/schema\/logo\/image\/"},"sameAs":["https:\/\/www.facebook.com\/Legendary-Cars-Online-112758273845339"]}]}},"_links":{"self":[{"href":"https:\/\/legendarycarsonline.com\/fr\/wp-json\/wp\/v2\/product\/274241","targetHints":{"allow":["GET"]}}],"collection":[{"href":"https:\/\/legendarycarsonline.com\/fr\/wp-json\/wp\/v2\/product"}],"about":[{"href":"https:\/\/legendarycarsonline.com\/fr\/wp-json\/wp\/v2\/types\/product"}],"wp:featuredmedia":[{"embeddable":true,"href":"https:\/\/legendarycarsonline.com\/fr\/wp-json\/wp\/v2\/media\/274124"}],"wp:attachment":[{"href":"https:\/\/legendarycarsonline.com\/fr\/wp-json\/wp\/v2\/media?parent=274241"}],"wp:term":[{"taxonomy":"product_brand","embeddable":true,"href":"https:\/\/legendarycarsonline.com\/fr\/wp-json\/wp\/v2\/product_brand?post=274241"},{"taxonomy":"product_cat","embeddable":true,"href":"https:\/\/legendarycarsonline.com\/fr\/wp-json\/wp\/v2\/product_cat?post=274241"},{"taxonomy":"product_tag","embeddable":true,"href":"https:\/\/legendarycarsonline.com\/fr\/wp-json\/wp\/v2\/product_tag?post=274241"}],"curies":[{"name":"wp","href":"https:\/\/api.w.org\/{rel}","templated":true}]}}