
 {"id":276242,"date":"2022-12-06T19:32:40","date_gmt":"2022-12-20T13:31:30","guid":{"rendered":"https:\/\/legendarycarsonline.com\/product\/chevrolet-camaro-rs-tribute-1968-v8-327ci\/"},"modified":"2022-12-20T05:31:36","modified_gmt":"2022-12-20T13:31:36","slug":"1968-chevrolet-camaro-rs-tribute-327ci-v8","status":"publish","type":"product","link":"https:\/\/legendarycarsonline.com\/fr\/product\/1968-chevrolet-camaro-rs-tribute-327ci-v8\/","title":{"rendered":"Chevrolet Camaro RS \u00ab\u00a0Tribute\u00a0\u00bb 1968 V8 327Ci"},"content":{"rendered":"<h2><strong>Caract\u00e9ristiques de l&rsquo;article<\/strong><\/h2>\n<div id=\"viTabs_0_is\" class=\"itemAttr\">\n<div class=\"section\">\n<table role=\"presentation\" width=\"100%\" cellspacing=\"0\" cellpadding=\"0\">\n<tbody>\n<tr>\n<td class=\"attrLabels\">Condition :<\/td>\n<td width=\"30.0%\">Utilis\u00e9<\/td>\n<td class=\"attrLabels\">Ann\u00e9e :<\/td>\n<td width=\"30.0%\">1968<\/td>\n<\/tr>\n<tr>\n<td class=\"attrLabels\">VIN (num\u00e9ro d&rsquo;identification du v\u00e9hicule) :<\/td>\n<td width=\"30.0%\">124378L3XXXXX<\/td>\n<td class=\"attrLabels\">Kilom\u00e9trage :<\/td>\n<td width=\"30.0%\">95200<\/td>\n<\/tr>\n<tr>\n<td class=\"attrLabels\">Moteur :<\/td>\n<td width=\"30.0%\">327Ci V8<\/td>\n<td class=\"attrLabels\">Les portes :<\/td>\n<td width=\"30.0%\">2<\/td>\n<\/tr>\n<tr>\n<td class=\"attrLabels\">Mod\u00e8le :<\/td>\n<td width=\"30.0%\">Camaro<\/td>\n<td class=\"attrLabels\">VIN :<\/td>\n<td width=\"30.0%\">124378L3XXXXX<\/td>\n<\/tr>\n<tr>\n<td class=\"attrLabels\">Sous-mod\u00e8le :<\/td>\n<td width=\"30.0%\">&#8211;<\/td>\n<td class=\"attrLabels\">Cylindres :<\/td>\n<td width=\"30.0%\">8-Cyl.<\/td>\n<\/tr>\n<tr>\n<td class=\"attrLabels\">Couleur int\u00e9rieure :<\/td>\n<td width=\"30.0%\">Noir<\/td>\n<td class=\"attrLabels\">Transmission :<\/td>\n<td width=\"30.0%\">Automatique<\/td>\n<\/tr>\n<tr>\n<td class=\"attrLabels\">Vente par :<\/td>\n<td width=\"30.0%\">Concessionnaire<\/td>\n<td class=\"attrLabels\">Couleur ext\u00e9rieure :<\/td>\n<td width=\"30.0%\">Rouge<\/td>\n<\/tr>\n<tr>\n<td class=\"attrLabels\">Faites :<\/td>\n<td width=\"30.0%\">Chevrolet<\/td>\n<td class=\"attrLabels\">Trim :<\/td>\n<td width=\"30.0%\">Hommage de RS<\/td>\n<\/tr>\n<tr>\n<td class=\"attrLabels\">Type de carrosserie :<\/td>\n<td width=\"30.0%\">Coup\u00e9<\/td>\n<td class=\"attrLabels\">Titre du v\u00e9hicule :<\/td>\n<td width=\"30.0%\">Nettoyer<\/td>\n<\/tr>\n<tr>\n<td class=\"attrLabels\">Garantie :<\/td>\n<td width=\"30.0%\">Non sp\u00e9cifi\u00e9<\/td>\n<\/tr>\n<\/tbody>\n<\/table>\n<\/div>\n<\/div>\n<h1 class=\"x-item-title__mainTitle\"><strong><span class=\"ux-textspans ux-textspans--BOLD\">Chevrolet Camaro RS Tribute 1968<\/span><\/strong><\/h1>\n<h2 class=\"x-item-title__sellerProvidedTitle\"><strong><span class=\"ux-textspans\">classique vintage chrome hideaway Chevy muscle car coupe manual transmission SBC<\/span><\/strong><\/h2>\n<div id=\"vehicle-description\" class=\"active vehicle-info-section\">\n<h2 class=\"info-headline\"><strong>DESCRIPTION<\/strong><\/h2>\n<div class=\"default-header\"><strong>327 V8, 4SPD TRANS, DIRECTION ASSIST\u00c9E \/ FREINS, RUNS \/ DRIVES WELL, GR8 COULEURS, SHARP !!<\/strong><\/div>\n<p>La Chevrolet Camaro RS Tribute 1968 a tout ce qu&rsquo;il faut pour vous plaire : un look \u00e9clatant, la puissance d&rsquo;un V8 et quatre places sur le plancher. Le tout forme un classique bien fait pour le genre de personne qui sait que les samedis soirs sont pour la croisi\u00e8re.<\/p>\n<p>Un rouge vif fait toujours bonne figure sur un cruiser classique. Il s&rsquo;agit d&rsquo;une mise \u00e0 niveau moderne qui pr\u00e9sente un lustre de couche transparente pour un aspect lisse et une brillance \u00e0 la lumi\u00e8re du soleil. Le polissage de la peinture compl\u00e8te le bel aspect brillant des pare-chocs chrom\u00e9s, des jantes Rallye 15 pouces am\u00e9lior\u00e9es et des garnitures de fen\u00eatres. De plus, il s&rsquo;agit d&rsquo;un v\u00e9ritable hommage \u00e0 la RS, avec une calandre sombre et cach\u00e9e qui lui donne l&rsquo;air de vouloir avaler les voitures de moindre importance. Cette intimidation sportive se poursuit avec des am\u00e9liorations agressives telles que la bande blanche de bourdon, le capot de type cowl, le becquet de menton profond et le becquet arri\u00e8re pleine largeur. Vous avez donc un classique avec un bon \u00e9quilibre entre un style attrayant et m\u00e9chant, mais rien de trop fantaisiste pour vous rendre nerveux \u00e0 l&rsquo;id\u00e9e de conduire cette voiture.<\/p>\n<p>L&rsquo;int\u00e9rieur noir se marie bien avec l&rsquo;ext\u00e9rieur rouge. C&rsquo;est une pr\u00e9sentation propre et compl\u00e8te qui vous met dans l&rsquo;ambiance du plaisir de conduire. Et tout, depuis les garnitures en bois jusqu&rsquo;aux si\u00e8ges baquets \u00e0 dossier bas, fait partie de la bonne sensation de coup\u00e9 classique. Et si un style propre et complet s\u00e9duit tout le monde, cette Camaro veut avant tout s\u00e9duire le conducteur. Vous avez de beaux d\u00e9tails, comme une console centrale avec un levier de vitesse Hurst. Et la prise fine du volant RS est quelque chose que l&rsquo;on ne trouve que dans une voiture classique qui veut que vous preniez le contr\u00f4le total.<\/p>\n<p>Les parois int\u00e9rieures sombres du compartiment moteur donnent l&rsquo;impression que le centre rayonne de la puissance de Chevy. Il a un look brillant gr\u00e2ce aux cache-soupapes chrom\u00e9s Edelbrock, au bloc orange audacieux et \u00e0 la prise d&rsquo;air brillante avec une inscription. Le V8 de 327 pouces cubes est am\u00e9lior\u00e9 par un carburateur \u00e0 quatre barils, une admission Edelbrock RPM, une super bobine Accel HEI et des collecteurs \u00e0 long tube alimentant un double \u00e9chappement avec des silencieux Dynomax. Le V8 s&rsquo;allume facilement et se conduit avec confiance. Et une partie de cette assurance provient du contr\u00f4le total offert par la transmission manuelle \u00e0 quatre vitesses. La direction assist\u00e9e, les freins assist\u00e9s et les disques avant sont tous l\u00e0 pour faire de cette Camaro classique un conducteur solide.<\/p>\n<p>Ce coup\u00e9 rouge vif avec les bonnes mises \u00e0 niveau pour \u00eatre un classique \u00e9l\u00e9gant pr\u00eat pour la route. C&rsquo;est une Camaro exceptionnelle sur laquelle vous devez mettre la main d\u00e8s maintenant.<\/p>\n<\/div>\n<div class=\"features-and-docs\">\n<div id=\"features\" class=\"vehicle-option-container vehicle-info-section\">\n<h2 class=\"info-headline\"><strong>FEATURES<\/strong><\/h2>\n<ul class=\"features-list\">\n<li>Freins \u00e0 disque avant<\/li>\n<li>Ceintures de s\u00e9curit\u00e9<\/li>\n<li>Direction assist\u00e9e<\/li>\n<li>Freins assist\u00e9s<\/li>\n<li>Int\u00e9rieur en vinyle<\/li>\n<li>Chaleur<\/li>\n<li>D\u00e9givrage<\/li>\n<li>Radio AM\/FM<\/li>\n<\/ul>\n<\/div>\n<div id=\"documents\" class=\"vehicle-option-container vehicle-info-section\">\n<h2 class=\"info-headline\"><strong>DOCUMENTATION<\/strong><\/h2>\n<p>Utilis\u00e9<\/p>\n<p>Concord, Caroline du Nord<\/p>\n<\/div>\n<\/div>\n","protected":false},"excerpt":{"rendered":"<a class=\"button  button_left button_full_width button_size_4 button_theme\" href=\"https:\/\/www.youtube.com\/watch?v=2oAW-3Xhj-4\"      rel=\"prettyphoto \"   title=\"\"><span class=\"button_icon\"><i class=\"icon-play\"  aria-hidden=\"true\"><\/i><\/span><span class=\"button_label\">Regarder la vid\u00e9o de la voiture<\/span><\/a>\n\n","protected":false},"featured_media":275142,"template":"","meta":[],"product_brand":[],"product_cat":[130,118,110],"product_tag":[],"class_list":{"0":"post-276242","1":"product","2":"type-product","3":"status-publish","4":"has-post-thumbnail","6":"product_cat-1968-fr","7":"product_cat-camaro-fr","8":"product_cat-chevrolet-fr","10":"first","11":"instock","12":"featured","13":"sold-individually","14":"shipping-taxable","15":"purchasable","16":"product-type-simple"},"yoast_head":"<!-- This site is optimized with the Yoast SEO plugin v27.4 - https:\/\/yoast.com\/product\/yoast-seo-wordpress\/ -->\n<title>Chevrolet Camaro RS &quot;Tribute&quot; 1968 V8 327Ci - Voiture de collection \u00e0 vendre<\/title>\n<meta name=\"robots\" content=\"index, follow, max-snippet:-1, max-image-preview:large, max-video-preview:-1\" \/>\n<link rel=\"canonical\" href=\"https:\/\/legendarycarsonline.com\/fr\/product\/1968-chevrolet-camaro-rs-tribute-327ci-v8\/\" \/>\n<meta property=\"og:locale\" content=\"fr_FR\" \/>\n<meta property=\"og:type\" content=\"article\" \/>\n<meta property=\"og:title\" content=\"Chevrolet Camaro RS &quot;Tribute&quot; 1968 V8 327Ci - Voiture de collection \u00e0 vendre\" \/>\n<meta property=\"og:url\" content=\"https:\/\/legendarycarsonline.com\/fr\/product\/1968-chevrolet-camaro-rs-tribute-327ci-v8\/\" \/>\n<meta property=\"og:site_name\" content=\"Voiture de collection \u00e0 vendre\" \/>\n<meta property=\"article:publisher\" content=\"https:\/\/www.facebook.com\/Legendary-Cars-Online-112758273845339\" \/>\n<meta property=\"article:modified_time\" content=\"2022-12-20T13:31:36+00:00\" \/>\n<meta property=\"og:image\" content=\"https:\/\/legendarycarsonline.com\/wp-content\/uploads\/2022\/12\/1968-chevrolet-camaro-rs-tribute-3.jpg\" \/>\n\t<meta property=\"og:image:width\" content=\"1920\" \/>\n\t<meta property=\"og:image:height\" content=\"1280\" \/>\n\t<meta property=\"og:image:type\" content=\"image\/jpeg\" \/>\n<meta name=\"twitter:card\" content=\"summary_large_image\" \/>\n<meta name=\"twitter:description\" content=\"[button title=&quot;Regarder la vid\u00e9o de la voiture&quot; icon=&quot;icon-play&quot; icon_position=&quot;left&quot; color=&quot;theme&quot; size=&quot;4&quot; full_width=&quot;100%&quot; link=&quot;https:\/\/www.youtube.com\/watch?v=2oAW-3Xhj-4&quot; class=&quot;prettyphoto&quot;]\" \/>\n<meta name=\"twitter:label1\" content=\"Dur\u00e9e de lecture estim\u00e9e\" \/>\n\t<meta name=\"twitter:data1\" content=\"3 minutes\" \/>\n<script type=\"application\/ld+json\" class=\"yoast-schema-graph\">{\"@context\":\"https:\\\/\\\/schema.org\",\"@graph\":[{\"@type\":\"WebPage\",\"@id\":\"https:\\\/\\\/legendarycarsonline.com\\\/fr\\\/product\\\/1968-chevrolet-camaro-rs-tribute-327ci-v8\\\/\",\"url\":\"https:\\\/\\\/legendarycarsonline.com\\\/fr\\\/product\\\/1968-chevrolet-camaro-rs-tribute-327ci-v8\\\/\",\"name\":\"Chevrolet Camaro RS \\\"Tribute\\\" 1968 V8 327Ci - Voiture de collection \u00e0 vendre\",\"isPartOf\":{\"@id\":\"https:\\\/\\\/legendarycarsonline.com\\\/fr\\\/#website\"},\"primaryImageOfPage\":{\"@id\":\"https:\\\/\\\/legendarycarsonline.com\\\/fr\\\/product\\\/1968-chevrolet-camaro-rs-tribute-327ci-v8\\\/#primaryimage\"},\"image\":{\"@id\":\"https:\\\/\\\/legendarycarsonline.com\\\/fr\\\/product\\\/1968-chevrolet-camaro-rs-tribute-327ci-v8\\\/#primaryimage\"},\"thumbnailUrl\":\"https:\\\/\\\/legendarycarsonline.com\\\/wp-content\\\/uploads\\\/2022\\\/12\\\/1968-chevrolet-camaro-rs-tribute-3.jpg\",\"datePublished\":\"2022-12-20T13:31:30+00:00\",\"dateModified\":\"2022-12-20T13:31:36+00:00\",\"breadcrumb\":{\"@id\":\"https:\\\/\\\/legendarycarsonline.com\\\/fr\\\/product\\\/1968-chevrolet-camaro-rs-tribute-327ci-v8\\\/#breadcrumb\"},\"inLanguage\":\"fr-FR\",\"potentialAction\":[{\"@type\":\"ReadAction\",\"target\":[\"https:\\\/\\\/legendarycarsonline.com\\\/fr\\\/product\\\/1968-chevrolet-camaro-rs-tribute-327ci-v8\\\/\"]}]},{\"@type\":\"ImageObject\",\"inLanguage\":\"fr-FR\",\"@id\":\"https:\\\/\\\/legendarycarsonline.com\\\/fr\\\/product\\\/1968-chevrolet-camaro-rs-tribute-327ci-v8\\\/#primaryimage\",\"url\":\"https:\\\/\\\/legendarycarsonline.com\\\/wp-content\\\/uploads\\\/2022\\\/12\\\/1968-chevrolet-camaro-rs-tribute-3.jpg\",\"contentUrl\":\"https:\\\/\\\/legendarycarsonline.com\\\/wp-content\\\/uploads\\\/2022\\\/12\\\/1968-chevrolet-camaro-rs-tribute-3.jpg\",\"width\":1920,\"height\":1280},{\"@type\":\"BreadcrumbList\",\"@id\":\"https:\\\/\\\/legendarycarsonline.com\\\/fr\\\/product\\\/1968-chevrolet-camaro-rs-tribute-327ci-v8\\\/#breadcrumb\",\"itemListElement\":[{\"@type\":\"ListItem\",\"position\":1,\"name\":\"Shop Cars\",\"item\":\"https:\\\/\\\/legendarycarsonline.com\\\/shop-cars\\\/\"},{\"@type\":\"ListItem\",\"position\":2,\"name\":\"Chevrolet Camaro RS &#8220;Tribute&#8221; 1968 V8 327Ci\"}]},{\"@type\":\"WebSite\",\"@id\":\"https:\\\/\\\/legendarycarsonline.com\\\/fr\\\/#website\",\"url\":\"https:\\\/\\\/legendarycarsonline.com\\\/fr\\\/\",\"name\":\"Voiture de collection \u00e0 vendre\",\"description\":\"\",\"publisher\":{\"@id\":\"https:\\\/\\\/legendarycarsonline.com\\\/fr\\\/#organization\"},\"potentialAction\":[{\"@type\":\"SearchAction\",\"target\":{\"@type\":\"EntryPoint\",\"urlTemplate\":\"https:\\\/\\\/legendarycarsonline.com\\\/fr\\\/?s={search_term_string}\"},\"query-input\":{\"@type\":\"PropertyValueSpecification\",\"valueRequired\":true,\"valueName\":\"search_term_string\"}}],\"inLanguage\":\"fr-FR\"},{\"@type\":\"Organization\",\"@id\":\"https:\\\/\\\/legendarycarsonline.com\\\/fr\\\/#organization\",\"name\":\"Legendary Cars Online\",\"url\":\"https:\\\/\\\/legendarycarsonline.com\\\/fr\\\/\",\"logo\":{\"@type\":\"ImageObject\",\"inLanguage\":\"fr-FR\",\"@id\":\"https:\\\/\\\/legendarycarsonline.com\\\/fr\\\/#\\\/schema\\\/logo\\\/image\\\/\",\"url\":\"https:\\\/\\\/legendarycarsonline.com\\\/wp-content\\\/uploads\\\/2021\\\/02\\\/Legendary-Cars-Online.png\",\"contentUrl\":\"https:\\\/\\\/legendarycarsonline.com\\\/wp-content\\\/uploads\\\/2021\\\/02\\\/Legendary-Cars-Online.png\",\"width\":275,\"height\":216,\"caption\":\"Legendary Cars Online\"},\"image\":{\"@id\":\"https:\\\/\\\/legendarycarsonline.com\\\/fr\\\/#\\\/schema\\\/logo\\\/image\\\/\"},\"sameAs\":[\"https:\\\/\\\/www.facebook.com\\\/Legendary-Cars-Online-112758273845339\"]}]}<\/script>\n<!-- \/ Yoast SEO plugin. -->","yoast_head_json":{"title":"Chevrolet Camaro RS \"Tribute\" 1968 V8 327Ci - Voiture de collection \u00e0 vendre","robots":{"index":"index","follow":"follow","max-snippet":"max-snippet:-1","max-image-preview":"max-image-preview:large","max-video-preview":"max-video-preview:-1"},"canonical":"https:\/\/legendarycarsonline.com\/fr\/product\/1968-chevrolet-camaro-rs-tribute-327ci-v8\/","og_locale":"fr_FR","og_type":"article","og_title":"Chevrolet Camaro RS \"Tribute\" 1968 V8 327Ci - Voiture de collection \u00e0 vendre","og_url":"https:\/\/legendarycarsonline.com\/fr\/product\/1968-chevrolet-camaro-rs-tribute-327ci-v8\/","og_site_name":"Voiture de collection \u00e0 vendre","article_publisher":"https:\/\/www.facebook.com\/Legendary-Cars-Online-112758273845339","article_modified_time":"2022-12-20T13:31:36+00:00","og_image":[{"width":1920,"height":1280,"url":"https:\/\/legendarycarsonline.com\/wp-content\/uploads\/2022\/12\/1968-chevrolet-camaro-rs-tribute-3.jpg","type":"image\/jpeg"}],"twitter_card":"summary_large_image","twitter_description":"[button title=\"Regarder la vid\u00e9o de la voiture\" icon=\"icon-play\" icon_position=\"left\" color=\"theme\" size=\"4\" full_width=\"100%\" link=\"https:\/\/www.youtube.com\/watch?v=2oAW-3Xhj-4\" class=\"prettyphoto\"]","twitter_misc":{"Dur\u00e9e de lecture estim\u00e9e":"3 minutes"},"schema":{"@context":"https:\/\/schema.org","@graph":[{"@type":"WebPage","@id":"https:\/\/legendarycarsonline.com\/fr\/product\/1968-chevrolet-camaro-rs-tribute-327ci-v8\/","url":"https:\/\/legendarycarsonline.com\/fr\/product\/1968-chevrolet-camaro-rs-tribute-327ci-v8\/","name":"Chevrolet Camaro RS \"Tribute\" 1968 V8 327Ci - Voiture de collection \u00e0 vendre","isPartOf":{"@id":"https:\/\/legendarycarsonline.com\/fr\/#website"},"primaryImageOfPage":{"@id":"https:\/\/legendarycarsonline.com\/fr\/product\/1968-chevrolet-camaro-rs-tribute-327ci-v8\/#primaryimage"},"image":{"@id":"https:\/\/legendarycarsonline.com\/fr\/product\/1968-chevrolet-camaro-rs-tribute-327ci-v8\/#primaryimage"},"thumbnailUrl":"https:\/\/legendarycarsonline.com\/wp-content\/uploads\/2022\/12\/1968-chevrolet-camaro-rs-tribute-3.jpg","datePublished":"2022-12-20T13:31:30+00:00","dateModified":"2022-12-20T13:31:36+00:00","breadcrumb":{"@id":"https:\/\/legendarycarsonline.com\/fr\/product\/1968-chevrolet-camaro-rs-tribute-327ci-v8\/#breadcrumb"},"inLanguage":"fr-FR","potentialAction":[{"@type":"ReadAction","target":["https:\/\/legendarycarsonline.com\/fr\/product\/1968-chevrolet-camaro-rs-tribute-327ci-v8\/"]}]},{"@type":"ImageObject","inLanguage":"fr-FR","@id":"https:\/\/legendarycarsonline.com\/fr\/product\/1968-chevrolet-camaro-rs-tribute-327ci-v8\/#primaryimage","url":"https:\/\/legendarycarsonline.com\/wp-content\/uploads\/2022\/12\/1968-chevrolet-camaro-rs-tribute-3.jpg","contentUrl":"https:\/\/legendarycarsonline.com\/wp-content\/uploads\/2022\/12\/1968-chevrolet-camaro-rs-tribute-3.jpg","width":1920,"height":1280},{"@type":"BreadcrumbList","@id":"https:\/\/legendarycarsonline.com\/fr\/product\/1968-chevrolet-camaro-rs-tribute-327ci-v8\/#breadcrumb","itemListElement":[{"@type":"ListItem","position":1,"name":"Shop Cars","item":"https:\/\/legendarycarsonline.com\/shop-cars\/"},{"@type":"ListItem","position":2,"name":"Chevrolet Camaro RS &#8220;Tribute&#8221; 1968 V8 327Ci"}]},{"@type":"WebSite","@id":"https:\/\/legendarycarsonline.com\/fr\/#website","url":"https:\/\/legendarycarsonline.com\/fr\/","name":"Voiture de collection \u00e0 vendre","description":"","publisher":{"@id":"https:\/\/legendarycarsonline.com\/fr\/#organization"},"potentialAction":[{"@type":"SearchAction","target":{"@type":"EntryPoint","urlTemplate":"https:\/\/legendarycarsonline.com\/fr\/?s={search_term_string}"},"query-input":{"@type":"PropertyValueSpecification","valueRequired":true,"valueName":"search_term_string"}}],"inLanguage":"fr-FR"},{"@type":"Organization","@id":"https:\/\/legendarycarsonline.com\/fr\/#organization","name":"Legendary Cars Online","url":"https:\/\/legendarycarsonline.com\/fr\/","logo":{"@type":"ImageObject","inLanguage":"fr-FR","@id":"https:\/\/legendarycarsonline.com\/fr\/#\/schema\/logo\/image\/","url":"https:\/\/legendarycarsonline.com\/wp-content\/uploads\/2021\/02\/Legendary-Cars-Online.png","contentUrl":"https:\/\/legendarycarsonline.com\/wp-content\/uploads\/2021\/02\/Legendary-Cars-Online.png","width":275,"height":216,"caption":"Legendary Cars Online"},"image":{"@id":"https:\/\/legendarycarsonline.com\/fr\/#\/schema\/logo\/image\/"},"sameAs":["https:\/\/www.facebook.com\/Legendary-Cars-Online-112758273845339"]}]}},"_links":{"self":[{"href":"https:\/\/legendarycarsonline.com\/fr\/wp-json\/wp\/v2\/product\/276242","targetHints":{"allow":["GET"]}}],"collection":[{"href":"https:\/\/legendarycarsonline.com\/fr\/wp-json\/wp\/v2\/product"}],"about":[{"href":"https:\/\/legendarycarsonline.com\/fr\/wp-json\/wp\/v2\/types\/product"}],"wp:featuredmedia":[{"embeddable":true,"href":"https:\/\/legendarycarsonline.com\/fr\/wp-json\/wp\/v2\/media\/275142"}],"wp:attachment":[{"href":"https:\/\/legendarycarsonline.com\/fr\/wp-json\/wp\/v2\/media?parent=276242"}],"wp:term":[{"taxonomy":"product_brand","embeddable":true,"href":"https:\/\/legendarycarsonline.com\/fr\/wp-json\/wp\/v2\/product_brand?post=276242"},{"taxonomy":"product_cat","embeddable":true,"href":"https:\/\/legendarycarsonline.com\/fr\/wp-json\/wp\/v2\/product_cat?post=276242"},{"taxonomy":"product_tag","embeddable":true,"href":"https:\/\/legendarycarsonline.com\/fr\/wp-json\/wp\/v2\/product_tag?post=276242"}],"curies":[{"name":"wp","href":"https:\/\/api.w.org\/{rel}","templated":true}]}}