
 {"id":276457,"date":"2022-12-21T05:01:16","date_gmt":"2022-12-21T13:23:25","guid":{"rendered":"https:\/\/legendarycarsonline.com\/product\/1970-dodge-coronet-super-bee-440ci-v8\/"},"modified":"2022-12-21T05:23:28","modified_gmt":"2022-12-21T13:23:28","slug":"1970-dodge-coronet-super-bee-440ci-v8","status":"publish","type":"product","link":"https:\/\/legendarycarsonline.com\/fr\/product\/1970-dodge-coronet-super-bee-440ci-v8\/","title":{"rendered":"1970 Dodge Coronet Super Bee 440Ci V8"},"content":{"rendered":"<h2><strong>Caract\u00e9ristiques de l&rsquo;article<\/strong><\/h2>\n<div id=\"viTabs_0_is\" class=\"itemAttr\">\n<div class=\"section\">\n<table role=\"presentation\" width=\"100%\" cellspacing=\"0\" cellpadding=\"0\">\n<tbody>\n<tr>\n<td class=\"attrLabels\">Condition :<\/td>\n<td width=\"30.0%\">Utilis\u00e9<\/td>\n<td class=\"attrLabels\">Ann\u00e9e :<\/td>\n<td width=\"30.0%\">1970<\/td>\n<\/tr>\n<tr>\n<td class=\"attrLabels\">VIN (num\u00e9ro d&rsquo;identification du v\u00e9hicule) :<\/td>\n<td width=\"30.0%\">WM23N0A2XXXXX<\/td>\n<td class=\"attrLabels\">Kilom\u00e9trage :<\/td>\n<td width=\"30.0%\">47000<\/td>\n<\/tr>\n<tr>\n<td class=\"attrLabels\">Type de carrosserie :<\/td>\n<td width=\"30.0%\"><span class=\"ux-textspans\">Hardtop<\/span><\/td>\n<td class=\"attrLabels\">Titre du v\u00e9hicule :<\/td>\n<td width=\"30.0%\">Nettoyer<\/td>\n<\/tr>\n<tr>\n<td class=\"attrLabels\">Options :<\/td>\n<td width=\"30.0%\">&#8211;<\/td>\n<td class=\"attrLabels\">Options d&rsquo;alimentation :<\/td>\n<td width=\"30.0%\">&#8211;<\/td>\n<\/tr>\n<tr>\n<td class=\"attrLabels\">Faites :<\/td>\n<td width=\"30.0%\">Dodge<\/td>\n<td class=\"attrLabels\">Couleur ext\u00e9rieure :<\/td>\n<td width=\"30.0%\">Jaune<\/td>\n<\/tr>\n<tr>\n<td class=\"attrLabels\">Sous-mod\u00e8le :<\/td>\n<td width=\"30.0%\">Super Bee<\/td>\n<td class=\"attrLabels\">Couleur int\u00e9rieure :<\/td>\n<td width=\"30.0%\">Noir<\/td>\n<\/tr>\n<tr>\n<td class=\"attrLabels\">Trim :<\/td>\n<td width=\"30.0%\">Super Bee<\/td>\n<td class=\"attrLabels\">Transmission :<\/td>\n<td width=\"30.0%\">Automatique \u00e0 3 vitesses A727 Torqueflite<\/td>\n<\/tr>\n<tr>\n<td class=\"attrLabels\">Type d&rsquo;entra\u00eenement :<\/td>\n<td width=\"30.0%\">&#8211;<\/td>\n<td class=\"attrLabels\">Garantie :<\/td>\n<td width=\"30.0%\">Non sp\u00e9cifi\u00e9<\/td>\n<\/tr>\n<tr>\n<td class=\"attrLabels\">Moteur :<\/td>\n<td width=\"30.0%\">440Ci V8<\/td>\n<td class=\"attrLabels\">Vente par :<\/td>\n<td width=\"30.0%\">Concessionnaire<\/td>\n<\/tr>\n<tr>\n<td class=\"attrLabels\">Type de carburant :<\/td>\n<td width=\"30.0%\">Essence<\/td>\n<td class=\"attrLabels\">Mod\u00e8le :<\/td>\n<td width=\"30.0%\">\n<h2>Coronet<\/h2>\n<\/td>\n<\/tr>\n<\/tbody>\n<\/table>\n<\/div>\n<\/div>\n<h1 class=\"x-item-title__mainTitle\"><strong><span class=\"ux-textspans ux-textspans--BOLD\">1970 Dodge Coronet Super Bee 440Ci V8<\/span><\/strong><\/h1>\n<h2 class=\"x-item-title__sellerProvidedTitle\"><strong><span class=\"ux-textspans\">R\u00f4tisserie, \u00e9crou et boulon restaur\u00e9s ! Dodge 440ci V8, A727 Automatique, Posi, Disque, PS<\/span><\/strong><\/h2>\n<div id=\"description\" class=\"vdp-section\">\n<div class=\"vehicle-content-container\">\n<div class=\"content-title\">\n<h1><strong>DESCRIPTION<\/strong><\/h1>\n<\/div>\n<div class=\"text-box center\">\n<p>D\u00e9couvrez cette magnifique Dodge Super Bee 1970 ! Cette Super Bee a subi une restauration m\u00e9ticuleuse de la r\u00f4tisserie, des \u00e9crous et des boulons ! Le propri\u00e9taire pr\u00e9c\u00e9dent de cette Mopar aimait la conduire \u00e0 des \u00e9v\u00e9nements automobiles locaux et en ville par beau temps. Jetez un coup d&rsquo;\u0153il \u00e0 la peinture ext\u00e9rieure verte brillante avec une bande arri\u00e8re Super Bee, des jantes Magnum de 15\u00a0\u00bb avec des pneus BFGoodrich Radial T\/A, des phares doubles, une grille, des pare-chocs chrom\u00e9s, des garnitures polies et le panneau arri\u00e8re d&rsquo;origine. \u00c0 l&rsquo;int\u00e9rieur, ce mod\u00e8le 70 est dot\u00e9 d&rsquo;un int\u00e9rieur noir avec une sellerie en vinyle, d&rsquo;un tableau de bord et d&rsquo;une console centrale en bois, de si\u00e8ges baquets \u00e0 l&rsquo;avant avec ceintures de s\u00e9curit\u00e9, de banquettes arri\u00e8re avec ceintures de s\u00e9curit\u00e9, d&rsquo;un volant \u00e0 trois branches et d&rsquo;un grand espace dans le coffre pour tous vos objets de salon.<\/p>\n<p>Sous le capot se trouve un moteur V8 440ci avec des culasses en aluminium de seconde monte, un arbre \u00e0 cames hydraulique et un carburateur Holley \u00e0 4 barils ! La puissance est transmise \u00e0 la chauss\u00e9e par une transmission automatique \u00e0 3 vitesses Torqueflite A727 et un train arri\u00e8re 8 3\/4 avec glissement limit\u00e9 et engrenages 3,91:1 environ ! La conduite de cette Super Bee est un plaisir et la puissance de freinage est assur\u00e9e par des freins \u00e0 disque avant et des freins \u00e0 tambour arri\u00e8re. Le dessous de cette Mopar est tout aussi beau que le dessus ! Vous n&rsquo;h\u00e9siterez pas \u00e0 placer un jeu de miroirs sous cette &rsquo;70 pour montrer le magnifique \u00e9tat des planchers couleur carrosserie, du nouveau r\u00e9servoir de carburant, de la suspension avant ind\u00e9pendante, de la suspension arri\u00e8re \u00e0 ressorts \u00e0 lames et du syst\u00e8me d&rsquo;\u00e9chappement double avec collecteurs Hooker Competition !<\/p>\n<p>Cette Dodge Super Bee 1970 est un classique \u00e9tonnant qui est pr\u00eat \u00e0 ramener des prix de votre exposition de voitures locale ! Tout collectionneur ou enthousiaste aimerait poss\u00e9der cette Super Bee et elle ne durera pas longtemps.<\/p>\n<p>&nbsp;<\/p>\n<\/div>\n<\/div>\n<\/div>\n<div id=\"specifications\" class=\"vdp-section\">\n<div class=\"vehicle-content-container\">\n<div class=\"content-title\">\n<h1><strong>SP\u00c9CIFICATIONS<\/strong><\/h1>\n<\/div>\n<div class=\"col-row\">\n<div class=\"col\">\n<div class=\"text-box\">\n<div class=\"inner-box-info\">\n<h2 class=\"top-title\"><strong>M\u00c9CANIQUE<\/strong><\/h2>\n<div class=\"padding\">\n<p>440 V8<br \/>\nMoteur # 2536430 &#8211; 7<br \/>\nDate du casting 13\/10\/67<br \/>\n&#8211; Culasses en aluminium du march\u00e9 secondaire<br \/>\n&#8211; Arbre \u00e0 cames hydraulique<br \/>\nCarburateur unique Holley \u00e0 4 barils<br \/>\n&#8211; Downleg Boosters (en)<\/p>\n<p>A727 Transmission automatique \u00e0 3 vitesses Torqueflite<br \/>\nTransmission # PK2801541J<br \/>\nDate de coul\u00e9e 2257 (10\/2\/1967) Calendrier Mopar 10 000 jours<\/p>\n<p>Suspension avant &#8211; ind\u00e9pendante<br \/>\nSuspension arri\u00e8re &#8211; Ressort \u00e0 lames<br \/>\n8 \u00be<br \/>\n&#8211; Environ. Rapport de 3,91:1<br \/>\n&#8211; Glissement limit\u00e9<\/p>\n<p>Roues avant &#8211; 15 pouces<br \/>\nRoues arri\u00e8re &#8211; 15<br \/>\n&#8211; Roues Magnum 500<br \/>\nPneus avant &#8211; 225\/60R15<br \/>\nPneus arri\u00e8re &#8211; 275\/60R15<br \/>\n&#8211; Pneus radiaux BF Goodrich<\/p>\n<p>Freins avant &#8211; Disque<br \/>\nFreins arri\u00e8re &#8211; Tambour<\/p>\n<p>\u00c9chappement double<br \/>\n&#8211; Hooker Competition Headers<\/p>\n<\/div>\n<\/div>\n<\/div>\n<\/div>\n<div class=\"col\">\n<div class=\"text-box\">\n<div class=\"inner-box-info\">\n<h2 class=\"top-title\"><strong>CORPS<\/strong><\/h2>\n<div class=\"padding\">\n<p>&#8211; Le chrome est superbe<br \/>\n&#8211; Grille en bon \u00e9tat<br \/>\n&#8211; Phares doubles<br \/>\n&#8211; La peinture est magnifique<br \/>\n&#8211; Les lignes de la carrosserie sont droites<br \/>\n&#8211; Les portes fonctionnent sans heurts<br \/>\n&#8211; Le panneau arri\u00e8re semble original<\/p>\n<\/div>\n<\/div>\n<\/div>\n<\/div>\n<div class=\"col\">\n<div class=\"text-box\">\n<div class=\"inner-box-info\">\n<h2 class=\"top-title\"><strong>SOUS-MAIN<\/strong><\/h2>\n<div class=\"padding\">\n<p>&#8211; Le r\u00e9servoir de gaz est neuf<br \/>\n&#8211; L&rsquo;\u00e9chappement est neuf<br \/>\n&#8211; Planchers peints couleur carrosserie<br \/>\n&#8211; Les conduites de frein sont neuves<br \/>\n&#8211; Les attaches de cadre sont superbes<br \/>\n&#8211; Les soudures sont bonnes<br \/>\n&#8211; Les passages de roue sont joliment peints<br \/>\n&#8211; Les conduites de carburant sont neuves<\/p>\n<\/div>\n<\/div>\n<\/div>\n<\/div>\n<div class=\"col\">\n<div class=\"text-box\">\n<div class=\"inner-box-info\">\n<h2 class=\"top-title\"><strong>INTERIEUR<\/strong><\/h2>\n<div class=\"padding\">\n<p>&#8211; Panneaux de porte en bon \u00e9tat<br \/>\n&#8211; Peinture en excellent \u00e9tat<br \/>\n&#8211; Volant d&rsquo;origine<br \/>\n&#8211; Console centrale d&rsquo;origine<br \/>\n&#8211; Ceintures de s\u00e9curit\u00e9 avant et arri\u00e8re<br \/>\n&#8211; La tapisserie d&rsquo;ameublement est propre<br \/>\n&#8211; Plateau d&#8217;emballage en bon \u00e9tat<br \/>\n&#8211; La doublure de la t\u00eate est serr\u00e9e<\/p>\n<\/div>\n<\/div>\n<\/div>\n<\/div>\n<\/div>\n<\/div>\n<\/div>\n<p>Utilis\u00e9<\/p>\n<p>Plymouth, Michigan<\/p>\n","protected":false},"excerpt":{"rendered":"<a class=\"button  button_left button_full_width button_size_4 button_theme\" href=\"https:\/\/www.youtube.com\/watch?v=nJyBKra9-VI\"      rel=\"prettyphoto \"   title=\"\"><span class=\"button_icon\"><i class=\"icon-play\"  aria-hidden=\"true\"><\/i><\/span><span class=\"button_label\">Regarder la vid\u00e9o de la voiture<\/span><\/a>\n\n","protected":false},"featured_media":276260,"template":"","meta":[],"product_brand":[],"product_cat":[114,140,121,171],"product_tag":[],"class_list":{"0":"post-276457","1":"product","2":"type-product","3":"status-publish","4":"has-post-thumbnail","6":"product_cat-1970-fr","7":"product_cat-coronet-fr","8":"product_cat-dodge-fr","9":"product_cat-super-bee-fr","11":"first","12":"instock","13":"featured","14":"sold-individually","15":"shipping-taxable","16":"purchasable","17":"product-type-simple"},"yoast_head":"<!-- This site is optimized with the Yoast SEO plugin v27.4 - https:\/\/yoast.com\/product\/yoast-seo-wordpress\/ -->\n<title>1970 Dodge Coronet Super Bee 440Ci V8 - Voiture de collection \u00e0 vendre<\/title>\n<meta name=\"robots\" content=\"index, follow, max-snippet:-1, max-image-preview:large, max-video-preview:-1\" \/>\n<link rel=\"canonical\" href=\"https:\/\/legendarycarsonline.com\/fr\/product\/1970-dodge-coronet-super-bee-440ci-v8\/\" \/>\n<meta property=\"og:locale\" content=\"fr_FR\" \/>\n<meta property=\"og:type\" content=\"article\" \/>\n<meta property=\"og:title\" content=\"1970 Dodge Coronet Super Bee 440Ci V8 - Voiture de collection \u00e0 vendre\" \/>\n<meta property=\"og:url\" content=\"https:\/\/legendarycarsonline.com\/fr\/product\/1970-dodge-coronet-super-bee-440ci-v8\/\" \/>\n<meta property=\"og:site_name\" content=\"Voiture de collection \u00e0 vendre\" \/>\n<meta property=\"article:publisher\" content=\"https:\/\/www.facebook.com\/Legendary-Cars-Online-112758273845339\" \/>\n<meta property=\"article:modified_time\" content=\"2022-12-21T13:23:28+00:00\" \/>\n<meta property=\"og:image\" content=\"https:\/\/legendarycarsonline.com\/wp-content\/uploads\/2022\/12\/1970-dodge-coronet-super-bee-3.jpg\" \/>\n\t<meta property=\"og:image:width\" content=\"1920\" \/>\n\t<meta property=\"og:image:height\" content=\"1280\" \/>\n\t<meta property=\"og:image:type\" content=\"image\/jpeg\" \/>\n<meta name=\"twitter:card\" content=\"summary_large_image\" \/>\n<meta name=\"twitter:description\" content=\"[button title=&quot;Regarder la vid\u00e9o de la voiture&quot; icon=&quot;icon-play&quot; icon_position=&quot;left&quot; color=&quot;theme&quot; size=&quot;4&quot; full_width=&quot;100%&quot; link=&quot;https:\/\/www.youtube.com\/watch?v=nJyBKra9-VI&quot; class=&quot;prettyphoto&quot;]\" \/>\n<meta name=\"twitter:label1\" content=\"Dur\u00e9e de lecture estim\u00e9e\" \/>\n\t<meta name=\"twitter:data1\" content=\"3 minutes\" \/>\n<script type=\"application\/ld+json\" class=\"yoast-schema-graph\">{\"@context\":\"https:\\\/\\\/schema.org\",\"@graph\":[{\"@type\":\"WebPage\",\"@id\":\"https:\\\/\\\/legendarycarsonline.com\\\/fr\\\/product\\\/1970-dodge-coronet-super-bee-440ci-v8\\\/\",\"url\":\"https:\\\/\\\/legendarycarsonline.com\\\/fr\\\/product\\\/1970-dodge-coronet-super-bee-440ci-v8\\\/\",\"name\":\"1970 Dodge Coronet Super Bee 440Ci V8 - Voiture de collection \u00e0 vendre\",\"isPartOf\":{\"@id\":\"https:\\\/\\\/legendarycarsonline.com\\\/fr\\\/#website\"},\"primaryImageOfPage\":{\"@id\":\"https:\\\/\\\/legendarycarsonline.com\\\/fr\\\/product\\\/1970-dodge-coronet-super-bee-440ci-v8\\\/#primaryimage\"},\"image\":{\"@id\":\"https:\\\/\\\/legendarycarsonline.com\\\/fr\\\/product\\\/1970-dodge-coronet-super-bee-440ci-v8\\\/#primaryimage\"},\"thumbnailUrl\":\"https:\\\/\\\/legendarycarsonline.com\\\/wp-content\\\/uploads\\\/2022\\\/12\\\/1970-dodge-coronet-super-bee-3.jpg\",\"datePublished\":\"2022-12-21T13:23:25+00:00\",\"dateModified\":\"2022-12-21T13:23:28+00:00\",\"breadcrumb\":{\"@id\":\"https:\\\/\\\/legendarycarsonline.com\\\/fr\\\/product\\\/1970-dodge-coronet-super-bee-440ci-v8\\\/#breadcrumb\"},\"inLanguage\":\"fr-FR\",\"potentialAction\":[{\"@type\":\"ReadAction\",\"target\":[\"https:\\\/\\\/legendarycarsonline.com\\\/fr\\\/product\\\/1970-dodge-coronet-super-bee-440ci-v8\\\/\"]}]},{\"@type\":\"ImageObject\",\"inLanguage\":\"fr-FR\",\"@id\":\"https:\\\/\\\/legendarycarsonline.com\\\/fr\\\/product\\\/1970-dodge-coronet-super-bee-440ci-v8\\\/#primaryimage\",\"url\":\"https:\\\/\\\/legendarycarsonline.com\\\/wp-content\\\/uploads\\\/2022\\\/12\\\/1970-dodge-coronet-super-bee-3.jpg\",\"contentUrl\":\"https:\\\/\\\/legendarycarsonline.com\\\/wp-content\\\/uploads\\\/2022\\\/12\\\/1970-dodge-coronet-super-bee-3.jpg\",\"width\":1920,\"height\":1280},{\"@type\":\"BreadcrumbList\",\"@id\":\"https:\\\/\\\/legendarycarsonline.com\\\/fr\\\/product\\\/1970-dodge-coronet-super-bee-440ci-v8\\\/#breadcrumb\",\"itemListElement\":[{\"@type\":\"ListItem\",\"position\":1,\"name\":\"Shop Cars\",\"item\":\"https:\\\/\\\/legendarycarsonline.com\\\/shop-cars\\\/\"},{\"@type\":\"ListItem\",\"position\":2,\"name\":\"1970 Dodge Coronet Super Bee 440Ci V8\"}]},{\"@type\":\"WebSite\",\"@id\":\"https:\\\/\\\/legendarycarsonline.com\\\/fr\\\/#website\",\"url\":\"https:\\\/\\\/legendarycarsonline.com\\\/fr\\\/\",\"name\":\"Voiture de collection \u00e0 vendre\",\"description\":\"\",\"publisher\":{\"@id\":\"https:\\\/\\\/legendarycarsonline.com\\\/fr\\\/#organization\"},\"potentialAction\":[{\"@type\":\"SearchAction\",\"target\":{\"@type\":\"EntryPoint\",\"urlTemplate\":\"https:\\\/\\\/legendarycarsonline.com\\\/fr\\\/?s={search_term_string}\"},\"query-input\":{\"@type\":\"PropertyValueSpecification\",\"valueRequired\":true,\"valueName\":\"search_term_string\"}}],\"inLanguage\":\"fr-FR\"},{\"@type\":\"Organization\",\"@id\":\"https:\\\/\\\/legendarycarsonline.com\\\/fr\\\/#organization\",\"name\":\"Legendary Cars Online\",\"url\":\"https:\\\/\\\/legendarycarsonline.com\\\/fr\\\/\",\"logo\":{\"@type\":\"ImageObject\",\"inLanguage\":\"fr-FR\",\"@id\":\"https:\\\/\\\/legendarycarsonline.com\\\/fr\\\/#\\\/schema\\\/logo\\\/image\\\/\",\"url\":\"https:\\\/\\\/legendarycarsonline.com\\\/wp-content\\\/uploads\\\/2021\\\/02\\\/Legendary-Cars-Online.png\",\"contentUrl\":\"https:\\\/\\\/legendarycarsonline.com\\\/wp-content\\\/uploads\\\/2021\\\/02\\\/Legendary-Cars-Online.png\",\"width\":275,\"height\":216,\"caption\":\"Legendary Cars Online\"},\"image\":{\"@id\":\"https:\\\/\\\/legendarycarsonline.com\\\/fr\\\/#\\\/schema\\\/logo\\\/image\\\/\"},\"sameAs\":[\"https:\\\/\\\/www.facebook.com\\\/Legendary-Cars-Online-112758273845339\"]}]}<\/script>\n<!-- \/ Yoast SEO plugin. -->","yoast_head_json":{"title":"1970 Dodge Coronet Super Bee 440Ci V8 - Voiture de collection \u00e0 vendre","robots":{"index":"index","follow":"follow","max-snippet":"max-snippet:-1","max-image-preview":"max-image-preview:large","max-video-preview":"max-video-preview:-1"},"canonical":"https:\/\/legendarycarsonline.com\/fr\/product\/1970-dodge-coronet-super-bee-440ci-v8\/","og_locale":"fr_FR","og_type":"article","og_title":"1970 Dodge Coronet Super Bee 440Ci V8 - Voiture de collection \u00e0 vendre","og_url":"https:\/\/legendarycarsonline.com\/fr\/product\/1970-dodge-coronet-super-bee-440ci-v8\/","og_site_name":"Voiture de collection \u00e0 vendre","article_publisher":"https:\/\/www.facebook.com\/Legendary-Cars-Online-112758273845339","article_modified_time":"2022-12-21T13:23:28+00:00","og_image":[{"width":1920,"height":1280,"url":"https:\/\/legendarycarsonline.com\/wp-content\/uploads\/2022\/12\/1970-dodge-coronet-super-bee-3.jpg","type":"image\/jpeg"}],"twitter_card":"summary_large_image","twitter_description":"[button title=\"Regarder la vid\u00e9o de la voiture\" icon=\"icon-play\" icon_position=\"left\" color=\"theme\" size=\"4\" full_width=\"100%\" link=\"https:\/\/www.youtube.com\/watch?v=nJyBKra9-VI\" class=\"prettyphoto\"]","twitter_misc":{"Dur\u00e9e de lecture estim\u00e9e":"3 minutes"},"schema":{"@context":"https:\/\/schema.org","@graph":[{"@type":"WebPage","@id":"https:\/\/legendarycarsonline.com\/fr\/product\/1970-dodge-coronet-super-bee-440ci-v8\/","url":"https:\/\/legendarycarsonline.com\/fr\/product\/1970-dodge-coronet-super-bee-440ci-v8\/","name":"1970 Dodge Coronet Super Bee 440Ci V8 - Voiture de collection \u00e0 vendre","isPartOf":{"@id":"https:\/\/legendarycarsonline.com\/fr\/#website"},"primaryImageOfPage":{"@id":"https:\/\/legendarycarsonline.com\/fr\/product\/1970-dodge-coronet-super-bee-440ci-v8\/#primaryimage"},"image":{"@id":"https:\/\/legendarycarsonline.com\/fr\/product\/1970-dodge-coronet-super-bee-440ci-v8\/#primaryimage"},"thumbnailUrl":"https:\/\/legendarycarsonline.com\/wp-content\/uploads\/2022\/12\/1970-dodge-coronet-super-bee-3.jpg","datePublished":"2022-12-21T13:23:25+00:00","dateModified":"2022-12-21T13:23:28+00:00","breadcrumb":{"@id":"https:\/\/legendarycarsonline.com\/fr\/product\/1970-dodge-coronet-super-bee-440ci-v8\/#breadcrumb"},"inLanguage":"fr-FR","potentialAction":[{"@type":"ReadAction","target":["https:\/\/legendarycarsonline.com\/fr\/product\/1970-dodge-coronet-super-bee-440ci-v8\/"]}]},{"@type":"ImageObject","inLanguage":"fr-FR","@id":"https:\/\/legendarycarsonline.com\/fr\/product\/1970-dodge-coronet-super-bee-440ci-v8\/#primaryimage","url":"https:\/\/legendarycarsonline.com\/wp-content\/uploads\/2022\/12\/1970-dodge-coronet-super-bee-3.jpg","contentUrl":"https:\/\/legendarycarsonline.com\/wp-content\/uploads\/2022\/12\/1970-dodge-coronet-super-bee-3.jpg","width":1920,"height":1280},{"@type":"BreadcrumbList","@id":"https:\/\/legendarycarsonline.com\/fr\/product\/1970-dodge-coronet-super-bee-440ci-v8\/#breadcrumb","itemListElement":[{"@type":"ListItem","position":1,"name":"Shop Cars","item":"https:\/\/legendarycarsonline.com\/shop-cars\/"},{"@type":"ListItem","position":2,"name":"1970 Dodge Coronet Super Bee 440Ci V8"}]},{"@type":"WebSite","@id":"https:\/\/legendarycarsonline.com\/fr\/#website","url":"https:\/\/legendarycarsonline.com\/fr\/","name":"Voiture de collection \u00e0 vendre","description":"","publisher":{"@id":"https:\/\/legendarycarsonline.com\/fr\/#organization"},"potentialAction":[{"@type":"SearchAction","target":{"@type":"EntryPoint","urlTemplate":"https:\/\/legendarycarsonline.com\/fr\/?s={search_term_string}"},"query-input":{"@type":"PropertyValueSpecification","valueRequired":true,"valueName":"search_term_string"}}],"inLanguage":"fr-FR"},{"@type":"Organization","@id":"https:\/\/legendarycarsonline.com\/fr\/#organization","name":"Legendary Cars Online","url":"https:\/\/legendarycarsonline.com\/fr\/","logo":{"@type":"ImageObject","inLanguage":"fr-FR","@id":"https:\/\/legendarycarsonline.com\/fr\/#\/schema\/logo\/image\/","url":"https:\/\/legendarycarsonline.com\/wp-content\/uploads\/2021\/02\/Legendary-Cars-Online.png","contentUrl":"https:\/\/legendarycarsonline.com\/wp-content\/uploads\/2021\/02\/Legendary-Cars-Online.png","width":275,"height":216,"caption":"Legendary Cars Online"},"image":{"@id":"https:\/\/legendarycarsonline.com\/fr\/#\/schema\/logo\/image\/"},"sameAs":["https:\/\/www.facebook.com\/Legendary-Cars-Online-112758273845339"]}]}},"_links":{"self":[{"href":"https:\/\/legendarycarsonline.com\/fr\/wp-json\/wp\/v2\/product\/276457","targetHints":{"allow":["GET"]}}],"collection":[{"href":"https:\/\/legendarycarsonline.com\/fr\/wp-json\/wp\/v2\/product"}],"about":[{"href":"https:\/\/legendarycarsonline.com\/fr\/wp-json\/wp\/v2\/types\/product"}],"wp:featuredmedia":[{"embeddable":true,"href":"https:\/\/legendarycarsonline.com\/fr\/wp-json\/wp\/v2\/media\/276260"}],"wp:attachment":[{"href":"https:\/\/legendarycarsonline.com\/fr\/wp-json\/wp\/v2\/media?parent=276457"}],"wp:term":[{"taxonomy":"product_brand","embeddable":true,"href":"https:\/\/legendarycarsonline.com\/fr\/wp-json\/wp\/v2\/product_brand?post=276457"},{"taxonomy":"product_cat","embeddable":true,"href":"https:\/\/legendarycarsonline.com\/fr\/wp-json\/wp\/v2\/product_cat?post=276457"},{"taxonomy":"product_tag","embeddable":true,"href":"https:\/\/legendarycarsonline.com\/fr\/wp-json\/wp\/v2\/product_tag?post=276457"}],"curies":[{"name":"wp","href":"https:\/\/api.w.org\/{rel}","templated":true}]}}