
 {"id":278993,"date":"2023-02-24T09:01:26","date_gmt":"2023-02-24T17:06:42","guid":{"rendered":"https:\/\/legendarycarsonline.com\/product\/ford-mustang-fastback-gt-s-code-390ci-v8-1968\/"},"modified":"2023-02-24T09:06:42","modified_gmt":"2023-02-24T17:06:42","slug":"1968-ford-mustang-fastback-gt-s-code-390ci-v8","status":"publish","type":"product","link":"https:\/\/legendarycarsonline.com\/fr\/product\/1968-ford-mustang-fastback-gt-s-code-390ci-v8\/","title":{"rendered":"Ford Mustang Fastback GT \u00ab\u00a0S-Code\u00a0\u00bb 390Ci V8 1968"},"content":{"rendered":"<h2><strong>Caract\u00e9ristiques de l&rsquo;article<\/strong><\/h2>\n<div id=\"viTabs_0_is\" class=\"itemAttr\">\n<div class=\"section\">\n<table role=\"presentation\" width=\"100%\" cellspacing=\"0\" cellpadding=\"0\">\n<tbody>\n<tr>\n<td class=\"attrLabels\">Condition :<\/td>\n<td width=\"30.0%\">Utilis\u00e9<\/td>\n<td class=\"attrLabels\">Ann\u00e9e :<\/td>\n<td width=\"30.0%\">1968<\/td>\n<\/tr>\n<tr>\n<td class=\"attrLabels\">VIN (num\u00e9ro d&rsquo;identification du v\u00e9hicule) :<\/td>\n<td width=\"30.0%\">8R02S1XXXXX<\/td>\n<td class=\"attrLabels\">Kilom\u00e9trage :<\/td>\n<td width=\"30.0%\">76262<\/td>\n<\/tr>\n<tr>\n<td class=\"attrLabels\">Type de carrosserie :<\/td>\n<td width=\"30.0%\">Fastback<\/td>\n<td class=\"attrLabels\">Titre du v\u00e9hicule :<\/td>\n<td width=\"30.0%\">Nettoyer<\/td>\n<\/tr>\n<tr>\n<td class=\"attrLabels\">Options :<\/td>\n<td width=\"30.0%\">&#8211;<\/td>\n<td class=\"attrLabels\">Options d&rsquo;alimentation :<\/td>\n<td width=\"30.0%\">&#8211;<\/td>\n<\/tr>\n<tr>\n<td class=\"attrLabels\">Faites :<\/td>\n<td width=\"30.0%\">Ford<\/td>\n<td class=\"attrLabels\">Couleur ext\u00e9rieure :<\/td>\n<td width=\"30.0%\">Rouge candyapple<\/td>\n<\/tr>\n<tr>\n<td class=\"attrLabels\">Sous-mod\u00e8le :<\/td>\n<td width=\"30.0%\">Fastback GT<\/td>\n<td class=\"attrLabels\">Couleur int\u00e9rieure :<\/td>\n<td width=\"30.0%\">Vinyle noir<\/td>\n<\/tr>\n<tr>\n<td class=\"attrLabels\">Trim :<\/td>\n<td width=\"30.0%\">Fastback GT<\/td>\n<td class=\"attrLabels\">Transmission :<\/td>\n<td width=\"30.0%\">Automatique<\/td>\n<\/tr>\n<tr>\n<td class=\"attrLabels\">Type d&rsquo;entra\u00eenement :<\/td>\n<td width=\"30.0%\">&#8211;<\/td>\n<td class=\"attrLabels\">Garantie :<\/td>\n<td width=\"30.0%\">Le v\u00e9hicule n&rsquo;est PAS couvert par une garantie existante<\/td>\n<\/tr>\n<tr>\n<td class=\"attrLabels\">Moteur :<\/td>\n<td width=\"30.0%\">V8 Ford FE de 390 pouces cubes<\/td>\n<td class=\"attrLabels\">Vente par :<\/td>\n<td width=\"30.0%\">Concessionnaire<\/td>\n<\/tr>\n<tr>\n<td class=\"attrLabels\">Type de carburant :<\/td>\n<td width=\"30.0%\">Essence<\/td>\n<td class=\"attrLabels\">Mod\u00e8le :<\/td>\n<td width=\"30.0%\">Mustang<\/td>\n<\/tr>\n<\/tbody>\n<\/table>\n<\/div>\n<\/div>\n<h2><strong>Ford Mustang Fastback GT \u00ab\u00a0S-Code\u00a0\u00bb 390Ci V8 Automatique 1968  <\/strong><\/h2>\n<div class=\"vehicle-list-specs\">\n<ul>\n<li>Mustang GT code S document\u00e9e ayant b\u00e9n\u00e9fici\u00e9 d&rsquo;une restauration d\u00e9taill\u00e9e.<\/li>\n<li>V8 Ford FE de 390 pouces cubes.<\/li>\n<li>Transmission automatique 3 vitesses Ford C6 correcte<\/li>\n<li>Essieu arri\u00e8re Ford 9 pouces correct<\/li>\n<li>Climatisation correcte de SelectAire<\/li>\n<li>Direction assist\u00e9e correcte<\/li>\n<li>Freins \u00e9lectriques corrects \u00e0 disque \u00e0 l&rsquo;avant et \u00e0 tambour \u00e0 l&rsquo;arri\u00e8re<\/li>\n<li>Int\u00e9rieur correct en vinyle noir avec groupe de d\u00e9coration int\u00e9rieure en option.<\/li>\n<li>Corriger le si\u00e8ge arri\u00e8re Sport Deck en option et les appuis-t\u00eate avant<\/li>\n<li>Peinture rouge candyapple correcte avec bandes C d&rsquo;usine<\/li>\n<li>Jantes en acier stylis\u00e9es de 14 pouces<\/li>\n<li>Recettes de restauration<\/li>\n<li>Rapport de Deluxe Marti Auto Works<\/li>\n<li>Nous pouvons organiser l&rsquo;exp\u00e9dition de vos achats partout dans le monde.<\/li>\n<\/ul>\n<\/div>\n<div class=\"vehicle-info-specs\">\n<p>Lorsque vous demandez aux amateurs de Ford quelles sont leurs Mustangs pr\u00e9f\u00e9r\u00e9es, les fastbacks de 1968 sont toujours en t\u00eate de liste. Alliant une allure intemporelle \u00e0 de s\u00e9rieuses performances d\u00e8s la sortie de l&rsquo;usine, ces bolides ont officiellement mis fin au stigmate de \u00ab\u00a0voiture de secr\u00e9taire\u00a0\u00bb de la marque. N&rsquo;importe quelle Mustang est une grande Mustang, mais quand une voiture comme cette belle GT restaur\u00e9e avec amour se pr\u00e9sente, nous ne pouvons tout simplement pas attendre de la partager avec vous ! Ce coup\u00e9 cool, qui est pr\u00eat \u00e0 remporter des troph\u00e9es, est \u00e9quip\u00e9 d&rsquo;un groupe motopropulseur 390\/3 vitesses correct dans une esth\u00e9tique correcte de couleur noir et pomme d&rsquo;amour. Vous recherchez un classique de choix qui soit aussi impressionnant qu&rsquo;unique ? Cette douce Ford est exactement votre style !<\/p>\n<h4><strong>FAITS MARQUANTS<\/strong><\/h4>\n<p>* Mustang GT \u00e0 code S document\u00e9e qui a b\u00e9n\u00e9fici\u00e9 d&rsquo;une restauration d\u00e9taill\u00e9e.<br \/>\n* V8 Ford FE de 390 pouces cubes.<br \/>\n* Transmission automatique 3 vitesses Ford C6 correcte<br \/>\n* Essieu arri\u00e8re Ford 9 pouces correct<br \/>\n* Climatisation SelectAire correcte<br \/>\n* Correction de la direction assist\u00e9e<br \/>\n* Freins \u00e9lectriques corrects \u00e0 disque \u00e0 l&rsquo;avant et \u00e0 tambour \u00e0 l&rsquo;arri\u00e8re<br \/>\n* Int\u00e9rieur en vinyle noir correct avec groupe de d\u00e9coration int\u00e9rieure en option.<br \/>\n* Corrige le si\u00e8ge arri\u00e8re Sport Deck en option et les appuis-t\u00eate avant<br \/>\n* Peinture rouge pamplemousse avec bandes C d&rsquo;usine.<br \/>\n* Roues en acier stylis\u00e9es de 14 pouces<br \/>\n* Re\u00e7us de restauration<br \/>\n* Rapport de Deluxe Marti Auto Works<br \/>\n* Nous pouvons organiser l&rsquo;exp\u00e9dition de votre achat partout dans le monde.<\/p>\n<p>Utilis\u00e9<\/p>\n<p>Charlotte, NC<\/p>\n<\/div>\n","protected":false},"excerpt":{"rendered":"<a class=\"button  button_left button_full_width button_size_4 button_theme\" href=\"https:\/\/www.youtube.com\/watch?v=Mntt6sxKqLE\"      rel=\"prettyphoto \"   title=\"\"><span class=\"button_icon\"><i class=\"icon-play\"  aria-hidden=\"true\"><\/i><\/span><span class=\"button_label\">Regarder la vid\u00e9o de la voiture<\/span><\/a>\n\n","protected":false},"featured_media":278992,"template":"","meta":[],"product_brand":[],"product_cat":[130,106,107],"product_tag":[],"class_list":{"0":"post-278993","1":"product","2":"type-product","3":"status-publish","4":"has-post-thumbnail","6":"product_cat-1968-fr","7":"product_cat-ford-fr","8":"product_cat-mustang-fr","10":"first","11":"instock","12":"featured","13":"sold-individually","14":"shipping-taxable","15":"purchasable","16":"product-type-simple"},"yoast_head":"<!-- This site is optimized with the Yoast SEO plugin v27.4 - https:\/\/yoast.com\/product\/yoast-seo-wordpress\/ -->\n<title>Ford Mustang Fastback GT &quot;S-Code&quot; 390Ci V8 1968 - Voiture de collection \u00e0 vendre<\/title>\n<meta name=\"robots\" content=\"index, follow, max-snippet:-1, max-image-preview:large, max-video-preview:-1\" \/>\n<link rel=\"canonical\" href=\"https:\/\/legendarycarsonline.com\/fr\/product\/1968-ford-mustang-fastback-gt-s-code-390ci-v8\/\" \/>\n<meta property=\"og:locale\" content=\"fr_FR\" \/>\n<meta property=\"og:type\" content=\"article\" \/>\n<meta property=\"og:title\" content=\"Ford Mustang Fastback GT &quot;S-Code&quot; 390Ci V8 1968 - Voiture de collection \u00e0 vendre\" \/>\n<meta property=\"og:url\" content=\"https:\/\/legendarycarsonline.com\/fr\/product\/1968-ford-mustang-fastback-gt-s-code-390ci-v8\/\" \/>\n<meta property=\"og:site_name\" content=\"Voiture de collection \u00e0 vendre\" \/>\n<meta property=\"article:publisher\" content=\"https:\/\/www.facebook.com\/Legendary-Cars-Online-112758273845339\" \/>\n<meta property=\"og:image\" content=\"https:\/\/legendarycarsonline.com\/wp-content\/uploads\/2023\/02\/1968-ford-mustang-gt.jpg\" \/>\n\t<meta property=\"og:image:width\" content=\"1920\" \/>\n\t<meta property=\"og:image:height\" content=\"1280\" \/>\n\t<meta property=\"og:image:type\" content=\"image\/jpeg\" \/>\n<meta name=\"twitter:card\" content=\"summary_large_image\" \/>\n<meta name=\"twitter:description\" content=\"[button title=&quot;Regarder la vid\u00e9o de la voiture&quot; icon=&quot;icon-play&quot; icon_position=&quot;left&quot; color=&quot;theme&quot; size=&quot;4&quot; full_width=&quot;100%&quot; link=&quot;https:\/\/www.youtube.com\/watch?v=Mntt6sxKqLE&quot; class=&quot;prettyphoto&quot;]\" \/>\n<meta name=\"twitter:label1\" content=\"Dur\u00e9e de lecture estim\u00e9e\" \/>\n\t<meta name=\"twitter:data1\" content=\"2 minutes\" \/>\n<script type=\"application\/ld+json\" class=\"yoast-schema-graph\">{\"@context\":\"https:\\\/\\\/schema.org\",\"@graph\":[{\"@type\":\"WebPage\",\"@id\":\"https:\\\/\\\/legendarycarsonline.com\\\/fr\\\/product\\\/1968-ford-mustang-fastback-gt-s-code-390ci-v8\\\/\",\"url\":\"https:\\\/\\\/legendarycarsonline.com\\\/fr\\\/product\\\/1968-ford-mustang-fastback-gt-s-code-390ci-v8\\\/\",\"name\":\"Ford Mustang Fastback GT \\\"S-Code\\\" 390Ci V8 1968 - Voiture de collection \u00e0 vendre\",\"isPartOf\":{\"@id\":\"https:\\\/\\\/legendarycarsonline.com\\\/fr\\\/#website\"},\"primaryImageOfPage\":{\"@id\":\"https:\\\/\\\/legendarycarsonline.com\\\/fr\\\/product\\\/1968-ford-mustang-fastback-gt-s-code-390ci-v8\\\/#primaryimage\"},\"image\":{\"@id\":\"https:\\\/\\\/legendarycarsonline.com\\\/fr\\\/product\\\/1968-ford-mustang-fastback-gt-s-code-390ci-v8\\\/#primaryimage\"},\"thumbnailUrl\":\"https:\\\/\\\/legendarycarsonline.com\\\/wp-content\\\/uploads\\\/2023\\\/02\\\/1968-ford-mustang-gt.jpg\",\"datePublished\":\"2023-02-24T17:06:42+00:00\",\"breadcrumb\":{\"@id\":\"https:\\\/\\\/legendarycarsonline.com\\\/fr\\\/product\\\/1968-ford-mustang-fastback-gt-s-code-390ci-v8\\\/#breadcrumb\"},\"inLanguage\":\"fr-FR\",\"potentialAction\":[{\"@type\":\"ReadAction\",\"target\":[\"https:\\\/\\\/legendarycarsonline.com\\\/fr\\\/product\\\/1968-ford-mustang-fastback-gt-s-code-390ci-v8\\\/\"]}]},{\"@type\":\"ImageObject\",\"inLanguage\":\"fr-FR\",\"@id\":\"https:\\\/\\\/legendarycarsonline.com\\\/fr\\\/product\\\/1968-ford-mustang-fastback-gt-s-code-390ci-v8\\\/#primaryimage\",\"url\":\"https:\\\/\\\/legendarycarsonline.com\\\/wp-content\\\/uploads\\\/2023\\\/02\\\/1968-ford-mustang-gt.jpg\",\"contentUrl\":\"https:\\\/\\\/legendarycarsonline.com\\\/wp-content\\\/uploads\\\/2023\\\/02\\\/1968-ford-mustang-gt.jpg\",\"width\":1920,\"height\":1280},{\"@type\":\"BreadcrumbList\",\"@id\":\"https:\\\/\\\/legendarycarsonline.com\\\/fr\\\/product\\\/1968-ford-mustang-fastback-gt-s-code-390ci-v8\\\/#breadcrumb\",\"itemListElement\":[{\"@type\":\"ListItem\",\"position\":1,\"name\":\"Shop Cars\",\"item\":\"https:\\\/\\\/legendarycarsonline.com\\\/shop-cars\\\/\"},{\"@type\":\"ListItem\",\"position\":2,\"name\":\"Ford Mustang Fastback GT &#8220;S-Code&#8221; 390Ci V8 1968\"}]},{\"@type\":\"WebSite\",\"@id\":\"https:\\\/\\\/legendarycarsonline.com\\\/fr\\\/#website\",\"url\":\"https:\\\/\\\/legendarycarsonline.com\\\/fr\\\/\",\"name\":\"Voiture de collection \u00e0 vendre\",\"description\":\"\",\"publisher\":{\"@id\":\"https:\\\/\\\/legendarycarsonline.com\\\/fr\\\/#organization\"},\"potentialAction\":[{\"@type\":\"SearchAction\",\"target\":{\"@type\":\"EntryPoint\",\"urlTemplate\":\"https:\\\/\\\/legendarycarsonline.com\\\/fr\\\/?s={search_term_string}\"},\"query-input\":{\"@type\":\"PropertyValueSpecification\",\"valueRequired\":true,\"valueName\":\"search_term_string\"}}],\"inLanguage\":\"fr-FR\"},{\"@type\":\"Organization\",\"@id\":\"https:\\\/\\\/legendarycarsonline.com\\\/fr\\\/#organization\",\"name\":\"Legendary Cars Online\",\"url\":\"https:\\\/\\\/legendarycarsonline.com\\\/fr\\\/\",\"logo\":{\"@type\":\"ImageObject\",\"inLanguage\":\"fr-FR\",\"@id\":\"https:\\\/\\\/legendarycarsonline.com\\\/fr\\\/#\\\/schema\\\/logo\\\/image\\\/\",\"url\":\"https:\\\/\\\/legendarycarsonline.com\\\/wp-content\\\/uploads\\\/2021\\\/02\\\/Legendary-Cars-Online.png\",\"contentUrl\":\"https:\\\/\\\/legendarycarsonline.com\\\/wp-content\\\/uploads\\\/2021\\\/02\\\/Legendary-Cars-Online.png\",\"width\":275,\"height\":216,\"caption\":\"Legendary Cars Online\"},\"image\":{\"@id\":\"https:\\\/\\\/legendarycarsonline.com\\\/fr\\\/#\\\/schema\\\/logo\\\/image\\\/\"},\"sameAs\":[\"https:\\\/\\\/www.facebook.com\\\/Legendary-Cars-Online-112758273845339\"]}]}<\/script>\n<!-- \/ Yoast SEO plugin. -->","yoast_head_json":{"title":"Ford Mustang Fastback GT \"S-Code\" 390Ci V8 1968 - Voiture de collection \u00e0 vendre","robots":{"index":"index","follow":"follow","max-snippet":"max-snippet:-1","max-image-preview":"max-image-preview:large","max-video-preview":"max-video-preview:-1"},"canonical":"https:\/\/legendarycarsonline.com\/fr\/product\/1968-ford-mustang-fastback-gt-s-code-390ci-v8\/","og_locale":"fr_FR","og_type":"article","og_title":"Ford Mustang Fastback GT \"S-Code\" 390Ci V8 1968 - Voiture de collection \u00e0 vendre","og_url":"https:\/\/legendarycarsonline.com\/fr\/product\/1968-ford-mustang-fastback-gt-s-code-390ci-v8\/","og_site_name":"Voiture de collection \u00e0 vendre","article_publisher":"https:\/\/www.facebook.com\/Legendary-Cars-Online-112758273845339","og_image":[{"width":1920,"height":1280,"url":"https:\/\/legendarycarsonline.com\/wp-content\/uploads\/2023\/02\/1968-ford-mustang-gt.jpg","type":"image\/jpeg"}],"twitter_card":"summary_large_image","twitter_description":"[button title=\"Regarder la vid\u00e9o de la voiture\" icon=\"icon-play\" icon_position=\"left\" color=\"theme\" size=\"4\" full_width=\"100%\" link=\"https:\/\/www.youtube.com\/watch?v=Mntt6sxKqLE\" class=\"prettyphoto\"]","twitter_misc":{"Dur\u00e9e de lecture estim\u00e9e":"2 minutes"},"schema":{"@context":"https:\/\/schema.org","@graph":[{"@type":"WebPage","@id":"https:\/\/legendarycarsonline.com\/fr\/product\/1968-ford-mustang-fastback-gt-s-code-390ci-v8\/","url":"https:\/\/legendarycarsonline.com\/fr\/product\/1968-ford-mustang-fastback-gt-s-code-390ci-v8\/","name":"Ford Mustang Fastback GT \"S-Code\" 390Ci V8 1968 - Voiture de collection \u00e0 vendre","isPartOf":{"@id":"https:\/\/legendarycarsonline.com\/fr\/#website"},"primaryImageOfPage":{"@id":"https:\/\/legendarycarsonline.com\/fr\/product\/1968-ford-mustang-fastback-gt-s-code-390ci-v8\/#primaryimage"},"image":{"@id":"https:\/\/legendarycarsonline.com\/fr\/product\/1968-ford-mustang-fastback-gt-s-code-390ci-v8\/#primaryimage"},"thumbnailUrl":"https:\/\/legendarycarsonline.com\/wp-content\/uploads\/2023\/02\/1968-ford-mustang-gt.jpg","datePublished":"2023-02-24T17:06:42+00:00","breadcrumb":{"@id":"https:\/\/legendarycarsonline.com\/fr\/product\/1968-ford-mustang-fastback-gt-s-code-390ci-v8\/#breadcrumb"},"inLanguage":"fr-FR","potentialAction":[{"@type":"ReadAction","target":["https:\/\/legendarycarsonline.com\/fr\/product\/1968-ford-mustang-fastback-gt-s-code-390ci-v8\/"]}]},{"@type":"ImageObject","inLanguage":"fr-FR","@id":"https:\/\/legendarycarsonline.com\/fr\/product\/1968-ford-mustang-fastback-gt-s-code-390ci-v8\/#primaryimage","url":"https:\/\/legendarycarsonline.com\/wp-content\/uploads\/2023\/02\/1968-ford-mustang-gt.jpg","contentUrl":"https:\/\/legendarycarsonline.com\/wp-content\/uploads\/2023\/02\/1968-ford-mustang-gt.jpg","width":1920,"height":1280},{"@type":"BreadcrumbList","@id":"https:\/\/legendarycarsonline.com\/fr\/product\/1968-ford-mustang-fastback-gt-s-code-390ci-v8\/#breadcrumb","itemListElement":[{"@type":"ListItem","position":1,"name":"Shop Cars","item":"https:\/\/legendarycarsonline.com\/shop-cars\/"},{"@type":"ListItem","position":2,"name":"Ford Mustang Fastback GT &#8220;S-Code&#8221; 390Ci V8 1968"}]},{"@type":"WebSite","@id":"https:\/\/legendarycarsonline.com\/fr\/#website","url":"https:\/\/legendarycarsonline.com\/fr\/","name":"Voiture de collection \u00e0 vendre","description":"","publisher":{"@id":"https:\/\/legendarycarsonline.com\/fr\/#organization"},"potentialAction":[{"@type":"SearchAction","target":{"@type":"EntryPoint","urlTemplate":"https:\/\/legendarycarsonline.com\/fr\/?s={search_term_string}"},"query-input":{"@type":"PropertyValueSpecification","valueRequired":true,"valueName":"search_term_string"}}],"inLanguage":"fr-FR"},{"@type":"Organization","@id":"https:\/\/legendarycarsonline.com\/fr\/#organization","name":"Legendary Cars Online","url":"https:\/\/legendarycarsonline.com\/fr\/","logo":{"@type":"ImageObject","inLanguage":"fr-FR","@id":"https:\/\/legendarycarsonline.com\/fr\/#\/schema\/logo\/image\/","url":"https:\/\/legendarycarsonline.com\/wp-content\/uploads\/2021\/02\/Legendary-Cars-Online.png","contentUrl":"https:\/\/legendarycarsonline.com\/wp-content\/uploads\/2021\/02\/Legendary-Cars-Online.png","width":275,"height":216,"caption":"Legendary Cars Online"},"image":{"@id":"https:\/\/legendarycarsonline.com\/fr\/#\/schema\/logo\/image\/"},"sameAs":["https:\/\/www.facebook.com\/Legendary-Cars-Online-112758273845339"]}]}},"_links":{"self":[{"href":"https:\/\/legendarycarsonline.com\/fr\/wp-json\/wp\/v2\/product\/278993","targetHints":{"allow":["GET"]}}],"collection":[{"href":"https:\/\/legendarycarsonline.com\/fr\/wp-json\/wp\/v2\/product"}],"about":[{"href":"https:\/\/legendarycarsonline.com\/fr\/wp-json\/wp\/v2\/types\/product"}],"wp:featuredmedia":[{"embeddable":true,"href":"https:\/\/legendarycarsonline.com\/fr\/wp-json\/wp\/v2\/media\/278992"}],"wp:attachment":[{"href":"https:\/\/legendarycarsonline.com\/fr\/wp-json\/wp\/v2\/media?parent=278993"}],"wp:term":[{"taxonomy":"product_brand","embeddable":true,"href":"https:\/\/legendarycarsonline.com\/fr\/wp-json\/wp\/v2\/product_brand?post=278993"},{"taxonomy":"product_cat","embeddable":true,"href":"https:\/\/legendarycarsonline.com\/fr\/wp-json\/wp\/v2\/product_cat?post=278993"},{"taxonomy":"product_tag","embeddable":true,"href":"https:\/\/legendarycarsonline.com\/fr\/wp-json\/wp\/v2\/product_tag?post=278993"}],"curies":[{"name":"wp","href":"https:\/\/api.w.org\/{rel}","templated":true}]}}