
 {"id":282351,"date":"2023-03-25T09:23:45","date_gmt":"2023-03-25T16:25:06","guid":{"rendered":"https:\/\/legendarycarsonline.com\/product\/chevrolet-camaro-1969-350ci-v8\/"},"modified":"2023-03-25T09:25:06","modified_gmt":"2023-03-25T16:25:06","slug":"1969-chevrolet-camaro-350ci-v8-2","status":"publish","type":"product","link":"https:\/\/legendarycarsonline.com\/fr\/product\/1969-chevrolet-camaro-350ci-v8-2\/","title":{"rendered":"Chevrolet Camaro 1969 350Ci V8"},"content":{"rendered":"<h2><strong>Caract\u00e9ristiques de l&rsquo;article<\/strong><\/h2>\n<div id=\"viTabs_0_is\" class=\"itemAttr\">\n<div class=\"section\">\n<table role=\"presentation\" width=\"100%\" cellspacing=\"0\" cellpadding=\"0\">\n<tbody>\n<tr>\n<td class=\"attrLabels\">Condition :<\/td>\n<td width=\"30.0%\">Utilis\u00e9<\/td>\n<td class=\"attrLabels\">Ann\u00e9e :<\/td>\n<td width=\"30.0%\">1969<\/td>\n<\/tr>\n<tr>\n<td class=\"attrLabels\">VIN (num\u00e9ro d&rsquo;identification du v\u00e9hicule) :<\/td>\n<td width=\"30.0%\">124379L5XXXXX<\/td>\n<td class=\"attrLabels\">Kilom\u00e9trage :<\/td>\n<td width=\"30.0%\">348<\/td>\n<\/tr>\n<tr>\n<td class=\"attrLabels\">Type de carrosserie :<\/td>\n<td width=\"30.0%\">Coup\u00e9<\/td>\n<td class=\"attrLabels\">Titre du v\u00e9hicule :<\/td>\n<td width=\"30.0%\">Nettoyer<\/td>\n<\/tr>\n<tr>\n<td class=\"attrLabels\">Options :<\/td>\n<td width=\"30.0%\">&#8211;<\/td>\n<td class=\"attrLabels\">Options d&rsquo;alimentation :<\/td>\n<td width=\"30.0%\">&#8211;<\/td>\n<\/tr>\n<tr>\n<td class=\"attrLabels\">Faites :<\/td>\n<td width=\"30.0%\">Chevrolet<\/td>\n<td class=\"attrLabels\">Couleur ext\u00e9rieure :<\/td>\n<td width=\"30.0%\">Vert Rallye<\/td>\n<\/tr>\n<tr>\n<td class=\"attrLabels\">Sous-mod\u00e8le :<\/td>\n<td width=\"30.0%\">&#8212;<\/td>\n<td class=\"attrLabels\">Couleur int\u00e9rieure :<\/td>\n<td width=\"30.0%\">Vert<\/td>\n<\/tr>\n<tr>\n<td class=\"attrLabels\">Trim :<\/td>\n<td width=\"30.0%\">&#8212;<\/td>\n<td class=\"attrLabels\">Transmission :<\/td>\n<td width=\"30.0%\">Automatique<\/td>\n<\/tr>\n<tr>\n<td class=\"attrLabels\">Type d&rsquo;entra\u00eenement :<\/td>\n<td width=\"30.0%\">Hardtop<\/td>\n<td class=\"attrLabels\">Garantie :<\/td>\n<td width=\"30.0%\">Le v\u00e9hicule n&rsquo;est PAS couvert par une garantie existante<\/td>\n<\/tr>\n<tr>\n<td class=\"attrLabels\">Moteur :<\/td>\n<td width=\"30.0%\">V8 350Ci<\/td>\n<td class=\"attrLabels\">Vente par :<\/td>\n<td width=\"30.0%\">Vendeur priv\u00e9<\/td>\n<\/tr>\n<tr>\n<td class=\"attrLabels\">Type de carburant :<\/td>\n<td width=\"30.0%\">Essence<\/td>\n<td class=\"attrLabels\">Mod\u00e8le :<\/td>\n<td width=\"30.0%\">Camaro<\/td>\n<\/tr>\n<\/tbody>\n<\/table>\n<\/div>\n<\/div>\n<h2><strong>Chevrolet Camaro 1969 350Ci V8<\/strong><\/h2>\n<h3><strong>D\u00e9tails du v\u00e9hicule<\/strong><\/h3>\n<p id=\"vehicleDescription-p1\">Nous vous proposons aujourd&rsquo;hui une tr\u00e8s belle Camaro 1969 qui a conserv\u00e9 tous ses panneaux de carrosserie et son plancher d&rsquo;origine. Achet\u00e9e \u00e0 l&rsquo;origine comme voiture californienne, elle est toujours exempte de rouille et a \u00e9t\u00e9 achet\u00e9e neuve en juin 1968. La voiture a conserv\u00e9 tout l&rsquo;int\u00e9rieur d&rsquo;origine (si\u00e8ges et moquette) qui est en tr\u00e8s bon \u00e9tat, y compris la radio AM. Au cours de la restauration qui a \u00e9t\u00e9 achev\u00e9e en 2019, la voiture a \u00e9t\u00e9 \u00e9quip\u00e9e de freins \u00e0 disque CPP qui fonctionnent parfaitement et de ressorts avant avec des coussinets de l&rsquo;avant \u00e0 l&rsquo;arri\u00e8re. Il y a aussi un nouveau compteur de vitesse qui (actuellement montre seulement a 348 miles et a \u00e9t\u00e9 dit seulement conduit depuis 2019) ainsi qu&rsquo;une nouvelle jauge de gaz qui fonctionne parfaitement. Les bacs de plancher et le bac de coffre sont tous d&rsquo;origine et aucune r\u00e9paration n&rsquo;a \u00e9t\u00e9 constat\u00e9e. Le groupe motopropulseur est un petit bloc 350 avec une transmission turbo 350 qui passe les vitesses comme il faut. L&rsquo;\u00e9chappement passe par un ensemble de collecteurs \u00e0 rev\u00eatement c\u00e9ramique et un double \u00e9chappement complet par des silencieux Magnaflow. Les interstices et les lignes de la carrosserie sont aussi proches de la perfection qu&rsquo;il est possible de l&rsquo;\u00eatre et il serait difficile de trouver mieux. La peinture d&rsquo;origine de code 79, Rallye Green, a 4 ans et est exceptionnellement belle, sans rayures ni \u00e9clats. Je lui donnerais une bonne note de 9 sur 10, 10 correspondant \u00e0 la cat\u00e9gorie \u00ab\u00a0Concourse\u00a0\u00bb. Cette voiture roule parfaitement sur la route, sans aucune d\u00e9ception. Les inspections avant l&rsquo;achat ou par un tiers sont les bienvenues. N&rsquo;ench\u00e9rissez pas si vous n&rsquo;avez pas l&rsquo;intention de conclure la transaction. J&rsquo;ai un retour d&rsquo;information de 100% pour une raison et j&rsquo;ai l&rsquo;intention de le garder ainsi. D\u00e9p\u00f4t de garantie de 1000,00 $ \u00e0 payer dans les 48 heures suivant la fin de la vente aux ench\u00e8res. Je peux stocker la voiture \u00e0 l&rsquo;int\u00e9rieur jusqu&rsquo;\u00e0 10 jours si n\u00e9cessaire, sans frais. Les frais de port sont \u00e0 la charge de l&rsquo;acheteur, mais je suis heureux de vous aider dans vos d\u00e9marches aupr\u00e8s de votre exp\u00e9diteur. Le prix d&rsquo;achat comprendra l&rsquo;exp\u00e9dition \u00e0 votre porte sous emballage et assurance.<\/p>\n<p>Utilis\u00e9<\/p>\n<p>Sumrall, Mississippi<\/p>\n","protected":false},"excerpt":{"rendered":"<p>Caract\u00e9ristiques de l&rsquo;article Condition : Utilis\u00e9 Ann\u00e9e : 1969 VIN (num\u00e9ro d&rsquo;identification du v\u00e9hicule) : 124379L5XXXXX Kilom\u00e9trage : 348 Type de carrosserie : Coup\u00e9 Titre du<span class=\"excerpt-hellip\"> [\u2026]<\/span><\/p>\n","protected":false},"featured_media":282312,"template":"","meta":[],"product_brand":[],"product_cat":[124,118,110],"product_tag":[],"class_list":{"0":"post-282351","1":"product","2":"type-product","3":"status-publish","4":"has-post-thumbnail","6":"product_cat-1969-fr","7":"product_cat-camaro-fr","8":"product_cat-chevrolet-fr","10":"first","11":"instock","12":"featured","13":"sold-individually","14":"shipping-taxable","15":"purchasable","16":"product-type-simple"},"yoast_head":"<!-- This site is optimized with the Yoast SEO plugin v27.4 - https:\/\/yoast.com\/product\/yoast-seo-wordpress\/ -->\n<title>Chevrolet Camaro 1969 350Ci V8 - Voiture de collection \u00e0 vendre<\/title>\n<meta name=\"robots\" content=\"index, follow, max-snippet:-1, max-image-preview:large, max-video-preview:-1\" \/>\n<link rel=\"canonical\" href=\"https:\/\/legendarycarsonline.com\/fr\/product\/1969-chevrolet-camaro-350ci-v8-2\/\" \/>\n<meta property=\"og:locale\" content=\"fr_FR\" \/>\n<meta property=\"og:type\" content=\"article\" \/>\n<meta property=\"og:title\" content=\"Chevrolet Camaro 1969 350Ci V8 - Voiture de collection \u00e0 vendre\" \/>\n<meta property=\"og:description\" content=\"Caract\u00e9ristiques de l&rsquo;article Condition : Utilis\u00e9 Ann\u00e9e : 1969 VIN (num\u00e9ro d&rsquo;identification du v\u00e9hicule) : 124379L5XXXXX Kilom\u00e9trage : 348 Type de carrosserie : Coup\u00e9 Titre du [\u2026]\" \/>\n<meta property=\"og:url\" content=\"https:\/\/legendarycarsonline.com\/fr\/product\/1969-chevrolet-camaro-350ci-v8-2\/\" \/>\n<meta property=\"og:site_name\" content=\"Voiture de collection \u00e0 vendre\" \/>\n<meta property=\"article:publisher\" content=\"https:\/\/www.facebook.com\/Legendary-Cars-Online-112758273845339\" \/>\n<meta property=\"og:image\" content=\"https:\/\/legendarycarsonline.com\/wp-content\/uploads\/2023\/03\/s-l500-5.jpg\" \/>\n\t<meta property=\"og:image:width\" content=\"500\" \/>\n\t<meta property=\"og:image:height\" content=\"375\" \/>\n\t<meta property=\"og:image:type\" content=\"image\/jpeg\" \/>\n<meta name=\"twitter:card\" content=\"summary_large_image\" \/>\n<meta name=\"twitter:label1\" content=\"Dur\u00e9e de lecture estim\u00e9e\" \/>\n\t<meta name=\"twitter:data1\" content=\"2 minutes\" \/>\n<script type=\"application\/ld+json\" class=\"yoast-schema-graph\">{\"@context\":\"https:\\\/\\\/schema.org\",\"@graph\":[{\"@type\":\"WebPage\",\"@id\":\"https:\\\/\\\/legendarycarsonline.com\\\/fr\\\/product\\\/1969-chevrolet-camaro-350ci-v8-2\\\/\",\"url\":\"https:\\\/\\\/legendarycarsonline.com\\\/fr\\\/product\\\/1969-chevrolet-camaro-350ci-v8-2\\\/\",\"name\":\"Chevrolet Camaro 1969 350Ci V8 - Voiture de collection \u00e0 vendre\",\"isPartOf\":{\"@id\":\"https:\\\/\\\/legendarycarsonline.com\\\/fr\\\/#website\"},\"primaryImageOfPage\":{\"@id\":\"https:\\\/\\\/legendarycarsonline.com\\\/fr\\\/product\\\/1969-chevrolet-camaro-350ci-v8-2\\\/#primaryimage\"},\"image\":{\"@id\":\"https:\\\/\\\/legendarycarsonline.com\\\/fr\\\/product\\\/1969-chevrolet-camaro-350ci-v8-2\\\/#primaryimage\"},\"thumbnailUrl\":\"https:\\\/\\\/legendarycarsonline.com\\\/wp-content\\\/uploads\\\/2023\\\/03\\\/s-l500-5.jpg\",\"datePublished\":\"2023-03-25T16:25:06+00:00\",\"breadcrumb\":{\"@id\":\"https:\\\/\\\/legendarycarsonline.com\\\/fr\\\/product\\\/1969-chevrolet-camaro-350ci-v8-2\\\/#breadcrumb\"},\"inLanguage\":\"fr-FR\",\"potentialAction\":[{\"@type\":\"ReadAction\",\"target\":[\"https:\\\/\\\/legendarycarsonline.com\\\/fr\\\/product\\\/1969-chevrolet-camaro-350ci-v8-2\\\/\"]}]},{\"@type\":\"ImageObject\",\"inLanguage\":\"fr-FR\",\"@id\":\"https:\\\/\\\/legendarycarsonline.com\\\/fr\\\/product\\\/1969-chevrolet-camaro-350ci-v8-2\\\/#primaryimage\",\"url\":\"https:\\\/\\\/legendarycarsonline.com\\\/wp-content\\\/uploads\\\/2023\\\/03\\\/s-l500-5.jpg\",\"contentUrl\":\"https:\\\/\\\/legendarycarsonline.com\\\/wp-content\\\/uploads\\\/2023\\\/03\\\/s-l500-5.jpg\",\"width\":500,\"height\":375},{\"@type\":\"BreadcrumbList\",\"@id\":\"https:\\\/\\\/legendarycarsonline.com\\\/fr\\\/product\\\/1969-chevrolet-camaro-350ci-v8-2\\\/#breadcrumb\",\"itemListElement\":[{\"@type\":\"ListItem\",\"position\":1,\"name\":\"Shop Cars\",\"item\":\"https:\\\/\\\/legendarycarsonline.com\\\/shop-cars\\\/\"},{\"@type\":\"ListItem\",\"position\":2,\"name\":\"Chevrolet Camaro 1969 350Ci V8\"}]},{\"@type\":\"WebSite\",\"@id\":\"https:\\\/\\\/legendarycarsonline.com\\\/fr\\\/#website\",\"url\":\"https:\\\/\\\/legendarycarsonline.com\\\/fr\\\/\",\"name\":\"Voiture de collection \u00e0 vendre\",\"description\":\"\",\"publisher\":{\"@id\":\"https:\\\/\\\/legendarycarsonline.com\\\/fr\\\/#organization\"},\"potentialAction\":[{\"@type\":\"SearchAction\",\"target\":{\"@type\":\"EntryPoint\",\"urlTemplate\":\"https:\\\/\\\/legendarycarsonline.com\\\/fr\\\/?s={search_term_string}\"},\"query-input\":{\"@type\":\"PropertyValueSpecification\",\"valueRequired\":true,\"valueName\":\"search_term_string\"}}],\"inLanguage\":\"fr-FR\"},{\"@type\":\"Organization\",\"@id\":\"https:\\\/\\\/legendarycarsonline.com\\\/fr\\\/#organization\",\"name\":\"Legendary Cars Online\",\"url\":\"https:\\\/\\\/legendarycarsonline.com\\\/fr\\\/\",\"logo\":{\"@type\":\"ImageObject\",\"inLanguage\":\"fr-FR\",\"@id\":\"https:\\\/\\\/legendarycarsonline.com\\\/fr\\\/#\\\/schema\\\/logo\\\/image\\\/\",\"url\":\"https:\\\/\\\/legendarycarsonline.com\\\/wp-content\\\/uploads\\\/2021\\\/02\\\/Legendary-Cars-Online.png\",\"contentUrl\":\"https:\\\/\\\/legendarycarsonline.com\\\/wp-content\\\/uploads\\\/2021\\\/02\\\/Legendary-Cars-Online.png\",\"width\":275,\"height\":216,\"caption\":\"Legendary Cars Online\"},\"image\":{\"@id\":\"https:\\\/\\\/legendarycarsonline.com\\\/fr\\\/#\\\/schema\\\/logo\\\/image\\\/\"},\"sameAs\":[\"https:\\\/\\\/www.facebook.com\\\/Legendary-Cars-Online-112758273845339\"]}]}<\/script>\n<!-- \/ Yoast SEO plugin. -->","yoast_head_json":{"title":"Chevrolet Camaro 1969 350Ci V8 - Voiture de collection \u00e0 vendre","robots":{"index":"index","follow":"follow","max-snippet":"max-snippet:-1","max-image-preview":"max-image-preview:large","max-video-preview":"max-video-preview:-1"},"canonical":"https:\/\/legendarycarsonline.com\/fr\/product\/1969-chevrolet-camaro-350ci-v8-2\/","og_locale":"fr_FR","og_type":"article","og_title":"Chevrolet Camaro 1969 350Ci V8 - Voiture de collection \u00e0 vendre","og_description":"Caract\u00e9ristiques de l&rsquo;article Condition : Utilis\u00e9 Ann\u00e9e : 1969 VIN (num\u00e9ro d&rsquo;identification du v\u00e9hicule) : 124379L5XXXXX Kilom\u00e9trage : 348 Type de carrosserie : Coup\u00e9 Titre du [\u2026]","og_url":"https:\/\/legendarycarsonline.com\/fr\/product\/1969-chevrolet-camaro-350ci-v8-2\/","og_site_name":"Voiture de collection \u00e0 vendre","article_publisher":"https:\/\/www.facebook.com\/Legendary-Cars-Online-112758273845339","og_image":[{"width":500,"height":375,"url":"https:\/\/legendarycarsonline.com\/wp-content\/uploads\/2023\/03\/s-l500-5.jpg","type":"image\/jpeg"}],"twitter_card":"summary_large_image","twitter_misc":{"Dur\u00e9e de lecture estim\u00e9e":"2 minutes"},"schema":{"@context":"https:\/\/schema.org","@graph":[{"@type":"WebPage","@id":"https:\/\/legendarycarsonline.com\/fr\/product\/1969-chevrolet-camaro-350ci-v8-2\/","url":"https:\/\/legendarycarsonline.com\/fr\/product\/1969-chevrolet-camaro-350ci-v8-2\/","name":"Chevrolet Camaro 1969 350Ci V8 - Voiture de collection \u00e0 vendre","isPartOf":{"@id":"https:\/\/legendarycarsonline.com\/fr\/#website"},"primaryImageOfPage":{"@id":"https:\/\/legendarycarsonline.com\/fr\/product\/1969-chevrolet-camaro-350ci-v8-2\/#primaryimage"},"image":{"@id":"https:\/\/legendarycarsonline.com\/fr\/product\/1969-chevrolet-camaro-350ci-v8-2\/#primaryimage"},"thumbnailUrl":"https:\/\/legendarycarsonline.com\/wp-content\/uploads\/2023\/03\/s-l500-5.jpg","datePublished":"2023-03-25T16:25:06+00:00","breadcrumb":{"@id":"https:\/\/legendarycarsonline.com\/fr\/product\/1969-chevrolet-camaro-350ci-v8-2\/#breadcrumb"},"inLanguage":"fr-FR","potentialAction":[{"@type":"ReadAction","target":["https:\/\/legendarycarsonline.com\/fr\/product\/1969-chevrolet-camaro-350ci-v8-2\/"]}]},{"@type":"ImageObject","inLanguage":"fr-FR","@id":"https:\/\/legendarycarsonline.com\/fr\/product\/1969-chevrolet-camaro-350ci-v8-2\/#primaryimage","url":"https:\/\/legendarycarsonline.com\/wp-content\/uploads\/2023\/03\/s-l500-5.jpg","contentUrl":"https:\/\/legendarycarsonline.com\/wp-content\/uploads\/2023\/03\/s-l500-5.jpg","width":500,"height":375},{"@type":"BreadcrumbList","@id":"https:\/\/legendarycarsonline.com\/fr\/product\/1969-chevrolet-camaro-350ci-v8-2\/#breadcrumb","itemListElement":[{"@type":"ListItem","position":1,"name":"Shop Cars","item":"https:\/\/legendarycarsonline.com\/shop-cars\/"},{"@type":"ListItem","position":2,"name":"Chevrolet Camaro 1969 350Ci V8"}]},{"@type":"WebSite","@id":"https:\/\/legendarycarsonline.com\/fr\/#website","url":"https:\/\/legendarycarsonline.com\/fr\/","name":"Voiture de collection \u00e0 vendre","description":"","publisher":{"@id":"https:\/\/legendarycarsonline.com\/fr\/#organization"},"potentialAction":[{"@type":"SearchAction","target":{"@type":"EntryPoint","urlTemplate":"https:\/\/legendarycarsonline.com\/fr\/?s={search_term_string}"},"query-input":{"@type":"PropertyValueSpecification","valueRequired":true,"valueName":"search_term_string"}}],"inLanguage":"fr-FR"},{"@type":"Organization","@id":"https:\/\/legendarycarsonline.com\/fr\/#organization","name":"Legendary Cars Online","url":"https:\/\/legendarycarsonline.com\/fr\/","logo":{"@type":"ImageObject","inLanguage":"fr-FR","@id":"https:\/\/legendarycarsonline.com\/fr\/#\/schema\/logo\/image\/","url":"https:\/\/legendarycarsonline.com\/wp-content\/uploads\/2021\/02\/Legendary-Cars-Online.png","contentUrl":"https:\/\/legendarycarsonline.com\/wp-content\/uploads\/2021\/02\/Legendary-Cars-Online.png","width":275,"height":216,"caption":"Legendary Cars Online"},"image":{"@id":"https:\/\/legendarycarsonline.com\/fr\/#\/schema\/logo\/image\/"},"sameAs":["https:\/\/www.facebook.com\/Legendary-Cars-Online-112758273845339"]}]}},"_links":{"self":[{"href":"https:\/\/legendarycarsonline.com\/fr\/wp-json\/wp\/v2\/product\/282351","targetHints":{"allow":["GET"]}}],"collection":[{"href":"https:\/\/legendarycarsonline.com\/fr\/wp-json\/wp\/v2\/product"}],"about":[{"href":"https:\/\/legendarycarsonline.com\/fr\/wp-json\/wp\/v2\/types\/product"}],"wp:featuredmedia":[{"embeddable":true,"href":"https:\/\/legendarycarsonline.com\/fr\/wp-json\/wp\/v2\/media\/282312"}],"wp:attachment":[{"href":"https:\/\/legendarycarsonline.com\/fr\/wp-json\/wp\/v2\/media?parent=282351"}],"wp:term":[{"taxonomy":"product_brand","embeddable":true,"href":"https:\/\/legendarycarsonline.com\/fr\/wp-json\/wp\/v2\/product_brand?post=282351"},{"taxonomy":"product_cat","embeddable":true,"href":"https:\/\/legendarycarsonline.com\/fr\/wp-json\/wp\/v2\/product_cat?post=282351"},{"taxonomy":"product_tag","embeddable":true,"href":"https:\/\/legendarycarsonline.com\/fr\/wp-json\/wp\/v2\/product_tag?post=282351"}],"curies":[{"name":"wp","href":"https:\/\/api.w.org\/{rel}","templated":true}]}}