
 {"id":283956,"date":"2023-04-15T08:41:50","date_gmt":"2023-04-15T16:18:40","guid":{"rendered":"https:\/\/legendarycarsonline.com\/product\/1970-ford-mustang-mach-1-351ci-cleveland-v8-4-speed-manual-2\/"},"modified":"2023-04-15T09:18:40","modified_gmt":"2023-04-15T16:18:40","slug":"1970-ford-mustang-mach-1-351ci-cleveland-v8-4-speed-manual-2","status":"publish","type":"product","link":"https:\/\/legendarycarsonline.com\/fr\/product\/1970-ford-mustang-mach-1-351ci-cleveland-v8-4-speed-manual-2\/","title":{"rendered":"1970 Ford Mustang Mach 1 351Ci Cleveland V8 4-Speed Manual"},"content":{"rendered":"<h2><strong>Caract\u00e9ristiques de l&rsquo;article<\/strong><\/h2>\n<div id=\"viTabs_0_is\" class=\"itemAttr\">\n<div class=\"section\">\n<table role=\"presentation\" width=\"100%\" cellspacing=\"0\" cellpadding=\"0\">\n<tbody>\n<tr>\n<td class=\"attrLabels\">Condition :<\/td>\n<td width=\"30.0%\">Utilis\u00e9<\/td>\n<td class=\"attrLabels\">Ann\u00e9e :<\/td>\n<td width=\"30.0%\">1970<\/td>\n<\/tr>\n<tr>\n<td class=\"attrLabels\">VIN (num\u00e9ro d&rsquo;identification du v\u00e9hicule) :<\/td>\n<td width=\"30.0%\">0T05H1XXXXX<\/td>\n<td class=\"attrLabels\">Kilom\u00e9trage :<\/td>\n<td width=\"30.0%\">65000<\/td>\n<\/tr>\n<tr>\n<td class=\"attrLabels\">Options :<\/td>\n<td width=\"30.0%\">&#8211;<\/td>\n<td class=\"attrLabels\">Titre du v\u00e9hicule :<\/td>\n<td width=\"30.0%\">Nettoyer<\/td>\n<\/tr>\n<tr>\n<td class=\"attrLabels\">Options d&rsquo;alimentation :<\/td>\n<td width=\"30.0%\">&#8211;<\/td>\n<td class=\"attrLabels\">Couleur ext\u00e9rieure :<\/td>\n<td width=\"30.0%\">Grabber Orange<\/td>\n<\/tr>\n<tr>\n<td class=\"attrLabels\">Faites :<\/td>\n<td width=\"30.0%\">Ford<\/td>\n<td class=\"attrLabels\">Couleur int\u00e9rieure :<\/td>\n<td width=\"30.0%\">Noir<\/td>\n<\/tr>\n<tr>\n<td class=\"attrLabels\">Trim :<\/td>\n<td width=\"30.0%\">Mach 1<\/td>\n<td class=\"attrLabels\">Transmission :<\/td>\n<td width=\"30.0%\">Chargeur manuel \u00e0 4 vitesses<\/td>\n<\/tr>\n<tr>\n<td class=\"attrLabels\">Moteur :<\/td>\n<td width=\"30.0%\">V8 Cleveland 351Ci<\/td>\n<td class=\"attrLabels\">Garantie :<\/td>\n<td width=\"30.0%\">Non sp\u00e9cifi\u00e9<\/td>\n<\/tr>\n<tr>\n<td class=\"attrLabels\">Type de carburant :<\/td>\n<td width=\"30.0%\">Essence<\/td>\n<td class=\"attrLabels\">Vente par :<\/td>\n<td width=\"30.0%\">Concessionnaire<\/td>\n<\/tr>\n<tr>\n<td class=\"attrLabels\">Type de carrosserie :<\/td>\n<td width=\"30.0%\">Toit ouvrant<\/td>\n<td class=\"attrLabels\">Mod\u00e8le :<\/td>\n<td width=\"30.0%\">Mustang<\/td>\n<\/tr>\n<\/tbody>\n<\/table>\n<\/div>\n<\/div>\n<p>&nbsp;<\/p>\n<p><strong style=\"font-size: 48px;\">1970 FORD MUSTANG MACH I, GRABBER ORANGE, BLACK INT, #S<\/strong><\/p>\n<p><strong style=\"font-size: 48px;\">  351 CLEVELAND ASSORTI, 4 VITESSES,<\/strong><\/p>\n<div id=\"stock_options\" class=\"inventory-detailed-description visible-print-block\">\n<h3><strong>Tr\u00e8s bien conserv\u00e9e, la Ford Mustang Mach I 1970 est \u00e9quip\u00e9e d&rsquo;un moteur 351 Cleveland, d&rsquo;une bo\u00eete de vitesses manuelle Top Loader \u00e0 4 rapports et d&rsquo;une transmission arri\u00e8re 9&Prime; avec posi. Tous les \u00e9quipements Mach I sont pr\u00e9sents, comme la prise d&rsquo;air sur le capot, les bandes noires sur le capot, les spoilers, les persiennes de la lunette arri\u00e8re, le panneau arri\u00e8re en maille, les d\u00e9calcomanies Mach I \u00e0 l&rsquo;arri\u00e8re, les r\u00e9troviseurs de course de couleur diff\u00e9rente et les moulures de bas de caisse. L&rsquo;int\u00e9rieur comprend des si\u00e8ges baquets noirs \u00e0 dossier haut, une console centrale, un volant Rim Blow, un tachym\u00e8tre et des jauges, ainsi qu&rsquo;un syst\u00e8me de bande magn\u00e9tique Stereosonic avec radio AM. La facture de vente originale de Ford Motor Company et le rapport Marti attestent que cette Mach est bien r\u00e9elle et qu&rsquo;elle a \u00e9t\u00e9 restaur\u00e9e selon les sp\u00e9cifications d&rsquo;origine de l&rsquo;usine. Selon le propri\u00e9taire pr\u00e9c\u00e9dent, cette Mach 1 a appartenu au dernier propri\u00e9taire pendant plus de 30 ans et on pense qu&rsquo;elle n&rsquo;a que 65 000 miles d&rsquo;origine. Il roule sur un bel ensemble de jantes Chrome Magnum et de pneus radiaux BF Goodrich \u00e0 lettres blanches pour une meilleure visibilit\u00e9.<\/strong><\/h3>\n<h4><strong>EXT\u00c9RIEUR :<\/strong><\/h4>\n<ul>\n<li>Tr\u00e8s conforme au rapport Marti et \u00e0 la facture originale<\/li>\n<li>Couleur correcte : Grabber Orange avec bandes noires sur le capot<\/li>\n<li>Belle restauration ancienne qui est rest\u00e9e dans une collection pendant plus de 30 ans.<\/li>\n<li>Moulures de bas de caisse Mach I<\/li>\n<li>Grille de fen\u00eatre noire<\/li>\n<li>Aileron arri\u00e8re noir<\/li>\n<li>Becquet avant<\/li>\n<li>Jantes Magum chrom\u00e9es<\/li>\n<li>Pneus radiaux BF Goodrich \u00e0 lettres blanches<\/li>\n<\/ul>\n<h4><strong>INTERIEUR :<\/strong><\/h4>\n<ul>\n<li>Int\u00e9rieur des si\u00e8ges baquets noirs<\/li>\n<li>Console centrale<\/li>\n<li>Beau tableau de bord d&rsquo;origine sans fissure<\/li>\n<li>Tachym\u00e8tre et indicateurs clairs et pr\u00e9cis<\/li>\n<li>Original Stereo Sonic AM\/8 pistes st\u00e9r\u00e9o<\/li>\n<\/ul>\n<h4><strong>M\u00c9CANIQUE :<\/strong><\/h4>\n<ul>\n<li>Moteur Cleveland de 351 pouces cubes \u00e0 l&rsquo;identique<\/li>\n<li>Baie moteur tr\u00e8s d\u00e9taill\u00e9e avec attention aux d\u00e9tails<\/li>\n<li>Transmission \u00e0 4 vitesses \u00e0 chargement par le haut correspondant aux num\u00e9ros<\/li>\n<li>Arri\u00e8re de 9 pouces avec posi et rapport de 3,25<\/li>\n<\/ul>\n<h4><strong>UNDERCARRIAGE :<\/strong><\/h4>\n<ul>\n<li>Extr\u00eamement solide et intacte<\/li>\n<li>M\u00e9tal d&rsquo;origine d&rsquo;un pare-chocs \u00e0 l&rsquo;autre<\/li>\n<\/ul>\n<p>Utilis\u00e9<\/p>\n<p>Des Moines, IA<\/p>\n<\/div>\n","protected":false},"excerpt":{"rendered":"<p>Caract\u00e9ristiques de l&rsquo;article Condition : Utilis\u00e9 Ann\u00e9e : 1970 VIN (num\u00e9ro d&rsquo;identification du v\u00e9hicule) : 0T05H1XXXXX Kilom\u00e9trage : 65000 Options : &#8211; Titre du v\u00e9hicule :<span class=\"excerpt-hellip\"> [\u2026]<\/span><\/p>\n","protected":false},"featured_media":283927,"template":"","meta":[],"product_brand":[],"product_cat":[114,106,107],"product_tag":[],"class_list":{"0":"post-283956","1":"product","2":"type-product","3":"status-publish","4":"has-post-thumbnail","6":"product_cat-1970-fr","7":"product_cat-ford-fr","8":"product_cat-mustang-fr","10":"first","11":"instock","12":"featured","13":"sold-individually","14":"shipping-taxable","15":"purchasable","16":"product-type-simple"},"yoast_head":"<!-- This site is optimized with the Yoast SEO plugin v27.4 - https:\/\/yoast.com\/product\/yoast-seo-wordpress\/ -->\n<title>1970 Ford Mustang Mach 1 351Ci Cleveland V8 4-Speed Manual - Voiture de collection \u00e0 vendre<\/title>\n<meta name=\"robots\" content=\"index, follow, max-snippet:-1, max-image-preview:large, max-video-preview:-1\" \/>\n<link rel=\"canonical\" href=\"https:\/\/legendarycarsonline.com\/fr\/product\/1970-ford-mustang-mach-1-351ci-cleveland-v8-4-speed-manual-2\/\" \/>\n<meta property=\"og:locale\" content=\"fr_FR\" \/>\n<meta property=\"og:type\" content=\"article\" \/>\n<meta property=\"og:title\" content=\"1970 Ford Mustang Mach 1 351Ci Cleveland V8 4-Speed Manual - Voiture de collection \u00e0 vendre\" \/>\n<meta property=\"og:description\" content=\"Caract\u00e9ristiques de l&rsquo;article Condition : Utilis\u00e9 Ann\u00e9e : 1970 VIN (num\u00e9ro d&rsquo;identification du v\u00e9hicule) : 0T05H1XXXXX Kilom\u00e9trage : 65000 Options : &#8211; Titre du v\u00e9hicule : [\u2026]\" \/>\n<meta property=\"og:url\" content=\"https:\/\/legendarycarsonline.com\/fr\/product\/1970-ford-mustang-mach-1-351ci-cleveland-v8-4-speed-manual-2\/\" \/>\n<meta property=\"og:site_name\" content=\"Voiture de collection \u00e0 vendre\" \/>\n<meta property=\"article:publisher\" content=\"https:\/\/www.facebook.com\/Legendary-Cars-Online-112758273845339\" \/>\n<meta property=\"og:image\" content=\"https:\/\/legendarycarsonline.com\/wp-content\/uploads\/2023\/04\/1404_p11_l.jpg\" \/>\n\t<meta property=\"og:image:width\" content=\"1920\" \/>\n\t<meta property=\"og:image:height\" content=\"1280\" \/>\n\t<meta property=\"og:image:type\" content=\"image\/jpeg\" \/>\n<meta name=\"twitter:card\" content=\"summary_large_image\" \/>\n<meta name=\"twitter:label1\" content=\"Dur\u00e9e de lecture estim\u00e9e\" \/>\n\t<meta name=\"twitter:data1\" content=\"2 minutes\" \/>\n<script type=\"application\/ld+json\" class=\"yoast-schema-graph\">{\"@context\":\"https:\\\/\\\/schema.org\",\"@graph\":[{\"@type\":\"WebPage\",\"@id\":\"https:\\\/\\\/legendarycarsonline.com\\\/fr\\\/product\\\/1970-ford-mustang-mach-1-351ci-cleveland-v8-4-speed-manual-2\\\/\",\"url\":\"https:\\\/\\\/legendarycarsonline.com\\\/fr\\\/product\\\/1970-ford-mustang-mach-1-351ci-cleveland-v8-4-speed-manual-2\\\/\",\"name\":\"1970 Ford Mustang Mach 1 351Ci Cleveland V8 4-Speed Manual - Voiture de collection \u00e0 vendre\",\"isPartOf\":{\"@id\":\"https:\\\/\\\/legendarycarsonline.com\\\/fr\\\/#website\"},\"primaryImageOfPage\":{\"@id\":\"https:\\\/\\\/legendarycarsonline.com\\\/fr\\\/product\\\/1970-ford-mustang-mach-1-351ci-cleveland-v8-4-speed-manual-2\\\/#primaryimage\"},\"image\":{\"@id\":\"https:\\\/\\\/legendarycarsonline.com\\\/fr\\\/product\\\/1970-ford-mustang-mach-1-351ci-cleveland-v8-4-speed-manual-2\\\/#primaryimage\"},\"thumbnailUrl\":\"https:\\\/\\\/legendarycarsonline.com\\\/wp-content\\\/uploads\\\/2023\\\/04\\\/1404_p11_l.jpg\",\"datePublished\":\"2023-04-15T16:18:40+00:00\",\"breadcrumb\":{\"@id\":\"https:\\\/\\\/legendarycarsonline.com\\\/fr\\\/product\\\/1970-ford-mustang-mach-1-351ci-cleveland-v8-4-speed-manual-2\\\/#breadcrumb\"},\"inLanguage\":\"fr-FR\",\"potentialAction\":[{\"@type\":\"ReadAction\",\"target\":[\"https:\\\/\\\/legendarycarsonline.com\\\/fr\\\/product\\\/1970-ford-mustang-mach-1-351ci-cleveland-v8-4-speed-manual-2\\\/\"]}]},{\"@type\":\"ImageObject\",\"inLanguage\":\"fr-FR\",\"@id\":\"https:\\\/\\\/legendarycarsonline.com\\\/fr\\\/product\\\/1970-ford-mustang-mach-1-351ci-cleveland-v8-4-speed-manual-2\\\/#primaryimage\",\"url\":\"https:\\\/\\\/legendarycarsonline.com\\\/wp-content\\\/uploads\\\/2023\\\/04\\\/1404_p11_l.jpg\",\"contentUrl\":\"https:\\\/\\\/legendarycarsonline.com\\\/wp-content\\\/uploads\\\/2023\\\/04\\\/1404_p11_l.jpg\",\"width\":1920,\"height\":1280},{\"@type\":\"BreadcrumbList\",\"@id\":\"https:\\\/\\\/legendarycarsonline.com\\\/fr\\\/product\\\/1970-ford-mustang-mach-1-351ci-cleveland-v8-4-speed-manual-2\\\/#breadcrumb\",\"itemListElement\":[{\"@type\":\"ListItem\",\"position\":1,\"name\":\"Shop Cars\",\"item\":\"https:\\\/\\\/legendarycarsonline.com\\\/shop-cars\\\/\"},{\"@type\":\"ListItem\",\"position\":2,\"name\":\"1970 Ford Mustang Mach 1 351Ci Cleveland V8 4-Speed Manual\"}]},{\"@type\":\"WebSite\",\"@id\":\"https:\\\/\\\/legendarycarsonline.com\\\/fr\\\/#website\",\"url\":\"https:\\\/\\\/legendarycarsonline.com\\\/fr\\\/\",\"name\":\"Voiture de collection \u00e0 vendre\",\"description\":\"\",\"publisher\":{\"@id\":\"https:\\\/\\\/legendarycarsonline.com\\\/fr\\\/#organization\"},\"potentialAction\":[{\"@type\":\"SearchAction\",\"target\":{\"@type\":\"EntryPoint\",\"urlTemplate\":\"https:\\\/\\\/legendarycarsonline.com\\\/fr\\\/?s={search_term_string}\"},\"query-input\":{\"@type\":\"PropertyValueSpecification\",\"valueRequired\":true,\"valueName\":\"search_term_string\"}}],\"inLanguage\":\"fr-FR\"},{\"@type\":\"Organization\",\"@id\":\"https:\\\/\\\/legendarycarsonline.com\\\/fr\\\/#organization\",\"name\":\"Legendary Cars Online\",\"url\":\"https:\\\/\\\/legendarycarsonline.com\\\/fr\\\/\",\"logo\":{\"@type\":\"ImageObject\",\"inLanguage\":\"fr-FR\",\"@id\":\"https:\\\/\\\/legendarycarsonline.com\\\/fr\\\/#\\\/schema\\\/logo\\\/image\\\/\",\"url\":\"https:\\\/\\\/legendarycarsonline.com\\\/wp-content\\\/uploads\\\/2021\\\/02\\\/Legendary-Cars-Online.png\",\"contentUrl\":\"https:\\\/\\\/legendarycarsonline.com\\\/wp-content\\\/uploads\\\/2021\\\/02\\\/Legendary-Cars-Online.png\",\"width\":275,\"height\":216,\"caption\":\"Legendary Cars Online\"},\"image\":{\"@id\":\"https:\\\/\\\/legendarycarsonline.com\\\/fr\\\/#\\\/schema\\\/logo\\\/image\\\/\"},\"sameAs\":[\"https:\\\/\\\/www.facebook.com\\\/Legendary-Cars-Online-112758273845339\"]}]}<\/script>\n<!-- \/ Yoast SEO plugin. -->","yoast_head_json":{"title":"1970 Ford Mustang Mach 1 351Ci Cleveland V8 4-Speed Manual - Voiture de collection \u00e0 vendre","robots":{"index":"index","follow":"follow","max-snippet":"max-snippet:-1","max-image-preview":"max-image-preview:large","max-video-preview":"max-video-preview:-1"},"canonical":"https:\/\/legendarycarsonline.com\/fr\/product\/1970-ford-mustang-mach-1-351ci-cleveland-v8-4-speed-manual-2\/","og_locale":"fr_FR","og_type":"article","og_title":"1970 Ford Mustang Mach 1 351Ci Cleveland V8 4-Speed Manual - Voiture de collection \u00e0 vendre","og_description":"Caract\u00e9ristiques de l&rsquo;article Condition : Utilis\u00e9 Ann\u00e9e : 1970 VIN (num\u00e9ro d&rsquo;identification du v\u00e9hicule) : 0T05H1XXXXX Kilom\u00e9trage : 65000 Options : &#8211; Titre du v\u00e9hicule : [\u2026]","og_url":"https:\/\/legendarycarsonline.com\/fr\/product\/1970-ford-mustang-mach-1-351ci-cleveland-v8-4-speed-manual-2\/","og_site_name":"Voiture de collection \u00e0 vendre","article_publisher":"https:\/\/www.facebook.com\/Legendary-Cars-Online-112758273845339","og_image":[{"width":1920,"height":1280,"url":"https:\/\/legendarycarsonline.com\/wp-content\/uploads\/2023\/04\/1404_p11_l.jpg","type":"image\/jpeg"}],"twitter_card":"summary_large_image","twitter_misc":{"Dur\u00e9e de lecture estim\u00e9e":"2 minutes"},"schema":{"@context":"https:\/\/schema.org","@graph":[{"@type":"WebPage","@id":"https:\/\/legendarycarsonline.com\/fr\/product\/1970-ford-mustang-mach-1-351ci-cleveland-v8-4-speed-manual-2\/","url":"https:\/\/legendarycarsonline.com\/fr\/product\/1970-ford-mustang-mach-1-351ci-cleveland-v8-4-speed-manual-2\/","name":"1970 Ford Mustang Mach 1 351Ci Cleveland V8 4-Speed Manual - Voiture de collection \u00e0 vendre","isPartOf":{"@id":"https:\/\/legendarycarsonline.com\/fr\/#website"},"primaryImageOfPage":{"@id":"https:\/\/legendarycarsonline.com\/fr\/product\/1970-ford-mustang-mach-1-351ci-cleveland-v8-4-speed-manual-2\/#primaryimage"},"image":{"@id":"https:\/\/legendarycarsonline.com\/fr\/product\/1970-ford-mustang-mach-1-351ci-cleveland-v8-4-speed-manual-2\/#primaryimage"},"thumbnailUrl":"https:\/\/legendarycarsonline.com\/wp-content\/uploads\/2023\/04\/1404_p11_l.jpg","datePublished":"2023-04-15T16:18:40+00:00","breadcrumb":{"@id":"https:\/\/legendarycarsonline.com\/fr\/product\/1970-ford-mustang-mach-1-351ci-cleveland-v8-4-speed-manual-2\/#breadcrumb"},"inLanguage":"fr-FR","potentialAction":[{"@type":"ReadAction","target":["https:\/\/legendarycarsonline.com\/fr\/product\/1970-ford-mustang-mach-1-351ci-cleveland-v8-4-speed-manual-2\/"]}]},{"@type":"ImageObject","inLanguage":"fr-FR","@id":"https:\/\/legendarycarsonline.com\/fr\/product\/1970-ford-mustang-mach-1-351ci-cleveland-v8-4-speed-manual-2\/#primaryimage","url":"https:\/\/legendarycarsonline.com\/wp-content\/uploads\/2023\/04\/1404_p11_l.jpg","contentUrl":"https:\/\/legendarycarsonline.com\/wp-content\/uploads\/2023\/04\/1404_p11_l.jpg","width":1920,"height":1280},{"@type":"BreadcrumbList","@id":"https:\/\/legendarycarsonline.com\/fr\/product\/1970-ford-mustang-mach-1-351ci-cleveland-v8-4-speed-manual-2\/#breadcrumb","itemListElement":[{"@type":"ListItem","position":1,"name":"Shop Cars","item":"https:\/\/legendarycarsonline.com\/shop-cars\/"},{"@type":"ListItem","position":2,"name":"1970 Ford Mustang Mach 1 351Ci Cleveland V8 4-Speed Manual"}]},{"@type":"WebSite","@id":"https:\/\/legendarycarsonline.com\/fr\/#website","url":"https:\/\/legendarycarsonline.com\/fr\/","name":"Voiture de collection \u00e0 vendre","description":"","publisher":{"@id":"https:\/\/legendarycarsonline.com\/fr\/#organization"},"potentialAction":[{"@type":"SearchAction","target":{"@type":"EntryPoint","urlTemplate":"https:\/\/legendarycarsonline.com\/fr\/?s={search_term_string}"},"query-input":{"@type":"PropertyValueSpecification","valueRequired":true,"valueName":"search_term_string"}}],"inLanguage":"fr-FR"},{"@type":"Organization","@id":"https:\/\/legendarycarsonline.com\/fr\/#organization","name":"Legendary Cars Online","url":"https:\/\/legendarycarsonline.com\/fr\/","logo":{"@type":"ImageObject","inLanguage":"fr-FR","@id":"https:\/\/legendarycarsonline.com\/fr\/#\/schema\/logo\/image\/","url":"https:\/\/legendarycarsonline.com\/wp-content\/uploads\/2021\/02\/Legendary-Cars-Online.png","contentUrl":"https:\/\/legendarycarsonline.com\/wp-content\/uploads\/2021\/02\/Legendary-Cars-Online.png","width":275,"height":216,"caption":"Legendary Cars Online"},"image":{"@id":"https:\/\/legendarycarsonline.com\/fr\/#\/schema\/logo\/image\/"},"sameAs":["https:\/\/www.facebook.com\/Legendary-Cars-Online-112758273845339"]}]}},"_links":{"self":[{"href":"https:\/\/legendarycarsonline.com\/fr\/wp-json\/wp\/v2\/product\/283956","targetHints":{"allow":["GET"]}}],"collection":[{"href":"https:\/\/legendarycarsonline.com\/fr\/wp-json\/wp\/v2\/product"}],"about":[{"href":"https:\/\/legendarycarsonline.com\/fr\/wp-json\/wp\/v2\/types\/product"}],"wp:featuredmedia":[{"embeddable":true,"href":"https:\/\/legendarycarsonline.com\/fr\/wp-json\/wp\/v2\/media\/283927"}],"wp:attachment":[{"href":"https:\/\/legendarycarsonline.com\/fr\/wp-json\/wp\/v2\/media?parent=283956"}],"wp:term":[{"taxonomy":"product_brand","embeddable":true,"href":"https:\/\/legendarycarsonline.com\/fr\/wp-json\/wp\/v2\/product_brand?post=283956"},{"taxonomy":"product_cat","embeddable":true,"href":"https:\/\/legendarycarsonline.com\/fr\/wp-json\/wp\/v2\/product_cat?post=283956"},{"taxonomy":"product_tag","embeddable":true,"href":"https:\/\/legendarycarsonline.com\/fr\/wp-json\/wp\/v2\/product_tag?post=283956"}],"curies":[{"name":"wp","href":"https:\/\/api.w.org\/{rel}","templated":true}]}}