
 {"id":286071,"date":"2023-04-21T09:53:30","date_gmt":"2023-04-21T17:18:13","guid":{"rendered":"https:\/\/legendarycarsonline.com\/product\/1970-dodge-challenger-360ci-v8-4-speed-manual\/"},"modified":"2023-04-21T10:18:13","modified_gmt":"2023-04-21T17:18:13","slug":"1970-dodge-challenger-360ci-v8-4-speed-manual","status":"publish","type":"product","link":"https:\/\/legendarycarsonline.com\/fr\/product\/1970-dodge-challenger-360ci-v8-4-speed-manual\/","title":{"rendered":"1970 Dodge Challenger 360Ci V8 4-Speed Manual"},"content":{"rendered":"<h2><strong>Caract\u00e9ristiques de l&rsquo;article<\/strong><\/h2>\n<div id=\"viTabs_0_is\" class=\"itemAttr\">\n<div class=\"section\">\n<table role=\"presentation\" width=\"100%\" cellspacing=\"0\" cellpadding=\"0\">\n<tbody>\n<tr>\n<td class=\"attrLabels\">Condition :<\/td>\n<td width=\"30.0%\">Utilis\u00e9<\/td>\n<td class=\"attrLabels\">Ann\u00e9e :<\/td>\n<td width=\"30.0%\">1970<\/td>\n<\/tr>\n<tr>\n<td class=\"attrLabels\">VIN (num\u00e9ro d&rsquo;identification du v\u00e9hicule) :<\/td>\n<td width=\"30.0%\">\n<div class=\"ux-labels-values__values\">\n<div class=\"ux-labels-values__values-content\">JH23G0BXXXXXX<\/div>\n<\/div>\n<\/td>\n<td class=\"attrLabels\">Kilom\u00e9trage :<\/td>\n<td width=\"30.0%\">18139<\/td>\n<\/tr>\n<tr>\n<td class=\"attrLabels\">Type de carrosserie :<\/td>\n<td width=\"30.0%\">Coup\u00e9<\/td>\n<td class=\"attrLabels\">Titre du v\u00e9hicule :<\/td>\n<td width=\"30.0%\">&#8211;<\/td>\n<\/tr>\n<tr>\n<td class=\"attrLabels\">Options :<\/td>\n<td width=\"30.0%\">&#8211;<\/td>\n<td class=\"attrLabels\">Options d&rsquo;alimentation :<\/td>\n<td width=\"30.0%\">&#8211;<\/td>\n<\/tr>\n<tr>\n<td class=\"attrLabels\">Faites :<\/td>\n<td width=\"30.0%\">Dodge<\/td>\n<td class=\"attrLabels\">Couleur ext\u00e9rieure :<\/td>\n<td width=\"30.0%\">Prune Folle Pourpre<\/td>\n<\/tr>\n<tr>\n<td class=\"attrLabels\">Sous-mod\u00e8le :<\/td>\n<td width=\"30.0%\">&#8211;<\/td>\n<td class=\"attrLabels\">Couleur int\u00e9rieure :<\/td>\n<td width=\"30.0%\">\n<div class=\"eb-post-vehicle-overview\">\n<div class=\"overview-value\">Noir<\/div>\n<\/div>\n<\/td>\n<\/tr>\n<tr>\n<td class=\"attrLabels\">Trim :<\/td>\n<td width=\"30.0%\">\n<div class=\"ux-labels-values__values\">\n<div class=\"ux-labels-values__values-content\">\n<div><span class=\"ux-textspans\">&#8212;<\/span><\/div>\n<\/div>\n<\/div>\n<\/td>\n<td class=\"attrLabels\">Transmission :<\/td>\n<td width=\"30.0%\">Manuel \u00e0 4 vitesses<\/td>\n<\/tr>\n<tr>\n<td class=\"attrLabels\">Type d&rsquo;entra\u00eenement :<\/td>\n<td width=\"30.0%\">RWD<\/td>\n<td class=\"attrLabels\">Garantie :<\/td>\n<td width=\"30.0%\">Non sp\u00e9cifi\u00e9<\/td>\n<\/tr>\n<tr>\n<td class=\"attrLabels\">Moteur :<\/td>\n<td width=\"30.0%\">360Ci V8<\/td>\n<td class=\"attrLabels\">Vente par :<\/td>\n<td width=\"30.0%\">Concessionnaire<\/td>\n<\/tr>\n<tr>\n<td class=\"attrLabels\">Type de carburant :<\/td>\n<td width=\"30.0%\">Essence<\/td>\n<td class=\"attrLabels\">Mod\u00e8le :<\/td>\n<td width=\"30.0%\">Challenger<\/td>\n<\/tr>\n<\/tbody>\n<\/table>\n<\/div>\n<\/div>\n<h2><strong>1970 Dodge Challenger 360Ci V8 4-Speed Manual<\/strong><\/h2>\n<div><strong>Fini en Plum Crazy, toit en vinyle noir et int\u00e9rieur noir<\/strong><\/div>\n<div><\/div>\n<div>Etiquette d&rsquo;aile en place &#8211; illustr\u00e9e<\/div>\n<div><\/div>\n<div>Un 360 V8 bien construit<\/div>\n<div>Transmission manuelle \u00e0 4 vitesses<\/div>\n<div>Posi arri\u00e8re<\/div>\n<div>Admission en aluminium<\/div>\n<div>QFT Carb<\/div>\n<div>Bo\u00eete MSD 6AL (vient d&rsquo;\u00eatre install\u00e9e)<\/div>\n<div>Distributeur et bobine MSD<\/div>\n<div>Ma\u00eetre-cylindre tout neuf (vient d&rsquo;\u00eatre install\u00e9)<\/div>\n<div>Hedman Headers W\/ Awesome Sounding Dual Exhaust (\u00e9chappement double \u00e0 la sonorit\u00e9 impressionnante)<\/div>\n<div>Pneus Mickey Thompson r\u00e9cents<\/div>\n<div><\/div>\n<div>Show Quality Plum Crazy Paint On Laser Straight Body<\/div>\n<div>Ajustement et finition parfaits de tous les panneaux<\/div>\n<div>La peinture du compartiment moteur est \u00e9galement finie comme la carrosserie !<\/div>\n<div>Capote en vinyle noir comme neuve !<\/div>\n<div>Tr\u00e8s beau travail d&rsquo;orf\u00e8vre !<\/div>\n<div>Seuls quelques petits \u00e9clats de pierre dus \u00e0 l&rsquo;utilisation dans les bas-fonds &#8211; montr\u00e9s dans la vid\u00e9o<\/div>\n<div><\/div>\n<div>Tr\u00e8s beau et tr\u00e8s propre int\u00e9rieur noir<\/div>\n<div>Si\u00e8ges avant et arri\u00e8re r\u00e9cemment refaits et comme neufs<\/div>\n<div>Coutures sur mesure r\u00e9alis\u00e9es par des professionnels<\/div>\n<div>Moquette propre et sans d\u00e9chirures<\/div>\n<div>T\u00eate de lit en menthe<\/div>\n<div>Tableau de bord propre avec quelques petites fissures<\/div>\n<div>Jauges d&rsquo;usine<\/div>\n<div><\/div>\n<div>Beau coffre fini dans la couleur de la carrosserie avec tapis de sol<\/div>\n<div><\/div>\n<div>Train d&rsquo;atterrissage neuf<\/div>\n<div>Enti\u00e8rement d&rsquo;origine, sans rouille, ni rustines, ni r\u00e9parations<\/div>\n<div>Inner Rockers &amp; Inner Quarters Mint<\/div>\n<div><\/div>\n<div>Tous les feux ext\u00e9rieurs fonctionnent, toutes les jauges fonctionnent,<\/div>\n<div>Le Tach vient d&rsquo;\u00eatre r\u00e9par\u00e9 mais ne coop\u00e8re pas avec le nouveau bo\u00eetier MSD<\/div>\n<div>Le klaxon fonctionne, les essuie-glaces fonctionnent, la radio fonctionne !<\/div>\n<div><\/div>\n<div>Fonctionne et roule tr\u00e8s bien !<\/div>\n<div>Il s&rsquo;arr\u00eate, se dirige et change de vitesse avec brio, lui aussi !<\/div>\n<div><\/div>\n<div>Utilis\u00e9<\/div>\n<div><\/div>\n<div>Addison, Illinois<\/div>\n","protected":false},"excerpt":{"rendered":"<a class=\"button  button_left button_full_width button_size_4 button_theme\" href=\"https:\/\/www.youtube.com\/watch?v=bB5Uv-u0Wvs\"      rel=\"prettyphoto \"   title=\"\"><span class=\"button_icon\"><i class=\"icon-play\"  aria-hidden=\"true\"><\/i><\/span><span class=\"button_label\">Regarder la vid\u00e9o de la voiture<\/span><\/a>\n\n","protected":false},"featured_media":286026,"template":"","meta":[],"product_brand":[],"product_cat":[114,131,121],"product_tag":[],"class_list":{"0":"post-286071","1":"product","2":"type-product","3":"status-publish","4":"has-post-thumbnail","6":"product_cat-1970-fr","7":"product_cat-challenger-fr","8":"product_cat-dodge-fr","10":"first","11":"instock","12":"featured","13":"sold-individually","14":"shipping-taxable","15":"purchasable","16":"product-type-simple"},"yoast_head":"<!-- This site is optimized with the Yoast SEO plugin v27.4 - https:\/\/yoast.com\/product\/yoast-seo-wordpress\/ -->\n<title>1970 Dodge Challenger 360Ci V8 4-Speed Manual - Voiture de collection \u00e0 vendre<\/title>\n<meta name=\"robots\" content=\"index, follow, max-snippet:-1, max-image-preview:large, max-video-preview:-1\" \/>\n<link rel=\"canonical\" href=\"https:\/\/legendarycarsonline.com\/fr\/product\/1970-dodge-challenger-360ci-v8-4-speed-manual\/\" \/>\n<meta property=\"og:locale\" content=\"fr_FR\" \/>\n<meta property=\"og:type\" content=\"article\" \/>\n<meta property=\"og:title\" content=\"1970 Dodge Challenger 360Ci V8 4-Speed Manual - Voiture de collection \u00e0 vendre\" \/>\n<meta property=\"og:url\" content=\"https:\/\/legendarycarsonline.com\/fr\/product\/1970-dodge-challenger-360ci-v8-4-speed-manual\/\" \/>\n<meta property=\"og:site_name\" content=\"Voiture de collection \u00e0 vendre\" \/>\n<meta property=\"article:publisher\" content=\"https:\/\/www.facebook.com\/Legendary-Cars-Online-112758273845339\" \/>\n<meta property=\"og:image\" content=\"https:\/\/legendarycarsonline.com\/wp-content\/uploads\/2023\/04\/s-l500.jpg\" \/>\n\t<meta property=\"og:image:width\" content=\"500\" \/>\n\t<meta property=\"og:image:height\" content=\"375\" \/>\n\t<meta property=\"og:image:type\" content=\"image\/jpeg\" \/>\n<meta name=\"twitter:card\" content=\"summary_large_image\" \/>\n<meta name=\"twitter:description\" content=\"[button title=&quot;Regarder la vid\u00e9o de la voiture&quot; icon=&quot;icon-play&quot; icon_position=&quot;left&quot; color=&quot;theme&quot; size=&quot;4&quot; full_width=&quot;100%&quot; link=&quot;https:\/\/www.youtube.com\/watch?v=bB5Uv-u0Wvs&quot; class=&quot;prettyphoto&quot;]\" \/>\n<meta name=\"twitter:label1\" content=\"Dur\u00e9e de lecture estim\u00e9e\" \/>\n\t<meta name=\"twitter:data1\" content=\"2 minutes\" \/>\n<script type=\"application\/ld+json\" class=\"yoast-schema-graph\">{\"@context\":\"https:\\\/\\\/schema.org\",\"@graph\":[{\"@type\":\"WebPage\",\"@id\":\"https:\\\/\\\/legendarycarsonline.com\\\/fr\\\/product\\\/1970-dodge-challenger-360ci-v8-4-speed-manual\\\/\",\"url\":\"https:\\\/\\\/legendarycarsonline.com\\\/fr\\\/product\\\/1970-dodge-challenger-360ci-v8-4-speed-manual\\\/\",\"name\":\"1970 Dodge Challenger 360Ci V8 4-Speed Manual - Voiture de collection \u00e0 vendre\",\"isPartOf\":{\"@id\":\"https:\\\/\\\/legendarycarsonline.com\\\/fr\\\/#website\"},\"primaryImageOfPage\":{\"@id\":\"https:\\\/\\\/legendarycarsonline.com\\\/fr\\\/product\\\/1970-dodge-challenger-360ci-v8-4-speed-manual\\\/#primaryimage\"},\"image\":{\"@id\":\"https:\\\/\\\/legendarycarsonline.com\\\/fr\\\/product\\\/1970-dodge-challenger-360ci-v8-4-speed-manual\\\/#primaryimage\"},\"thumbnailUrl\":\"https:\\\/\\\/legendarycarsonline.com\\\/wp-content\\\/uploads\\\/2023\\\/04\\\/s-l500.jpg\",\"datePublished\":\"2023-04-21T17:18:13+00:00\",\"breadcrumb\":{\"@id\":\"https:\\\/\\\/legendarycarsonline.com\\\/fr\\\/product\\\/1970-dodge-challenger-360ci-v8-4-speed-manual\\\/#breadcrumb\"},\"inLanguage\":\"fr-FR\",\"potentialAction\":[{\"@type\":\"ReadAction\",\"target\":[\"https:\\\/\\\/legendarycarsonline.com\\\/fr\\\/product\\\/1970-dodge-challenger-360ci-v8-4-speed-manual\\\/\"]}]},{\"@type\":\"ImageObject\",\"inLanguage\":\"fr-FR\",\"@id\":\"https:\\\/\\\/legendarycarsonline.com\\\/fr\\\/product\\\/1970-dodge-challenger-360ci-v8-4-speed-manual\\\/#primaryimage\",\"url\":\"https:\\\/\\\/legendarycarsonline.com\\\/wp-content\\\/uploads\\\/2023\\\/04\\\/s-l500.jpg\",\"contentUrl\":\"https:\\\/\\\/legendarycarsonline.com\\\/wp-content\\\/uploads\\\/2023\\\/04\\\/s-l500.jpg\",\"width\":500,\"height\":375},{\"@type\":\"BreadcrumbList\",\"@id\":\"https:\\\/\\\/legendarycarsonline.com\\\/fr\\\/product\\\/1970-dodge-challenger-360ci-v8-4-speed-manual\\\/#breadcrumb\",\"itemListElement\":[{\"@type\":\"ListItem\",\"position\":1,\"name\":\"Shop Cars\",\"item\":\"https:\\\/\\\/legendarycarsonline.com\\\/shop-cars\\\/\"},{\"@type\":\"ListItem\",\"position\":2,\"name\":\"1970 Dodge Challenger 360Ci V8 4-Speed Manual\"}]},{\"@type\":\"WebSite\",\"@id\":\"https:\\\/\\\/legendarycarsonline.com\\\/fr\\\/#website\",\"url\":\"https:\\\/\\\/legendarycarsonline.com\\\/fr\\\/\",\"name\":\"Voiture de collection \u00e0 vendre\",\"description\":\"\",\"publisher\":{\"@id\":\"https:\\\/\\\/legendarycarsonline.com\\\/fr\\\/#organization\"},\"potentialAction\":[{\"@type\":\"SearchAction\",\"target\":{\"@type\":\"EntryPoint\",\"urlTemplate\":\"https:\\\/\\\/legendarycarsonline.com\\\/fr\\\/?s={search_term_string}\"},\"query-input\":{\"@type\":\"PropertyValueSpecification\",\"valueRequired\":true,\"valueName\":\"search_term_string\"}}],\"inLanguage\":\"fr-FR\"},{\"@type\":\"Organization\",\"@id\":\"https:\\\/\\\/legendarycarsonline.com\\\/fr\\\/#organization\",\"name\":\"Legendary Cars Online\",\"url\":\"https:\\\/\\\/legendarycarsonline.com\\\/fr\\\/\",\"logo\":{\"@type\":\"ImageObject\",\"inLanguage\":\"fr-FR\",\"@id\":\"https:\\\/\\\/legendarycarsonline.com\\\/fr\\\/#\\\/schema\\\/logo\\\/image\\\/\",\"url\":\"https:\\\/\\\/legendarycarsonline.com\\\/wp-content\\\/uploads\\\/2021\\\/02\\\/Legendary-Cars-Online.png\",\"contentUrl\":\"https:\\\/\\\/legendarycarsonline.com\\\/wp-content\\\/uploads\\\/2021\\\/02\\\/Legendary-Cars-Online.png\",\"width\":275,\"height\":216,\"caption\":\"Legendary Cars Online\"},\"image\":{\"@id\":\"https:\\\/\\\/legendarycarsonline.com\\\/fr\\\/#\\\/schema\\\/logo\\\/image\\\/\"},\"sameAs\":[\"https:\\\/\\\/www.facebook.com\\\/Legendary-Cars-Online-112758273845339\"]}]}<\/script>\n<!-- \/ Yoast SEO plugin. -->","yoast_head_json":{"title":"1970 Dodge Challenger 360Ci V8 4-Speed Manual - Voiture de collection \u00e0 vendre","robots":{"index":"index","follow":"follow","max-snippet":"max-snippet:-1","max-image-preview":"max-image-preview:large","max-video-preview":"max-video-preview:-1"},"canonical":"https:\/\/legendarycarsonline.com\/fr\/product\/1970-dodge-challenger-360ci-v8-4-speed-manual\/","og_locale":"fr_FR","og_type":"article","og_title":"1970 Dodge Challenger 360Ci V8 4-Speed Manual - Voiture de collection \u00e0 vendre","og_url":"https:\/\/legendarycarsonline.com\/fr\/product\/1970-dodge-challenger-360ci-v8-4-speed-manual\/","og_site_name":"Voiture de collection \u00e0 vendre","article_publisher":"https:\/\/www.facebook.com\/Legendary-Cars-Online-112758273845339","og_image":[{"width":500,"height":375,"url":"https:\/\/legendarycarsonline.com\/wp-content\/uploads\/2023\/04\/s-l500.jpg","type":"image\/jpeg"}],"twitter_card":"summary_large_image","twitter_description":"[button title=\"Regarder la vid\u00e9o de la voiture\" icon=\"icon-play\" icon_position=\"left\" color=\"theme\" size=\"4\" full_width=\"100%\" link=\"https:\/\/www.youtube.com\/watch?v=bB5Uv-u0Wvs\" class=\"prettyphoto\"]","twitter_misc":{"Dur\u00e9e de lecture estim\u00e9e":"2 minutes"},"schema":{"@context":"https:\/\/schema.org","@graph":[{"@type":"WebPage","@id":"https:\/\/legendarycarsonline.com\/fr\/product\/1970-dodge-challenger-360ci-v8-4-speed-manual\/","url":"https:\/\/legendarycarsonline.com\/fr\/product\/1970-dodge-challenger-360ci-v8-4-speed-manual\/","name":"1970 Dodge Challenger 360Ci V8 4-Speed Manual - Voiture de collection \u00e0 vendre","isPartOf":{"@id":"https:\/\/legendarycarsonline.com\/fr\/#website"},"primaryImageOfPage":{"@id":"https:\/\/legendarycarsonline.com\/fr\/product\/1970-dodge-challenger-360ci-v8-4-speed-manual\/#primaryimage"},"image":{"@id":"https:\/\/legendarycarsonline.com\/fr\/product\/1970-dodge-challenger-360ci-v8-4-speed-manual\/#primaryimage"},"thumbnailUrl":"https:\/\/legendarycarsonline.com\/wp-content\/uploads\/2023\/04\/s-l500.jpg","datePublished":"2023-04-21T17:18:13+00:00","breadcrumb":{"@id":"https:\/\/legendarycarsonline.com\/fr\/product\/1970-dodge-challenger-360ci-v8-4-speed-manual\/#breadcrumb"},"inLanguage":"fr-FR","potentialAction":[{"@type":"ReadAction","target":["https:\/\/legendarycarsonline.com\/fr\/product\/1970-dodge-challenger-360ci-v8-4-speed-manual\/"]}]},{"@type":"ImageObject","inLanguage":"fr-FR","@id":"https:\/\/legendarycarsonline.com\/fr\/product\/1970-dodge-challenger-360ci-v8-4-speed-manual\/#primaryimage","url":"https:\/\/legendarycarsonline.com\/wp-content\/uploads\/2023\/04\/s-l500.jpg","contentUrl":"https:\/\/legendarycarsonline.com\/wp-content\/uploads\/2023\/04\/s-l500.jpg","width":500,"height":375},{"@type":"BreadcrumbList","@id":"https:\/\/legendarycarsonline.com\/fr\/product\/1970-dodge-challenger-360ci-v8-4-speed-manual\/#breadcrumb","itemListElement":[{"@type":"ListItem","position":1,"name":"Shop Cars","item":"https:\/\/legendarycarsonline.com\/shop-cars\/"},{"@type":"ListItem","position":2,"name":"1970 Dodge Challenger 360Ci V8 4-Speed Manual"}]},{"@type":"WebSite","@id":"https:\/\/legendarycarsonline.com\/fr\/#website","url":"https:\/\/legendarycarsonline.com\/fr\/","name":"Voiture de collection \u00e0 vendre","description":"","publisher":{"@id":"https:\/\/legendarycarsonline.com\/fr\/#organization"},"potentialAction":[{"@type":"SearchAction","target":{"@type":"EntryPoint","urlTemplate":"https:\/\/legendarycarsonline.com\/fr\/?s={search_term_string}"},"query-input":{"@type":"PropertyValueSpecification","valueRequired":true,"valueName":"search_term_string"}}],"inLanguage":"fr-FR"},{"@type":"Organization","@id":"https:\/\/legendarycarsonline.com\/fr\/#organization","name":"Legendary Cars Online","url":"https:\/\/legendarycarsonline.com\/fr\/","logo":{"@type":"ImageObject","inLanguage":"fr-FR","@id":"https:\/\/legendarycarsonline.com\/fr\/#\/schema\/logo\/image\/","url":"https:\/\/legendarycarsonline.com\/wp-content\/uploads\/2021\/02\/Legendary-Cars-Online.png","contentUrl":"https:\/\/legendarycarsonline.com\/wp-content\/uploads\/2021\/02\/Legendary-Cars-Online.png","width":275,"height":216,"caption":"Legendary Cars Online"},"image":{"@id":"https:\/\/legendarycarsonline.com\/fr\/#\/schema\/logo\/image\/"},"sameAs":["https:\/\/www.facebook.com\/Legendary-Cars-Online-112758273845339"]}]}},"_links":{"self":[{"href":"https:\/\/legendarycarsonline.com\/fr\/wp-json\/wp\/v2\/product\/286071","targetHints":{"allow":["GET"]}}],"collection":[{"href":"https:\/\/legendarycarsonline.com\/fr\/wp-json\/wp\/v2\/product"}],"about":[{"href":"https:\/\/legendarycarsonline.com\/fr\/wp-json\/wp\/v2\/types\/product"}],"wp:featuredmedia":[{"embeddable":true,"href":"https:\/\/legendarycarsonline.com\/fr\/wp-json\/wp\/v2\/media\/286026"}],"wp:attachment":[{"href":"https:\/\/legendarycarsonline.com\/fr\/wp-json\/wp\/v2\/media?parent=286071"}],"wp:term":[{"taxonomy":"product_brand","embeddable":true,"href":"https:\/\/legendarycarsonline.com\/fr\/wp-json\/wp\/v2\/product_brand?post=286071"},{"taxonomy":"product_cat","embeddable":true,"href":"https:\/\/legendarycarsonline.com\/fr\/wp-json\/wp\/v2\/product_cat?post=286071"},{"taxonomy":"product_tag","embeddable":true,"href":"https:\/\/legendarycarsonline.com\/fr\/wp-json\/wp\/v2\/product_tag?post=286071"}],"curies":[{"name":"wp","href":"https:\/\/api.w.org\/{rel}","templated":true}]}}