
 {"id":286596,"date":"2023-04-21T18:44:21","date_gmt":"2023-04-22T01:57:20","guid":{"rendered":"https:\/\/legendarycarsonline.com\/product\/1970-dodge-super-bee-451ci-v8-4-speed-manual\/"},"modified":"2023-04-21T18:57:20","modified_gmt":"2023-04-22T01:57:20","slug":"1970-dodge-super-bee-451ci-v8-4-speed-manual","status":"publish","type":"product","link":"https:\/\/legendarycarsonline.com\/fr\/product\/1970-dodge-super-bee-451ci-v8-4-speed-manual\/","title":{"rendered":"1970 Dodge Super Bee 451Ci V8 4-Speed Manual"},"content":{"rendered":"<h2><strong>Caract\u00e9ristiques de l&rsquo;article<\/strong><\/h2>\n<div id=\"viTabs_0_is\" class=\"itemAttr\">\n<div class=\"section\">\n<table role=\"presentation\" width=\"100%\" cellspacing=\"0\" cellpadding=\"0\">\n<tbody>\n<tr>\n<td class=\"attrLabels\">Condition :<\/td>\n<td width=\"30.0%\">Utilis\u00e9<\/td>\n<td class=\"attrLabels\">Ann\u00e9e :<\/td>\n<td width=\"30.0%\">1970<\/td>\n<\/tr>\n<tr>\n<td class=\"attrLabels\">VIN (num\u00e9ro d&rsquo;identification du v\u00e9hicule) :<\/td>\n<td width=\"30.0%\">WM23N0A2XXXXX<\/td>\n<td class=\"attrLabels\">Kilom\u00e9trage :<\/td>\n<td width=\"30.0%\">47000<\/td>\n<\/tr>\n<tr>\n<td class=\"attrLabels\">Type de carrosserie :<\/td>\n<td width=\"30.0%\"><span class=\"ux-textspans\">Hardtop<\/span><\/td>\n<td class=\"attrLabels\">Titre du v\u00e9hicule :<\/td>\n<td width=\"30.0%\">Nettoyer<\/td>\n<\/tr>\n<tr>\n<td class=\"attrLabels\">Options :<\/td>\n<td width=\"30.0%\">&#8211;<\/td>\n<td class=\"attrLabels\">Options d&rsquo;alimentation :<\/td>\n<td width=\"30.0%\">&#8211;<\/td>\n<\/tr>\n<tr>\n<td class=\"attrLabels\">Faites :<\/td>\n<td width=\"30.0%\">Dodge<\/td>\n<td class=\"attrLabels\">Couleur ext\u00e9rieure :<\/td>\n<td width=\"30.0%\">Rouge vif<\/td>\n<\/tr>\n<tr>\n<td class=\"attrLabels\">Sous-mod\u00e8le :<\/td>\n<td width=\"30.0%\">Super Bee<\/td>\n<td class=\"attrLabels\">Couleur int\u00e9rieure :<\/td>\n<td width=\"30.0%\">Noir<\/td>\n<\/tr>\n<tr>\n<td class=\"attrLabels\">Trim :<\/td>\n<td width=\"30.0%\">Super Bee<\/td>\n<td class=\"attrLabels\">Transmission :<\/td>\n<td width=\"30.0%\">Poign\u00e9e pistolet 4 vitesses<\/td>\n<\/tr>\n<tr>\n<td class=\"attrLabels\">Type d&rsquo;entra\u00eenement :<\/td>\n<td width=\"30.0%\">&#8211;<\/td>\n<td class=\"attrLabels\">Garantie :<\/td>\n<td width=\"30.0%\">Non sp\u00e9cifi\u00e9<\/td>\n<\/tr>\n<tr>\n<td class=\"attrLabels\">Moteur :<\/td>\n<td width=\"30.0%\">451Ci V8<\/td>\n<td class=\"attrLabels\">Vente par :<\/td>\n<td width=\"30.0%\">Concessionnaire<\/td>\n<\/tr>\n<tr>\n<td class=\"attrLabels\">Type de carburant :<\/td>\n<td width=\"30.0%\">Essence<\/td>\n<td class=\"attrLabels\">Mod\u00e8le :<\/td>\n<td width=\"30.0%\">\n<h2>Super Bee<\/h2>\n<\/td>\n<\/tr>\n<\/tbody>\n<\/table>\n<\/div>\n<\/div>\n<div class=\"inventory-heading margin-bottom-10 clearfix\">\n<div class=\"row\">\n<div class=\"col-lg-10 col-md-10 col-sm-10 col-xs-12\">\n<h2><strong>1970 Dodges Super Bee 451Ci V8 4-Speed Manual<\/strong><\/h2>\n<\/div>\n<\/div>\n<\/div>\n<p>Restauration r\u00e9cente de la carrosserie, magnifique rouge vif d&rsquo;usine (FE5), rayures noires, tout nouvel int\u00e9rieur l\u00e9gendaire en vinyle noir, moteur 451 ci stroker, transmission manuelle 4 vitesses Pistol Grip, Holley Performance 4 bbl, tubulures d&rsquo;admission et d&rsquo;\u00e9chappement d&rsquo;usine, allumage \u00e9lectronique, filtre \u00e0 air double snorkel, filtre \u00e0 air chrom\u00e9, direction assist\u00e9e, freins \u00e0 disque assist\u00e9s, radiateur en aluminium avec car\u00e9nage d&rsquo;admission et d&rsquo;\u00e9chappement, allumage \u00e9lectronique, filtre \u00e0 air double snorkel, filtre \u00e0 air chrom\u00e9, direction assist\u00e9e, freins \u00e0 disque avant assist\u00e9s, radiateur en aluminium avec car\u00e9nage, banquette d&rsquo;usine, tic-toc-tach et jauges d&rsquo;usine, radio AM, r\u00e9troviseur conducteur \u00e0 distance, d\u00e9sembuage arri\u00e8re, \u00e9chappement double en H, 8 \u00be 3.23, pneus BF Goodrich Radial TA 235\/70R!5 pneus BF Goodrich Radial TA, roues chrom\u00e9es Magnum 500 de 15&Prime;, clignotants mont\u00e9s sur les ailes, deux r\u00e9troviseurs chrom\u00e9s, nouveau r\u00e9servoir d&rsquo;essence, feuille de diffusion d&rsquo;origine, Mopar Muscle !<\/p>\n<p>Utilis\u00e9<\/p>\n<p>Clarkston, MI<\/p>\n","protected":false},"excerpt":{"rendered":"<a class=\"button  button_left button_full_width button_size_4 button_theme\" href=\"https:\/\/www.youtube.com\/watch?v=qj5JVrbGqAs\"      rel=\"prettyphoto \"   title=\"\"><span class=\"button_icon\"><i class=\"icon-play\"  aria-hidden=\"true\"><\/i><\/span><span class=\"button_label\">Regarder la vid\u00e9o de la voiture<\/span><\/a>\n\n","protected":false},"featured_media":286567,"template":"","meta":[],"product_brand":[],"product_cat":[114,121,171],"product_tag":[],"class_list":{"0":"post-286596","1":"product","2":"type-product","3":"status-publish","4":"has-post-thumbnail","6":"product_cat-1970-fr","7":"product_cat-dodge-fr","8":"product_cat-super-bee-fr","10":"first","11":"instock","12":"featured","13":"sold-individually","14":"shipping-taxable","15":"purchasable","16":"product-type-simple"},"yoast_head":"<!-- This site is optimized with the Yoast SEO plugin v27.4 - https:\/\/yoast.com\/product\/yoast-seo-wordpress\/ -->\n<title>1970 Dodge Super Bee 451Ci V8 4-Speed Manual - Voiture de collection \u00e0 vendre<\/title>\n<meta name=\"robots\" content=\"index, follow, max-snippet:-1, max-image-preview:large, max-video-preview:-1\" \/>\n<link rel=\"canonical\" href=\"https:\/\/legendarycarsonline.com\/fr\/product\/1970-dodge-super-bee-451ci-v8-4-speed-manual\/\" \/>\n<meta property=\"og:locale\" content=\"fr_FR\" \/>\n<meta property=\"og:type\" content=\"article\" \/>\n<meta property=\"og:title\" content=\"1970 Dodge Super Bee 451Ci V8 4-Speed Manual - Voiture de collection \u00e0 vendre\" \/>\n<meta property=\"og:url\" content=\"https:\/\/legendarycarsonline.com\/fr\/product\/1970-dodge-super-bee-451ci-v8-4-speed-manual\/\" \/>\n<meta property=\"og:site_name\" content=\"Voiture de collection \u00e0 vendre\" \/>\n<meta property=\"article:publisher\" content=\"https:\/\/www.facebook.com\/Legendary-Cars-Online-112758273845339\" \/>\n<meta property=\"og:image\" content=\"https:\/\/legendarycarsonline.com\/wp-content\/uploads\/2023\/04\/7101-50d625-IMG_9119.jpg\" \/>\n\t<meta property=\"og:image:width\" content=\"1280\" \/>\n\t<meta property=\"og:image:height\" content=\"960\" \/>\n\t<meta property=\"og:image:type\" content=\"image\/jpeg\" \/>\n<meta name=\"twitter:card\" content=\"summary_large_image\" \/>\n<meta name=\"twitter:description\" content=\"[button title=&quot;Regarder la vid\u00e9o de la voiture&quot; icon=&quot;icon-play&quot; icon_position=&quot;left&quot; color=&quot;theme&quot; size=&quot;4&quot; full_width=&quot;100%&quot; link=&quot;https:\/\/www.youtube.com\/watch?v=qj5JVrbGqAs&quot; class=&quot;prettyphoto&quot;]\" \/>\n<meta name=\"twitter:label1\" content=\"Dur\u00e9e de lecture estim\u00e9e\" \/>\n\t<meta name=\"twitter:data1\" content=\"1 minute\" \/>\n<script type=\"application\/ld+json\" class=\"yoast-schema-graph\">{\"@context\":\"https:\\\/\\\/schema.org\",\"@graph\":[{\"@type\":\"WebPage\",\"@id\":\"https:\\\/\\\/legendarycarsonline.com\\\/fr\\\/product\\\/1970-dodge-super-bee-451ci-v8-4-speed-manual\\\/\",\"url\":\"https:\\\/\\\/legendarycarsonline.com\\\/fr\\\/product\\\/1970-dodge-super-bee-451ci-v8-4-speed-manual\\\/\",\"name\":\"1970 Dodge Super Bee 451Ci V8 4-Speed Manual - Voiture de collection \u00e0 vendre\",\"isPartOf\":{\"@id\":\"https:\\\/\\\/legendarycarsonline.com\\\/fr\\\/#website\"},\"primaryImageOfPage\":{\"@id\":\"https:\\\/\\\/legendarycarsonline.com\\\/fr\\\/product\\\/1970-dodge-super-bee-451ci-v8-4-speed-manual\\\/#primaryimage\"},\"image\":{\"@id\":\"https:\\\/\\\/legendarycarsonline.com\\\/fr\\\/product\\\/1970-dodge-super-bee-451ci-v8-4-speed-manual\\\/#primaryimage\"},\"thumbnailUrl\":\"https:\\\/\\\/legendarycarsonline.com\\\/wp-content\\\/uploads\\\/2023\\\/04\\\/7101-50d625-IMG_9119.jpg\",\"datePublished\":\"2023-04-22T01:57:20+00:00\",\"breadcrumb\":{\"@id\":\"https:\\\/\\\/legendarycarsonline.com\\\/fr\\\/product\\\/1970-dodge-super-bee-451ci-v8-4-speed-manual\\\/#breadcrumb\"},\"inLanguage\":\"fr-FR\",\"potentialAction\":[{\"@type\":\"ReadAction\",\"target\":[\"https:\\\/\\\/legendarycarsonline.com\\\/fr\\\/product\\\/1970-dodge-super-bee-451ci-v8-4-speed-manual\\\/\"]}]},{\"@type\":\"ImageObject\",\"inLanguage\":\"fr-FR\",\"@id\":\"https:\\\/\\\/legendarycarsonline.com\\\/fr\\\/product\\\/1970-dodge-super-bee-451ci-v8-4-speed-manual\\\/#primaryimage\",\"url\":\"https:\\\/\\\/legendarycarsonline.com\\\/wp-content\\\/uploads\\\/2023\\\/04\\\/7101-50d625-IMG_9119.jpg\",\"contentUrl\":\"https:\\\/\\\/legendarycarsonline.com\\\/wp-content\\\/uploads\\\/2023\\\/04\\\/7101-50d625-IMG_9119.jpg\",\"width\":1280,\"height\":960},{\"@type\":\"BreadcrumbList\",\"@id\":\"https:\\\/\\\/legendarycarsonline.com\\\/fr\\\/product\\\/1970-dodge-super-bee-451ci-v8-4-speed-manual\\\/#breadcrumb\",\"itemListElement\":[{\"@type\":\"ListItem\",\"position\":1,\"name\":\"Shop Cars\",\"item\":\"https:\\\/\\\/legendarycarsonline.com\\\/shop-cars\\\/\"},{\"@type\":\"ListItem\",\"position\":2,\"name\":\"1970 Dodge Super Bee 451Ci V8 4-Speed Manual\"}]},{\"@type\":\"WebSite\",\"@id\":\"https:\\\/\\\/legendarycarsonline.com\\\/fr\\\/#website\",\"url\":\"https:\\\/\\\/legendarycarsonline.com\\\/fr\\\/\",\"name\":\"Voiture de collection \u00e0 vendre\",\"description\":\"\",\"publisher\":{\"@id\":\"https:\\\/\\\/legendarycarsonline.com\\\/fr\\\/#organization\"},\"potentialAction\":[{\"@type\":\"SearchAction\",\"target\":{\"@type\":\"EntryPoint\",\"urlTemplate\":\"https:\\\/\\\/legendarycarsonline.com\\\/fr\\\/?s={search_term_string}\"},\"query-input\":{\"@type\":\"PropertyValueSpecification\",\"valueRequired\":true,\"valueName\":\"search_term_string\"}}],\"inLanguage\":\"fr-FR\"},{\"@type\":\"Organization\",\"@id\":\"https:\\\/\\\/legendarycarsonline.com\\\/fr\\\/#organization\",\"name\":\"Legendary Cars Online\",\"url\":\"https:\\\/\\\/legendarycarsonline.com\\\/fr\\\/\",\"logo\":{\"@type\":\"ImageObject\",\"inLanguage\":\"fr-FR\",\"@id\":\"https:\\\/\\\/legendarycarsonline.com\\\/fr\\\/#\\\/schema\\\/logo\\\/image\\\/\",\"url\":\"https:\\\/\\\/legendarycarsonline.com\\\/wp-content\\\/uploads\\\/2021\\\/02\\\/Legendary-Cars-Online.png\",\"contentUrl\":\"https:\\\/\\\/legendarycarsonline.com\\\/wp-content\\\/uploads\\\/2021\\\/02\\\/Legendary-Cars-Online.png\",\"width\":275,\"height\":216,\"caption\":\"Legendary Cars Online\"},\"image\":{\"@id\":\"https:\\\/\\\/legendarycarsonline.com\\\/fr\\\/#\\\/schema\\\/logo\\\/image\\\/\"},\"sameAs\":[\"https:\\\/\\\/www.facebook.com\\\/Legendary-Cars-Online-112758273845339\"]}]}<\/script>\n<!-- \/ Yoast SEO plugin. -->","yoast_head_json":{"title":"1970 Dodge Super Bee 451Ci V8 4-Speed Manual - Voiture de collection \u00e0 vendre","robots":{"index":"index","follow":"follow","max-snippet":"max-snippet:-1","max-image-preview":"max-image-preview:large","max-video-preview":"max-video-preview:-1"},"canonical":"https:\/\/legendarycarsonline.com\/fr\/product\/1970-dodge-super-bee-451ci-v8-4-speed-manual\/","og_locale":"fr_FR","og_type":"article","og_title":"1970 Dodge Super Bee 451Ci V8 4-Speed Manual - Voiture de collection \u00e0 vendre","og_url":"https:\/\/legendarycarsonline.com\/fr\/product\/1970-dodge-super-bee-451ci-v8-4-speed-manual\/","og_site_name":"Voiture de collection \u00e0 vendre","article_publisher":"https:\/\/www.facebook.com\/Legendary-Cars-Online-112758273845339","og_image":[{"width":1280,"height":960,"url":"https:\/\/legendarycarsonline.com\/wp-content\/uploads\/2023\/04\/7101-50d625-IMG_9119.jpg","type":"image\/jpeg"}],"twitter_card":"summary_large_image","twitter_description":"[button title=\"Regarder la vid\u00e9o de la voiture\" icon=\"icon-play\" icon_position=\"left\" color=\"theme\" size=\"4\" full_width=\"100%\" link=\"https:\/\/www.youtube.com\/watch?v=qj5JVrbGqAs\" class=\"prettyphoto\"]","twitter_misc":{"Dur\u00e9e de lecture estim\u00e9e":"1 minute"},"schema":{"@context":"https:\/\/schema.org","@graph":[{"@type":"WebPage","@id":"https:\/\/legendarycarsonline.com\/fr\/product\/1970-dodge-super-bee-451ci-v8-4-speed-manual\/","url":"https:\/\/legendarycarsonline.com\/fr\/product\/1970-dodge-super-bee-451ci-v8-4-speed-manual\/","name":"1970 Dodge Super Bee 451Ci V8 4-Speed Manual - Voiture de collection \u00e0 vendre","isPartOf":{"@id":"https:\/\/legendarycarsonline.com\/fr\/#website"},"primaryImageOfPage":{"@id":"https:\/\/legendarycarsonline.com\/fr\/product\/1970-dodge-super-bee-451ci-v8-4-speed-manual\/#primaryimage"},"image":{"@id":"https:\/\/legendarycarsonline.com\/fr\/product\/1970-dodge-super-bee-451ci-v8-4-speed-manual\/#primaryimage"},"thumbnailUrl":"https:\/\/legendarycarsonline.com\/wp-content\/uploads\/2023\/04\/7101-50d625-IMG_9119.jpg","datePublished":"2023-04-22T01:57:20+00:00","breadcrumb":{"@id":"https:\/\/legendarycarsonline.com\/fr\/product\/1970-dodge-super-bee-451ci-v8-4-speed-manual\/#breadcrumb"},"inLanguage":"fr-FR","potentialAction":[{"@type":"ReadAction","target":["https:\/\/legendarycarsonline.com\/fr\/product\/1970-dodge-super-bee-451ci-v8-4-speed-manual\/"]}]},{"@type":"ImageObject","inLanguage":"fr-FR","@id":"https:\/\/legendarycarsonline.com\/fr\/product\/1970-dodge-super-bee-451ci-v8-4-speed-manual\/#primaryimage","url":"https:\/\/legendarycarsonline.com\/wp-content\/uploads\/2023\/04\/7101-50d625-IMG_9119.jpg","contentUrl":"https:\/\/legendarycarsonline.com\/wp-content\/uploads\/2023\/04\/7101-50d625-IMG_9119.jpg","width":1280,"height":960},{"@type":"BreadcrumbList","@id":"https:\/\/legendarycarsonline.com\/fr\/product\/1970-dodge-super-bee-451ci-v8-4-speed-manual\/#breadcrumb","itemListElement":[{"@type":"ListItem","position":1,"name":"Shop Cars","item":"https:\/\/legendarycarsonline.com\/shop-cars\/"},{"@type":"ListItem","position":2,"name":"1970 Dodge Super Bee 451Ci V8 4-Speed Manual"}]},{"@type":"WebSite","@id":"https:\/\/legendarycarsonline.com\/fr\/#website","url":"https:\/\/legendarycarsonline.com\/fr\/","name":"Voiture de collection \u00e0 vendre","description":"","publisher":{"@id":"https:\/\/legendarycarsonline.com\/fr\/#organization"},"potentialAction":[{"@type":"SearchAction","target":{"@type":"EntryPoint","urlTemplate":"https:\/\/legendarycarsonline.com\/fr\/?s={search_term_string}"},"query-input":{"@type":"PropertyValueSpecification","valueRequired":true,"valueName":"search_term_string"}}],"inLanguage":"fr-FR"},{"@type":"Organization","@id":"https:\/\/legendarycarsonline.com\/fr\/#organization","name":"Legendary Cars Online","url":"https:\/\/legendarycarsonline.com\/fr\/","logo":{"@type":"ImageObject","inLanguage":"fr-FR","@id":"https:\/\/legendarycarsonline.com\/fr\/#\/schema\/logo\/image\/","url":"https:\/\/legendarycarsonline.com\/wp-content\/uploads\/2021\/02\/Legendary-Cars-Online.png","contentUrl":"https:\/\/legendarycarsonline.com\/wp-content\/uploads\/2021\/02\/Legendary-Cars-Online.png","width":275,"height":216,"caption":"Legendary Cars Online"},"image":{"@id":"https:\/\/legendarycarsonline.com\/fr\/#\/schema\/logo\/image\/"},"sameAs":["https:\/\/www.facebook.com\/Legendary-Cars-Online-112758273845339"]}]}},"_links":{"self":[{"href":"https:\/\/legendarycarsonline.com\/fr\/wp-json\/wp\/v2\/product\/286596","targetHints":{"allow":["GET"]}}],"collection":[{"href":"https:\/\/legendarycarsonline.com\/fr\/wp-json\/wp\/v2\/product"}],"about":[{"href":"https:\/\/legendarycarsonline.com\/fr\/wp-json\/wp\/v2\/types\/product"}],"wp:featuredmedia":[{"embeddable":true,"href":"https:\/\/legendarycarsonline.com\/fr\/wp-json\/wp\/v2\/media\/286567"}],"wp:attachment":[{"href":"https:\/\/legendarycarsonline.com\/fr\/wp-json\/wp\/v2\/media?parent=286596"}],"wp:term":[{"taxonomy":"product_brand","embeddable":true,"href":"https:\/\/legendarycarsonline.com\/fr\/wp-json\/wp\/v2\/product_brand?post=286596"},{"taxonomy":"product_cat","embeddable":true,"href":"https:\/\/legendarycarsonline.com\/fr\/wp-json\/wp\/v2\/product_cat?post=286596"},{"taxonomy":"product_tag","embeddable":true,"href":"https:\/\/legendarycarsonline.com\/fr\/wp-json\/wp\/v2\/product_tag?post=286596"}],"curies":[{"name":"wp","href":"https:\/\/api.w.org\/{rel}","templated":true}]}}