
 {"id":286656,"date":"2023-04-22T04:47:00","date_gmt":"2023-04-22T12:01:23","guid":{"rendered":"https:\/\/legendarycarsonline.com\/product\/1970-dodge-charger-500-383ci-335hp-magnum-v8\/"},"modified":"2023-04-22T05:01:23","modified_gmt":"2023-04-22T12:01:23","slug":"1970-dodge-charger-500-383ci-335hp-magnum-v8","status":"publish","type":"product","link":"https:\/\/legendarycarsonline.com\/fr\/product\/1970-dodge-charger-500-383ci-335hp-magnum-v8\/","title":{"rendered":"1970 Dodge Charger 500 383Ci\/335Hp Magnum V8"},"content":{"rendered":"<h2><strong>Caract\u00e9ristiques de l&rsquo;article<\/strong><\/h2>\n<div id=\"viTabs_0_is\" class=\"itemAttr\">\n<div class=\"section\">\n<table role=\"presentation\" width=\"100%\" cellspacing=\"0\" cellpadding=\"0\">\n<tbody>\n<tr>\n<td class=\"attrLabels\">Condition :<\/td>\n<td width=\"30.0%\">Utilis\u00e9<\/td>\n<td class=\"attrLabels\">Ann\u00e9e :<\/td>\n<td width=\"30.0%\">1970<\/td>\n<\/tr>\n<tr>\n<td class=\"attrLabels\">VIN (num\u00e9ro d&rsquo;identification du v\u00e9hicule) :<\/td>\n<td width=\"30.0%\">\n<div class=\"ux-labels-values__values\">\n<div class=\"ux-labels-values__values-content\">XP29N0G1XXXXX<\/div>\n<\/div>\n<\/td>\n<td class=\"attrLabels\">Kilom\u00e9trage :<\/td>\n<td width=\"30.0%\">1986<\/td>\n<\/tr>\n<tr>\n<td class=\"attrLabels\">Titre du v\u00e9hicule :<\/td>\n<td width=\"30.0%\">Nettoyer<\/td>\n<td class=\"attrLabels\">Faites :<\/td>\n<td width=\"30.0%\">Dodge<\/td>\n<\/tr>\n<tr>\n<td class=\"attrLabels\">Trim :<\/td>\n<td width=\"30.0%\">Chargeur 500<\/td>\n<td class=\"attrLabels\">Type d&rsquo;entra\u00eenement :<\/td>\n<td width=\"30.0%\">RWD<\/td>\n<\/tr>\n<tr>\n<td class=\"attrLabels\">Moteur :<\/td>\n<td width=\"30.0%\">V8 383Ci<\/td>\n<td class=\"attrLabels\">Type de carburant :<\/td>\n<td width=\"30.0%\">Essence<\/td>\n<\/tr>\n<tr>\n<td class=\"attrLabels\">Type de carrosserie :<\/td>\n<td width=\"30.0%\">Hardtop<\/td>\n<td class=\"attrLabels\">Transmission :<\/td>\n<td width=\"30.0%\">Automatique \u00e0 3 vitesses<\/td>\n<\/tr>\n<tr>\n<td class=\"attrLabels\">Mod\u00e8le :<\/td>\n<td width=\"30.0%\">\n<div class=\"ux-layout-section-evo__col\">\n<div class=\"ux-labels-values__values\">\n<div class=\"ux-labels-values__values-content\">\n<div><span class=\"ux-textspans\">Chargeur 500<\/span><\/div>\n<\/div>\n<\/div>\n<\/div>\n<\/td>\n<td class=\"attrLabels\">Couleur ext\u00e9rieure :<\/td>\n<td width=\"30.0%\">\n<div class=\"ux-labels-values__values\">\n<div class=\"ux-labels-values__values-content\">Prune Folle Pourpre<\/div>\n<\/div>\n<\/td>\n<\/tr>\n<tr>\n<td class=\"attrLabels\">Couleur int\u00e9rieure :<\/td>\n<td width=\"30.0%\">Int\u00e9rieur des si\u00e8ges baquets noirs<\/td>\n<\/tr>\n<\/tbody>\n<\/table>\n<\/div>\n<\/div>\n<h2 class=\"x-item-title__sellerProvidedTitle\"><strong><span class=\"ux-textspans\">1970 Dodge Charger 500 383Ci\/335Hp Magnum V8<\/span><\/strong><\/h2>\n<div class=\"title\">\n<h2><strong>Description du v\u00e9hicule<\/strong><\/h2>\n<\/div>\n<div class=\"content\">\n<div class=\"equipment-list\">Mod\u00e8le rare de Charger 500 restaur\u00e9 \u00e0 la r\u00f4tisserie<br \/>\nFinition dans la couleur la plus recherch\u00e9e Plum Crazy FC7<br \/>\nGroupe motopropulseur \u00e0 num\u00e9ros identiques<br \/>\nMoteur d&rsquo;usine 383\/ 335hp Magnum V8 Big Block<br \/>\nBo\u00eete de vitesses automatique Torqueflite 727 \u00e0 3 rapports<br \/>\nDiff\u00e9rentiel \u00e0 glissement limit\u00e9 Sure Grip<br \/>\nCapote en vinyle blanc d&rsquo;usine<br \/>\nInt\u00e9rieur des si\u00e8ges baquets en vinyle blanc d&rsquo;usine<br \/>\nConsole centrale d&rsquo;usine<br \/>\nDirection assist\u00e9e<br \/>\nFreins assist\u00e9s avec disques \u00e0 l&rsquo;avant<br \/>\nPhares cach\u00e9s escamotables<br \/>\nPeinture et chrome impeccables<br \/>\n\u00c9chappement double<br \/>\nDossier historique complet de la documentation avec les re\u00e7us<\/div>\n<\/div>\n<div><\/div>\n<div>Utilis\u00e9<\/div>\n<div><\/div>\n<div>Ventura, Californie<\/div>\n","protected":false},"excerpt":{"rendered":"<p>Caract\u00e9ristiques de l&rsquo;article Condition : Utilis\u00e9 Ann\u00e9e : 1970 VIN (num\u00e9ro d&rsquo;identification du v\u00e9hicule) : XP29N0G1XXXXX Kilom\u00e9trage : 1986 Titre du v\u00e9hicule : Nettoyer Faites :<span class=\"excerpt-hellip\"> [\u2026]<\/span><\/p>\n","protected":false},"featured_media":286601,"template":"","meta":[],"product_brand":[],"product_cat":[114,122,121],"product_tag":[],"class_list":{"0":"post-286656","1":"product","2":"type-product","3":"status-publish","4":"has-post-thumbnail","6":"product_cat-1970-fr","7":"product_cat-charger","8":"product_cat-dodge-fr","10":"first","11":"instock","12":"featured","13":"sold-individually","14":"shipping-taxable","15":"purchasable","16":"product-type-simple"},"yoast_head":"<!-- This site is optimized with the Yoast SEO plugin v27.4 - https:\/\/yoast.com\/product\/yoast-seo-wordpress\/ -->\n<title>1970 Dodge Charger 500 383Ci\/335Hp Magnum V8 - Voiture de collection \u00e0 vendre<\/title>\n<meta name=\"robots\" content=\"index, follow, max-snippet:-1, max-image-preview:large, max-video-preview:-1\" \/>\n<link rel=\"canonical\" href=\"https:\/\/legendarycarsonline.com\/fr\/product\/1970-dodge-charger-500-383ci-335hp-magnum-v8\/\" \/>\n<meta property=\"og:locale\" content=\"fr_FR\" \/>\n<meta property=\"og:type\" content=\"article\" \/>\n<meta property=\"og:title\" content=\"1970 Dodge Charger 500 383Ci\/335Hp Magnum V8 - Voiture de collection \u00e0 vendre\" \/>\n<meta property=\"og:description\" content=\"Caract\u00e9ristiques de l&rsquo;article Condition : Utilis\u00e9 Ann\u00e9e : 1970 VIN (num\u00e9ro d&rsquo;identification du v\u00e9hicule) : XP29N0G1XXXXX Kilom\u00e9trage : 1986 Titre du v\u00e9hicule : Nettoyer Faites : [\u2026]\" \/>\n<meta property=\"og:url\" content=\"https:\/\/legendarycarsonline.com\/fr\/product\/1970-dodge-charger-500-383ci-335hp-magnum-v8\/\" \/>\n<meta property=\"og:site_name\" content=\"Voiture de collection \u00e0 vendre\" \/>\n<meta property=\"article:publisher\" content=\"https:\/\/www.facebook.com\/Legendary-Cars-Online-112758273845339\" \/>\n<meta property=\"og:image\" content=\"https:\/\/legendarycarsonline.com\/wp-content\/uploads\/2023\/04\/57-2-9.jpg\" \/>\n\t<meta property=\"og:image:width\" content=\"1422\" \/>\n\t<meta property=\"og:image:height\" content=\"800\" \/>\n\t<meta property=\"og:image:type\" content=\"image\/jpeg\" \/>\n<meta name=\"twitter:card\" content=\"summary_large_image\" \/>\n<meta name=\"twitter:label1\" content=\"Dur\u00e9e de lecture estim\u00e9e\" \/>\n\t<meta name=\"twitter:data1\" content=\"1 minute\" \/>\n<script type=\"application\/ld+json\" class=\"yoast-schema-graph\">{\"@context\":\"https:\\\/\\\/schema.org\",\"@graph\":[{\"@type\":\"WebPage\",\"@id\":\"https:\\\/\\\/legendarycarsonline.com\\\/fr\\\/product\\\/1970-dodge-charger-500-383ci-335hp-magnum-v8\\\/\",\"url\":\"https:\\\/\\\/legendarycarsonline.com\\\/fr\\\/product\\\/1970-dodge-charger-500-383ci-335hp-magnum-v8\\\/\",\"name\":\"1970 Dodge Charger 500 383Ci\\\/335Hp Magnum V8 - Voiture de collection \u00e0 vendre\",\"isPartOf\":{\"@id\":\"https:\\\/\\\/legendarycarsonline.com\\\/fr\\\/#website\"},\"primaryImageOfPage\":{\"@id\":\"https:\\\/\\\/legendarycarsonline.com\\\/fr\\\/product\\\/1970-dodge-charger-500-383ci-335hp-magnum-v8\\\/#primaryimage\"},\"image\":{\"@id\":\"https:\\\/\\\/legendarycarsonline.com\\\/fr\\\/product\\\/1970-dodge-charger-500-383ci-335hp-magnum-v8\\\/#primaryimage\"},\"thumbnailUrl\":\"https:\\\/\\\/legendarycarsonline.com\\\/wp-content\\\/uploads\\\/2023\\\/04\\\/57-2-9.jpg\",\"datePublished\":\"2023-04-22T12:01:23+00:00\",\"breadcrumb\":{\"@id\":\"https:\\\/\\\/legendarycarsonline.com\\\/fr\\\/product\\\/1970-dodge-charger-500-383ci-335hp-magnum-v8\\\/#breadcrumb\"},\"inLanguage\":\"fr-FR\",\"potentialAction\":[{\"@type\":\"ReadAction\",\"target\":[\"https:\\\/\\\/legendarycarsonline.com\\\/fr\\\/product\\\/1970-dodge-charger-500-383ci-335hp-magnum-v8\\\/\"]}]},{\"@type\":\"ImageObject\",\"inLanguage\":\"fr-FR\",\"@id\":\"https:\\\/\\\/legendarycarsonline.com\\\/fr\\\/product\\\/1970-dodge-charger-500-383ci-335hp-magnum-v8\\\/#primaryimage\",\"url\":\"https:\\\/\\\/legendarycarsonline.com\\\/wp-content\\\/uploads\\\/2023\\\/04\\\/57-2-9.jpg\",\"contentUrl\":\"https:\\\/\\\/legendarycarsonline.com\\\/wp-content\\\/uploads\\\/2023\\\/04\\\/57-2-9.jpg\",\"width\":1422,\"height\":800},{\"@type\":\"BreadcrumbList\",\"@id\":\"https:\\\/\\\/legendarycarsonline.com\\\/fr\\\/product\\\/1970-dodge-charger-500-383ci-335hp-magnum-v8\\\/#breadcrumb\",\"itemListElement\":[{\"@type\":\"ListItem\",\"position\":1,\"name\":\"Shop Cars\",\"item\":\"https:\\\/\\\/legendarycarsonline.com\\\/shop-cars\\\/\"},{\"@type\":\"ListItem\",\"position\":2,\"name\":\"1970 Dodge Charger 500 383Ci\\\/335Hp Magnum V8\"}]},{\"@type\":\"WebSite\",\"@id\":\"https:\\\/\\\/legendarycarsonline.com\\\/fr\\\/#website\",\"url\":\"https:\\\/\\\/legendarycarsonline.com\\\/fr\\\/\",\"name\":\"Voiture de collection \u00e0 vendre\",\"description\":\"\",\"publisher\":{\"@id\":\"https:\\\/\\\/legendarycarsonline.com\\\/fr\\\/#organization\"},\"potentialAction\":[{\"@type\":\"SearchAction\",\"target\":{\"@type\":\"EntryPoint\",\"urlTemplate\":\"https:\\\/\\\/legendarycarsonline.com\\\/fr\\\/?s={search_term_string}\"},\"query-input\":{\"@type\":\"PropertyValueSpecification\",\"valueRequired\":true,\"valueName\":\"search_term_string\"}}],\"inLanguage\":\"fr-FR\"},{\"@type\":\"Organization\",\"@id\":\"https:\\\/\\\/legendarycarsonline.com\\\/fr\\\/#organization\",\"name\":\"Legendary Cars Online\",\"url\":\"https:\\\/\\\/legendarycarsonline.com\\\/fr\\\/\",\"logo\":{\"@type\":\"ImageObject\",\"inLanguage\":\"fr-FR\",\"@id\":\"https:\\\/\\\/legendarycarsonline.com\\\/fr\\\/#\\\/schema\\\/logo\\\/image\\\/\",\"url\":\"https:\\\/\\\/legendarycarsonline.com\\\/wp-content\\\/uploads\\\/2021\\\/02\\\/Legendary-Cars-Online.png\",\"contentUrl\":\"https:\\\/\\\/legendarycarsonline.com\\\/wp-content\\\/uploads\\\/2021\\\/02\\\/Legendary-Cars-Online.png\",\"width\":275,\"height\":216,\"caption\":\"Legendary Cars Online\"},\"image\":{\"@id\":\"https:\\\/\\\/legendarycarsonline.com\\\/fr\\\/#\\\/schema\\\/logo\\\/image\\\/\"},\"sameAs\":[\"https:\\\/\\\/www.facebook.com\\\/Legendary-Cars-Online-112758273845339\"]}]}<\/script>\n<!-- \/ Yoast SEO plugin. -->","yoast_head_json":{"title":"1970 Dodge Charger 500 383Ci\/335Hp Magnum V8 - Voiture de collection \u00e0 vendre","robots":{"index":"index","follow":"follow","max-snippet":"max-snippet:-1","max-image-preview":"max-image-preview:large","max-video-preview":"max-video-preview:-1"},"canonical":"https:\/\/legendarycarsonline.com\/fr\/product\/1970-dodge-charger-500-383ci-335hp-magnum-v8\/","og_locale":"fr_FR","og_type":"article","og_title":"1970 Dodge Charger 500 383Ci\/335Hp Magnum V8 - Voiture de collection \u00e0 vendre","og_description":"Caract\u00e9ristiques de l&rsquo;article Condition : Utilis\u00e9 Ann\u00e9e : 1970 VIN (num\u00e9ro d&rsquo;identification du v\u00e9hicule) : XP29N0G1XXXXX Kilom\u00e9trage : 1986 Titre du v\u00e9hicule : Nettoyer Faites : [\u2026]","og_url":"https:\/\/legendarycarsonline.com\/fr\/product\/1970-dodge-charger-500-383ci-335hp-magnum-v8\/","og_site_name":"Voiture de collection \u00e0 vendre","article_publisher":"https:\/\/www.facebook.com\/Legendary-Cars-Online-112758273845339","og_image":[{"width":1422,"height":800,"url":"https:\/\/legendarycarsonline.com\/wp-content\/uploads\/2023\/04\/57-2-9.jpg","type":"image\/jpeg"}],"twitter_card":"summary_large_image","twitter_misc":{"Dur\u00e9e de lecture estim\u00e9e":"1 minute"},"schema":{"@context":"https:\/\/schema.org","@graph":[{"@type":"WebPage","@id":"https:\/\/legendarycarsonline.com\/fr\/product\/1970-dodge-charger-500-383ci-335hp-magnum-v8\/","url":"https:\/\/legendarycarsonline.com\/fr\/product\/1970-dodge-charger-500-383ci-335hp-magnum-v8\/","name":"1970 Dodge Charger 500 383Ci\/335Hp Magnum V8 - Voiture de collection \u00e0 vendre","isPartOf":{"@id":"https:\/\/legendarycarsonline.com\/fr\/#website"},"primaryImageOfPage":{"@id":"https:\/\/legendarycarsonline.com\/fr\/product\/1970-dodge-charger-500-383ci-335hp-magnum-v8\/#primaryimage"},"image":{"@id":"https:\/\/legendarycarsonline.com\/fr\/product\/1970-dodge-charger-500-383ci-335hp-magnum-v8\/#primaryimage"},"thumbnailUrl":"https:\/\/legendarycarsonline.com\/wp-content\/uploads\/2023\/04\/57-2-9.jpg","datePublished":"2023-04-22T12:01:23+00:00","breadcrumb":{"@id":"https:\/\/legendarycarsonline.com\/fr\/product\/1970-dodge-charger-500-383ci-335hp-magnum-v8\/#breadcrumb"},"inLanguage":"fr-FR","potentialAction":[{"@type":"ReadAction","target":["https:\/\/legendarycarsonline.com\/fr\/product\/1970-dodge-charger-500-383ci-335hp-magnum-v8\/"]}]},{"@type":"ImageObject","inLanguage":"fr-FR","@id":"https:\/\/legendarycarsonline.com\/fr\/product\/1970-dodge-charger-500-383ci-335hp-magnum-v8\/#primaryimage","url":"https:\/\/legendarycarsonline.com\/wp-content\/uploads\/2023\/04\/57-2-9.jpg","contentUrl":"https:\/\/legendarycarsonline.com\/wp-content\/uploads\/2023\/04\/57-2-9.jpg","width":1422,"height":800},{"@type":"BreadcrumbList","@id":"https:\/\/legendarycarsonline.com\/fr\/product\/1970-dodge-charger-500-383ci-335hp-magnum-v8\/#breadcrumb","itemListElement":[{"@type":"ListItem","position":1,"name":"Shop Cars","item":"https:\/\/legendarycarsonline.com\/shop-cars\/"},{"@type":"ListItem","position":2,"name":"1970 Dodge Charger 500 383Ci\/335Hp Magnum V8"}]},{"@type":"WebSite","@id":"https:\/\/legendarycarsonline.com\/fr\/#website","url":"https:\/\/legendarycarsonline.com\/fr\/","name":"Voiture de collection \u00e0 vendre","description":"","publisher":{"@id":"https:\/\/legendarycarsonline.com\/fr\/#organization"},"potentialAction":[{"@type":"SearchAction","target":{"@type":"EntryPoint","urlTemplate":"https:\/\/legendarycarsonline.com\/fr\/?s={search_term_string}"},"query-input":{"@type":"PropertyValueSpecification","valueRequired":true,"valueName":"search_term_string"}}],"inLanguage":"fr-FR"},{"@type":"Organization","@id":"https:\/\/legendarycarsonline.com\/fr\/#organization","name":"Legendary Cars Online","url":"https:\/\/legendarycarsonline.com\/fr\/","logo":{"@type":"ImageObject","inLanguage":"fr-FR","@id":"https:\/\/legendarycarsonline.com\/fr\/#\/schema\/logo\/image\/","url":"https:\/\/legendarycarsonline.com\/wp-content\/uploads\/2021\/02\/Legendary-Cars-Online.png","contentUrl":"https:\/\/legendarycarsonline.com\/wp-content\/uploads\/2021\/02\/Legendary-Cars-Online.png","width":275,"height":216,"caption":"Legendary Cars Online"},"image":{"@id":"https:\/\/legendarycarsonline.com\/fr\/#\/schema\/logo\/image\/"},"sameAs":["https:\/\/www.facebook.com\/Legendary-Cars-Online-112758273845339"]}]}},"_links":{"self":[{"href":"https:\/\/legendarycarsonline.com\/fr\/wp-json\/wp\/v2\/product\/286656","targetHints":{"allow":["GET"]}}],"collection":[{"href":"https:\/\/legendarycarsonline.com\/fr\/wp-json\/wp\/v2\/product"}],"about":[{"href":"https:\/\/legendarycarsonline.com\/fr\/wp-json\/wp\/v2\/types\/product"}],"wp:featuredmedia":[{"embeddable":true,"href":"https:\/\/legendarycarsonline.com\/fr\/wp-json\/wp\/v2\/media\/286601"}],"wp:attachment":[{"href":"https:\/\/legendarycarsonline.com\/fr\/wp-json\/wp\/v2\/media?parent=286656"}],"wp:term":[{"taxonomy":"product_brand","embeddable":true,"href":"https:\/\/legendarycarsonline.com\/fr\/wp-json\/wp\/v2\/product_brand?post=286656"},{"taxonomy":"product_cat","embeddable":true,"href":"https:\/\/legendarycarsonline.com\/fr\/wp-json\/wp\/v2\/product_cat?post=286656"},{"taxonomy":"product_tag","embeddable":true,"href":"https:\/\/legendarycarsonline.com\/fr\/wp-json\/wp\/v2\/product_tag?post=286656"}],"curies":[{"name":"wp","href":"https:\/\/api.w.org\/{rel}","templated":true}]}}