
 {"id":288900,"date":"2023-04-28T05:52:19","date_gmt":"2023-04-28T13:28:38","guid":{"rendered":"https:\/\/legendarycarsonline.com\/product\/1968-ford-mustang-fastback-22-j-code-289ci-v8-4-speed-manual\/"},"modified":"2023-04-28T06:28:38","modified_gmt":"2023-04-28T13:28:38","slug":"1968-ford-mustang-fastback-22-j-code-289ci-v8-4-speed-manual","status":"publish","type":"product","link":"https:\/\/legendarycarsonline.com\/fr\/product\/1968-ford-mustang-fastback-22-j-code-289ci-v8-4-speed-manual\/","title":{"rendered":"1968 Ford Mustang Fastback 2+2 \u00ab\u00a0J-Code\u00a0\u00bb 289Ci V8 4-Speed Manual"},"content":{"rendered":"<h2><strong>Caract\u00e9ristiques de l&rsquo;article<\/strong><\/h2>\n<div id=\"viTabs_0_is\" class=\"itemAttr\">\n<div class=\"section\">\n<table role=\"presentation\" width=\"100%\" cellspacing=\"0\" cellpadding=\"0\">\n<tbody>\n<tr>\n<td class=\"attrLabels\">Condition :<\/td>\n<td width=\"30.0%\">Utilis\u00e9<\/td>\n<td class=\"attrLabels\">Ann\u00e9e :<\/td>\n<td width=\"30.0%\">1968<\/td>\n<\/tr>\n<tr>\n<td class=\"attrLabels\">VIN (num\u00e9ro d&rsquo;identification du v\u00e9hicule) :<\/td>\n<td width=\"30.0%\">8R02J1XXXXX<\/td>\n<td class=\"attrLabels\">Kilom\u00e9trage :<\/td>\n<td width=\"30.0%\">58000<\/td>\n<\/tr>\n<tr>\n<td class=\"attrLabels\">Type de carrosserie :<\/td>\n<td width=\"30.0%\">Fastback<\/td>\n<td class=\"attrLabels\">Titre du v\u00e9hicule :<\/td>\n<td width=\"30.0%\">Nettoyer<\/td>\n<\/tr>\n<tr>\n<td class=\"attrLabels\">Options :<\/td>\n<td width=\"30.0%\">&#8211;<\/td>\n<td class=\"attrLabels\">Options d&rsquo;alimentation :<\/td>\n<td width=\"30.0%\">&#8211;<\/td>\n<\/tr>\n<tr>\n<td class=\"attrLabels\">Faites :<\/td>\n<td width=\"30.0%\">Ford<\/td>\n<td class=\"attrLabels\">Couleur ext\u00e9rieure :<\/td>\n<td width=\"30.0%\">Turquoise<\/td>\n<\/tr>\n<tr>\n<td class=\"attrLabels\">Sous-mod\u00e8le :<\/td>\n<td width=\"30.0%\">Fastback \u00ab\u00a0J-Code<\/td>\n<td class=\"attrLabels\">Couleur int\u00e9rieure :<\/td>\n<td width=\"30.0%\">\n<div class=\"ux-layout-section__row\">\n<div class=\"ux-labels-values__values\">\n<div class=\"ux-labels-values__values-content\">\n<div><span class=\"ux-textspans\">Turquoise<\/span><\/div>\n<\/div>\n<\/div>\n<\/div>\n<\/td>\n<\/tr>\n<tr>\n<td class=\"attrLabels\">Trim :<\/td>\n<td width=\"30.0%\">Fastback \u00ab\u00a0J-Code<\/td>\n<td class=\"attrLabels\">Transmission :<\/td>\n<td width=\"30.0%\">Manuel \u00e0 4 vitesses<\/td>\n<\/tr>\n<tr>\n<td class=\"attrLabels\">Type d&rsquo;entra\u00eenement :<\/td>\n<td width=\"30.0%\">&#8211;<\/td>\n<td class=\"attrLabels\">Garantie :<\/td>\n<td width=\"30.0%\">Le v\u00e9hicule n&rsquo;est PAS couvert par une garantie existante<\/td>\n<\/tr>\n<tr>\n<td class=\"attrLabels\">Moteur :<\/td>\n<td width=\"30.0%\">V8 289Ci<\/td>\n<td class=\"attrLabels\">Vente par :<\/td>\n<td width=\"30.0%\">Vendeur priv\u00e9<\/td>\n<\/tr>\n<tr>\n<td class=\"attrLabels\">Type de carburant :<\/td>\n<td width=\"30.0%\">Essence<\/td>\n<td class=\"attrLabels\">Mod\u00e8le :<\/td>\n<td width=\"30.0%\">Mustang<\/td>\n<\/tr>\n<\/tbody>\n<\/table>\n<\/div>\n<\/div>\n<h2><strong>1968 Ford Mustang Fastback 2+2 \u00ab\u00a0J-Code\u00a0\u00bb 289Ci V8 4-Speed Manual<\/strong><\/h2>\n<p>Magnifique Mustang Fastback 1968 presque enti\u00e8rement d&rsquo;origine<\/p>\n<p>Nous vendons notre Mustang Fastback 2+2 de 1968. Cette voiture est une J Code Car d&rsquo;usine, elle \u00e9tait \u00e0 l&rsquo;origine \u00e9quip\u00e9e d&rsquo;un V8 302, mais \u00e0 un moment donn\u00e9 de sa vie, le moteur a \u00e9t\u00e9 remplac\u00e9 par un V8 289.<\/p>\n<p>Je dispose d&rsquo;un titre de propri\u00e9t\u00e9 libre et clair au Texas \u00e0 mon nom.<\/p>\n<p>&#8211; 289 V8 avec carburateur 4 BBL<\/p>\n<p>&#8211; Transmission manuelle \u00e0 4 vitesses<\/p>\n<p>&#8211; Ford 9&Prime; Rear End<\/p>\n<p>&#8211; Collecteurs et double \u00e9chappement<\/p>\n<p>&#8211; Direction manuelle avec freins \u00e0 tambour<\/p>\n<p>&#8211; Voiture tr\u00e8s solide &#8211; Fonctionne et conduit de mani\u00e8re absolument fantastique !<\/p>\n<p>&#8211; Peinture turquoise d\u00e9lav\u00e9e plus ancienne &#8211; \u00e9valuation de 5 sur 10<\/p>\n<p>&#8211; Roues 14&Prime; Torque Thrust<\/p>\n<p>&#8211; Une radio toute neuve a \u00e9t\u00e9 install\u00e9e mais n&rsquo;est pas encore branch\u00e9e.<\/p>\n<p>L&rsquo;ext\u00e9rieur est tr\u00e8s propre et tr\u00e8s droit. Le dessous de la voiture est \u00e9galement tr\u00e8s propre, pratiquement sans rouille. La peinture de cette beaut\u00e9 est \u00e9valu\u00e9e \u00e0 5 sur 10. Elle est tr\u00e8s belle \u00e0 une distance d&rsquo;environ 3 m\u00e8tres, mais sa peinture est d\u00e9color\u00e9e. Originaire de l&rsquo;Oklahoma. L&rsquo;int\u00e9rieur est dans un \u00e9tat incroyable, la voiture roule et se conduit TRES bien pour une voiture de 54 ans. Le son est agr\u00e9able mais pas trop fort. J&rsquo;ai un titre de propri\u00e9t\u00e9 libre et clair au Texas \u00e0 mon nom. Je suis situ\u00e9 sur la FM 1488 dans la r\u00e9gion de Magnolia 77354.<\/p>\n<p>Tous les feux fonctionnent comme ils le devraient, une nouvelle jauge Tach, Temp et Oil a \u00e9t\u00e9 install\u00e9e et fonctionne parfaitement, les freins sont \u00e0 tambour, la direction est manuelle, une toute nouvelle radio a \u00e9t\u00e9 install\u00e9e mais n&rsquo;a pas encore \u00e9t\u00e9 branch\u00e9e. La batterie et le radiateur sont \u00e9galement relativement r\u00e9cents. C&rsquo;est un plaisir de la conduire en ville ! Klaxon, compteur de vitesse, jauge \u00e0 essence, ne fonctionnent pas.<\/p>\n<p>Utilis\u00e9<\/p>\n<p>Magnolia, Texas<\/p>\n","protected":false},"excerpt":{"rendered":"<p>Caract\u00e9ristiques de l&rsquo;article Condition : Utilis\u00e9 Ann\u00e9e : 1968 VIN (num\u00e9ro d&rsquo;identification du v\u00e9hicule) : 8R02J1XXXXX Kilom\u00e9trage : 58000 Type de carrosserie : Fastback Titre du<span class=\"excerpt-hellip\"> [\u2026]<\/span><\/p>\n","protected":false},"featured_media":288855,"template":"","meta":[],"product_brand":[],"product_cat":[130,106,107],"product_tag":[],"class_list":{"0":"post-288900","1":"product","2":"type-product","3":"status-publish","4":"has-post-thumbnail","6":"product_cat-1968-fr","7":"product_cat-ford-fr","8":"product_cat-mustang-fr","10":"first","11":"instock","12":"featured","13":"sold-individually","14":"shipping-taxable","15":"purchasable","16":"product-type-simple"},"yoast_head":"<!-- This site is optimized with the Yoast SEO plugin v27.4 - https:\/\/yoast.com\/product\/yoast-seo-wordpress\/ -->\n<title>1968 Ford Mustang Fastback 2+2 &quot;J-Code&quot; 289Ci V8 4-Speed Manual - Voiture de collection \u00e0 vendre<\/title>\n<meta name=\"robots\" content=\"index, follow, max-snippet:-1, max-image-preview:large, max-video-preview:-1\" \/>\n<link rel=\"canonical\" href=\"https:\/\/legendarycarsonline.com\/fr\/product\/1968-ford-mustang-fastback-22-j-code-289ci-v8-4-speed-manual\/\" \/>\n<meta property=\"og:locale\" content=\"fr_FR\" \/>\n<meta property=\"og:type\" content=\"article\" \/>\n<meta property=\"og:title\" content=\"1968 Ford Mustang Fastback 2+2 &quot;J-Code&quot; 289Ci V8 4-Speed Manual - Voiture de collection \u00e0 vendre\" \/>\n<meta property=\"og:description\" content=\"Caract\u00e9ristiques de l&rsquo;article Condition : Utilis\u00e9 Ann\u00e9e : 1968 VIN (num\u00e9ro d&rsquo;identification du v\u00e9hicule) : 8R02J1XXXXX Kilom\u00e9trage : 58000 Type de carrosserie : Fastback Titre du [\u2026]\" \/>\n<meta property=\"og:url\" content=\"https:\/\/legendarycarsonline.com\/fr\/product\/1968-ford-mustang-fastback-22-j-code-289ci-v8-4-speed-manual\/\" \/>\n<meta property=\"og:site_name\" content=\"Voiture de collection \u00e0 vendre\" \/>\n<meta property=\"article:publisher\" content=\"https:\/\/www.facebook.com\/Legendary-Cars-Online-112758273845339\" \/>\n<meta property=\"og:image\" content=\"https:\/\/legendarycarsonline.com\/wp-content\/uploads\/2023\/04\/s-l500-2.jpg\" \/>\n\t<meta property=\"og:image:width\" content=\"500\" \/>\n\t<meta property=\"og:image:height\" content=\"375\" \/>\n\t<meta property=\"og:image:type\" content=\"image\/jpeg\" \/>\n<meta name=\"twitter:card\" content=\"summary_large_image\" \/>\n<meta name=\"twitter:label1\" content=\"Dur\u00e9e de lecture estim\u00e9e\" \/>\n\t<meta name=\"twitter:data1\" content=\"2 minutes\" \/>\n<script type=\"application\/ld+json\" class=\"yoast-schema-graph\">{\"@context\":\"https:\\\/\\\/schema.org\",\"@graph\":[{\"@type\":\"WebPage\",\"@id\":\"https:\\\/\\\/legendarycarsonline.com\\\/fr\\\/product\\\/1968-ford-mustang-fastback-22-j-code-289ci-v8-4-speed-manual\\\/\",\"url\":\"https:\\\/\\\/legendarycarsonline.com\\\/fr\\\/product\\\/1968-ford-mustang-fastback-22-j-code-289ci-v8-4-speed-manual\\\/\",\"name\":\"1968 Ford Mustang Fastback 2+2 \\\"J-Code\\\" 289Ci V8 4-Speed Manual - Voiture de collection \u00e0 vendre\",\"isPartOf\":{\"@id\":\"https:\\\/\\\/legendarycarsonline.com\\\/fr\\\/#website\"},\"primaryImageOfPage\":{\"@id\":\"https:\\\/\\\/legendarycarsonline.com\\\/fr\\\/product\\\/1968-ford-mustang-fastback-22-j-code-289ci-v8-4-speed-manual\\\/#primaryimage\"},\"image\":{\"@id\":\"https:\\\/\\\/legendarycarsonline.com\\\/fr\\\/product\\\/1968-ford-mustang-fastback-22-j-code-289ci-v8-4-speed-manual\\\/#primaryimage\"},\"thumbnailUrl\":\"https:\\\/\\\/legendarycarsonline.com\\\/wp-content\\\/uploads\\\/2023\\\/04\\\/s-l500-2.jpg\",\"datePublished\":\"2023-04-28T13:28:38+00:00\",\"breadcrumb\":{\"@id\":\"https:\\\/\\\/legendarycarsonline.com\\\/fr\\\/product\\\/1968-ford-mustang-fastback-22-j-code-289ci-v8-4-speed-manual\\\/#breadcrumb\"},\"inLanguage\":\"fr-FR\",\"potentialAction\":[{\"@type\":\"ReadAction\",\"target\":[\"https:\\\/\\\/legendarycarsonline.com\\\/fr\\\/product\\\/1968-ford-mustang-fastback-22-j-code-289ci-v8-4-speed-manual\\\/\"]}]},{\"@type\":\"ImageObject\",\"inLanguage\":\"fr-FR\",\"@id\":\"https:\\\/\\\/legendarycarsonline.com\\\/fr\\\/product\\\/1968-ford-mustang-fastback-22-j-code-289ci-v8-4-speed-manual\\\/#primaryimage\",\"url\":\"https:\\\/\\\/legendarycarsonline.com\\\/wp-content\\\/uploads\\\/2023\\\/04\\\/s-l500-2.jpg\",\"contentUrl\":\"https:\\\/\\\/legendarycarsonline.com\\\/wp-content\\\/uploads\\\/2023\\\/04\\\/s-l500-2.jpg\",\"width\":500,\"height\":375},{\"@type\":\"BreadcrumbList\",\"@id\":\"https:\\\/\\\/legendarycarsonline.com\\\/fr\\\/product\\\/1968-ford-mustang-fastback-22-j-code-289ci-v8-4-speed-manual\\\/#breadcrumb\",\"itemListElement\":[{\"@type\":\"ListItem\",\"position\":1,\"name\":\"Shop Cars\",\"item\":\"https:\\\/\\\/legendarycarsonline.com\\\/shop-cars\\\/\"},{\"@type\":\"ListItem\",\"position\":2,\"name\":\"1968 Ford Mustang Fastback 2+2 &#8220;J-Code&#8221; 289Ci V8 4-Speed Manual\"}]},{\"@type\":\"WebSite\",\"@id\":\"https:\\\/\\\/legendarycarsonline.com\\\/fr\\\/#website\",\"url\":\"https:\\\/\\\/legendarycarsonline.com\\\/fr\\\/\",\"name\":\"Voiture de collection \u00e0 vendre\",\"description\":\"\",\"publisher\":{\"@id\":\"https:\\\/\\\/legendarycarsonline.com\\\/fr\\\/#organization\"},\"potentialAction\":[{\"@type\":\"SearchAction\",\"target\":{\"@type\":\"EntryPoint\",\"urlTemplate\":\"https:\\\/\\\/legendarycarsonline.com\\\/fr\\\/?s={search_term_string}\"},\"query-input\":{\"@type\":\"PropertyValueSpecification\",\"valueRequired\":true,\"valueName\":\"search_term_string\"}}],\"inLanguage\":\"fr-FR\"},{\"@type\":\"Organization\",\"@id\":\"https:\\\/\\\/legendarycarsonline.com\\\/fr\\\/#organization\",\"name\":\"Legendary Cars Online\",\"url\":\"https:\\\/\\\/legendarycarsonline.com\\\/fr\\\/\",\"logo\":{\"@type\":\"ImageObject\",\"inLanguage\":\"fr-FR\",\"@id\":\"https:\\\/\\\/legendarycarsonline.com\\\/fr\\\/#\\\/schema\\\/logo\\\/image\\\/\",\"url\":\"https:\\\/\\\/legendarycarsonline.com\\\/wp-content\\\/uploads\\\/2021\\\/02\\\/Legendary-Cars-Online.png\",\"contentUrl\":\"https:\\\/\\\/legendarycarsonline.com\\\/wp-content\\\/uploads\\\/2021\\\/02\\\/Legendary-Cars-Online.png\",\"width\":275,\"height\":216,\"caption\":\"Legendary Cars Online\"},\"image\":{\"@id\":\"https:\\\/\\\/legendarycarsonline.com\\\/fr\\\/#\\\/schema\\\/logo\\\/image\\\/\"},\"sameAs\":[\"https:\\\/\\\/www.facebook.com\\\/Legendary-Cars-Online-112758273845339\"]}]}<\/script>\n<!-- \/ Yoast SEO plugin. -->","yoast_head_json":{"title":"1968 Ford Mustang Fastback 2+2 \"J-Code\" 289Ci V8 4-Speed Manual - Voiture de collection \u00e0 vendre","robots":{"index":"index","follow":"follow","max-snippet":"max-snippet:-1","max-image-preview":"max-image-preview:large","max-video-preview":"max-video-preview:-1"},"canonical":"https:\/\/legendarycarsonline.com\/fr\/product\/1968-ford-mustang-fastback-22-j-code-289ci-v8-4-speed-manual\/","og_locale":"fr_FR","og_type":"article","og_title":"1968 Ford Mustang Fastback 2+2 \"J-Code\" 289Ci V8 4-Speed Manual - Voiture de collection \u00e0 vendre","og_description":"Caract\u00e9ristiques de l&rsquo;article Condition : Utilis\u00e9 Ann\u00e9e : 1968 VIN (num\u00e9ro d&rsquo;identification du v\u00e9hicule) : 8R02J1XXXXX Kilom\u00e9trage : 58000 Type de carrosserie : Fastback Titre du [\u2026]","og_url":"https:\/\/legendarycarsonline.com\/fr\/product\/1968-ford-mustang-fastback-22-j-code-289ci-v8-4-speed-manual\/","og_site_name":"Voiture de collection \u00e0 vendre","article_publisher":"https:\/\/www.facebook.com\/Legendary-Cars-Online-112758273845339","og_image":[{"width":500,"height":375,"url":"https:\/\/legendarycarsonline.com\/wp-content\/uploads\/2023\/04\/s-l500-2.jpg","type":"image\/jpeg"}],"twitter_card":"summary_large_image","twitter_misc":{"Dur\u00e9e de lecture estim\u00e9e":"2 minutes"},"schema":{"@context":"https:\/\/schema.org","@graph":[{"@type":"WebPage","@id":"https:\/\/legendarycarsonline.com\/fr\/product\/1968-ford-mustang-fastback-22-j-code-289ci-v8-4-speed-manual\/","url":"https:\/\/legendarycarsonline.com\/fr\/product\/1968-ford-mustang-fastback-22-j-code-289ci-v8-4-speed-manual\/","name":"1968 Ford Mustang Fastback 2+2 \"J-Code\" 289Ci V8 4-Speed Manual - Voiture de collection \u00e0 vendre","isPartOf":{"@id":"https:\/\/legendarycarsonline.com\/fr\/#website"},"primaryImageOfPage":{"@id":"https:\/\/legendarycarsonline.com\/fr\/product\/1968-ford-mustang-fastback-22-j-code-289ci-v8-4-speed-manual\/#primaryimage"},"image":{"@id":"https:\/\/legendarycarsonline.com\/fr\/product\/1968-ford-mustang-fastback-22-j-code-289ci-v8-4-speed-manual\/#primaryimage"},"thumbnailUrl":"https:\/\/legendarycarsonline.com\/wp-content\/uploads\/2023\/04\/s-l500-2.jpg","datePublished":"2023-04-28T13:28:38+00:00","breadcrumb":{"@id":"https:\/\/legendarycarsonline.com\/fr\/product\/1968-ford-mustang-fastback-22-j-code-289ci-v8-4-speed-manual\/#breadcrumb"},"inLanguage":"fr-FR","potentialAction":[{"@type":"ReadAction","target":["https:\/\/legendarycarsonline.com\/fr\/product\/1968-ford-mustang-fastback-22-j-code-289ci-v8-4-speed-manual\/"]}]},{"@type":"ImageObject","inLanguage":"fr-FR","@id":"https:\/\/legendarycarsonline.com\/fr\/product\/1968-ford-mustang-fastback-22-j-code-289ci-v8-4-speed-manual\/#primaryimage","url":"https:\/\/legendarycarsonline.com\/wp-content\/uploads\/2023\/04\/s-l500-2.jpg","contentUrl":"https:\/\/legendarycarsonline.com\/wp-content\/uploads\/2023\/04\/s-l500-2.jpg","width":500,"height":375},{"@type":"BreadcrumbList","@id":"https:\/\/legendarycarsonline.com\/fr\/product\/1968-ford-mustang-fastback-22-j-code-289ci-v8-4-speed-manual\/#breadcrumb","itemListElement":[{"@type":"ListItem","position":1,"name":"Shop Cars","item":"https:\/\/legendarycarsonline.com\/shop-cars\/"},{"@type":"ListItem","position":2,"name":"1968 Ford Mustang Fastback 2+2 &#8220;J-Code&#8221; 289Ci V8 4-Speed Manual"}]},{"@type":"WebSite","@id":"https:\/\/legendarycarsonline.com\/fr\/#website","url":"https:\/\/legendarycarsonline.com\/fr\/","name":"Voiture de collection \u00e0 vendre","description":"","publisher":{"@id":"https:\/\/legendarycarsonline.com\/fr\/#organization"},"potentialAction":[{"@type":"SearchAction","target":{"@type":"EntryPoint","urlTemplate":"https:\/\/legendarycarsonline.com\/fr\/?s={search_term_string}"},"query-input":{"@type":"PropertyValueSpecification","valueRequired":true,"valueName":"search_term_string"}}],"inLanguage":"fr-FR"},{"@type":"Organization","@id":"https:\/\/legendarycarsonline.com\/fr\/#organization","name":"Legendary Cars Online","url":"https:\/\/legendarycarsonline.com\/fr\/","logo":{"@type":"ImageObject","inLanguage":"fr-FR","@id":"https:\/\/legendarycarsonline.com\/fr\/#\/schema\/logo\/image\/","url":"https:\/\/legendarycarsonline.com\/wp-content\/uploads\/2021\/02\/Legendary-Cars-Online.png","contentUrl":"https:\/\/legendarycarsonline.com\/wp-content\/uploads\/2021\/02\/Legendary-Cars-Online.png","width":275,"height":216,"caption":"Legendary Cars Online"},"image":{"@id":"https:\/\/legendarycarsonline.com\/fr\/#\/schema\/logo\/image\/"},"sameAs":["https:\/\/www.facebook.com\/Legendary-Cars-Online-112758273845339"]}]}},"_links":{"self":[{"href":"https:\/\/legendarycarsonline.com\/fr\/wp-json\/wp\/v2\/product\/288900","targetHints":{"allow":["GET"]}}],"collection":[{"href":"https:\/\/legendarycarsonline.com\/fr\/wp-json\/wp\/v2\/product"}],"about":[{"href":"https:\/\/legendarycarsonline.com\/fr\/wp-json\/wp\/v2\/types\/product"}],"wp:featuredmedia":[{"embeddable":true,"href":"https:\/\/legendarycarsonline.com\/fr\/wp-json\/wp\/v2\/media\/288855"}],"wp:attachment":[{"href":"https:\/\/legendarycarsonline.com\/fr\/wp-json\/wp\/v2\/media?parent=288900"}],"wp:term":[{"taxonomy":"product_brand","embeddable":true,"href":"https:\/\/legendarycarsonline.com\/fr\/wp-json\/wp\/v2\/product_brand?post=288900"},{"taxonomy":"product_cat","embeddable":true,"href":"https:\/\/legendarycarsonline.com\/fr\/wp-json\/wp\/v2\/product_cat?post=288900"},{"taxonomy":"product_tag","embeddable":true,"href":"https:\/\/legendarycarsonline.com\/fr\/wp-json\/wp\/v2\/product_tag?post=288900"}],"curies":[{"name":"wp","href":"https:\/\/api.w.org\/{rel}","templated":true}]}}