
 {"id":289365,"date":"2023-05-04T07:09:12","date_gmt":"2023-05-04T14:55:05","guid":{"rendered":"https:\/\/legendarycarsonline.com\/product\/1968-ford-mustang-convertible-v8-289ci-195hp\/"},"modified":"2023-05-04T07:55:05","modified_gmt":"2023-05-04T14:55:05","slug":"1968-ford-mustang-convertible-289ci-195hp-v8","status":"publish","type":"product","link":"https:\/\/legendarycarsonline.com\/fr\/product\/1968-ford-mustang-convertible-289ci-195hp-v8\/","title":{"rendered":"1968 Ford Mustang Convertible V8 289Ci\/195Hp"},"content":{"rendered":"<h2><strong>Caract\u00e9ristiques de l&rsquo;article<\/strong><\/h2>\n<div id=\"viTabs_0_is\" class=\"itemAttr\">\n<div class=\"section\">\n<table role=\"presentation\" width=\"100%\" cellspacing=\"0\" cellpadding=\"0\">\n<tbody>\n<tr>\n<td class=\"attrLabels\">Condition :<\/td>\n<td width=\"30.0%\">Utilis\u00e9<\/td>\n<td class=\"attrLabels\">Ann\u00e9e :<\/td>\n<td width=\"30.0%\">1968<\/td>\n<\/tr>\n<tr>\n<td class=\"attrLabels\">VIN (num\u00e9ro d&rsquo;identification du v\u00e9hicule) :<\/td>\n<td width=\"30.0%\">8T03C1XXXXX<\/td>\n<td class=\"attrLabels\">Kilom\u00e9trage :<\/td>\n<td width=\"30.0%\">26748<\/td>\n<\/tr>\n<tr>\n<td class=\"attrLabels\">Type de carrosserie :<\/td>\n<td width=\"30.0%\">Convertible<\/td>\n<td class=\"attrLabels\">Titre du v\u00e9hicule :<\/td>\n<td width=\"30.0%\">Nettoyer<\/td>\n<\/tr>\n<tr>\n<td class=\"attrLabels\">Options :<\/td>\n<td width=\"30.0%\">&#8211;<\/td>\n<td class=\"attrLabels\">Options d&rsquo;alimentation :<\/td>\n<td width=\"30.0%\">&#8211;<\/td>\n<\/tr>\n<tr>\n<td class=\"attrLabels\">Faites :<\/td>\n<td width=\"30.0%\">Ford<\/td>\n<td class=\"attrLabels\">Couleur ext\u00e9rieure :<\/td>\n<td width=\"30.0%\">Beige galet<\/td>\n<\/tr>\n<tr>\n<td class=\"attrLabels\">Sous-mod\u00e8le :<\/td>\n<td width=\"30.0%\">&#8212;<\/td>\n<td class=\"attrLabels\">Couleur int\u00e9rieure :<\/td>\n<td width=\"30.0%\">\n<div class=\"ux-layout-section__row\">\n<div class=\"ux-labels-values__values\">\n<div class=\"ux-labels-values__values-content\">Sellette<\/div>\n<\/div>\n<\/div>\n<\/td>\n<\/tr>\n<tr>\n<td class=\"attrLabels\">Trim :<\/td>\n<td width=\"30.0%\">&#8212;<\/td>\n<td class=\"attrLabels\">Transmission :<\/td>\n<td width=\"30.0%\">C4 Automatique<\/td>\n<\/tr>\n<tr>\n<td class=\"attrLabels\">Type d&rsquo;entra\u00eenement :<\/td>\n<td width=\"30.0%\">RWD<\/td>\n<td class=\"attrLabels\">Garantie :<\/td>\n<td width=\"30.0%\">Le v\u00e9hicule n&rsquo;est PAS couvert par une garantie existante<\/td>\n<\/tr>\n<tr>\n<td class=\"attrLabels\">Moteur :<\/td>\n<td width=\"30.0%\">V8 289Ci\/195Hp<\/td>\n<td class=\"attrLabels\">Vente par :<\/td>\n<td width=\"30.0%\">Vendeur priv\u00e9<\/td>\n<\/tr>\n<tr>\n<td class=\"attrLabels\">Type de carburant :<\/td>\n<td width=\"30.0%\">Essence<\/td>\n<td class=\"attrLabels\">Mod\u00e8le :<\/td>\n<td width=\"30.0%\">Mustang<\/td>\n<\/tr>\n<\/tbody>\n<\/table>\n<\/div>\n<\/div>\n<h1 class=\"x-item-title__mainTitle\"><strong><span class=\"ux-textspans ux-textspans--BOLD\">1968 Ford Mustang Convertible V8 289Ci\/195Hp<\/span><\/strong><\/h1>\n<h2 class=\"x-item-title__sellerProvidedTitle\"><strong><span class=\"ux-textspans\">1 des plus rares ! 15 dans ces couleurs, 80 avec la croisi\u00e8re.<\/span><\/strong><\/h2>\n<div class=\"title\">\n<h2><strong>Description du v\u00e9hicule<\/strong><\/h2>\n<\/div>\n<div class=\"content\">\n<div class=\"equipment-list\">CHARG\u00c9 ! !! Nous avons le rapport Marti qui atteste de la raret\u00e9 de cette voiture et de toutes les options dont elle \u00e9tait dot\u00e9e \u00e0 la naissance. Il s&rsquo;agit de l&rsquo;un des 80 mod\u00e8les fabriqu\u00e9s avec un r\u00e9gulateur de vitesse. Plus rare encore, il s&rsquo;agit de l&rsquo;un des 15 exemplaires fabriqu\u00e9s dans ces couleurs !<\/div>\n<h4 class=\"equipment-list\"><strong>EXT\u00c9RIEUR :<\/strong><\/h4>\n<\/div>\n<div class=\"content\">\n<div class=\"equipment-list\">Carrosserie exceptionnellement propre. Il est droit et s&rsquo;adapte bien. Pas de rouille, de bulles ou de dommages. Elle est \u00e9quip\u00e9e de l&rsquo;ensemble Sprint, qui comprend le capot \u00e0 persiennes et des clignotants fonctionnels. 1 des 247 cabriolets Pebble Beige fabriqu\u00e9s au total. La peinture est lisse et brillante. Seules des imperfections mineures peuvent \u00eatre observ\u00e9es. Les montants sont tr\u00e8s propres. Les chromes et les garnitures sont globalement droits et brillants. Jantes Magnum 14&#215;7 de reproduction et pneus radiaux redline. Elle est \u00e9quip\u00e9e d&rsquo;un toit \u00e9lectrique en excellent \u00e9tat. Il est noir et dispose d&rsquo;une lunette arri\u00e8re en verre en option.<\/div>\n<h4 class=\"equipment-list\"><strong>INTERIEUR :<\/strong><\/h4>\n<\/div>\n<div>1 des 15 exemplaires fabriqu\u00e9s au total avec cette couleur int\u00e9rieure et la peinture beige. Plein d&rsquo;options ! Il s&rsquo;agit d&rsquo;un int\u00e9rieur de luxe qui comprend des dossiers de si\u00e8ges rembourr\u00e9s et des garnitures en bois. Les panneaux de porte sont de tr\u00e8s bons originaux. La console est en tr\u00e8s bon \u00e9tat, la lumi\u00e8re de la \u00ab\u00a0porte de garage\u00a0\u00bb fonctionne. Il dispose d&rsquo;un panneau de contr\u00f4le de commodit\u00e9 extr\u00eamement rare, \u00e0 savoir les voyants d&rsquo;avertissement dans la console. (J&rsquo;ai trouv\u00e9 un jeu de 4 lentilles pour 2 000 dollars sur eBay). La zone des instruments est tr\u00e8s propre. Il poss\u00e8de encore sa radio 8 pistes d&rsquo;origine. Elle est \u00e9quip\u00e9e d&rsquo;un volant inclinable. Les si\u00e8ges sont rembourr\u00e9s et disposent d&rsquo;appuis-t\u00eate rares. Il est \u00e9galement \u00e9quip\u00e9 de ceintures de s\u00e9curit\u00e9 de luxe. Il est \u00e9galement dot\u00e9 du groupe de visibilit\u00e9 qui comprend un r\u00e9troviseur \u00e0 distance et un ensemble d&rsquo;\u00e9clairage. Dans l&rsquo;ensemble, tr\u00e8s belle forme.<\/div>\n<div class=\"content\">\n<h4 class=\"equipment-list\"><strong>COMPARTIMENT MOTEUR :<\/strong><\/h4>\n<\/div>\n<div class=\"content\">\n<div class=\"equipment-list\">Il est tr\u00e8s propre et semble compl\u00e8tement stock\u00e9 et complet. Le 289 d&rsquo;origine, dont le num\u00e9ro de vin correspond, fonctionne sans probl\u00e8me. Nous avons d\u00e9mont\u00e9 le moteur et remplac\u00e9 les segments et les joints. Il est \u00e9quip\u00e9 de collecteurs, de couvercles de soupapes et d&rsquo;un filtre \u00e0 air d&rsquo;origine. Tout est l\u00e0 : le tube de mont\u00e9e en temp\u00e9rature, la bouteille de lavage, les conduites de vide, la valve de contr\u00f4le du chauffage, etc. Elle est \u00e9quip\u00e9e de la climatisation, de la direction assist\u00e9e, des freins assist\u00e9s et du r\u00e9gulateur de vitesse. Seulement 80 exemplaires ont \u00e9t\u00e9 fabriqu\u00e9s avec la croisi\u00e8re, le premier que j&rsquo;ai vu ! Tous les composants semblent propres. Les surfaces m\u00e9talliques sont joliment peintes. Il poss\u00e8de encore son \u00e9tiquette d&rsquo;origine qui indique les options et les couleurs.<\/div>\n<h4 class=\"equipment-list\"><strong>COMPARTIMENT DU TRONC:<\/strong><\/h4>\n<\/div>\n<div class=\"content\">\n<div class=\"equipment-list\">Il dispose d&rsquo;une t\u00e9l\u00e9commande \u00e0 l&rsquo;int\u00e9rieur qui permet d&rsquo;ouvrir le coffre. Sous le couvercle du coffre se trouve une tr\u00e8s belle peinture d&rsquo;origine et un joint d&rsquo;\u00e9tanch\u00e9it\u00e9 d&rsquo;origine. Le montant et l&rsquo;int\u00e9rieur sont recouverts d&rsquo;une belle peinture beige. La lumi\u00e8re fonctionne. La roue de secours et le cric sont propres. Nouveau tapis \u00e0 carreaux.<\/div>\n<h4 class=\"equipment-list\"><strong>Dessous:<\/strong><\/h4>\n<\/div>\n<div class=\"content\">\n<div class=\"equipment-list\">Il semble \u00eatre solide comme un roc. Planchers, longerons de ch\u00e2ssis et bo\u00eetes de couple d&rsquo;origine non rouill\u00e9s. Il semble avoir \u00e9t\u00e9 bien entretenu sur le plan m\u00e9canique. Les composants de la direction et de la suspension sont propres. Il est \u00e9quip\u00e9 d&rsquo;un syst\u00e8me d&rsquo;\u00e9chappement double au son agr\u00e9able. Les silencieux et les tuyaux d&rsquo;\u00e9chappement sont neufs. Le r\u00e9servoir de carburant et l&rsquo;unit\u00e9 de transmission ont \u00e9t\u00e9 remplac\u00e9s. Il est \u00e9quip\u00e9 de freins \u00e0 disque \u00e0 l&rsquo;avant, et l&rsquo;ensemble de freinage \u00e9lectronique est branch\u00e9. En regardant le moteur, il est tr\u00e8s propre, la pompe \u00e0 essence semble neuve, le d\u00e9marreur est frais. Elle poss\u00e8de sa bo\u00eete de vitesses automatique C4 d&rsquo;origine et semble tr\u00e8s propre. L&rsquo;\u00e9tiquette d&rsquo;origine est encore attach\u00e9e. Il a \u00e9galement l&rsquo;\u00e9tiquette encore attach\u00e9e \u00e0 l&rsquo;extr\u00e9mit\u00e9 arri\u00e8re d&rsquo;origine. Il s&rsquo;agit d&rsquo;un rapport de 3,00 avec un posi en option.<\/div>\n<h4 class=\"equipment-list\"><strong>SERVICE :<\/strong><\/h4>\n<\/div>\n<div>Nous avons inspect\u00e9 la voiture, d\u00e9mont\u00e9 le moteur et install\u00e9 de nouveaux anneaux, bougies et joints. Nous avons r\u00e9par\u00e9 le levier de vitesse, remplac\u00e9 le modulateur de transmission, lubrifi\u00e9 le train avant, r\u00e9par\u00e9 les boucliers d&rsquo;\u00e9triers et les bagues de barre stabilisatrice et lubrifi\u00e9 les rails de la vitre arri\u00e8re.<\/div>\n<div class=\"content\">\n<div class=\"equipment-list\">\nIl s&rsquo;agit d&rsquo;une Mustang tr\u00e8s rare et document\u00e9e. Je pense qu&rsquo;elle a v\u00e9cu une bonne vie, c&rsquo;est une voiture lisse et droite.<\/div>\n<\/div>\n<p>Utilis\u00e9<\/p>\n<p>Round Lake, Illinois<\/p>\n","protected":false},"excerpt":{"rendered":"<a class=\"button  button_left button_full_width button_size_4 button_theme\" href=\"https:\/\/www.youtube.com\/watch?v=e5qvycXffCE\"      rel=\"prettyphoto \"   title=\"\"><span class=\"button_icon\"><i class=\"icon-play\"  aria-hidden=\"true\"><\/i><\/span><span class=\"button_label\">Regarder la vid\u00e9o de la voiture<\/span><\/a>\n\n","protected":false},"featured_media":289220,"template":"","meta":[],"product_brand":[],"product_cat":[130,106,107],"product_tag":[],"class_list":{"0":"post-289365","1":"product","2":"type-product","3":"status-publish","4":"has-post-thumbnail","6":"product_cat-1968-fr","7":"product_cat-ford-fr","8":"product_cat-mustang-fr","10":"first","11":"instock","12":"featured","13":"sold-individually","14":"shipping-taxable","15":"purchasable","16":"product-type-simple"},"yoast_head":"<!-- This site is optimized with the Yoast SEO plugin v27.4 - https:\/\/yoast.com\/product\/yoast-seo-wordpress\/ -->\n<title>1968 Ford Mustang Convertible V8 289Ci\/195Hp - Voiture de collection \u00e0 vendre<\/title>\n<meta name=\"robots\" content=\"index, follow, max-snippet:-1, max-image-preview:large, max-video-preview:-1\" \/>\n<link rel=\"canonical\" href=\"https:\/\/legendarycarsonline.com\/fr\/product\/1968-ford-mustang-convertible-289ci-195hp-v8\/\" \/>\n<meta property=\"og:locale\" content=\"fr_FR\" \/>\n<meta property=\"og:type\" content=\"article\" \/>\n<meta property=\"og:title\" content=\"1968 Ford Mustang Convertible V8 289Ci\/195Hp - Voiture de collection \u00e0 vendre\" \/>\n<meta property=\"og:url\" content=\"https:\/\/legendarycarsonline.com\/fr\/product\/1968-ford-mustang-convertible-289ci-195hp-v8\/\" \/>\n<meta property=\"og:site_name\" content=\"Voiture de collection \u00e0 vendre\" \/>\n<meta property=\"article:publisher\" content=\"https:\/\/www.facebook.com\/Legendary-Cars-Online-112758273845339\" \/>\n<meta property=\"og:image\" content=\"https:\/\/legendarycarsonline.com\/wp-content\/uploads\/2023\/05\/57-17-1.jpg\" \/>\n\t<meta property=\"og:image:width\" content=\"1200\" \/>\n\t<meta property=\"og:image:height\" content=\"800\" \/>\n\t<meta property=\"og:image:type\" content=\"image\/jpeg\" \/>\n<meta name=\"twitter:card\" content=\"summary_large_image\" \/>\n<meta name=\"twitter:description\" content=\"[button title=&quot;Regarder la vid\u00e9o de la voiture&quot; icon=&quot;icon-play&quot; icon_position=&quot;left&quot; color=&quot;theme&quot; size=&quot;4&quot; full_width=&quot;100%&quot; link=&quot;https:\/\/www.youtube.com\/watch?v=e5qvycXffCE&quot; class=&quot;prettyphoto&quot;]\" \/>\n<meta name=\"twitter:label1\" content=\"Dur\u00e9e de lecture estim\u00e9e\" \/>\n\t<meta name=\"twitter:data1\" content=\"4 minutes\" \/>\n<script type=\"application\/ld+json\" class=\"yoast-schema-graph\">{\"@context\":\"https:\\\/\\\/schema.org\",\"@graph\":[{\"@type\":\"WebPage\",\"@id\":\"https:\\\/\\\/legendarycarsonline.com\\\/fr\\\/product\\\/1968-ford-mustang-convertible-289ci-195hp-v8\\\/\",\"url\":\"https:\\\/\\\/legendarycarsonline.com\\\/fr\\\/product\\\/1968-ford-mustang-convertible-289ci-195hp-v8\\\/\",\"name\":\"1968 Ford Mustang Convertible V8 289Ci\\\/195Hp - Voiture de collection \u00e0 vendre\",\"isPartOf\":{\"@id\":\"https:\\\/\\\/legendarycarsonline.com\\\/fr\\\/#website\"},\"primaryImageOfPage\":{\"@id\":\"https:\\\/\\\/legendarycarsonline.com\\\/fr\\\/product\\\/1968-ford-mustang-convertible-289ci-195hp-v8\\\/#primaryimage\"},\"image\":{\"@id\":\"https:\\\/\\\/legendarycarsonline.com\\\/fr\\\/product\\\/1968-ford-mustang-convertible-289ci-195hp-v8\\\/#primaryimage\"},\"thumbnailUrl\":\"https:\\\/\\\/legendarycarsonline.com\\\/wp-content\\\/uploads\\\/2023\\\/05\\\/57-17-1.jpg\",\"datePublished\":\"2023-05-04T14:55:05+00:00\",\"breadcrumb\":{\"@id\":\"https:\\\/\\\/legendarycarsonline.com\\\/fr\\\/product\\\/1968-ford-mustang-convertible-289ci-195hp-v8\\\/#breadcrumb\"},\"inLanguage\":\"fr-FR\",\"potentialAction\":[{\"@type\":\"ReadAction\",\"target\":[\"https:\\\/\\\/legendarycarsonline.com\\\/fr\\\/product\\\/1968-ford-mustang-convertible-289ci-195hp-v8\\\/\"]}]},{\"@type\":\"ImageObject\",\"inLanguage\":\"fr-FR\",\"@id\":\"https:\\\/\\\/legendarycarsonline.com\\\/fr\\\/product\\\/1968-ford-mustang-convertible-289ci-195hp-v8\\\/#primaryimage\",\"url\":\"https:\\\/\\\/legendarycarsonline.com\\\/wp-content\\\/uploads\\\/2023\\\/05\\\/57-17-1.jpg\",\"contentUrl\":\"https:\\\/\\\/legendarycarsonline.com\\\/wp-content\\\/uploads\\\/2023\\\/05\\\/57-17-1.jpg\",\"width\":1200,\"height\":800},{\"@type\":\"BreadcrumbList\",\"@id\":\"https:\\\/\\\/legendarycarsonline.com\\\/fr\\\/product\\\/1968-ford-mustang-convertible-289ci-195hp-v8\\\/#breadcrumb\",\"itemListElement\":[{\"@type\":\"ListItem\",\"position\":1,\"name\":\"Shop Cars\",\"item\":\"https:\\\/\\\/legendarycarsonline.com\\\/shop-cars\\\/\"},{\"@type\":\"ListItem\",\"position\":2,\"name\":\"1968 Ford Mustang Convertible V8 289Ci\\\/195Hp\"}]},{\"@type\":\"WebSite\",\"@id\":\"https:\\\/\\\/legendarycarsonline.com\\\/fr\\\/#website\",\"url\":\"https:\\\/\\\/legendarycarsonline.com\\\/fr\\\/\",\"name\":\"Voiture de collection \u00e0 vendre\",\"description\":\"\",\"publisher\":{\"@id\":\"https:\\\/\\\/legendarycarsonline.com\\\/fr\\\/#organization\"},\"potentialAction\":[{\"@type\":\"SearchAction\",\"target\":{\"@type\":\"EntryPoint\",\"urlTemplate\":\"https:\\\/\\\/legendarycarsonline.com\\\/fr\\\/?s={search_term_string}\"},\"query-input\":{\"@type\":\"PropertyValueSpecification\",\"valueRequired\":true,\"valueName\":\"search_term_string\"}}],\"inLanguage\":\"fr-FR\"},{\"@type\":\"Organization\",\"@id\":\"https:\\\/\\\/legendarycarsonline.com\\\/fr\\\/#organization\",\"name\":\"Legendary Cars Online\",\"url\":\"https:\\\/\\\/legendarycarsonline.com\\\/fr\\\/\",\"logo\":{\"@type\":\"ImageObject\",\"inLanguage\":\"fr-FR\",\"@id\":\"https:\\\/\\\/legendarycarsonline.com\\\/fr\\\/#\\\/schema\\\/logo\\\/image\\\/\",\"url\":\"https:\\\/\\\/legendarycarsonline.com\\\/wp-content\\\/uploads\\\/2021\\\/02\\\/Legendary-Cars-Online.png\",\"contentUrl\":\"https:\\\/\\\/legendarycarsonline.com\\\/wp-content\\\/uploads\\\/2021\\\/02\\\/Legendary-Cars-Online.png\",\"width\":275,\"height\":216,\"caption\":\"Legendary Cars Online\"},\"image\":{\"@id\":\"https:\\\/\\\/legendarycarsonline.com\\\/fr\\\/#\\\/schema\\\/logo\\\/image\\\/\"},\"sameAs\":[\"https:\\\/\\\/www.facebook.com\\\/Legendary-Cars-Online-112758273845339\"]}]}<\/script>\n<!-- \/ Yoast SEO plugin. -->","yoast_head_json":{"title":"1968 Ford Mustang Convertible V8 289Ci\/195Hp - Voiture de collection \u00e0 vendre","robots":{"index":"index","follow":"follow","max-snippet":"max-snippet:-1","max-image-preview":"max-image-preview:large","max-video-preview":"max-video-preview:-1"},"canonical":"https:\/\/legendarycarsonline.com\/fr\/product\/1968-ford-mustang-convertible-289ci-195hp-v8\/","og_locale":"fr_FR","og_type":"article","og_title":"1968 Ford Mustang Convertible V8 289Ci\/195Hp - Voiture de collection \u00e0 vendre","og_url":"https:\/\/legendarycarsonline.com\/fr\/product\/1968-ford-mustang-convertible-289ci-195hp-v8\/","og_site_name":"Voiture de collection \u00e0 vendre","article_publisher":"https:\/\/www.facebook.com\/Legendary-Cars-Online-112758273845339","og_image":[{"width":1200,"height":800,"url":"https:\/\/legendarycarsonline.com\/wp-content\/uploads\/2023\/05\/57-17-1.jpg","type":"image\/jpeg"}],"twitter_card":"summary_large_image","twitter_description":"[button title=\"Regarder la vid\u00e9o de la voiture\" icon=\"icon-play\" icon_position=\"left\" color=\"theme\" size=\"4\" full_width=\"100%\" link=\"https:\/\/www.youtube.com\/watch?v=e5qvycXffCE\" class=\"prettyphoto\"]","twitter_misc":{"Dur\u00e9e de lecture estim\u00e9e":"4 minutes"},"schema":{"@context":"https:\/\/schema.org","@graph":[{"@type":"WebPage","@id":"https:\/\/legendarycarsonline.com\/fr\/product\/1968-ford-mustang-convertible-289ci-195hp-v8\/","url":"https:\/\/legendarycarsonline.com\/fr\/product\/1968-ford-mustang-convertible-289ci-195hp-v8\/","name":"1968 Ford Mustang Convertible V8 289Ci\/195Hp - Voiture de collection \u00e0 vendre","isPartOf":{"@id":"https:\/\/legendarycarsonline.com\/fr\/#website"},"primaryImageOfPage":{"@id":"https:\/\/legendarycarsonline.com\/fr\/product\/1968-ford-mustang-convertible-289ci-195hp-v8\/#primaryimage"},"image":{"@id":"https:\/\/legendarycarsonline.com\/fr\/product\/1968-ford-mustang-convertible-289ci-195hp-v8\/#primaryimage"},"thumbnailUrl":"https:\/\/legendarycarsonline.com\/wp-content\/uploads\/2023\/05\/57-17-1.jpg","datePublished":"2023-05-04T14:55:05+00:00","breadcrumb":{"@id":"https:\/\/legendarycarsonline.com\/fr\/product\/1968-ford-mustang-convertible-289ci-195hp-v8\/#breadcrumb"},"inLanguage":"fr-FR","potentialAction":[{"@type":"ReadAction","target":["https:\/\/legendarycarsonline.com\/fr\/product\/1968-ford-mustang-convertible-289ci-195hp-v8\/"]}]},{"@type":"ImageObject","inLanguage":"fr-FR","@id":"https:\/\/legendarycarsonline.com\/fr\/product\/1968-ford-mustang-convertible-289ci-195hp-v8\/#primaryimage","url":"https:\/\/legendarycarsonline.com\/wp-content\/uploads\/2023\/05\/57-17-1.jpg","contentUrl":"https:\/\/legendarycarsonline.com\/wp-content\/uploads\/2023\/05\/57-17-1.jpg","width":1200,"height":800},{"@type":"BreadcrumbList","@id":"https:\/\/legendarycarsonline.com\/fr\/product\/1968-ford-mustang-convertible-289ci-195hp-v8\/#breadcrumb","itemListElement":[{"@type":"ListItem","position":1,"name":"Shop Cars","item":"https:\/\/legendarycarsonline.com\/shop-cars\/"},{"@type":"ListItem","position":2,"name":"1968 Ford Mustang Convertible V8 289Ci\/195Hp"}]},{"@type":"WebSite","@id":"https:\/\/legendarycarsonline.com\/fr\/#website","url":"https:\/\/legendarycarsonline.com\/fr\/","name":"Voiture de collection \u00e0 vendre","description":"","publisher":{"@id":"https:\/\/legendarycarsonline.com\/fr\/#organization"},"potentialAction":[{"@type":"SearchAction","target":{"@type":"EntryPoint","urlTemplate":"https:\/\/legendarycarsonline.com\/fr\/?s={search_term_string}"},"query-input":{"@type":"PropertyValueSpecification","valueRequired":true,"valueName":"search_term_string"}}],"inLanguage":"fr-FR"},{"@type":"Organization","@id":"https:\/\/legendarycarsonline.com\/fr\/#organization","name":"Legendary Cars Online","url":"https:\/\/legendarycarsonline.com\/fr\/","logo":{"@type":"ImageObject","inLanguage":"fr-FR","@id":"https:\/\/legendarycarsonline.com\/fr\/#\/schema\/logo\/image\/","url":"https:\/\/legendarycarsonline.com\/wp-content\/uploads\/2021\/02\/Legendary-Cars-Online.png","contentUrl":"https:\/\/legendarycarsonline.com\/wp-content\/uploads\/2021\/02\/Legendary-Cars-Online.png","width":275,"height":216,"caption":"Legendary Cars Online"},"image":{"@id":"https:\/\/legendarycarsonline.com\/fr\/#\/schema\/logo\/image\/"},"sameAs":["https:\/\/www.facebook.com\/Legendary-Cars-Online-112758273845339"]}]}},"_links":{"self":[{"href":"https:\/\/legendarycarsonline.com\/fr\/wp-json\/wp\/v2\/product\/289365","targetHints":{"allow":["GET"]}}],"collection":[{"href":"https:\/\/legendarycarsonline.com\/fr\/wp-json\/wp\/v2\/product"}],"about":[{"href":"https:\/\/legendarycarsonline.com\/fr\/wp-json\/wp\/v2\/types\/product"}],"wp:featuredmedia":[{"embeddable":true,"href":"https:\/\/legendarycarsonline.com\/fr\/wp-json\/wp\/v2\/media\/289220"}],"wp:attachment":[{"href":"https:\/\/legendarycarsonline.com\/fr\/wp-json\/wp\/v2\/media?parent=289365"}],"wp:term":[{"taxonomy":"product_brand","embeddable":true,"href":"https:\/\/legendarycarsonline.com\/fr\/wp-json\/wp\/v2\/product_brand?post=289365"},{"taxonomy":"product_cat","embeddable":true,"href":"https:\/\/legendarycarsonline.com\/fr\/wp-json\/wp\/v2\/product_cat?post=289365"},{"taxonomy":"product_tag","embeddable":true,"href":"https:\/\/legendarycarsonline.com\/fr\/wp-json\/wp\/v2\/product_tag?post=289365"}],"curies":[{"name":"wp","href":"https:\/\/api.w.org\/{rel}","templated":true}]}}