
 {"id":291808,"date":"2023-05-18T08:26:04","date_gmt":"2023-05-18T15:35:04","guid":{"rendered":"https:\/\/legendarycarsonline.com\/product\/1968-chevrolet-camaro-ss-350ci-v8-4-speed-manual\/"},"modified":"2023-05-18T08:35:04","modified_gmt":"2023-05-18T15:35:04","slug":"1968-chevrolet-camaro-ss-350ci-v8-4-speed-manual","status":"publish","type":"product","link":"https:\/\/legendarycarsonline.com\/fr\/product\/1968-chevrolet-camaro-ss-350ci-v8-4-speed-manual\/","title":{"rendered":"1968 Chevrolet Camaro SS 350Ci V8 4-Speed Manual"},"content":{"rendered":"<h2><strong>Caract\u00e9ristiques de l&rsquo;article<\/strong><\/h2>\n<div id=\"viTabs_0_is\" class=\"itemAttr\">\n<div class=\"section\">\n<table role=\"presentation\" width=\"100%\" cellspacing=\"0\" cellpadding=\"0\">\n<tbody>\n<tr>\n<td class=\"attrLabels\">Condition :<\/td>\n<td width=\"30.0%\">Utilis\u00e9<\/td>\n<td class=\"attrLabels\">Ann\u00e9e :<\/td>\n<td width=\"30.0%\">1968<\/td>\n<\/tr>\n<tr>\n<td class=\"attrLabels\">VIN (num\u00e9ro d&rsquo;identification du v\u00e9hicule) :<\/td>\n<td width=\"30.0%\">123378L3XXXXX<\/td>\n<td class=\"attrLabels\">Kilom\u00e9trage :<\/td>\n<td width=\"30.0%\">6605<\/td>\n<\/tr>\n<tr>\n<td class=\"attrLabels\">Moteur :<\/td>\n<td width=\"30.0%\">\n<div class=\"ux-layout-section-evo__row\">\n<div class=\"ux-layout-section-evo__col\">\n<div class=\"ux-labels-values__values\">\n<div class=\"ux-labels-values__values-content\">\n<div><span class=\"ux-textspans\">350Ci HO<\/span><span style=\"font-family: inherit; font-size: inherit;\"> V8<\/span><\/div>\n<\/div>\n<\/div>\n<\/div>\n<\/div>\n<\/td>\n<td class=\"attrLabels\">Les portes :<\/td>\n<td width=\"30.0%\">2<\/td>\n<\/tr>\n<tr>\n<td class=\"attrLabels\">Mod\u00e8le :<\/td>\n<td width=\"30.0%\">Camaro<\/td>\n<td class=\"attrLabels\">VIN :<\/td>\n<td width=\"30.0%\">123378L3XXXXX<\/td>\n<\/tr>\n<tr>\n<td class=\"attrLabels\">Sous-mod\u00e8le :<\/td>\n<td width=\"30.0%\">&#8211;<\/td>\n<td class=\"attrLabels\">Cylindres :<\/td>\n<td width=\"30.0%\">8-Cyl.<\/td>\n<\/tr>\n<tr>\n<td class=\"attrLabels\">Couleur int\u00e9rieure :<\/td>\n<td width=\"30.0%\">Noir<\/td>\n<td class=\"attrLabels\">Transmission :<\/td>\n<td width=\"30.0%\">Manuel Muncie M21 \u00e0 4 vitesses<\/td>\n<\/tr>\n<tr>\n<td class=\"attrLabels\">Vente par :<\/td>\n<td width=\"30.0%\">Concessionnaire<\/td>\n<td class=\"attrLabels\">Couleur ext\u00e9rieure :<\/td>\n<td width=\"30.0%\">Hugger Orange<\/td>\n<\/tr>\n<tr>\n<td class=\"attrLabels\">Faites :<\/td>\n<td width=\"30.0%\">Chevrolet<\/td>\n<td class=\"attrLabels\">Trim :<\/td>\n<td width=\"30.0%\">Options SS 350, 4 vitesses PS PB<\/td>\n<\/tr>\n<tr>\n<td class=\"attrLabels\">Type de carrosserie :<\/td>\n<td width=\"30.0%\">Coup\u00e9<\/td>\n<td class=\"attrLabels\">Titre du v\u00e9hicule :<\/td>\n<td width=\"30.0%\">Nettoyer<\/td>\n<\/tr>\n<tr>\n<td class=\"attrLabels\">Garantie :<\/td>\n<td width=\"30.0%\">Le v\u00e9hicule n&rsquo;est PAS couvert par une garantie existante<\/td>\n<\/tr>\n<\/tbody>\n<\/table>\n<\/div>\n<\/div>\n<p>&nbsp;<\/p>\n<p><strong><span style=\"font-size: 48px;\">1968 CHEVROLET CAMARO SS OPTIONS 350, 4-SPEED PS PB<\/span><\/strong><\/p>\n<div id=\"stock_options\" class=\"inventory-detailed-description visible-print-block\">\n<div>\n<h3><strong>Superbe Chevrolet Camaro 1968 Hugger Orange avec bandes SS blanches et options. Il est propuls\u00e9 par un moteur GM 350 HO V8 crate avec culasses Vortech, une bo\u00eete de vitesses manuelle Muncie \u00e0 4 rapports et un arri\u00e8re Dana \u00e0 usage intensif avec syst\u00e8me de traction posi. \u00c9quip\u00e9 d&rsquo;une direction assist\u00e9e et de freins \u00e0 disque avant assist\u00e9s pour une conduite s\u00fbre et facile. Les badges SS, le capot, le becquet arri\u00e8re peint, le becquet avant, les vitres teint\u00e9es et les magnifiques garnitures chrom\u00e9es et inoxydables ajoutent \u00e0 l&rsquo;allure muscl\u00e9e de cette Camaro. L&rsquo;int\u00e9rieur est comme une voiture neuve avec de nouveaux si\u00e8ges en PUI, une nouvelle moquette, de nouveaux panneaux de porte, une nouvelle garniture de plafond, un volant en bois de rose et un tableau de bord de grande qualit\u00e9 avec d&rsquo;excellents instruments. Le train d&rsquo;atterrissage est tout aussi beau que le dessus, avec un m\u00e9tal net et des tonnes de nouvelles pi\u00e8ces de suspension et d&rsquo;accessoires. Cette machine de r\u00eave am\u00e9ricaine roule sur de nouveaux pneus chrom\u00e9s American Racing et des pneus radiaux performants pour mettre le caoutchouc sur la route.  <\/strong><\/h3>\n<h4><strong>EXT\u00c9RIEUR :<\/strong><\/h4>\n<ul>\n<li>Carrosserie Camaro de grande qualit\u00e9 structurelle avec ajustement exceptionnel des panneaux<\/li>\n<li>Peint par un professionnel en orange Hugger avec des bandes blanches sur le capot.<\/li>\n<li>Nouveau pare-brise PPG et nouvelles vitres lat\u00e9rales Astro Ventilation<\/li>\n<li>Tous les \u00e9l\u00e9ments brillants, les joints d&rsquo;\u00e9tanch\u00e9it\u00e9, les pare-chocs et les badges sont comme neufs.<\/li>\n<li>Nouveaux badges et embl\u00e8mes SS<\/li>\n<li>Spoilers avant et arri\u00e8re<\/li>\n<li>Nouveau American Racing Chrome<\/li>\n<li>Nouveaux pneus radiaux \u00e0 haute performance<\/li>\n<\/ul>\n<h4><strong>INTERIEUR :<\/strong><\/h4>\n<ul>\n<li>Int\u00e9rieur noir remis \u00e0 neuf<\/li>\n<li>Nouveau rev\u00eatement des si\u00e8ges avant et arri\u00e8re de PUI<\/li>\n<li>Isolation acoustique 3M<\/li>\n<li>Volant en bois de rose<\/li>\n<li>MP3\/Ipod\/AM\/FM st\u00e9r\u00e9o<\/li>\n<li>Bo\u00eete de vitesses Hurst<\/li>\n<\/ul>\n<h4><strong>M\u00c9CANIQUE :<\/strong><\/h4>\n<ul>\n<li>GM 350 HO V8 crate engine casting10243880<\/li>\n<li>Culasses Vortec<\/li>\n<li>Mod\u00e8le 4160 Holley 4 bbl carb<\/li>\n<li>Bo\u00eete de vitesses manuelle Muncie M21 \u00e0 4 rapports<\/li>\n<li>Syst\u00e8me de poulie en aluminium March Performance<\/li>\n<li>Collecteurs Hooker \u00e0 rev\u00eatement c\u00e9ramique<\/li>\n<li>Freins \u00e9lectriques \u00e0 disque \u00e0 l&rsquo;avant\/tambours \u00e0 l&rsquo;arri\u00e8re<\/li>\n<li>Direction assist\u00e9e<\/li>\n<\/ul>\n<h4><strong>UNDERCARRIAGE :<\/strong><\/h4>\n<ul>\n<li>Dana 10 bolt posi rear<\/li>\n<li>Essieux de performance de Moser Engineering<\/li>\n<li>\u00c9chappement double Flowmaster de 2,5 pouces<\/li>\n<li>Amortisseurs Edelbrock<\/li>\n<li>Connecteurs de ch\u00e2ssis Moroso<\/li>\n<\/ul>\n<\/div>\n<\/div>\n<p>Utilis\u00e9<\/p>\n<p>Des Moines, IA<\/p>\n","protected":false},"excerpt":{"rendered":"<a class=\"button  button_left button_full_width button_size_4 button_theme\" href=\"https:\/\/www.youtube.com\/watch?v=YJbaug2k0lk\"      rel=\"prettyphoto \"   title=\"\"><span class=\"button_icon\"><i class=\"icon-play\"  aria-hidden=\"true\"><\/i><\/span><span class=\"button_label\">Regarder la vid\u00e9o de la voiture<\/span><\/a>\n\n","protected":false},"featured_media":291779,"template":"","meta":[],"product_brand":[],"product_cat":[130,118,110],"product_tag":[],"class_list":{"0":"post-291808","1":"product","2":"type-product","3":"status-publish","4":"has-post-thumbnail","6":"product_cat-1968-fr","7":"product_cat-camaro-fr","8":"product_cat-chevrolet-fr","10":"first","11":"instock","12":"featured","13":"sold-individually","14":"shipping-taxable","15":"purchasable","16":"product-type-simple"},"yoast_head":"<!-- This site is optimized with the Yoast SEO plugin v27.4 - https:\/\/yoast.com\/product\/yoast-seo-wordpress\/ -->\n<title>1968 Chevrolet Camaro SS 350Ci V8 4-Speed Manual - Voiture de collection \u00e0 vendre<\/title>\n<meta name=\"robots\" content=\"index, follow, max-snippet:-1, max-image-preview:large, max-video-preview:-1\" \/>\n<link rel=\"canonical\" href=\"https:\/\/legendarycarsonline.com\/fr\/product\/1968-chevrolet-camaro-ss-350ci-v8-4-speed-manual\/\" \/>\n<meta property=\"og:locale\" content=\"fr_FR\" \/>\n<meta property=\"og:type\" content=\"article\" \/>\n<meta property=\"og:title\" content=\"1968 Chevrolet Camaro SS 350Ci V8 4-Speed Manual - Voiture de collection \u00e0 vendre\" \/>\n<meta property=\"og:url\" content=\"https:\/\/legendarycarsonline.com\/fr\/product\/1968-chevrolet-camaro-ss-350ci-v8-4-speed-manual\/\" \/>\n<meta property=\"og:site_name\" content=\"Voiture de collection \u00e0 vendre\" \/>\n<meta property=\"article:publisher\" content=\"https:\/\/www.facebook.com\/Legendary-Cars-Online-112758273845339\" \/>\n<meta property=\"og:image\" content=\"https:\/\/legendarycarsonline.com\/wp-content\/uploads\/2023\/05\/1408_p14_l.jpg\" \/>\n\t<meta property=\"og:image:width\" content=\"1920\" \/>\n\t<meta property=\"og:image:height\" content=\"1280\" \/>\n\t<meta property=\"og:image:type\" content=\"image\/jpeg\" \/>\n<meta name=\"twitter:card\" content=\"summary_large_image\" \/>\n<meta name=\"twitter:description\" content=\"[button title=&quot;Regarder la vid\u00e9o de la voiture&quot; icon=&quot;icon-play&quot; icon_position=&quot;left&quot; color=&quot;theme&quot; size=&quot;4&quot; full_width=&quot;100%&quot; link=&quot;https:\/\/www.youtube.com\/watch?v=YJbaug2k0lk&quot; class=&quot;prettyphoto&quot;]\" \/>\n<meta name=\"twitter:label1\" content=\"Dur\u00e9e de lecture estim\u00e9e\" \/>\n\t<meta name=\"twitter:data1\" content=\"2 minutes\" \/>\n<script type=\"application\/ld+json\" class=\"yoast-schema-graph\">{\"@context\":\"https:\\\/\\\/schema.org\",\"@graph\":[{\"@type\":\"WebPage\",\"@id\":\"https:\\\/\\\/legendarycarsonline.com\\\/fr\\\/product\\\/1968-chevrolet-camaro-ss-350ci-v8-4-speed-manual\\\/\",\"url\":\"https:\\\/\\\/legendarycarsonline.com\\\/fr\\\/product\\\/1968-chevrolet-camaro-ss-350ci-v8-4-speed-manual\\\/\",\"name\":\"1968 Chevrolet Camaro SS 350Ci V8 4-Speed Manual - Voiture de collection \u00e0 vendre\",\"isPartOf\":{\"@id\":\"https:\\\/\\\/legendarycarsonline.com\\\/fr\\\/#website\"},\"primaryImageOfPage\":{\"@id\":\"https:\\\/\\\/legendarycarsonline.com\\\/fr\\\/product\\\/1968-chevrolet-camaro-ss-350ci-v8-4-speed-manual\\\/#primaryimage\"},\"image\":{\"@id\":\"https:\\\/\\\/legendarycarsonline.com\\\/fr\\\/product\\\/1968-chevrolet-camaro-ss-350ci-v8-4-speed-manual\\\/#primaryimage\"},\"thumbnailUrl\":\"https:\\\/\\\/legendarycarsonline.com\\\/wp-content\\\/uploads\\\/2023\\\/05\\\/1408_p14_l.jpg\",\"datePublished\":\"2023-05-18T15:35:04+00:00\",\"breadcrumb\":{\"@id\":\"https:\\\/\\\/legendarycarsonline.com\\\/fr\\\/product\\\/1968-chevrolet-camaro-ss-350ci-v8-4-speed-manual\\\/#breadcrumb\"},\"inLanguage\":\"fr-FR\",\"potentialAction\":[{\"@type\":\"ReadAction\",\"target\":[\"https:\\\/\\\/legendarycarsonline.com\\\/fr\\\/product\\\/1968-chevrolet-camaro-ss-350ci-v8-4-speed-manual\\\/\"]}]},{\"@type\":\"ImageObject\",\"inLanguage\":\"fr-FR\",\"@id\":\"https:\\\/\\\/legendarycarsonline.com\\\/fr\\\/product\\\/1968-chevrolet-camaro-ss-350ci-v8-4-speed-manual\\\/#primaryimage\",\"url\":\"https:\\\/\\\/legendarycarsonline.com\\\/wp-content\\\/uploads\\\/2023\\\/05\\\/1408_p14_l.jpg\",\"contentUrl\":\"https:\\\/\\\/legendarycarsonline.com\\\/wp-content\\\/uploads\\\/2023\\\/05\\\/1408_p14_l.jpg\",\"width\":1920,\"height\":1280},{\"@type\":\"BreadcrumbList\",\"@id\":\"https:\\\/\\\/legendarycarsonline.com\\\/fr\\\/product\\\/1968-chevrolet-camaro-ss-350ci-v8-4-speed-manual\\\/#breadcrumb\",\"itemListElement\":[{\"@type\":\"ListItem\",\"position\":1,\"name\":\"Shop Cars\",\"item\":\"https:\\\/\\\/legendarycarsonline.com\\\/shop-cars\\\/\"},{\"@type\":\"ListItem\",\"position\":2,\"name\":\"1968 Chevrolet Camaro SS 350Ci V8 4-Speed Manual\"}]},{\"@type\":\"WebSite\",\"@id\":\"https:\\\/\\\/legendarycarsonline.com\\\/fr\\\/#website\",\"url\":\"https:\\\/\\\/legendarycarsonline.com\\\/fr\\\/\",\"name\":\"Voiture de collection \u00e0 vendre\",\"description\":\"\",\"publisher\":{\"@id\":\"https:\\\/\\\/legendarycarsonline.com\\\/fr\\\/#organization\"},\"potentialAction\":[{\"@type\":\"SearchAction\",\"target\":{\"@type\":\"EntryPoint\",\"urlTemplate\":\"https:\\\/\\\/legendarycarsonline.com\\\/fr\\\/?s={search_term_string}\"},\"query-input\":{\"@type\":\"PropertyValueSpecification\",\"valueRequired\":true,\"valueName\":\"search_term_string\"}}],\"inLanguage\":\"fr-FR\"},{\"@type\":\"Organization\",\"@id\":\"https:\\\/\\\/legendarycarsonline.com\\\/fr\\\/#organization\",\"name\":\"Legendary Cars Online\",\"url\":\"https:\\\/\\\/legendarycarsonline.com\\\/fr\\\/\",\"logo\":{\"@type\":\"ImageObject\",\"inLanguage\":\"fr-FR\",\"@id\":\"https:\\\/\\\/legendarycarsonline.com\\\/fr\\\/#\\\/schema\\\/logo\\\/image\\\/\",\"url\":\"https:\\\/\\\/legendarycarsonline.com\\\/wp-content\\\/uploads\\\/2021\\\/02\\\/Legendary-Cars-Online.png\",\"contentUrl\":\"https:\\\/\\\/legendarycarsonline.com\\\/wp-content\\\/uploads\\\/2021\\\/02\\\/Legendary-Cars-Online.png\",\"width\":275,\"height\":216,\"caption\":\"Legendary Cars Online\"},\"image\":{\"@id\":\"https:\\\/\\\/legendarycarsonline.com\\\/fr\\\/#\\\/schema\\\/logo\\\/image\\\/\"},\"sameAs\":[\"https:\\\/\\\/www.facebook.com\\\/Legendary-Cars-Online-112758273845339\"]}]}<\/script>\n<!-- \/ Yoast SEO plugin. -->","yoast_head_json":{"title":"1968 Chevrolet Camaro SS 350Ci V8 4-Speed Manual - Voiture de collection \u00e0 vendre","robots":{"index":"index","follow":"follow","max-snippet":"max-snippet:-1","max-image-preview":"max-image-preview:large","max-video-preview":"max-video-preview:-1"},"canonical":"https:\/\/legendarycarsonline.com\/fr\/product\/1968-chevrolet-camaro-ss-350ci-v8-4-speed-manual\/","og_locale":"fr_FR","og_type":"article","og_title":"1968 Chevrolet Camaro SS 350Ci V8 4-Speed Manual - Voiture de collection \u00e0 vendre","og_url":"https:\/\/legendarycarsonline.com\/fr\/product\/1968-chevrolet-camaro-ss-350ci-v8-4-speed-manual\/","og_site_name":"Voiture de collection \u00e0 vendre","article_publisher":"https:\/\/www.facebook.com\/Legendary-Cars-Online-112758273845339","og_image":[{"width":1920,"height":1280,"url":"https:\/\/legendarycarsonline.com\/wp-content\/uploads\/2023\/05\/1408_p14_l.jpg","type":"image\/jpeg"}],"twitter_card":"summary_large_image","twitter_description":"[button title=\"Regarder la vid\u00e9o de la voiture\" icon=\"icon-play\" icon_position=\"left\" color=\"theme\" size=\"4\" full_width=\"100%\" link=\"https:\/\/www.youtube.com\/watch?v=YJbaug2k0lk\" class=\"prettyphoto\"]","twitter_misc":{"Dur\u00e9e de lecture estim\u00e9e":"2 minutes"},"schema":{"@context":"https:\/\/schema.org","@graph":[{"@type":"WebPage","@id":"https:\/\/legendarycarsonline.com\/fr\/product\/1968-chevrolet-camaro-ss-350ci-v8-4-speed-manual\/","url":"https:\/\/legendarycarsonline.com\/fr\/product\/1968-chevrolet-camaro-ss-350ci-v8-4-speed-manual\/","name":"1968 Chevrolet Camaro SS 350Ci V8 4-Speed Manual - Voiture de collection \u00e0 vendre","isPartOf":{"@id":"https:\/\/legendarycarsonline.com\/fr\/#website"},"primaryImageOfPage":{"@id":"https:\/\/legendarycarsonline.com\/fr\/product\/1968-chevrolet-camaro-ss-350ci-v8-4-speed-manual\/#primaryimage"},"image":{"@id":"https:\/\/legendarycarsonline.com\/fr\/product\/1968-chevrolet-camaro-ss-350ci-v8-4-speed-manual\/#primaryimage"},"thumbnailUrl":"https:\/\/legendarycarsonline.com\/wp-content\/uploads\/2023\/05\/1408_p14_l.jpg","datePublished":"2023-05-18T15:35:04+00:00","breadcrumb":{"@id":"https:\/\/legendarycarsonline.com\/fr\/product\/1968-chevrolet-camaro-ss-350ci-v8-4-speed-manual\/#breadcrumb"},"inLanguage":"fr-FR","potentialAction":[{"@type":"ReadAction","target":["https:\/\/legendarycarsonline.com\/fr\/product\/1968-chevrolet-camaro-ss-350ci-v8-4-speed-manual\/"]}]},{"@type":"ImageObject","inLanguage":"fr-FR","@id":"https:\/\/legendarycarsonline.com\/fr\/product\/1968-chevrolet-camaro-ss-350ci-v8-4-speed-manual\/#primaryimage","url":"https:\/\/legendarycarsonline.com\/wp-content\/uploads\/2023\/05\/1408_p14_l.jpg","contentUrl":"https:\/\/legendarycarsonline.com\/wp-content\/uploads\/2023\/05\/1408_p14_l.jpg","width":1920,"height":1280},{"@type":"BreadcrumbList","@id":"https:\/\/legendarycarsonline.com\/fr\/product\/1968-chevrolet-camaro-ss-350ci-v8-4-speed-manual\/#breadcrumb","itemListElement":[{"@type":"ListItem","position":1,"name":"Shop Cars","item":"https:\/\/legendarycarsonline.com\/shop-cars\/"},{"@type":"ListItem","position":2,"name":"1968 Chevrolet Camaro SS 350Ci V8 4-Speed Manual"}]},{"@type":"WebSite","@id":"https:\/\/legendarycarsonline.com\/fr\/#website","url":"https:\/\/legendarycarsonline.com\/fr\/","name":"Voiture de collection \u00e0 vendre","description":"","publisher":{"@id":"https:\/\/legendarycarsonline.com\/fr\/#organization"},"potentialAction":[{"@type":"SearchAction","target":{"@type":"EntryPoint","urlTemplate":"https:\/\/legendarycarsonline.com\/fr\/?s={search_term_string}"},"query-input":{"@type":"PropertyValueSpecification","valueRequired":true,"valueName":"search_term_string"}}],"inLanguage":"fr-FR"},{"@type":"Organization","@id":"https:\/\/legendarycarsonline.com\/fr\/#organization","name":"Legendary Cars Online","url":"https:\/\/legendarycarsonline.com\/fr\/","logo":{"@type":"ImageObject","inLanguage":"fr-FR","@id":"https:\/\/legendarycarsonline.com\/fr\/#\/schema\/logo\/image\/","url":"https:\/\/legendarycarsonline.com\/wp-content\/uploads\/2021\/02\/Legendary-Cars-Online.png","contentUrl":"https:\/\/legendarycarsonline.com\/wp-content\/uploads\/2021\/02\/Legendary-Cars-Online.png","width":275,"height":216,"caption":"Legendary Cars Online"},"image":{"@id":"https:\/\/legendarycarsonline.com\/fr\/#\/schema\/logo\/image\/"},"sameAs":["https:\/\/www.facebook.com\/Legendary-Cars-Online-112758273845339"]}]}},"_links":{"self":[{"href":"https:\/\/legendarycarsonline.com\/fr\/wp-json\/wp\/v2\/product\/291808","targetHints":{"allow":["GET"]}}],"collection":[{"href":"https:\/\/legendarycarsonline.com\/fr\/wp-json\/wp\/v2\/product"}],"about":[{"href":"https:\/\/legendarycarsonline.com\/fr\/wp-json\/wp\/v2\/types\/product"}],"wp:featuredmedia":[{"embeddable":true,"href":"https:\/\/legendarycarsonline.com\/fr\/wp-json\/wp\/v2\/media\/291779"}],"wp:attachment":[{"href":"https:\/\/legendarycarsonline.com\/fr\/wp-json\/wp\/v2\/media?parent=291808"}],"wp:term":[{"taxonomy":"product_brand","embeddable":true,"href":"https:\/\/legendarycarsonline.com\/fr\/wp-json\/wp\/v2\/product_brand?post=291808"},{"taxonomy":"product_cat","embeddable":true,"href":"https:\/\/legendarycarsonline.com\/fr\/wp-json\/wp\/v2\/product_cat?post=291808"},{"taxonomy":"product_tag","embeddable":true,"href":"https:\/\/legendarycarsonline.com\/fr\/wp-json\/wp\/v2\/product_tag?post=291808"}],"curies":[{"name":"wp","href":"https:\/\/api.w.org\/{rel}","templated":true}]}}