
 {"id":292443,"date":"2023-06-15T08:32:34","date_gmt":"2023-06-15T15:34:14","guid":{"rendered":"https:\/\/legendarycarsonline.com\/product\/1968-ford-mustang-shelby-gt350-convertible-j-code-v8-302ci-335hp\/"},"modified":"2023-06-15T08:34:14","modified_gmt":"2023-06-15T15:34:14","slug":"1968-ford-mustang-shelby-gt350-convertible-j-code-302ci-335hp-v8","status":"publish","type":"product","link":"https:\/\/legendarycarsonline.com\/fr\/product\/1968-ford-mustang-shelby-gt350-convertible-j-code-302ci-335hp-v8\/","title":{"rendered":"1968 Ford Mustang Shelby GT350 Convertible \u00ab\u00a0J-Code\u00a0\u00bb V8 302Ci\/ 335Hp"},"content":{"rendered":"<h2><strong>Caract\u00e9ristiques de l&rsquo;article<\/strong><\/h2>\n<div id=\"viTabs_0_is\" class=\"itemAttr\">\n<div class=\"section\">\n<table role=\"presentation\" width=\"100%\" cellspacing=\"0\" cellpadding=\"0\">\n<tbody>\n<tr>\n<td class=\"attrLabels\">Condition :<\/td>\n<td width=\"30.0%\">Utilis\u00e9<\/td>\n<td class=\"attrLabels\">Ann\u00e9e :<\/td>\n<td width=\"30.0%\">1968<\/td>\n<\/tr>\n<tr>\n<td class=\"attrLabels\">VIN (num\u00e9ro d&rsquo;identification du v\u00e9hicule) :<\/td>\n<td width=\"30.0%\">\n<div class=\"ux-layout-section__row\">\n<div class=\"ux-labels-values__values\">\n<div class=\"ux-labels-values__values-content\">8T03J2XXXXX<\/div>\n<\/div>\n<\/div>\n<\/td>\n<td class=\"attrLabels\">Kilom\u00e9trage :<\/td>\n<td width=\"30.0%\">7849<\/td>\n<\/tr>\n<tr>\n<td class=\"attrLabels\">Type de carburant :<\/td>\n<td width=\"30.0%\">Essence<\/td>\n<td class=\"attrLabels\">Titre du v\u00e9hicule :<\/td>\n<td width=\"30.0%\">Nettoyer<\/td>\n<\/tr>\n<tr>\n<td class=\"attrLabels\">Type de carrosserie :<\/td>\n<td width=\"30.0%\">Convertible<\/td>\n<td class=\"attrLabels\">Options :<\/td>\n<td width=\"30.0%\">&#8211;<\/td>\n<\/tr>\n<tr>\n<td class=\"attrLabels\">Faites :<\/td>\n<td width=\"30.0%\">Shelby<\/td>\n<td class=\"attrLabels\">Options d&rsquo;alimentation :<\/td>\n<td width=\"30.0%\">&#8211;<\/td>\n<\/tr>\n<tr>\n<td class=\"attrLabels\">Mod\u00e8le :<\/td>\n<td width=\"30.0%\">\n<h2>Shelby GT350<\/h2>\n<\/td>\n<td class=\"attrLabels\">Couleur ext\u00e9rieure :<\/td>\n<td width=\"30.0%\">Highland Green<\/td>\n<\/tr>\n<tr>\n<td class=\"attrLabels\">Sous-mod\u00e8le :<\/td>\n<td width=\"30.0%\">GT350<\/td>\n<td class=\"attrLabels\">Couleur int\u00e9rieure :<\/td>\n<td width=\"30.0%\">Noir<\/td>\n<\/tr>\n<tr>\n<td class=\"attrLabels\">Trim :<\/td>\n<td width=\"30.0%\">SHELBY GT350 D\u00e9capotable \u00ab\u00a0J-Code\u00a0\u00bb<\/td>\n<td class=\"attrLabels\">Transmission :<\/td>\n<td width=\"30.0%\">\n<div class=\"ux-layout-section__row\">\n<div class=\"ux-labels-values__values\">\n<div class=\"ux-labels-values__values-content\">Automatique<\/div>\n<\/div>\n<\/div>\n<\/td>\n<\/tr>\n<tr>\n<td class=\"attrLabels\">Type d&rsquo;entra\u00eenement :<\/td>\n<td width=\"30.0%\">RWD<\/td>\n<td class=\"attrLabels\">Garantie :<\/td>\n<td width=\"30.0%\">Le v\u00e9hicule n&rsquo;est PAS couvert par une garantie existante<\/td>\n<\/tr>\n<tr>\n<td class=\"attrLabels\">Moteur :<\/td>\n<td width=\"30.0%\">V8 302Ci\/335Hp<\/td>\n<td class=\"attrLabels\">Vente par :<\/td>\n<td width=\"30.0%\">\n<div class=\"ux-layout-section__row\">\n<div class=\"ux-labels-values__values\">\n<div class=\"ux-labels-values__values-content\">\n<div>Concessionnaire<\/div>\n<\/div>\n<\/div>\n<\/div>\n<\/td>\n<\/tr>\n<\/tbody>\n<\/table>\n<\/div>\n<\/div>\n<h2><strong>1968 Ford Shelby Mustang GT350 <\/strong><strong>D\u00e9capotable Moteur V8 302Ci\/ 335ch J-Code<\/strong><\/h2>\n<div class=\"vdp-description__head\">\n<h2><strong>Description<\/strong><\/h2>\n<\/div>\n<div class=\"vdp-description__body\">\n<p>Num\u00e9ro Shelby 03156<br \/>\nMoteur V8 302ci\/ 335 ch J-Code<br \/>\nSurcompresseur Shelby Paxton d&rsquo;usine<br \/>\nRapport Marti de luxe<br \/>\n1 des 4 produits avec cette sp\u00e9cification !<br \/>\nMustang Owners Club non restaur\u00e9e Championne nationale 1989<br \/>\nLaur\u00e9at de plusieurs troph\u00e9es<br \/>\nTransmission automatique<br \/>\nFinition en Highland Green avec int\u00e9rieur noir<br \/>\nDirection assist\u00e9e<br \/>\nFreins \u00e0 disque avant assist\u00e9s<br \/>\nRadio AM\/FM<br \/>\nVolant pivotant<br \/>\nVolant inclinable<br \/>\nTachym\u00e8tre<br \/>\nSi\u00e8ges baquets et console<br \/>\nToit d\u00e9capotable \u00e9lectrique<br \/>\nJantes Shelby \u00e0 10 branches<br \/>\nCouvercle de console centrale d\u00e9dicac\u00e9 par Carroll Shelby<br \/>\nV\u00e9hicule de collection priv\u00e9e bichonn\u00e9 et entretenu<\/p>\n<\/div>\n<p>Utilis\u00e9<\/p>\n<p>Ventura, Californie<\/p>\n","protected":false},"excerpt":{"rendered":"<p>Caract\u00e9ristiques de l&rsquo;article Condition : Utilis\u00e9 Ann\u00e9e : 1968 VIN (num\u00e9ro d&rsquo;identification du v\u00e9hicule) : 8T03J2XXXXX Kilom\u00e9trage : 7849 Type de carburant : Essence Titre du<span class=\"excerpt-hellip\"> [\u2026]<\/span><\/p>\n","protected":false},"featured_media":292366,"template":"","meta":[],"product_brand":[],"product_cat":[130,106,138,107,150],"product_tag":[],"class_list":{"0":"post-292443","1":"product","2":"type-product","3":"status-publish","4":"has-post-thumbnail","6":"product_cat-1968-fr","7":"product_cat-ford-fr","8":"product_cat-gt350-fr","9":"product_cat-mustang-fr","10":"product_cat-shelby-fr","12":"first","13":"instock","14":"featured","15":"sold-individually","16":"shipping-taxable","17":"purchasable","18":"product-type-simple"},"yoast_head":"<!-- This site is optimized with the Yoast SEO plugin v27.4 - https:\/\/yoast.com\/product\/yoast-seo-wordpress\/ -->\n<title>1968 Ford Mustang Shelby GT350 Convertible &quot;J-Code&quot; V8 302Ci\/ 335Hp - Voiture de collection \u00e0 vendre<\/title>\n<meta name=\"robots\" content=\"index, follow, max-snippet:-1, max-image-preview:large, max-video-preview:-1\" \/>\n<link rel=\"canonical\" href=\"https:\/\/legendarycarsonline.com\/fr\/product\/1968-ford-mustang-shelby-gt350-convertible-j-code-302ci-335hp-v8\/\" \/>\n<meta property=\"og:locale\" content=\"fr_FR\" \/>\n<meta property=\"og:type\" content=\"article\" \/>\n<meta property=\"og:title\" content=\"1968 Ford Mustang Shelby GT350 Convertible &quot;J-Code&quot; V8 302Ci\/ 335Hp - Voiture de collection \u00e0 vendre\" \/>\n<meta property=\"og:description\" content=\"Caract\u00e9ristiques de l&rsquo;article Condition : Utilis\u00e9 Ann\u00e9e : 1968 VIN (num\u00e9ro d&rsquo;identification du v\u00e9hicule) : 8T03J2XXXXX Kilom\u00e9trage : 7849 Type de carburant : Essence Titre du [\u2026]\" \/>\n<meta property=\"og:url\" content=\"https:\/\/legendarycarsonline.com\/fr\/product\/1968-ford-mustang-shelby-gt350-convertible-j-code-302ci-335hp-v8\/\" \/>\n<meta property=\"og:site_name\" content=\"Voiture de collection \u00e0 vendre\" \/>\n<meta property=\"article:publisher\" content=\"https:\/\/www.facebook.com\/Legendary-Cars-Online-112758273845339\" \/>\n<meta property=\"og:image\" content=\"https:\/\/legendarycarsonline.com\/wp-content\/uploads\/2023\/06\/57-2-2.jpg\" \/>\n\t<meta property=\"og:image:width\" content=\"1422\" \/>\n\t<meta property=\"og:image:height\" content=\"800\" \/>\n\t<meta property=\"og:image:type\" content=\"image\/jpeg\" \/>\n<meta name=\"twitter:card\" content=\"summary_large_image\" \/>\n<meta name=\"twitter:label1\" content=\"Dur\u00e9e de lecture estim\u00e9e\" \/>\n\t<meta name=\"twitter:data1\" content=\"1 minute\" \/>\n<script type=\"application\/ld+json\" class=\"yoast-schema-graph\">{\"@context\":\"https:\\\/\\\/schema.org\",\"@graph\":[{\"@type\":\"WebPage\",\"@id\":\"https:\\\/\\\/legendarycarsonline.com\\\/fr\\\/product\\\/1968-ford-mustang-shelby-gt350-convertible-j-code-302ci-335hp-v8\\\/\",\"url\":\"https:\\\/\\\/legendarycarsonline.com\\\/fr\\\/product\\\/1968-ford-mustang-shelby-gt350-convertible-j-code-302ci-335hp-v8\\\/\",\"name\":\"1968 Ford Mustang Shelby GT350 Convertible \\\"J-Code\\\" V8 302Ci\\\/ 335Hp - Voiture de collection \u00e0 vendre\",\"isPartOf\":{\"@id\":\"https:\\\/\\\/legendarycarsonline.com\\\/fr\\\/#website\"},\"primaryImageOfPage\":{\"@id\":\"https:\\\/\\\/legendarycarsonline.com\\\/fr\\\/product\\\/1968-ford-mustang-shelby-gt350-convertible-j-code-302ci-335hp-v8\\\/#primaryimage\"},\"image\":{\"@id\":\"https:\\\/\\\/legendarycarsonline.com\\\/fr\\\/product\\\/1968-ford-mustang-shelby-gt350-convertible-j-code-302ci-335hp-v8\\\/#primaryimage\"},\"thumbnailUrl\":\"https:\\\/\\\/legendarycarsonline.com\\\/wp-content\\\/uploads\\\/2023\\\/06\\\/57-2-2.jpg\",\"datePublished\":\"2023-06-15T15:34:14+00:00\",\"breadcrumb\":{\"@id\":\"https:\\\/\\\/legendarycarsonline.com\\\/fr\\\/product\\\/1968-ford-mustang-shelby-gt350-convertible-j-code-302ci-335hp-v8\\\/#breadcrumb\"},\"inLanguage\":\"fr-FR\",\"potentialAction\":[{\"@type\":\"ReadAction\",\"target\":[\"https:\\\/\\\/legendarycarsonline.com\\\/fr\\\/product\\\/1968-ford-mustang-shelby-gt350-convertible-j-code-302ci-335hp-v8\\\/\"]}]},{\"@type\":\"ImageObject\",\"inLanguage\":\"fr-FR\",\"@id\":\"https:\\\/\\\/legendarycarsonline.com\\\/fr\\\/product\\\/1968-ford-mustang-shelby-gt350-convertible-j-code-302ci-335hp-v8\\\/#primaryimage\",\"url\":\"https:\\\/\\\/legendarycarsonline.com\\\/wp-content\\\/uploads\\\/2023\\\/06\\\/57-2-2.jpg\",\"contentUrl\":\"https:\\\/\\\/legendarycarsonline.com\\\/wp-content\\\/uploads\\\/2023\\\/06\\\/57-2-2.jpg\",\"width\":1422,\"height\":800},{\"@type\":\"BreadcrumbList\",\"@id\":\"https:\\\/\\\/legendarycarsonline.com\\\/fr\\\/product\\\/1968-ford-mustang-shelby-gt350-convertible-j-code-302ci-335hp-v8\\\/#breadcrumb\",\"itemListElement\":[{\"@type\":\"ListItem\",\"position\":1,\"name\":\"Shop Cars\",\"item\":\"https:\\\/\\\/legendarycarsonline.com\\\/shop-cars\\\/\"},{\"@type\":\"ListItem\",\"position\":2,\"name\":\"1968 Ford Mustang Shelby GT350 Convertible &#8220;J-Code&#8221; V8 302Ci\\\/ 335Hp\"}]},{\"@type\":\"WebSite\",\"@id\":\"https:\\\/\\\/legendarycarsonline.com\\\/fr\\\/#website\",\"url\":\"https:\\\/\\\/legendarycarsonline.com\\\/fr\\\/\",\"name\":\"Voiture de collection \u00e0 vendre\",\"description\":\"\",\"publisher\":{\"@id\":\"https:\\\/\\\/legendarycarsonline.com\\\/fr\\\/#organization\"},\"potentialAction\":[{\"@type\":\"SearchAction\",\"target\":{\"@type\":\"EntryPoint\",\"urlTemplate\":\"https:\\\/\\\/legendarycarsonline.com\\\/fr\\\/?s={search_term_string}\"},\"query-input\":{\"@type\":\"PropertyValueSpecification\",\"valueRequired\":true,\"valueName\":\"search_term_string\"}}],\"inLanguage\":\"fr-FR\"},{\"@type\":\"Organization\",\"@id\":\"https:\\\/\\\/legendarycarsonline.com\\\/fr\\\/#organization\",\"name\":\"Legendary Cars Online\",\"url\":\"https:\\\/\\\/legendarycarsonline.com\\\/fr\\\/\",\"logo\":{\"@type\":\"ImageObject\",\"inLanguage\":\"fr-FR\",\"@id\":\"https:\\\/\\\/legendarycarsonline.com\\\/fr\\\/#\\\/schema\\\/logo\\\/image\\\/\",\"url\":\"https:\\\/\\\/legendarycarsonline.com\\\/wp-content\\\/uploads\\\/2021\\\/02\\\/Legendary-Cars-Online.png\",\"contentUrl\":\"https:\\\/\\\/legendarycarsonline.com\\\/wp-content\\\/uploads\\\/2021\\\/02\\\/Legendary-Cars-Online.png\",\"width\":275,\"height\":216,\"caption\":\"Legendary Cars Online\"},\"image\":{\"@id\":\"https:\\\/\\\/legendarycarsonline.com\\\/fr\\\/#\\\/schema\\\/logo\\\/image\\\/\"},\"sameAs\":[\"https:\\\/\\\/www.facebook.com\\\/Legendary-Cars-Online-112758273845339\"]}]}<\/script>\n<!-- \/ Yoast SEO plugin. -->","yoast_head_json":{"title":"1968 Ford Mustang Shelby GT350 Convertible \"J-Code\" V8 302Ci\/ 335Hp - Voiture de collection \u00e0 vendre","robots":{"index":"index","follow":"follow","max-snippet":"max-snippet:-1","max-image-preview":"max-image-preview:large","max-video-preview":"max-video-preview:-1"},"canonical":"https:\/\/legendarycarsonline.com\/fr\/product\/1968-ford-mustang-shelby-gt350-convertible-j-code-302ci-335hp-v8\/","og_locale":"fr_FR","og_type":"article","og_title":"1968 Ford Mustang Shelby GT350 Convertible \"J-Code\" V8 302Ci\/ 335Hp - Voiture de collection \u00e0 vendre","og_description":"Caract\u00e9ristiques de l&rsquo;article Condition : Utilis\u00e9 Ann\u00e9e : 1968 VIN (num\u00e9ro d&rsquo;identification du v\u00e9hicule) : 8T03J2XXXXX Kilom\u00e9trage : 7849 Type de carburant : Essence Titre du [\u2026]","og_url":"https:\/\/legendarycarsonline.com\/fr\/product\/1968-ford-mustang-shelby-gt350-convertible-j-code-302ci-335hp-v8\/","og_site_name":"Voiture de collection \u00e0 vendre","article_publisher":"https:\/\/www.facebook.com\/Legendary-Cars-Online-112758273845339","og_image":[{"width":1422,"height":800,"url":"https:\/\/legendarycarsonline.com\/wp-content\/uploads\/2023\/06\/57-2-2.jpg","type":"image\/jpeg"}],"twitter_card":"summary_large_image","twitter_misc":{"Dur\u00e9e de lecture estim\u00e9e":"1 minute"},"schema":{"@context":"https:\/\/schema.org","@graph":[{"@type":"WebPage","@id":"https:\/\/legendarycarsonline.com\/fr\/product\/1968-ford-mustang-shelby-gt350-convertible-j-code-302ci-335hp-v8\/","url":"https:\/\/legendarycarsonline.com\/fr\/product\/1968-ford-mustang-shelby-gt350-convertible-j-code-302ci-335hp-v8\/","name":"1968 Ford Mustang Shelby GT350 Convertible \"J-Code\" V8 302Ci\/ 335Hp - Voiture de collection \u00e0 vendre","isPartOf":{"@id":"https:\/\/legendarycarsonline.com\/fr\/#website"},"primaryImageOfPage":{"@id":"https:\/\/legendarycarsonline.com\/fr\/product\/1968-ford-mustang-shelby-gt350-convertible-j-code-302ci-335hp-v8\/#primaryimage"},"image":{"@id":"https:\/\/legendarycarsonline.com\/fr\/product\/1968-ford-mustang-shelby-gt350-convertible-j-code-302ci-335hp-v8\/#primaryimage"},"thumbnailUrl":"https:\/\/legendarycarsonline.com\/wp-content\/uploads\/2023\/06\/57-2-2.jpg","datePublished":"2023-06-15T15:34:14+00:00","breadcrumb":{"@id":"https:\/\/legendarycarsonline.com\/fr\/product\/1968-ford-mustang-shelby-gt350-convertible-j-code-302ci-335hp-v8\/#breadcrumb"},"inLanguage":"fr-FR","potentialAction":[{"@type":"ReadAction","target":["https:\/\/legendarycarsonline.com\/fr\/product\/1968-ford-mustang-shelby-gt350-convertible-j-code-302ci-335hp-v8\/"]}]},{"@type":"ImageObject","inLanguage":"fr-FR","@id":"https:\/\/legendarycarsonline.com\/fr\/product\/1968-ford-mustang-shelby-gt350-convertible-j-code-302ci-335hp-v8\/#primaryimage","url":"https:\/\/legendarycarsonline.com\/wp-content\/uploads\/2023\/06\/57-2-2.jpg","contentUrl":"https:\/\/legendarycarsonline.com\/wp-content\/uploads\/2023\/06\/57-2-2.jpg","width":1422,"height":800},{"@type":"BreadcrumbList","@id":"https:\/\/legendarycarsonline.com\/fr\/product\/1968-ford-mustang-shelby-gt350-convertible-j-code-302ci-335hp-v8\/#breadcrumb","itemListElement":[{"@type":"ListItem","position":1,"name":"Shop Cars","item":"https:\/\/legendarycarsonline.com\/shop-cars\/"},{"@type":"ListItem","position":2,"name":"1968 Ford Mustang Shelby GT350 Convertible &#8220;J-Code&#8221; V8 302Ci\/ 335Hp"}]},{"@type":"WebSite","@id":"https:\/\/legendarycarsonline.com\/fr\/#website","url":"https:\/\/legendarycarsonline.com\/fr\/","name":"Voiture de collection \u00e0 vendre","description":"","publisher":{"@id":"https:\/\/legendarycarsonline.com\/fr\/#organization"},"potentialAction":[{"@type":"SearchAction","target":{"@type":"EntryPoint","urlTemplate":"https:\/\/legendarycarsonline.com\/fr\/?s={search_term_string}"},"query-input":{"@type":"PropertyValueSpecification","valueRequired":true,"valueName":"search_term_string"}}],"inLanguage":"fr-FR"},{"@type":"Organization","@id":"https:\/\/legendarycarsonline.com\/fr\/#organization","name":"Legendary Cars Online","url":"https:\/\/legendarycarsonline.com\/fr\/","logo":{"@type":"ImageObject","inLanguage":"fr-FR","@id":"https:\/\/legendarycarsonline.com\/fr\/#\/schema\/logo\/image\/","url":"https:\/\/legendarycarsonline.com\/wp-content\/uploads\/2021\/02\/Legendary-Cars-Online.png","contentUrl":"https:\/\/legendarycarsonline.com\/wp-content\/uploads\/2021\/02\/Legendary-Cars-Online.png","width":275,"height":216,"caption":"Legendary Cars Online"},"image":{"@id":"https:\/\/legendarycarsonline.com\/fr\/#\/schema\/logo\/image\/"},"sameAs":["https:\/\/www.facebook.com\/Legendary-Cars-Online-112758273845339"]}]}},"_links":{"self":[{"href":"https:\/\/legendarycarsonline.com\/fr\/wp-json\/wp\/v2\/product\/292443","targetHints":{"allow":["GET"]}}],"collection":[{"href":"https:\/\/legendarycarsonline.com\/fr\/wp-json\/wp\/v2\/product"}],"about":[{"href":"https:\/\/legendarycarsonline.com\/fr\/wp-json\/wp\/v2\/types\/product"}],"wp:featuredmedia":[{"embeddable":true,"href":"https:\/\/legendarycarsonline.com\/fr\/wp-json\/wp\/v2\/media\/292366"}],"wp:attachment":[{"href":"https:\/\/legendarycarsonline.com\/fr\/wp-json\/wp\/v2\/media?parent=292443"}],"wp:term":[{"taxonomy":"product_brand","embeddable":true,"href":"https:\/\/legendarycarsonline.com\/fr\/wp-json\/wp\/v2\/product_brand?post=292443"},{"taxonomy":"product_cat","embeddable":true,"href":"https:\/\/legendarycarsonline.com\/fr\/wp-json\/wp\/v2\/product_cat?post=292443"},{"taxonomy":"product_tag","embeddable":true,"href":"https:\/\/legendarycarsonline.com\/fr\/wp-json\/wp\/v2\/product_tag?post=292443"}],"curies":[{"name":"wp","href":"https:\/\/api.w.org\/{rel}","templated":true}]}}