
 {"id":292587,"date":"2023-06-16T06:29:59","date_gmt":"2023-06-16T13:31:43","guid":{"rendered":"https:\/\/legendarycarsonline.com\/product\/1966-ford-mustang-fastabck-shelby-gt350h-k-code-289ci-v8-5-speed-manual\/"},"modified":"2023-06-16T06:31:43","modified_gmt":"2023-06-16T13:31:43","slug":"1966-ford-mustang-fastabck-shelby-gt350h-k-code289ci-v8-5-speed-manual","status":"publish","type":"product","link":"https:\/\/legendarycarsonline.com\/fr\/product\/1966-ford-mustang-fastabck-shelby-gt350h-k-code289ci-v8-5-speed-manual\/","title":{"rendered":"1966 Ford Mustang Fastabck SHELBY GT350H \u00ab\u00a0K-Code \u00ab\u00a0289Ci V8 5-Speed Manual"},"content":{"rendered":"<h2><strong>Caract\u00e9ristiques de l&rsquo;article<\/strong><\/h2>\n<div id=\"viTabs_0_is\" class=\"itemAttr\">\n<div class=\"section\">\n<table role=\"presentation\" width=\"100%\" cellspacing=\"0\" cellpadding=\"0\">\n<tbody>\n<tr>\n<td class=\"attrLabels\">Condition :<\/td>\n<td width=\"30.0%\">Utilis\u00e9<\/td>\n<td class=\"attrLabels\">Ann\u00e9e :<\/td>\n<td width=\"30.0%\">1966<\/td>\n<\/tr>\n<tr>\n<td class=\"attrLabels\">VIN (num\u00e9ro d&rsquo;identification du v\u00e9hicule) :<\/td>\n<td width=\"30.0%\">6R09K1XXXXX<\/td>\n<td class=\"attrLabels\">Kilom\u00e9trage :<\/td>\n<td width=\"30.0%\">69124<\/td>\n<\/tr>\n<tr>\n<td class=\"attrLabels\">Faites :<\/td>\n<td width=\"30.0%\">Ford<\/td>\n<td class=\"attrLabels\">Couleur ext\u00e9rieure :<\/td>\n<td width=\"30.0%\">Noir corbeau<\/td>\n<\/tr>\n<tr>\n<td class=\"attrLabels\">Mod\u00e8le :<\/td>\n<td width=\"30.0%\">Mustang Fatsback GT350H<\/td>\n<td class=\"attrLabels\">Couleur int\u00e9rieure :<\/td>\n<td width=\"30.0%\">Noir<\/td>\n<\/tr>\n<tr>\n<td class=\"attrLabels\">Sous-mod\u00e8le :<\/td>\n<td width=\"30.0%\">Fastback<\/td>\n<td class=\"attrLabels\">VIN :<\/td>\n<td width=\"30.0%\">6R09K1XXXXX<\/td>\n<\/tr>\n<tr>\n<td class=\"attrLabels\">Moteur :<\/td>\n<td width=\"30.0%\">V8 289Ci<\/td>\n<td class=\"attrLabels\">Type de carrosserie :<\/td>\n<td width=\"30.0%\">Fastback<\/td>\n<\/tr>\n<tr>\n<td class=\"attrLabels\">Cylindres :<\/td>\n<td width=\"30.0%\">8-Cyl.<\/td>\n<td class=\"attrLabels\">Garantie :<\/td>\n<td width=\"30.0%\">Le v\u00e9hicule n&rsquo;est PAS couvert par une garantie existante<\/td>\n<\/tr>\n<tr>\n<td class=\"attrLabels\">Transmission :<\/td>\n<td width=\"30.0%\">Manuel \u00e0 5 vitesses<\/td>\n<td class=\"attrLabels\">Vente par :<\/td>\n<td width=\"30.0%\">Concessionnaire<\/td>\n<\/tr>\n<tr>\n<td class=\"attrLabels\">Les portes :<\/td>\n<td width=\"30.0%\">2<\/td>\n<td class=\"attrLabels\">Trim :<\/td>\n<td width=\"30.0%\">GT350H Fastback<\/td>\n<\/tr>\n<tr>\n<td class=\"attrLabels\">Titre du v\u00e9hicule :<\/td>\n<td width=\"30.0%\">Nettoyer<\/td>\n<\/tr>\n<\/tbody>\n<\/table>\n<\/div>\n<\/div>\n<h2><strong>1966 Ford Mustang Fastabck SHELBY GT350H \u00ab\u00a0K-Code\u00a0\u00bb 289Ci V8 5-Speed Manual  <\/strong><\/h2>\n<div id=\"vehicle-description\" class=\"active vehicle-info-section\">\n<h2 class=\"info-headline\"><strong>DESCRIPTION<\/strong><\/h2>\n<div class=\"default-header\"><strong>CODE K D\u00c9SIRABLE, 289 V8, 5SPD TRANS, FONCTIONNE\/CONDUIT BIEN, LIVR\u00c9E HERTZ, BELLE CONDUITE<\/strong><\/div>\n<p>Cette Ford Mustang fastback de 1966 est con\u00e7ue pour rendre hommage \u00e0 une GT350H, mais elle cache un secret encore plus grand. Le num\u00e9ro d&rsquo;identification est celui d&rsquo;une voiture d&rsquo;usine \u00e0 code K ! Cette raret\u00e9 et cette lign\u00e9e de performances expliquent pourquoi cette voiture a b\u00e9n\u00e9fici\u00e9 d&rsquo;investissements tels qu&rsquo;une transmission \u00e0 cinq vitesses et un puissant V8 bien construit sous le capot.<\/p>\n<p>Il s&rsquo;agit d&rsquo;une pr\u00e9sentation personnalis\u00e9e tr\u00e8s cool d&rsquo;une ic\u00f4ne. La peinture noire avec des bandes dor\u00e9es emprunte la livr\u00e9e Shelby GT350 Hertz que nous aimons tous. Celui-ci semble faire un excellent travail de construction d\u00e9taill\u00e9e. On retrouve donc l&rsquo;\u00e9cope de capot de la GT350, les goupilles de capot, la calandre nette avec l&#8217;embl\u00e8me du poney d\u00e9cal\u00e9, les \u00e9copes lat\u00e9rales et de nombreux badges Shelby corrects. Il y a m\u00eame des logos Hertz classiques dans les enjoliveurs des roues magiques. On sent qu&rsquo;il a \u00e9t\u00e9 con\u00e7u pour \u00eatre un conducteur, et c&rsquo;est certainement un compliment. La livr\u00e9e compl\u00e8te de Hertz a un beau lustre sans cr\u00e9er d&rsquo;anxi\u00e9t\u00e9 au niveau du mus\u00e9e, de sorte que votre sourire est authentique lors de chaque trajet du dimanche. Les pare-chocs au chrome \u00e9clatant, les porti\u00e8res bien ajust\u00e9es et les vitres propres permettent de voir tous les angles de l&rsquo;ext\u00e9rieur pour que tout le monde comprenne qu&rsquo;il s&rsquo;agit d&rsquo;un poney puissant, saisissant et d\u00e9taill\u00e9.<\/p>\n<p>L&rsquo;int\u00e9rieur conserve l&rsquo;ambiance Shelby. L&rsquo;ensemble noir complet est dot\u00e9 d&rsquo;une moquette moelleuse, d&rsquo;une bonne sellerie et d&rsquo;un tableau de bord lisse, ce qui le rend pr\u00eat \u00e0 prendre la route. Les am\u00e9liorations Shelby comprennent des ceintures de s\u00e9curit\u00e9 avant de type comp\u00e9tition, un volant sport gain\u00e9 de bois avec un embout central Cobra, et un tachym\u00e8tre de type comp\u00e9tition Cobra mont\u00e9 en \u00e9vidence sur le tableau de bord. D&rsquo;autres caract\u00e9ristiques sportives sont \u00e9galement pr\u00e9sentes, comme les cadrans ronds et la banquette arri\u00e8re rabattable. De plus, vous savez qu&rsquo;elle a \u00e9t\u00e9 con\u00e7ue pour \u00eatre une voiture de conducteur lorsque vous comptez le nombre de vitesses sur le levier de vitesses.<\/p>\n<p>Le compartiment moteur pr\u00e9sente un style soign\u00e9 qui laisse entrevoir la puissance qu&rsquo;il renferme. Ce V8 de 289 pouces cubes est un bloc de remplacement, mais on nous dit qu&rsquo;il s&rsquo;agit d&rsquo;un moteur HiPo K-code (il y a des photos qui le prouvent, mais pas de v\u00e9rification secondaire). Il a les bonnes culasses, l&rsquo;alternateur et d&rsquo;autres d\u00e9tails que vous voulez sur un V8 K-code. Le moteur a \u00e9t\u00e9 enti\u00e8rement reconstruit dans le cadre d&rsquo;une restauration compl\u00e8te dans les ann\u00e9es 1980-90 et continue d&rsquo;avoir fi\u00e8re allure gr\u00e2ce \u00e0 des investissements constants. On retrouve donc des composants plus r\u00e9cents, comme le distributeur MSD, des conduites en acier tress\u00e9, des couvercles de soupapes \u00e0 ailettes Cobra et un r\u00e9servoir d&rsquo;essence plus r\u00e9cent. Ce moteur \u00e0 haut rendement produit une sonorit\u00e9 exceptionnelle gr\u00e2ce \u00e0 son double \u00e9chappement. Et vous ma\u00eetrisez encore mieux le son et la fureur du V8 gr\u00e2ce \u00e0 la bo\u00eete de vitesses manuelle \u00e0 cinq rapports am\u00e9lior\u00e9e. En v\u00e9ritable hommage \u00e0 Shelby, elle veut que vous vous mettiez au volant pour rouler sur le bitume. Mais il le fait aussi avec confiance gr\u00e2ce \u00e0 des caract\u00e9ristiques telles que les amortisseurs Koni, les freins \u00e0 disque avant et les barres de traction arri\u00e8re. On nous dit m\u00eame qu&rsquo;il est \u00e9quip\u00e9 d&rsquo;un train arri\u00e8re polyvalent \u00e0 glissement limit\u00e9 de 3,73.<\/p>\n<p>La vente comprend les re\u00e7us de construction, les dossiers d&rsquo;entretien et les photos de v\u00e9rification. Les fastbacks \u00e0 code K \u00e9taient les v\u00e9ritables \u00ab\u00a0one-percenters\u00a0\u00bb des premi\u00e8res ann\u00e9es de production de la Mustang. Cela lui conf\u00e8re une raret\u00e9 impressionnante, avant m\u00eame d&rsquo;appr\u00e9cier l&rsquo;apparence de la GT350H et l&rsquo;attitude impressionnante de son conducteur. Alors oui, c&rsquo;est un classique que vous aimerez poss\u00e9der et conduire. Appelez-nous !<\/p>\n<\/div>\n<div class=\"features-and-docs\">\n<div id=\"features\" class=\"vehicle-option-container vehicle-info-section\">\n<h2 class=\"info-headline\"><strong>FEATURES<\/strong><\/h2>\n<ul class=\"features-list\">\n<li>Ceintures de s\u00e9curit\u00e9<\/li>\n<li>Freins \u00e0 disque avant<\/li>\n<li>Int\u00e9rieur en vinyle<\/li>\n<li>Chaleur<\/li>\n<li>Radio AM<\/li>\n<\/ul>\n<\/div>\n<div id=\"documents\" class=\"vehicle-option-container vehicle-info-section\">\n<h2 class=\"info-headline\"><strong>DOCUMENTATION<\/strong><\/h2>\n<ul class=\"features-list\">\n<li>Photos de la restauration<\/li>\n<li>Registres de maintenance<\/li>\n<li>Recettes de construction<\/li>\n<\/ul>\n<p>Utilis\u00e9<\/p>\n<p>Concorde, Caroline du Nord<\/p>\n<\/div>\n<\/div>\n","protected":false},"excerpt":{"rendered":"<a class=\"button  button_left button_full_width button_size_4 button_theme\" href=\"https:\/\/www.youtube.com\/watch?v=HgG8jmZrn2M\"      rel=\"prettyphoto \"   title=\"\"><span class=\"button_icon\"><i class=\"icon-play\"  aria-hidden=\"true\"><\/i><\/span><span class=\"button_label\">Regarder la vid\u00e9o de la voiture<\/span><\/a>\n\n","protected":false},"featured_media":292450,"template":"","meta":[],"product_brand":[],"product_cat":[109,106,138,155,107,150],"product_tag":[],"class_list":{"0":"post-292587","1":"product","2":"type-product","3":"status-publish","4":"has-post-thumbnail","6":"product_cat-1966-fr","7":"product_cat-ford-fr","8":"product_cat-gt350-fr","9":"product_cat-gt350h-fr","10":"product_cat-mustang-fr","11":"product_cat-shelby-fr","13":"first","14":"instock","15":"featured","16":"sold-individually","17":"shipping-taxable","18":"purchasable","19":"product-type-simple"},"yoast_head":"<!-- This site is optimized with the Yoast SEO plugin v27.4 - https:\/\/yoast.com\/product\/yoast-seo-wordpress\/ -->\n<title>1966 Ford Mustang Fastabck SHELBY GT350H &quot;K-Code &quot;289Ci V8 5-Speed Manual - Voiture de collection \u00e0 vendre<\/title>\n<meta name=\"robots\" content=\"index, follow, max-snippet:-1, max-image-preview:large, max-video-preview:-1\" \/>\n<link rel=\"canonical\" href=\"https:\/\/legendarycarsonline.com\/fr\/product\/1966-ford-mustang-fastabck-shelby-gt350h-k-code289ci-v8-5-speed-manual\/\" \/>\n<meta property=\"og:locale\" content=\"fr_FR\" \/>\n<meta property=\"og:type\" content=\"article\" \/>\n<meta property=\"og:title\" content=\"1966 Ford Mustang Fastabck SHELBY GT350H &quot;K-Code &quot;289Ci V8 5-Speed Manual - Voiture de collection \u00e0 vendre\" \/>\n<meta property=\"og:url\" content=\"https:\/\/legendarycarsonline.com\/fr\/product\/1966-ford-mustang-fastabck-shelby-gt350h-k-code289ci-v8-5-speed-manual\/\" \/>\n<meta property=\"og:site_name\" content=\"Voiture de collection \u00e0 vendre\" \/>\n<meta property=\"article:publisher\" content=\"https:\/\/www.facebook.com\/Legendary-Cars-Online-112758273845339\" \/>\n<meta property=\"og:image\" content=\"https:\/\/legendarycarsonline.com\/wp-content\/uploads\/2023\/06\/1966-ford-mustang-fastback-k-code-3.jpg\" \/>\n\t<meta property=\"og:image:width\" content=\"1920\" \/>\n\t<meta property=\"og:image:height\" content=\"1280\" \/>\n\t<meta property=\"og:image:type\" content=\"image\/jpeg\" \/>\n<meta name=\"twitter:card\" content=\"summary_large_image\" \/>\n<meta name=\"twitter:description\" content=\"[button title=&quot;Regarder la vid\u00e9o de la voiture&quot; icon=&quot;icon-play&quot; icon_position=&quot;left&quot; color=&quot;theme&quot; size=&quot;4&quot; full_width=&quot;100%&quot; link=&quot;https:\/\/www.youtube.com\/watch?v=HgG8jmZrn2M&quot; class=&quot;prettyphoto&quot;]\" \/>\n<meta name=\"twitter:label1\" content=\"Dur\u00e9e de lecture estim\u00e9e\" \/>\n\t<meta name=\"twitter:data1\" content=\"4 minutes\" \/>\n<script type=\"application\/ld+json\" class=\"yoast-schema-graph\">{\"@context\":\"https:\\\/\\\/schema.org\",\"@graph\":[{\"@type\":\"WebPage\",\"@id\":\"https:\\\/\\\/legendarycarsonline.com\\\/fr\\\/product\\\/1966-ford-mustang-fastabck-shelby-gt350h-k-code289ci-v8-5-speed-manual\\\/\",\"url\":\"https:\\\/\\\/legendarycarsonline.com\\\/fr\\\/product\\\/1966-ford-mustang-fastabck-shelby-gt350h-k-code289ci-v8-5-speed-manual\\\/\",\"name\":\"1966 Ford Mustang Fastabck SHELBY GT350H \\\"K-Code \\\"289Ci V8 5-Speed Manual - Voiture de collection \u00e0 vendre\",\"isPartOf\":{\"@id\":\"https:\\\/\\\/legendarycarsonline.com\\\/fr\\\/#website\"},\"primaryImageOfPage\":{\"@id\":\"https:\\\/\\\/legendarycarsonline.com\\\/fr\\\/product\\\/1966-ford-mustang-fastabck-shelby-gt350h-k-code289ci-v8-5-speed-manual\\\/#primaryimage\"},\"image\":{\"@id\":\"https:\\\/\\\/legendarycarsonline.com\\\/fr\\\/product\\\/1966-ford-mustang-fastabck-shelby-gt350h-k-code289ci-v8-5-speed-manual\\\/#primaryimage\"},\"thumbnailUrl\":\"https:\\\/\\\/legendarycarsonline.com\\\/wp-content\\\/uploads\\\/2023\\\/06\\\/1966-ford-mustang-fastback-k-code-3.jpg\",\"datePublished\":\"2023-06-16T13:31:43+00:00\",\"breadcrumb\":{\"@id\":\"https:\\\/\\\/legendarycarsonline.com\\\/fr\\\/product\\\/1966-ford-mustang-fastabck-shelby-gt350h-k-code289ci-v8-5-speed-manual\\\/#breadcrumb\"},\"inLanguage\":\"fr-FR\",\"potentialAction\":[{\"@type\":\"ReadAction\",\"target\":[\"https:\\\/\\\/legendarycarsonline.com\\\/fr\\\/product\\\/1966-ford-mustang-fastabck-shelby-gt350h-k-code289ci-v8-5-speed-manual\\\/\"]}]},{\"@type\":\"ImageObject\",\"inLanguage\":\"fr-FR\",\"@id\":\"https:\\\/\\\/legendarycarsonline.com\\\/fr\\\/product\\\/1966-ford-mustang-fastabck-shelby-gt350h-k-code289ci-v8-5-speed-manual\\\/#primaryimage\",\"url\":\"https:\\\/\\\/legendarycarsonline.com\\\/wp-content\\\/uploads\\\/2023\\\/06\\\/1966-ford-mustang-fastback-k-code-3.jpg\",\"contentUrl\":\"https:\\\/\\\/legendarycarsonline.com\\\/wp-content\\\/uploads\\\/2023\\\/06\\\/1966-ford-mustang-fastback-k-code-3.jpg\",\"width\":1920,\"height\":1280},{\"@type\":\"BreadcrumbList\",\"@id\":\"https:\\\/\\\/legendarycarsonline.com\\\/fr\\\/product\\\/1966-ford-mustang-fastabck-shelby-gt350h-k-code289ci-v8-5-speed-manual\\\/#breadcrumb\",\"itemListElement\":[{\"@type\":\"ListItem\",\"position\":1,\"name\":\"Shop Cars\",\"item\":\"https:\\\/\\\/legendarycarsonline.com\\\/shop-cars\\\/\"},{\"@type\":\"ListItem\",\"position\":2,\"name\":\"1966 Ford Mustang Fastabck SHELBY GT350H &#8220;K-Code &#8220;289Ci V8 5-Speed Manual\"}]},{\"@type\":\"WebSite\",\"@id\":\"https:\\\/\\\/legendarycarsonline.com\\\/fr\\\/#website\",\"url\":\"https:\\\/\\\/legendarycarsonline.com\\\/fr\\\/\",\"name\":\"Voiture de collection \u00e0 vendre\",\"description\":\"\",\"publisher\":{\"@id\":\"https:\\\/\\\/legendarycarsonline.com\\\/fr\\\/#organization\"},\"potentialAction\":[{\"@type\":\"SearchAction\",\"target\":{\"@type\":\"EntryPoint\",\"urlTemplate\":\"https:\\\/\\\/legendarycarsonline.com\\\/fr\\\/?s={search_term_string}\"},\"query-input\":{\"@type\":\"PropertyValueSpecification\",\"valueRequired\":true,\"valueName\":\"search_term_string\"}}],\"inLanguage\":\"fr-FR\"},{\"@type\":\"Organization\",\"@id\":\"https:\\\/\\\/legendarycarsonline.com\\\/fr\\\/#organization\",\"name\":\"Legendary Cars Online\",\"url\":\"https:\\\/\\\/legendarycarsonline.com\\\/fr\\\/\",\"logo\":{\"@type\":\"ImageObject\",\"inLanguage\":\"fr-FR\",\"@id\":\"https:\\\/\\\/legendarycarsonline.com\\\/fr\\\/#\\\/schema\\\/logo\\\/image\\\/\",\"url\":\"https:\\\/\\\/legendarycarsonline.com\\\/wp-content\\\/uploads\\\/2021\\\/02\\\/Legendary-Cars-Online.png\",\"contentUrl\":\"https:\\\/\\\/legendarycarsonline.com\\\/wp-content\\\/uploads\\\/2021\\\/02\\\/Legendary-Cars-Online.png\",\"width\":275,\"height\":216,\"caption\":\"Legendary Cars Online\"},\"image\":{\"@id\":\"https:\\\/\\\/legendarycarsonline.com\\\/fr\\\/#\\\/schema\\\/logo\\\/image\\\/\"},\"sameAs\":[\"https:\\\/\\\/www.facebook.com\\\/Legendary-Cars-Online-112758273845339\"]}]}<\/script>\n<!-- \/ Yoast SEO plugin. -->","yoast_head_json":{"title":"1966 Ford Mustang Fastabck SHELBY GT350H \"K-Code \"289Ci V8 5-Speed Manual - Voiture de collection \u00e0 vendre","robots":{"index":"index","follow":"follow","max-snippet":"max-snippet:-1","max-image-preview":"max-image-preview:large","max-video-preview":"max-video-preview:-1"},"canonical":"https:\/\/legendarycarsonline.com\/fr\/product\/1966-ford-mustang-fastabck-shelby-gt350h-k-code289ci-v8-5-speed-manual\/","og_locale":"fr_FR","og_type":"article","og_title":"1966 Ford Mustang Fastabck SHELBY GT350H \"K-Code \"289Ci V8 5-Speed Manual - Voiture de collection \u00e0 vendre","og_url":"https:\/\/legendarycarsonline.com\/fr\/product\/1966-ford-mustang-fastabck-shelby-gt350h-k-code289ci-v8-5-speed-manual\/","og_site_name":"Voiture de collection \u00e0 vendre","article_publisher":"https:\/\/www.facebook.com\/Legendary-Cars-Online-112758273845339","og_image":[{"width":1920,"height":1280,"url":"https:\/\/legendarycarsonline.com\/wp-content\/uploads\/2023\/06\/1966-ford-mustang-fastback-k-code-3.jpg","type":"image\/jpeg"}],"twitter_card":"summary_large_image","twitter_description":"[button title=\"Regarder la vid\u00e9o de la voiture\" icon=\"icon-play\" icon_position=\"left\" color=\"theme\" size=\"4\" full_width=\"100%\" link=\"https:\/\/www.youtube.com\/watch?v=HgG8jmZrn2M\" class=\"prettyphoto\"]","twitter_misc":{"Dur\u00e9e de lecture estim\u00e9e":"4 minutes"},"schema":{"@context":"https:\/\/schema.org","@graph":[{"@type":"WebPage","@id":"https:\/\/legendarycarsonline.com\/fr\/product\/1966-ford-mustang-fastabck-shelby-gt350h-k-code289ci-v8-5-speed-manual\/","url":"https:\/\/legendarycarsonline.com\/fr\/product\/1966-ford-mustang-fastabck-shelby-gt350h-k-code289ci-v8-5-speed-manual\/","name":"1966 Ford Mustang Fastabck SHELBY GT350H \"K-Code \"289Ci V8 5-Speed Manual - Voiture de collection \u00e0 vendre","isPartOf":{"@id":"https:\/\/legendarycarsonline.com\/fr\/#website"},"primaryImageOfPage":{"@id":"https:\/\/legendarycarsonline.com\/fr\/product\/1966-ford-mustang-fastabck-shelby-gt350h-k-code289ci-v8-5-speed-manual\/#primaryimage"},"image":{"@id":"https:\/\/legendarycarsonline.com\/fr\/product\/1966-ford-mustang-fastabck-shelby-gt350h-k-code289ci-v8-5-speed-manual\/#primaryimage"},"thumbnailUrl":"https:\/\/legendarycarsonline.com\/wp-content\/uploads\/2023\/06\/1966-ford-mustang-fastback-k-code-3.jpg","datePublished":"2023-06-16T13:31:43+00:00","breadcrumb":{"@id":"https:\/\/legendarycarsonline.com\/fr\/product\/1966-ford-mustang-fastabck-shelby-gt350h-k-code289ci-v8-5-speed-manual\/#breadcrumb"},"inLanguage":"fr-FR","potentialAction":[{"@type":"ReadAction","target":["https:\/\/legendarycarsonline.com\/fr\/product\/1966-ford-mustang-fastabck-shelby-gt350h-k-code289ci-v8-5-speed-manual\/"]}]},{"@type":"ImageObject","inLanguage":"fr-FR","@id":"https:\/\/legendarycarsonline.com\/fr\/product\/1966-ford-mustang-fastabck-shelby-gt350h-k-code289ci-v8-5-speed-manual\/#primaryimage","url":"https:\/\/legendarycarsonline.com\/wp-content\/uploads\/2023\/06\/1966-ford-mustang-fastback-k-code-3.jpg","contentUrl":"https:\/\/legendarycarsonline.com\/wp-content\/uploads\/2023\/06\/1966-ford-mustang-fastback-k-code-3.jpg","width":1920,"height":1280},{"@type":"BreadcrumbList","@id":"https:\/\/legendarycarsonline.com\/fr\/product\/1966-ford-mustang-fastabck-shelby-gt350h-k-code289ci-v8-5-speed-manual\/#breadcrumb","itemListElement":[{"@type":"ListItem","position":1,"name":"Shop Cars","item":"https:\/\/legendarycarsonline.com\/shop-cars\/"},{"@type":"ListItem","position":2,"name":"1966 Ford Mustang Fastabck SHELBY GT350H &#8220;K-Code &#8220;289Ci V8 5-Speed Manual"}]},{"@type":"WebSite","@id":"https:\/\/legendarycarsonline.com\/fr\/#website","url":"https:\/\/legendarycarsonline.com\/fr\/","name":"Voiture de collection \u00e0 vendre","description":"","publisher":{"@id":"https:\/\/legendarycarsonline.com\/fr\/#organization"},"potentialAction":[{"@type":"SearchAction","target":{"@type":"EntryPoint","urlTemplate":"https:\/\/legendarycarsonline.com\/fr\/?s={search_term_string}"},"query-input":{"@type":"PropertyValueSpecification","valueRequired":true,"valueName":"search_term_string"}}],"inLanguage":"fr-FR"},{"@type":"Organization","@id":"https:\/\/legendarycarsonline.com\/fr\/#organization","name":"Legendary Cars Online","url":"https:\/\/legendarycarsonline.com\/fr\/","logo":{"@type":"ImageObject","inLanguage":"fr-FR","@id":"https:\/\/legendarycarsonline.com\/fr\/#\/schema\/logo\/image\/","url":"https:\/\/legendarycarsonline.com\/wp-content\/uploads\/2021\/02\/Legendary-Cars-Online.png","contentUrl":"https:\/\/legendarycarsonline.com\/wp-content\/uploads\/2021\/02\/Legendary-Cars-Online.png","width":275,"height":216,"caption":"Legendary Cars Online"},"image":{"@id":"https:\/\/legendarycarsonline.com\/fr\/#\/schema\/logo\/image\/"},"sameAs":["https:\/\/www.facebook.com\/Legendary-Cars-Online-112758273845339"]}]}},"_links":{"self":[{"href":"https:\/\/legendarycarsonline.com\/fr\/wp-json\/wp\/v2\/product\/292587","targetHints":{"allow":["GET"]}}],"collection":[{"href":"https:\/\/legendarycarsonline.com\/fr\/wp-json\/wp\/v2\/product"}],"about":[{"href":"https:\/\/legendarycarsonline.com\/fr\/wp-json\/wp\/v2\/types\/product"}],"wp:featuredmedia":[{"embeddable":true,"href":"https:\/\/legendarycarsonline.com\/fr\/wp-json\/wp\/v2\/media\/292450"}],"wp:attachment":[{"href":"https:\/\/legendarycarsonline.com\/fr\/wp-json\/wp\/v2\/media?parent=292587"}],"wp:term":[{"taxonomy":"product_brand","embeddable":true,"href":"https:\/\/legendarycarsonline.com\/fr\/wp-json\/wp\/v2\/product_brand?post=292587"},{"taxonomy":"product_cat","embeddable":true,"href":"https:\/\/legendarycarsonline.com\/fr\/wp-json\/wp\/v2\/product_cat?post=292587"},{"taxonomy":"product_tag","embeddable":true,"href":"https:\/\/legendarycarsonline.com\/fr\/wp-json\/wp\/v2\/product_tag?post=292587"}],"curies":[{"name":"wp","href":"https:\/\/api.w.org\/{rel}","templated":true}]}}